{"id":36,"date":"2021-06-21T14:59:42","date_gmt":"2021-06-21T11:59:42","guid":{"rendered":"https:\/\/www.kehitysvammaliitto.fi\/opike\/?page_id=36"},"modified":"2021-12-13T08:13:30","modified_gmt":"2021-12-13T06:13:30","slug":"tietoa-opikkeesta","status":"publish","type":"page","link":"https:\/\/www.kehitysvammaliitto.fi\/opike\/tietoa-opikkeesta\/","title":{"rendered":"Tietoa Opikkeesta"},"content":{"rendered":"<p><strong>Mik\u00e4 Opike on?<\/strong><\/p>\r\n<p>Opike on elinik\u00e4isen oppimisen asiantuntija. Toimintamme l\u00e4htee ajatuksesta, ett\u00e4 kaikilla ihmisill\u00e4 i\u00e4st\u00e4 ja el\u00e4m\u00e4ntilanteesta, kehitys- tai puhevammasta riippumatta pit\u00e4\u00e4 olla mahdollisuus oppia uutta. Haluamme tukea ihmisten yhdenvertaisuutta mahdollistamalla oppimisen ja onnistumisen kokemuksia arjessa, opinnoissa ja ty\u00f6ss\u00e4 sek\u00e4 vapaa-ajalla.<\/p>\r\n<p><strong>Kaikilla on oikeus ja kyky oppia <\/strong><\/p>\r\n<p>Kehit\u00e4mme ja toteutamme materiaaleja erilaisille oppijoille eri el\u00e4m\u00e4ntilanteisiin. Tarinoita, \u00e4\u00e4nt\u00e4 ja videoita yhdist\u00e4v\u00e4t materiaalikokonaisuutemme her\u00e4tt\u00e4v\u00e4t aistikokemuksia ja opettavat esimerkiksi tunneilmaisua ja arjessa t\u00e4rkeit\u00e4 taitoja. Arjessa p\u00e4rj\u00e4\u00e4mist\u00e4 auttavat my\u00f6s esimerkiksi matematiikkaa ja rahank\u00e4ytt\u00f6\u00e4 opettava tablettisovelluksemme sek\u00e4 monet erityisopetukseen tarkoitetut oppimateriaalit harjoituksineen. Julkaisemme my\u00f6s selkokirjoja niille, joille lukeminen on syyst\u00e4 tai toisesta vaikeaa.<\/p>\r\n<p>Opikelaisia voit tavata kasvatus- ja koulutusalan tapahtumissa ja my\u00f6s kouluttamassa. Koulutamme tvt-taitoja ja selkokielt\u00e4 opetus-, kasvatus- ja kuntoutusalan ammattilaisille.\u00a0<\/p>\r\n<p><strong>Yhdess\u00e4 yhdenvertaisuuden puolesta <\/strong><\/p>\r\n<p>Opikkeen toiminta l\u00e4htee ajatuksesta, ett\u00e4 kaikilla ihmisill\u00e4 i\u00e4st\u00e4 ja el\u00e4m\u00e4ntilanteesta riippumatta pit\u00e4\u00e4 olla mahdollisuus oppia uutta. Haluamme tukea ihmisten yhdenvertaisuutta ja osallisuutta mahdollistamalla oppimisen ja onnistumisen kokemuksia arjessa, opinnoissa ja ty\u00f6ss\u00e4 sek\u00e4 vapaa-ajalla.<\/p>\r\n<p>Jotta tukisimme mahdollisimman hyvin kasvatus- ja kuntoutusalan henkil\u00f6st\u00f6\u00e4 ja erilaisia oppijoita, teemme jatkuvasti yhteisty\u00f6t\u00e4 erilaisten organisaatioiden kanssa.<\/p>\n","protected":false},"excerpt":{"rendered":"Mik\u00e4 Opike on? Opike on elinik\u00e4isen oppimisen asiantuntija. Toimintamme l\u00e4htee ajatuksesta, ett\u00e4 kaikilla ihmisill\u00e4 i\u00e4st\u00e4 ja el\u00e4m\u00e4ntilanteesta, kehitys- tai puhevammasta riippumatta pit\u00e4\u00e4 olla mahdollisuus oppia uutta. Haluamme tukea ihmisten yhdenvertaisuutta mahdollistamalla oppimisen ja onnistumisen kokemuksia arjessa, opinnoissa ja ty\u00f6ss\u00e4 sek\u00e4 vapaa-ajalla. Kaikilla on oikeus ja kyky oppia Kehit\u00e4mme ja toteutamme materiaaleja erilaisille oppijoille eri el\u00e4m\u00e4ntilanteisiin. [&hellip;]","protected":false},"author":1,"featured_media":37,"parent":0,"menu_order":2,"comment_status":"closed","ping_status":"closed","template":"","meta":{"footnotes":""},"categories":[],"tags":[],"class_list":["post-36","page","type-page","status-publish","has-post-thumbnail","hentry"],"_links":{"self":[{"href":"https:\/\/www.kehitysvammaliitto.fi\/opike\/wp-json\/wp\/v2\/pages\/36","targetHints":{"allow":["GET"]}}],"collection":[{"href":"https:\/\/www.kehitysvammaliitto.fi\/opike\/wp-json\/wp\/v2\/pages"}],"about":[{"href":"https:\/\/www.kehitysvammaliitto.fi\/opike\/wp-json\/wp\/v2\/types\/page"}],"author":[{"embeddable":true,"href":"https:\/\/www.kehitysvammaliitto.fi\/opike\/wp-json\/wp\/v2\/users\/1"}],"replies":[{"embeddable":true,"href":"https:\/\/www.kehitysvammaliitto.fi\/opike\/wp-json\/wp\/v2\/comments?post=36"}],"version-history":[{"count":0,"href":"https:\/\/www.kehitysvammaliitto.fi\/opike\/wp-json\/wp\/v2\/pages\/36\/revisions"}],"wp:featuredmedia":[{"embeddable":true,"href":"https:\/\/www.kehitysvammaliitto.fi\/opike\/wp-json\/wp\/v2\/media\/37"}],"wp:attachment":[{"href":"https:\/\/www.kehitysvammaliitto.fi\/opike\/wp-json\/wp\/v2\/media?parent=36"}],"wp:term":[{"taxonomy":"category","embeddable":true,"href":"https:\/\/www.kehitysvammaliitto.fi\/opike\/wp-json\/wp\/v2\/categories?post=36"},{"taxonomy":"post_tag","embeddable":true,"href":"https:\/\/www.kehitysvammaliitto.fi\/opike\/wp-json\/wp\/v2\/tags?post=36"}],"curies":[{"name":"wp","href":"https:\/\/api.w.org\/{rel}","templated":true}]}}