{"id":47,"date":"2021-11-01T10:30:32","date_gmt":"2021-11-01T08:30:32","guid":{"rendered":"https:\/\/www.kehitysvammaliitto.fi\/opike\/?page_id=47"},"modified":"2026-03-19T13:34:32","modified_gmt":"2026-03-19T11:34:32","slug":"yhteystiedot","status":"publish","type":"page","link":"https:\/\/www.kehitysvammaliitto.fi\/opike\/yhteystiedot\/","title":{"rendered":"Yhteystiedot"},"content":{"rendered":"<p><strong>Elinik\u00e4isen oppimisen yksikk\u00f6<br>\r\nOpike<\/strong><br>\r\nLinnoitustie 2 B<br>\r\n02600 Espoo<br>\r\nS\u00e4hk\u00f6posti: opike(at)kvl.fi<\/p>\r\n<p><strong>Asiakaspalvelu<\/strong><\/p>\r\n<p>asiakaspalvelu@kvl.fi<br>\r\nPuhelin: +358 9 3480 9350<br>\r\nke klo 12-15 ja to klo 9-12<\/p>\r\n<p>\u00a0<\/p>\r\n<p><br>\r\nHenkil\u00f6kohtaiset s\u00e4hk\u00f6postiosoitteet ovat muotoa etunimi.sukunimi(at)kvl.fi.<\/p>\r\n<table class=\"table responsive-table\" style=\"width: 87.7617%; height: 737px;\">\r\n<tbody>\r\n<tr style=\"height: 72px;\">\r\n<td style=\"height: 92px;\">Elinik\u00e4isen oppimisen yksik\u00f6n\u00a0 johtaja<br>\r\n<strong>Sami \u00c4lli<\/strong><br>\r\np. 09 3480 9383<\/td>\r\n<\/tr>\r\n<tr style=\"height: 93px;\">\r\n<td style=\"height: 31px;\">Asiantuntija, tuottaja, perusopetuksen ja ammatillisen erityisopetuksen materiaalit<br>\r\n<strong>Sakari Kilkki<\/strong><br>\r\np. 09 3480 9360<br>\r\nmatkap. 0400 325 390<\/td>\r\n<\/tr>\r\n<tr style=\"height: 72px;\">\r\n<td style=\"height: 89px;\">Varastoapulainen, Pakkaamo<br>\r\n<strong>Mikko Majaniemi<br>\r\n<\/strong>matkap. 050 593 9573<\/td>\r\n<\/tr>\r\n<tr style=\"height: 96px;\">\r\n<td style=\"height: 96px;\">Asiantuntija, tuottaja, vaikeavammaisten ja varhaiskasvatuksen materiaalit<strong><br>\r\nMaiju M\u00e4ki<br>\r\n<\/strong>p. 09 3480 9352<br>\r\nmatkap. 044 906 3621<\/td>\r\n<\/tr>\r\n<tr style=\"height: 72px;\">\r\n<td style=\"height: 72px;\">Tuotep\u00e4\u00e4llikk\u00f6<br>\r\n<strong>Kai Piipari<\/strong><br>\r\np. 09 3480 9354<br>\r\nmatkap. 040 556 0236<\/td>\r\n<\/tr>\r\n<tr style=\"height: 96px;\">\r\n<td style=\"height: 96px;\">Julkaisusihteeri<br>\r\n<strong>Anu P\u00e4rssinen<\/strong><br>\r\np. 09 3480 9357<\/td>\r\n<\/tr>\r\n<tr style=\"height: 96px;\">\r\n<td style=\"height: 96px;\">Varastoapulainen, Pakkaamo<br>\r\n<strong>Eppu Valkonen<br>\r\n<\/strong>matkap. 050 592 4429<\/td>\r\n<\/tr>\r\n<tr style=\"height: 72px;\">\r\n<td style=\"height: 72px;\">\u00a0<\/td>\r\n<\/tr>\r\n<tr style=\"height: 72px;\">\r\n<td style=\"height: 83px;\">\u00a0<\/td>\r\n<\/tr>\r\n<tr style=\"height: 104px;\">\r\n<td style=\"height: 10px;\">\r\n<p>\u00a0<\/p>\r\n<\/td>\r\n<\/tr>\r\n<\/tbody>\r\n<\/table>\n","protected":false},"excerpt":{"rendered":"Elinik\u00e4isen oppimisen yksikk\u00f6 Opike Linnoitustie 2 B 02600 Espoo S\u00e4hk\u00f6posti: opike(at)kvl.fi Asiakaspalvelu asiakaspalvelu@kvl.fi Puhelin: +358 9 3480 9350 ke klo 12-15 ja to klo 9-12 \u00a0 Henkil\u00f6kohtaiset s\u00e4hk\u00f6postiosoitteet ovat muotoa etunimi.sukunimi(at)kvl.fi. Elinik\u00e4isen oppimisen yksik\u00f6n\u00a0 johtaja Sami \u00c4lli p. 09 3480 9383 Asiantuntija, tuottaja, perusopetuksen ja ammatillisen erityisopetuksen materiaalit Sakari Kilkki p. 09 3480 9360 matkap. [&hellip;]","protected":false},"author":1,"featured_media":167,"parent":0,"menu_order":6,"comment_status":"closed","ping_status":"closed","template":"","meta":{"footnotes":""},"categories":[],"tags":[],"class_list":["post-47","page","type-page","status-publish","has-post-thumbnail","hentry"],"_links":{"self":[{"href":"https:\/\/www.kehitysvammaliitto.fi\/opike\/wp-json\/wp\/v2\/pages\/47","targetHints":{"allow":["GET"]}}],"collection":[{"href":"https:\/\/www.kehitysvammaliitto.fi\/opike\/wp-json\/wp\/v2\/pages"}],"about":[{"href":"https:\/\/www.kehitysvammaliitto.fi\/opike\/wp-json\/wp\/v2\/types\/page"}],"author":[{"embeddable":true,"href":"https:\/\/www.kehitysvammaliitto.fi\/opike\/wp-json\/wp\/v2\/users\/1"}],"replies":[{"embeddable":true,"href":"https:\/\/www.kehitysvammaliitto.fi\/opike\/wp-json\/wp\/v2\/comments?post=47"}],"version-history":[{"count":0,"href":"https:\/\/www.kehitysvammaliitto.fi\/opike\/wp-json\/wp\/v2\/pages\/47\/revisions"}],"wp:featuredmedia":[{"embeddable":true,"href":"https:\/\/www.kehitysvammaliitto.fi\/opike\/wp-json\/wp\/v2\/media\/167"}],"wp:attachment":[{"href":"https:\/\/www.kehitysvammaliitto.fi\/opike\/wp-json\/wp\/v2\/media?parent=47"}],"wp:term":[{"taxonomy":"category","embeddable":true,"href":"https:\/\/www.kehitysvammaliitto.fi\/opike\/wp-json\/wp\/v2\/categories?post=47"},{"taxonomy":"post_tag","embeddable":true,"href":"https:\/\/www.kehitysvammaliitto.fi\/opike\/wp-json\/wp\/v2\/tags?post=47"}],"curies":[{"name":"wp","href":"https:\/\/api.w.org\/{rel}","templated":true}]}}