{"id":77,"date":"2021-12-13T08:29:31","date_gmt":"2021-12-13T06:29:31","guid":{"rendered":"https:\/\/www.kehitysvammaliitto.fi\/opike\/?page_id=77"},"modified":"2022-08-28T20:29:38","modified_gmt":"2022-08-28T17:29:38","slug":"kehittaminen-ja-materiaalit","status":"publish","type":"page","link":"https:\/\/www.kehitysvammaliitto.fi\/opike\/kehittaminen-ja-materiaalit\/","title":{"rendered":"Kehitt\u00e4minen ja materiaalit"},"content":{"rendered":"<h3>Monialaista kehitysty\u00f6t\u00e4 ja testattua toimintaa<\/h3>\r\n<p>Opikkeella on tukenaan monipuolinen kasvatus-, opetus- ja kuntoutusalan verkosto. Ker\u00e4\u00e4mme jatkuvasti palautetta ja ideoita kent\u00e4lt\u00e4 ja muun muassa tuotamme erilaisia selvityksi\u00e4 toimintamme ja tuotantomme tueksi.\u00a0<\/p>\r\n<p>Materiaaleistamme moni on kehitetty yhdess\u00e4 muiden toimijoiden kanssa. Uskomme, ett\u00e4 n\u00e4in saamme parhaiten juuri Suomen oloihin sopivia materiaaleja ja menetelmi\u00e4, joista on iloa ja hy\u00f6ty\u00e4 niin opettajille kuin oppijoille. Esimerkiksi Musiikkikoulu Resonaarin kanssa olemme olleet mukana luomassa Kaikki soittaa -verkostoa, joka edist\u00e4\u00e4 oppimisen ja musiikin saatavuuden tasa-arvoa.\u00a0\u00a0<\/p>\r\n<p>T\u00e4rke\u00e4 osa toimintaamme on testaus. Esimerkiksi kaikki erilaisille oppijoille tai lukijoille tarkoitetut materiaalimme ovat selkokielisi\u00e4 ja ne my\u00f6s testataan selkolukijoilla. N\u00e4in varmistetaan julkaisujen kognitiivinen saavutettavuus.\u00a0<\/p>\r\n<h3>Tutustu julkaisuihimme<\/h3>\r\n<p>Opikkeen julkaisuja ja materiaaleja ovat esimerkiksi<\/p>\r\n<ul>\r\n\t<li>painettu ja s\u00e4hk\u00f6inen materiaali erityist\u00e4 tukevia tarvitseville<\/li>\r\n\t<li>selkokielinen kauno- ja tietokirjallisuus<\/li>\r\n\t<li>ammattikirjallisuus opetukseen, kasvatukseen ja kuntoutukseen.<\/li>\r\n<\/ul>\r\n<p>Kaikkiin julkaisuihimme voit tutustua verkkokaupassamme.<\/p>\r\n<p><a class=\"button read external-link\" href=\"https:\/\/opike.fi\/\" target=\"_blank\" rel=\"noopener\">Siirry Opikkeen verkkokauppaan<\/a><\/p>\r\n<h3>Kysy materiaaleistamme tai ehdota yhteisty\u00f6t\u00e4<\/h3>\r\n<p>Haluatko tiet\u00e4\u00e4 lis\u00e4\u00e4 Opikkeen julkaisuista tai toiminnasta? Onko sinulla tuoteidea tai esimerkiksi erityisopetukseen liittyv\u00e4 pulma, johon haluaisit ratkaisun? Tai haluatko antaa palautetta materiaaleistamme?<\/p>\r\n<p>Kerromme mielell\u00e4mme toiminnastamme ja keskustelemme yhteisty\u00f6mahdollisuuksista. Katso opikelaisten yhteystiedot <a href=\"https:\/\/www.kehitysvammaliitto.fi\/opike\/yhteystiedot\/\">t\u00e4\u00e4lt\u00e4<\/a> tai l\u00e4het\u00e4 s\u00e4hk\u00f6postia: opike(at)kvl.fi<\/p>\n","protected":false},"excerpt":{"rendered":"Monialaista kehitysty\u00f6t\u00e4 ja testattua toimintaa Opikkeella on tukenaan monipuolinen kasvatus-, opetus- ja kuntoutusalan verkosto. Ker\u00e4\u00e4mme jatkuvasti palautetta ja ideoita kent\u00e4lt\u00e4 ja muun muassa tuotamme erilaisia selvityksi\u00e4 toimintamme ja tuotantomme tueksi.\u00a0 Materiaaleistamme moni on kehitetty yhdess\u00e4 muiden toimijoiden kanssa. Uskomme, ett\u00e4 n\u00e4in saamme parhaiten juuri Suomen oloihin sopivia materiaaleja ja menetelmi\u00e4, joista on iloa ja hy\u00f6ty\u00e4 [&hellip;]","protected":false},"author":12,"featured_media":166,"parent":0,"menu_order":3,"comment_status":"closed","ping_status":"closed","template":"","meta":{"footnotes":""},"categories":[],"tags":[],"class_list":["post-77","page","type-page","status-publish","has-post-thumbnail","hentry"],"_links":{"self":[{"href":"https:\/\/www.kehitysvammaliitto.fi\/opike\/wp-json\/wp\/v2\/pages\/77","targetHints":{"allow":["GET"]}}],"collection":[{"href":"https:\/\/www.kehitysvammaliitto.fi\/opike\/wp-json\/wp\/v2\/pages"}],"about":[{"href":"https:\/\/www.kehitysvammaliitto.fi\/opike\/wp-json\/wp\/v2\/types\/page"}],"author":[{"embeddable":true,"href":"https:\/\/www.kehitysvammaliitto.fi\/opike\/wp-json\/wp\/v2\/users\/12"}],"replies":[{"embeddable":true,"href":"https:\/\/www.kehitysvammaliitto.fi\/opike\/wp-json\/wp\/v2\/comments?post=77"}],"version-history":[{"count":0,"href":"https:\/\/www.kehitysvammaliitto.fi\/opike\/wp-json\/wp\/v2\/pages\/77\/revisions"}],"wp:featuredmedia":[{"embeddable":true,"href":"https:\/\/www.kehitysvammaliitto.fi\/opike\/wp-json\/wp\/v2\/media\/166"}],"wp:attachment":[{"href":"https:\/\/www.kehitysvammaliitto.fi\/opike\/wp-json\/wp\/v2\/media?parent=77"}],"wp:term":[{"taxonomy":"category","embeddable":true,"href":"https:\/\/www.kehitysvammaliitto.fi\/opike\/wp-json\/wp\/v2\/categories?post=77"},{"taxonomy":"post_tag","embeddable":true,"href":"https:\/\/www.kehitysvammaliitto.fi\/opike\/wp-json\/wp\/v2\/tags?post=77"}],"curies":[{"name":"wp","href":"https:\/\/api.w.org\/{rel}","templated":true}]}}