{"id":29,"date":"2018-05-15T13:28:36","date_gmt":"2018-05-15T10:28:36","guid":{"rendered":"https:\/\/www.kehitysvammaliitto.fi\/pa-svenska\/?page_id=29"},"modified":"2026-01-12T14:55:03","modified_gmt":"2026-01-12T12:55:03","slug":"kontaktuppgifter","status":"publish","type":"page","link":"https:\/\/www.kehitysvammaliitto.fi\/pa-svenska\/kontaktuppgifter\/","title":{"rendered":"Kontaktuppgifter"},"content":{"rendered":"<p><strong>V\u00e5r adress \u00e4r Linnoitustie 2 B, 02600 ESBO.<\/strong><\/p>\r\n<p>De personliga e-postadresserna \u00e4r av formen fornamn.efternamn@kvl.fi<\/p>\r\n<p><img loading=\"lazy\" decoding=\"async\" width=\"820\" height=\"460\" class=\"alignnone size-full wp-image-116 img-responsive\" src=\"https:\/\/www.kehitysvammaliitto.fi\/pa-svenska\/wp-content\/uploads\/sites\/4\/2019\/08\/kehitysvammaliitto-leppavaara-01.jpg\" alt=\"\" srcset=\"https:\/\/www.kehitysvammaliitto.fi\/pa-svenska\/wp-content\/uploads\/sites\/4\/2019\/08\/kehitysvammaliitto-leppavaara-01.jpg 820w, https:\/\/www.kehitysvammaliitto.fi\/pa-svenska\/wp-content\/uploads\/sites\/4\/2019\/08\/kehitysvammaliitto-leppavaara-01-300x168.jpg 300w, https:\/\/www.kehitysvammaliitto.fi\/pa-svenska\/wp-content\/uploads\/sites\/4\/2019\/08\/kehitysvammaliitto-leppavaara-01-768x431.jpg 768w\" sizes=\"auto, (max-width: 820px) 100vw, 820px\" \/><\/p>\r\n<h2>F\u00f6rvaltning<\/h2>\r\n<p>Kehitysvammaliitto<br>\r\nLinnoitustie 2 B<br>\r\n02600 ESBO<\/p>\r\n<p>tfn 09 348 090 (v\u00e4xel) varje onsdag klockan 12\u201315 och torsdag 9\u201312<br>\r\nkvl (at) kvl.fi<\/p>\r\n<h2>Informationsavdelningen<\/h2>\r\n<p>Kehitysvammaliitto<br>\r\nInformation<br>\r\nLinnoitustie 2 B<br>\r\n02600 ESBO<\/p>\r\n<p>tfn 09 3480 9217<br>\r\ntiedotus (at) kvl.fi<\/p>\r\n<h2>Kansalaistoiminnan yksikk\u00f6 (Avdelning f\u00f6r medborgarverksamhet)<\/h2>\r\n<p>Kehitysvammaliitto<br>\r\nKansalaisuusyksikk\u00f6<br>\r\nLinnoitustie 2 B<br>\r\n02600 ESBO<\/p>\r\n<p>tfn 09 348 090 (v\u00e4xel)<br>\r\nkoulutus (at) kvl.fi<\/p>\r\n<h2>Elinik\u00e4isen oppimisen yksikk\u00f6 \u2013 Opike (Avdelningen f\u00f6r livsl\u00e5ngt l\u00e4rande)<\/h2>\r\n<p>Kehitysvammaliitto<br>\r\nElinik\u00e4isen oppimisen yksikk\u00f6 (Opike)<br>\r\nLinnoitustie 2 B<br>\r\n02600 ESBO<\/p>\r\n<p>tfn 09 348 090 (v\u00e4xel)<br>\r\nopike (at) kvl.fi<\/p>\r\n<h2>Papunet<\/h2>\r\n<p>Kehitysvammaliitto<br>\r\nPapunet<br>\r\nLinnoitustie 2 B<br>\r\n02600 ESBO<\/p>\r\n<p>tfn 09 348 090 (v\u00e4xel)<br>\r\npapunet (at) kvl.fi<\/p>\r\n<h2>Selkokeskus (Center f\u00f6r l\u00e4ttl\u00e4st spr\u00e5k)<\/h2>\r\n<p>Kehitysvammaliitto<br>\r\nSelkokeskus<br>\r\nLinnoitustie 2 B<br>\r\n02600 ESBO<\/p>\r\n<p>tfn 09 3480 9240<br>\r\nselkokeskus (at) kvl.fi<\/p>\r\n<h2>Tikoteekki<\/h2>\r\n<p>Kehitysvammaliitto<br>\r\nTikoteekki<br>\r\nLinnoitustie 2 B<br>\r\n02600 ESBO<\/p>\r\n<p>tfn 09 3480 9370<br>\r\ntikoteekki (at) kvl.fi<\/p>\r\n<h2>Karta<\/h2>\r\n<p><a href=\"https:\/\/goo.gl\/maps\/6dr9mzbUKxLmbian7\" target=\"_blank\" rel=\"noopener noreferrer\">Google Maps<\/a><\/p>\r\n<p><iframe src=\"https:\/\/www.google.com\/maps\/embed?pb=!1m18!1m12!1m3!1d991.0254310528182!2d24.810544958355774!3d60.21298919549419!2m3!1f0!2f0!3f0!3m2!1i1024!2i768!4f13.1!3m3!1m2!1s0x468df6788bf1d4f9%3A0x6205d10f4d8cceb!2sLinnoitustie+2%2C+02600+Espoo!5e0!3m2!1sfi!2sfi!4v1561979886419!5m2!1sfi!2sfi\" allowfullscreen=\"allowfullscreen\"><\/iframe><\/p>\n","protected":false},"excerpt":{"rendered":"V\u00e5r adress \u00e4r Linnoitustie 2 B, 02600 ESBO. De personliga e-postadresserna \u00e4r av formen fornamn.efternamn@kvl.fi F\u00f6rvaltning Kehitysvammaliitto Linnoitustie 2 B 02600 ESBO tfn 09 348 090 (v\u00e4xel) varje onsdag klockan 12\u201315 och torsdag 9\u201312 kvl (at) kvl.fi Informationsavdelningen Kehitysvammaliitto Information Linnoitustie 2 B 02600 ESBO tfn 09 3480 9217 tiedotus (at) kvl.fi Kansalaistoiminnan yksikk\u00f6 (Avdelning [&hellip;]","protected":false},"author":1,"featured_media":160,"parent":0,"menu_order":7,"comment_status":"closed","ping_status":"closed","template":"","meta":{"footnotes":""},"categories":[],"tags":[],"class_list":["post-29","page","type-page","status-publish","has-post-thumbnail","hentry"],"_links":{"self":[{"href":"https:\/\/www.kehitysvammaliitto.fi\/pa-svenska\/wp-json\/wp\/v2\/pages\/29","targetHints":{"allow":["GET"]}}],"collection":[{"href":"https:\/\/www.kehitysvammaliitto.fi\/pa-svenska\/wp-json\/wp\/v2\/pages"}],"about":[{"href":"https:\/\/www.kehitysvammaliitto.fi\/pa-svenska\/wp-json\/wp\/v2\/types\/page"}],"author":[{"embeddable":true,"href":"https:\/\/www.kehitysvammaliitto.fi\/pa-svenska\/wp-json\/wp\/v2\/users\/1"}],"replies":[{"embeddable":true,"href":"https:\/\/www.kehitysvammaliitto.fi\/pa-svenska\/wp-json\/wp\/v2\/comments?post=29"}],"version-history":[{"count":0,"href":"https:\/\/www.kehitysvammaliitto.fi\/pa-svenska\/wp-json\/wp\/v2\/pages\/29\/revisions"}],"wp:featuredmedia":[{"embeddable":true,"href":"https:\/\/www.kehitysvammaliitto.fi\/pa-svenska\/wp-json\/wp\/v2\/media\/160"}],"wp:attachment":[{"href":"https:\/\/www.kehitysvammaliitto.fi\/pa-svenska\/wp-json\/wp\/v2\/media?parent=29"}],"wp:term":[{"taxonomy":"category","embeddable":true,"href":"https:\/\/www.kehitysvammaliitto.fi\/pa-svenska\/wp-json\/wp\/v2\/categories?post=29"},{"taxonomy":"post_tag","embeddable":true,"href":"https:\/\/www.kehitysvammaliitto.fi\/pa-svenska\/wp-json\/wp\/v2\/tags?post=29"}],"curies":[{"name":"wp","href":"https:\/\/api.w.org\/{rel}","templated":true}]}}