{"id":47,"date":"2018-06-04T10:41:13","date_gmt":"2018-06-04T07:41:13","guid":{"rendered":"https:\/\/www.kehitysvammaliitto.fi\/pa-svenska\/?page_id=47"},"modified":"2025-06-12T11:35:47","modified_gmt":"2025-06-12T08:35:47","slug":"forbundet","status":"publish","type":"page","link":"https:\/\/www.kehitysvammaliitto.fi\/pa-svenska\/forbundet\/","title":{"rendered":"F\u00f6rbundet"},"content":{"rendered":"<p><strong>Kehitysvammaliitto \u00e4r en stark v\u00e4gvisare och f\u00f6r\u00e4ndrare i samh\u00e4llet, med ambitionen att Finland ska vara likv\u00e4rdigt f\u00f6r alla. V\u00e5r m\u00e5ls\u00e4ttning kan sammanfattas i tre ord: ut ur marginalen!<\/strong><\/p>\r\n<p>Vi forskar, utbildar, utvecklar, informerar, p\u00e5verkar och producerar material, f\u00f6r att m\u00e4nniskor med funktionsneds\u00e4ttning eller talhandikapp ska kunna komma ut ur marginalen och delta fullt ut i samh\u00e4llet och sin n\u00e4romgivning.<\/p>\r\n<p>Grundvalen f\u00f6r v\u00e5r verksamhet \u00e4r FN:s konvention om r\u00e4ttigheter f\u00f6r personer med funktionsneds\u00e4ttning.<\/p>\r\n<p>M\u00e5l:<\/p>\r\n<ul style=\"list-style-type: square;\">\r\n\t<li>Fullv\u00e4rdigt medborgarskap f\u00f6r m\u00e4nniskor med funktionsneds\u00e4ttning<\/li>\r\n\t<li>Ett samh\u00e4lle d\u00e4r informationen och tj\u00e4nsterna \u00e4r f\u00f6rst\u00e5eliga och tillg\u00e4ngliga<\/li>\r\n\t<li>M\u00f6jlighet till livsl\u00e5ngt l\u00e4rande f\u00f6r alla<\/li>\r\n<\/ul>\r\n<h2>P\u00e5verkansarbete<\/h2>\r\n<p>Kehitysvammaliitto efterstr\u00e4var delaktighet, j\u00e4mlikhet, sj\u00e4lvbest\u00e4mmander\u00e4tt och valfrihet f\u00f6r m\u00e4nniskor med intellektuell funktionsneds\u00e4ttning eller talhandikapp och dem som anv\u00e4nder l\u00e4ttl\u00e4st spr\u00e5k. Vi deltar aktivt i politiska n\u00e4tverk och arbetsgrupper som ber\u00f6r funktionsneds\u00e4ttning. Vi fr\u00e4mjar samh\u00e4llsr\u00e4ttigheterna f\u00f6r m\u00e4nniskor med funktionsneds\u00e4ttning och st\u00e4rker individens st\u00e4llning bl.a. i olika serviceprocesser. Vi samarbetar intensivt b\u00e5de nationellt och internationellt med bl.a. serviceproducenter, organisationer och ministerier.<\/p>\r\n<p>Vi p\u00e5verkar aktuell lagstiftning och dessutom str\u00e4var vi till att p\u00e5verka s\u00e4rskilt p\u00e5 fyra omr\u00e5den:<\/p>\r\n<ul style=\"list-style-type: square;\">\r\n\t<li>R\u00e4tt till delaktighet f\u00f6r personer med de sv\u00e5raste funktionsneds\u00e4ttningarna<\/li>\r\n\t<li>R\u00e4tt till ett eget hem<\/li>\r\n\t<li>R\u00e4tt till l\u00e4ttl\u00e4st spr\u00e5k och digidelaktighet<\/li>\r\n\t<li>R\u00e4tt till f\u00f6rv\u00e4rvsarbete och annan meningsfull verksamhet<\/li>\r\n<\/ul>\r\n<h2>Forskning<\/h2>\r\n<p>Kehitysvammaliitto idkar framf\u00f6r allt socialvetenskaplig forskning i fenomen som har att g\u00f6ra med funktionsneds\u00e4ttning. Centrala temaomr\u00e5den i forskningen \u00e4r hurudan st\u00e4llning och vilka r\u00e4ttigheter m\u00e4nniskor med intellektuell funktionsneds\u00e4ttning har i samh\u00e4llet samt f\u00f6r\u00e4ndringar i servicesystemet och hela v\u00e4lf\u00e4rdssystemet.<\/p>\r\n<p>Forskningen grundar sig p\u00e5 m\u00e5ngvetenskaplig analys av samh\u00e4llelliga p\u00e5verkningsmekanismers betydelse f\u00f6r m\u00e4nniskor med funktionsneds\u00e4ttning och f\u00f6r funktionsneds\u00e4ttningspolitiken. Systematisk forskning skapar en god grund f\u00f6r f\u00f6rbundets verksamhet. Forskningsprojekten analyserar vilken st\u00e4llning m\u00e4nniskor med funktionsneds\u00e4ttning eller talskada har i dagens samh\u00e4lle och lyfter fram centrala teman f\u00f6r utvecklingsarbete, s\u00e4rskilt ur erfarenhets- och anv\u00e4ndarsynvinkel.<\/p>\r\n<p>Forskningen genomf\u00f6rs i intensivt samarbete med organisationer och universitet. Kehitysvammaliitto sammanf\u00f6r personer som forskar i funktionsneds\u00e4ttning genom att ordna seminarier och ge ut tv\u00e5 publikationsserier.<\/p>\r\n<p>Tyngdpunkterna i forskningen:<\/p>\r\n<ul style=\"list-style-type: square;\">\r\n\t<li>Vilken st\u00e4llning personer med intellektuell funktionsneds\u00e4ttning har i samh\u00e4llet och hur de kan delta<\/li>\r\n\t<li>Servicesystemet och samh\u00e4llet<\/li>\r\n\t<li>Funktionsneds\u00e4ttningspolitiken<\/li>\r\n<\/ul>\r\n<h2>Utveckling<\/h2>\r\n<p>Med utvecklingsverksamheten str\u00e4var vi till att hitta fungerande l\u00f6sningar f\u00f6r tj\u00e4nster och st\u00f6d f\u00f6r personer med funktionsneds\u00e4ttning som annars skulle vara i fara att marginaliseras och inte uppleva meningsfull delaktighet och medlemskap i samh\u00e4llet.<\/p>\r\n<p>Vi utvecklar nya tillv\u00e4gag\u00e5ngss\u00e4tt, serviceformer och produkter. I utvecklingsprojekten till\u00e4mpas de nyaste forskningsr\u00f6nen samt erfarenheter fr\u00e5n Finland och andra l\u00e4nder.<\/p>\r\n<p>V\u00e5ra utvecklingsprojekt planeras och genomf\u00f6rs i samarbete med akt\u00f6rer p\u00e5 f\u00e4ltet. En st\u00e4ndig dialog och gemensam utv\u00e4rdering med v\u00e5ra samarbetspartners garanterar att l\u00f6sningarna som projekten leder till faktiskt kan till\u00e4mpas i praktiken.<\/p>\r\n<p>Kehitysvammaliitto kan ocks\u00e5 medverka i andras projekt och delta bl.a. med utv\u00e4rdering, utbildning och konsulthj\u00e4lp eller uppf\u00f6ljnings- och utv\u00e4rderingsstudier.<\/p>\r\n<h2>Utbildning<\/h2>\r\n<p>V\u00e5rt eget bolag, Saavuta Asiantuntijapalvelut Ab, ordnar aktuella kurser f\u00f6r personer som jobbar med m\u00e4nniskor med intellektuell funktionsneds\u00e4ttning eller talhandikapp, bl.a. i individinriktad planering, st\u00e4rkande av sj\u00e4lvbest\u00e4mmandet, interaktion, kommunikation och l\u00e4ttl\u00e4st spr\u00e5k samt andra aktuella \u00e4mnen.<\/p>\r\n<h2>Utv\u00e4rderingstj\u00e4nster<\/h2>\r\n<p>V\u00e5ra utv\u00e4rderingstj\u00e4nster hj\u00e4lper andra att planera och utveckla service, texter och webbsidor s\u00e5 att de svarar mot behoven hos personer med funktionsneds\u00e4ttning eller andra m\u00e5lgrupper s\u00e5 bra som m\u00f6jligt.<\/p>\r\n<ul style=\"list-style-type: square;\">\r\n\t<li>Vi erbjuder st\u00f6d \u00e5t arbetsplatser och anst\u00e4llda i att organisera och utveckla tj\u00e4nster och utv\u00e4rdera kvaliteten p\u00e5 dem.<\/li>\r\n\t<li>Vi g\u00f6r utv\u00e4rderingar av funktionsf\u00f6rm\u00e5gan och livskvaliteten hos personer med intellektuell funktionsneds\u00e4ttning.<\/li>\r\n\t<li>Vi erbjuder utv\u00e4rdering \u00e5t dem som skriver l\u00e4ttl\u00e4st text.<\/li>\r\n\t<li>Vi utv\u00e4rderar tillg\u00e4ngligheten p\u00e5 webbsidor med l\u00e4ttl\u00e4st spr\u00e5k.<\/li>\r\n\t<li>Vi skr\u00e4ddarsyr utv\u00e4rderingarna enligt best\u00e4llarens \u00f6nskem\u00e5l och behov. Utv\u00e4rderingen g\u00f6rs alltid i samarbete med best\u00e4llaren.<\/li>\r\n<\/ul>\r\n<h2>Information<\/h2>\r\n<p>Till Kehitysvammaliittos centrala uppgifter h\u00f6r att producera och f\u00f6rmedla ny information om r\u00e4ttigheter och behov hos personer med intellektuell funktionsneds\u00e4ttning eller talhandikapp, till st\u00f6d f\u00f6r beslutsfattandet och f\u00f6r att p\u00e5verka attityder. F\u00f6rbundets informationsavdelning deltar intensivt i p\u00e5verkansarbete som str\u00e4var till att utveckla lagstiftningen, servicesystemet och det sociala st\u00f6det samt i att fr\u00e4mja socialt ansvarstagande verksamhet.<\/p>\r\n<p>Webbtidskriften Ketju ber\u00e4ttar om m\u00e4nniskor med intellektuell funktionsneds\u00e4ttning eller talhandikapp och profesionella som jobbar med dem, om deras liv och tankar.<\/p>\r\n<p>Kehitysvammaliitto har flera webbtj\u00e4nster och kanaler p\u00e5 sociala media, i huvudsak p\u00e5 finska.<\/p>\r\n<h2>L\u00e4ttl\u00e4st information och fr\u00e4mjande av l\u00e4ttl\u00e4st spr\u00e5k<\/h2>\r\n<p>Kehitysvammaliittos Selkokeskus fr\u00e4mjar information, kommunikation och kultur p\u00e5 l\u00e4ttl\u00e4st spr\u00e5k i Finland. Selkokeskus ger r\u00e5d och hj\u00e4lp \u00e5t alla som \u00e4r intresserade av l\u00e4ttl\u00e4st material.<\/p>\r\n<h2>Att fr\u00e4mja tillg\u00e4nglighet<\/h2>\r\n<p>Till Kehitysvammaliittos centrala m\u00e5ls\u00e4ttningar h\u00f6r att i hela samh\u00e4llet f\u00f6rb\u00e4ttra m\u00f6jligheterna f\u00f6r personer med intellektuell funktionsneds\u00e4ttning eller talhandikapp att delta och vara delaktiga. Vi fr\u00e4mjar tillg\u00e4ngligheten, det vill s\u00e4ga information och tj\u00e4nster i f\u00f6rst\u00e5elig form samt m\u00f6jligheten f\u00f6r m\u00e4nniskor med talhandikapp att kommunicera p\u00e5 sitt eget s\u00e4tt.<\/p>\r\n<h3>Tillg\u00e4ngliga webbtj\u00e4nster<\/h3>\r\n<p>Kehitysvammaliitto f\u00f6rs\u00f6ker p\u00e5verka akt\u00f6rer s\u00e5 att allt fler producerar tillg\u00e4ngliga webbtj\u00e4nster p\u00e5 l\u00e4ttl\u00e4st spr\u00e5k. Kehitysvammaliittos Papunet-team tar fram instruktioner f\u00f6r hur man kan framst\u00e4lla tillg\u00e4ngliga webbtj\u00e4nster, utv\u00e4rderar tillg\u00e4ngligheten p\u00e5 l\u00e4ttl\u00e4sta webbsidor samt utbildar och ger konsulthj\u00e4lp om tillg\u00e4nglighet.<\/p>\r\n<p>Papunet.net \u00e4r ocks\u00e5 en tillg\u00e4nglig webbsajt f\u00f6r s\u00e5dana som kommunicerar och anv\u00e4nder dator p\u00e5 olika s\u00e4tt. Via webbsajten erbjuder man information och material f\u00f6r kommunicerande samt informerar om r\u00e4ttigheter och m\u00f6jligheter f\u00f6r m\u00e4nniskor med talhandikapp.<\/p>\r\n<h2>Att fr\u00e4mja kommunikation och interaktion<\/h2>\r\n<p>Kehitysvammaliittos central f\u00f6r informationsteknik och kommunikation, Tikoteekki, \u00e4r specialiserad p\u00e5 kommunikation och interaktion hos personer med talhandikapp. Tikoteekki informerar, ger r\u00e5d och utvecklar koncept och kommunikationsmaterial som st\u00e4rker interaktionen mellan personer med talhandikapp och dem de har att g\u00f6ra med.<\/p>\r\n<p>Tikoteekki ger ocks\u00e5 konsulthj\u00e4lp om kommunikation och underl\u00e4ttande datateknik. Tikoteekki p\u00e5verkar utvecklingen av tj\u00e4nster genom nationella och internationella n\u00e4tverk, f\u00f6r att m\u00e4nniskor med talhandikapp ska f\u00e5 kommunikationshj\u00e4lpmedel p\u00e5 ett smidigt s\u00e4tt och m\u00e4nniskor som jobbar med dem ska f\u00e5 handledning i anv\u00e4ndningen.<\/p>\r\n<h2>Att producera l\u00e4romedel<\/h2>\r\n<p>Kehitysvammaliitto framst\u00e4ller material f\u00f6r utbildning och rehabilitering. Man kan bekanta sig med Kehitysvammaliittos material i Opike-webbutiken eller i f\u00f6rs\u00e4ljningsutst\u00e4llningen och butiken i f\u00f6rbundets lokaler i Esbo.<\/p>\r\n<p><a class=\"button read external-link\" href=\"https:\/\/opike.fi\/\" target=\"_blank\" rel=\"noopener noreferrer\">Opike.fi<\/a><\/p>\r\n<h2>Internationell verksamhet<\/h2>\r\n<p>Kehitysvammaliitto har deltagit i m\u00e5nga EU-finansierade projekt. Vi har ocks\u00e5 utvecklingssamarbete p\u00e5 Zanzibar med Utrikesministeriets st\u00f6d.<\/p>\r\n<p>Internationalitet \u00e4r en naturlig del av all v\u00e5r verksamhet. Vi \u00e4r med i m\u00e5nga internationella n\u00e4tverk. Vi f\u00f6r finskt kunnande till andra l\u00e4nder och bjuder in internationellt k\u00e4nda experter som utbildare p\u00e5 v\u00e5ra kurser i Finland.<\/p>\r\n<h3>Utvecklingssamarbete<\/h3>\r\n<p>Kehitysvammaliitto, FDUV och Kehitysvammaisten Tukiliitto startade ett nytt utvecklingssamarbetsprojekt p\u00e5 Zanzibar i Tanzania i b\u00f6rjan av \u00e5r 2017. Det \u00e4r ett pilotprojekt d\u00e4r man g\u00f6r det m\u00f6jligt f\u00f6r unga med intellektuell funktionsneds\u00e4ttning att f\u00e5 yrkesutbildning, vilket hittills inte varit m\u00f6jligt p\u00e5 Zanzibar. I projektet \u00f6kar man ocks\u00e5 medvetenheten om specialbehoven hos personer med intellektuell funktionsneds\u00e4ttning eller talhandikapp och f\u00f6rebygger sexuellt utnyttjande av flickor och kvinnor med funktionsneds\u00e4ttning.<\/p>\r\n<h2>Medlemmar i Kehitysvammaliitto<\/h2>\r\n<p>Kehitysvammaliittos medlemmar fr\u00e4mjar j\u00e4mst\u00e4lldheten och ett gott liv f\u00f6r m\u00e4nniskor med intellektuell funktionsneds\u00e4ttning eller talhandikapp samt f\u00f6r dem som anv\u00e4nder l\u00e4ttl\u00e4st spr\u00e5k i v\u00e5rt samh\u00e4lle.<\/p>\r\n<p>Kehitysvammaliittos medlemmar \u00e4r egentliga medlemmar, samfundsmedlemmar och underst\u00f6dsmedlemmar. F\u00f6rbundet kan ocks\u00e5 inbjuda personer som fr\u00e4mjat dess verksamhet p\u00e5 ett s\u00e4rskilt f\u00f6rtj\u00e4nstfullt s\u00e4tt att bli hedersmedlemmar.<\/p>\r\n<p>Egentliga medlemmar \u00e4r samfund, bolag och stiftelser som producerar eller organiserar tj\u00e4nster eller p\u00e5 annat s\u00e4tt arbetar f\u00f6r m\u00e4nniskor med intellektuell funktionsneds\u00e4ttning och andra som beh\u00f6ver s\u00e4rskilt st\u00f6d.<\/p>\r\n<p>Samfundsmedlemmar \u00e4r samfund, bolag eller stiftelser som gillar Kehitysvammaliittos syfte och m\u00e5ls\u00e4ttningar. Samfundsmedlemmar har inte r\u00f6str\u00e4tt i f\u00f6rbundet.<\/p>\r\n<p>Underst\u00f6dsmedlemmar \u00e4r privata personer som gillar f\u00f6rbundets syfte och m\u00e5ls\u00e4ttningar. Underst\u00f6dsmedlemmar har inte r\u00f6str\u00e4tt i f\u00f6rbundet.<\/p>\r\n<h2>Donera<\/h2>\r\n<p>M\u00e4nniskor med intellektuell funktionsneds\u00e4ttning vill leva som alla andra, studera, arbeta och knyta m\u00e4nskliga kontakter. Kehitysvammaliitto st\u00f6der dem genom kamratgrupper, information, utbildning och andra tj\u00e4nster.<\/p>\r\n<p>Underst\u00f6d Kehitysvammaliittos verksamhet, <a href=\"https:\/\/www.kehitysvammaliitto.fi\/liitto\/tue-toimintaamme\/siirry-lahjoittamaan\/\" target=\"_blank\" rel=\"noopener noreferrer\">donera<\/a>! (Sidan \u00e4r p\u00e5 finska.)<\/p>\n","protected":false},"excerpt":{"rendered":"Kehitysvammaliitto \u00e4r en stark v\u00e4gvisare och f\u00f6r\u00e4ndrare i samh\u00e4llet, med ambitionen att Finland ska vara likv\u00e4rdigt f\u00f6r alla. V\u00e5r m\u00e5ls\u00e4ttning kan sammanfattas i tre ord: ut ur marginalen! Vi forskar, utbildar, utvecklar, informerar, p\u00e5verkar och producerar material, f\u00f6r att m\u00e4nniskor med funktionsneds\u00e4ttning eller talhandikapp ska kunna komma ut ur marginalen och delta fullt ut i [&hellip;]","protected":false},"author":3,"featured_media":82,"parent":0,"menu_order":6,"comment_status":"closed","ping_status":"closed","template":"","meta":{"footnotes":""},"categories":[],"tags":[],"class_list":["post-47","page","type-page","status-publish","has-post-thumbnail","hentry"],"_links":{"self":[{"href":"https:\/\/www.kehitysvammaliitto.fi\/pa-svenska\/wp-json\/wp\/v2\/pages\/47","targetHints":{"allow":["GET"]}}],"collection":[{"href":"https:\/\/www.kehitysvammaliitto.fi\/pa-svenska\/wp-json\/wp\/v2\/pages"}],"about":[{"href":"https:\/\/www.kehitysvammaliitto.fi\/pa-svenska\/wp-json\/wp\/v2\/types\/page"}],"author":[{"embeddable":true,"href":"https:\/\/www.kehitysvammaliitto.fi\/pa-svenska\/wp-json\/wp\/v2\/users\/3"}],"replies":[{"embeddable":true,"href":"https:\/\/www.kehitysvammaliitto.fi\/pa-svenska\/wp-json\/wp\/v2\/comments?post=47"}],"version-history":[{"count":0,"href":"https:\/\/www.kehitysvammaliitto.fi\/pa-svenska\/wp-json\/wp\/v2\/pages\/47\/revisions"}],"wp:featuredmedia":[{"embeddable":true,"href":"https:\/\/www.kehitysvammaliitto.fi\/pa-svenska\/wp-json\/wp\/v2\/media\/82"}],"wp:attachment":[{"href":"https:\/\/www.kehitysvammaliitto.fi\/pa-svenska\/wp-json\/wp\/v2\/media?parent=47"}],"wp:term":[{"taxonomy":"category","embeddable":true,"href":"https:\/\/www.kehitysvammaliitto.fi\/pa-svenska\/wp-json\/wp\/v2\/categories?post=47"},{"taxonomy":"post_tag","embeddable":true,"href":"https:\/\/www.kehitysvammaliitto.fi\/pa-svenska\/wp-json\/wp\/v2\/tags?post=47"}],"curies":[{"name":"wp","href":"https:\/\/api.w.org\/{rel}","templated":true}]}}