{"id":48,"date":"2018-06-04T10:40:51","date_gmt":"2018-06-04T07:40:51","guid":{"rendered":"https:\/\/www.kehitysvammaliitto.fi\/pa-svenska\/?page_id=48"},"modified":"2025-12-31T10:36:53","modified_gmt":"2025-12-31T08:36:53","slug":"projekt","status":"publish","type":"page","link":"https:\/\/www.kehitysvammaliitto.fi\/pa-svenska\/forbundet\/projekt\/","title":{"rendered":"Projekt"},"content":{"rendered":"<figure id=\"attachment_139\" aria-describedby=\"caption-attachment-139\" class=\"wp-caption alignnone\"><img loading=\"lazy\" decoding=\"async\" width=\"820\" height=\"546\" class=\"size-full wp-image-139 img-responsive\" src=\"https:\/\/www.kehitysvammaliitto.fi\/pa-svenska\/wp-content\/uploads\/sites\/4\/2021\/10\/sisasivu-nettikuva.jpg\" alt=\"tre personer\" srcset=\"https:\/\/www.kehitysvammaliitto.fi\/pa-svenska\/wp-content\/uploads\/sites\/4\/2021\/10\/sisasivu-nettikuva.jpg 820w, https:\/\/www.kehitysvammaliitto.fi\/pa-svenska\/wp-content\/uploads\/sites\/4\/2021\/10\/sisasivu-nettikuva-300x200.jpg 300w, https:\/\/www.kehitysvammaliitto.fi\/pa-svenska\/wp-content\/uploads\/sites\/4\/2021\/10\/sisasivu-nettikuva-768x511.jpg 768w\" sizes=\"auto, (max-width: 820px) 100vw, 820px\" \/><figcaption id=\"caption-attachment-139\" class=\"wp-caption-text\">\u00a9Katja T\u00e4hj\u00e4<\/figcaption><\/figure>\r\n\r\n<h2>Framtiden skapas<\/h2>\r\n<p><strong>Framtiden skapas-projektet st\u00f6dde personer med funktionsneds\u00e4ttning och personer med utl\u00e4ndsk bakgrund i deras m\u00f6jligheter att klara sig i samh\u00e4lleliga kriser.<\/strong><\/p>\r\n<p>M\u00e5let med Framtiden skapas-projektet var att st\u00f6dja personer med funktionsneds\u00e4ttning och personer med utl\u00e4ndsk bakgrund i deras m\u00f6jligheter att klara sig och fungera i den p\u00e5g\u00e5ende COVID-19-krisen och andra motsvarande undantags- och krissituationer.<\/p>\r\n<p>I projektet utredde man erfarenheter av coronakrisen hos personer med funktionsneds\u00e4ttning och personer med utl\u00e4ndsk bakgrund. M\u00e5let var att ocks\u00e5 beakta personer som samtidigt h\u00f6rde till b\u00e5da minoriteterna, dvs. personer med b\u00e5de utl\u00e4ndsk bakgrund och funktionsneds\u00e4ttning. Dessutom samlades erfarenheter fr\u00e5n akt\u00f6rer som producerade och ordnade tj\u00e4nster f\u00f6r dessa befolkningsgrupper.<\/p>\r\n<p>Information samlades genom s\u00e5v\u00e4l befolknings-, kommun- och serviceenhetsenk\u00e4ter som kundintervjuer. S\u00e5 h\u00e4r fick man information om de utmaningar som uppkommit bland personer med funktionsneds\u00e4ttning och personer med utl\u00e4ndsk bakgrund i deras vardag och tj\u00e4nster under coronakrisen. Dessutom samlades information om resurser och verksamhetsmodeller som st\u00f6dde deras f\u00f6rm\u00e5ga att klara sig.<\/p>\r\n<p>Utifr\u00e5n den m\u00e5ngsidiga information som samlades under projektet utarbetades anvisningar, verksamhetss\u00e4tt och n\u00e4tverk f\u00f6r att hantera undantags- och krissituationer p\u00e5 kommunniv\u00e5. Med hj\u00e4lp av dessa kunde man b\u00e4ttre beakta behoven av personer med utl\u00e4ndsk bakgrund och personer med funktionsneds\u00e4ttning i framtida undantags- och krissituationer.<\/p>\r\n<p>Projektet genomf\u00f6rdes som ett samarbete mellan Kehitysvammaliitto, Institutet f\u00f6r h\u00e4lsa och v\u00e4lf\u00e4rd och Kommunf\u00f6rbundet. Kehitysvammaliitto koordinerade projektet. F\u00f6rhoppningen var att yrkesutbildade inom socialv\u00e5rden, anh\u00f6riga och personer med funktionsneds\u00e4ttning, inklusive personer med utl\u00e4ndsk bakgrund, skulle delta i projektverksamheten. Klienternas och de professionellas erfarenheter och kunskaper spelade en viktig roll i projektet. <br>\r\n<br>\r\n<strong>Mer information:<\/strong><\/p>\r\n<ul>\r\n\t<li>Susanna Rieppo, projektchef, Kehitysvammaliitto, tfn 050 329 0511, fornamn.efternamn@kvl.fi<\/li>\r\n\t<li>Elina Lindstr\u00f6m, Projektanst\u00e4lld, enheten f\u00f6r social- och h\u00e4lsov\u00e5rd, Kommunf\u00f6rbundet, tfn +358 9 771 2150, fornamn.efternamn@kuntaliitto.fi<\/li>\r\n\t<li>P\u00e4ivi Nurmi-Koikkalainen, gruppledare, ledande expert, enheten f\u00f6r forskning om v\u00e4lf\u00e4rdsstaten och reformer (teamet f\u00f6r funktionsvariation i samh\u00e4llet), Institutet f\u00f6r h\u00e4lsa och v\u00e4lf\u00e4rd, tfn 029 524 7454, fornamn.efternamn@thl.fi<\/li>\r\n\t<li>Maria Valtokari, utvecklingschef, enheten f\u00f6r forskning om v\u00e4lf\u00e4rdsstaten och reformer (teamet f\u00f6r funktionsvariation i samh\u00e4llet), Institutet f\u00f6r h\u00e4lsa och v\u00e4lf\u00e4rd, tfn 029 524 8203, fornamn.efternamn@thl.fi<\/li>\r\n\t<li>Natalia Skogberg, forskningschef, enheten f\u00f6r j\u00e4mlikhet (teamet f\u00f6r invandring och kulturell m\u00e5ngfald), Institutet f\u00f6r h\u00e4lsa och v\u00e4lf\u00e4rd, tfn 029 524 7916, fornamn.efternamn@thl.fi<\/li>\r\n\t<li>Sara Austero, projektplanerare, enheten f\u00f6r j\u00e4mlikhet (teamet f\u00f6r invandring och kulturell m\u00e5ngfald), Institutet f\u00f6r h\u00e4lsa och v\u00e4lf\u00e4rd, tfn 029 524 6153, fornamn.efternamn@thl.fi<\/li>\r\n\t<li>Laura Musta, specialplanerare, enheten f\u00f6r j\u00e4mlikhet (teamet f\u00f6r invandring och kulturell m\u00e5ngfald), Institutet f\u00f6r h\u00e4lsa och v\u00e4lf\u00e4rd, <br>\r\ntfn 029 524 7259, fornamn.efternamn@thl.fi<\/li>\r\n\t<li>P\u00e4ivi Sainio, specialforskare, enheten f\u00f6r folkh\u00e4lsa (teamet f\u00f6r utv\u00e4rdering och framsyn), Institutet f\u00f6r h\u00e4lsa och v\u00e4lf\u00e4rd, tfn 029 524 8767, fornamn.efternamn@thl.fi<\/li>\r\n\t<li>Marja Holm, statistikforskare, enheten f\u00f6r folkh\u00e4lsa (teamet f\u00f6r utv\u00e4rdering och framsyn), Institutet f\u00f6r h\u00e4lsa och v\u00e4lf\u00e4rd, tfn 029 524 8169, fornamn.efternamn@thl.fi<\/li>\r\n<\/ul>\r\n<p><img loading=\"lazy\" decoding=\"async\" width=\"410\" height=\"150\" class=\"alignnone size-full wp-image-140 img-responsive\" src=\"https:\/\/www.kehitysvammaliitto.fi\/pa-svenska\/wp-content\/uploads\/sites\/4\/2021\/10\/esr-vipuvoimaa-eulta-2014-2020.png\" alt=\"\" srcset=\"https:\/\/www.kehitysvammaliitto.fi\/pa-svenska\/wp-content\/uploads\/sites\/4\/2021\/10\/esr-vipuvoimaa-eulta-2014-2020.png 410w, https:\/\/www.kehitysvammaliitto.fi\/pa-svenska\/wp-content\/uploads\/sites\/4\/2021\/10\/esr-vipuvoimaa-eulta-2014-2020-300x110.png 300w\" sizes=\"auto, (max-width: 410px) 100vw, 410px\" \/><\/p>\r\n<h2>#kotimatkalla (p\u00e5 hemv\u00e4g)<\/h2>\r\n<p><img loading=\"lazy\" decoding=\"async\" width=\"820\" height=\"358\" class=\"alignnone size-full wp-image-105 img-responsive\" src=\"https:\/\/www.kehitysvammaliitto.fi\/pa-svenska\/wp-content\/uploads\/sites\/4\/2018\/06\/kotimatkalla-logo.png\" alt=\"#kotimatkalla-logo\" srcset=\"https:\/\/www.kehitysvammaliitto.fi\/pa-svenska\/wp-content\/uploads\/sites\/4\/2018\/06\/kotimatkalla-logo.png 820w, https:\/\/www.kehitysvammaliitto.fi\/pa-svenska\/wp-content\/uploads\/sites\/4\/2018\/06\/kotimatkalla-logo-300x131.png 300w, https:\/\/www.kehitysvammaliitto.fi\/pa-svenska\/wp-content\/uploads\/sites\/4\/2018\/06\/kotimatkalla-logo-768x335.png 768w\" sizes=\"auto, (max-width: 820px) 100vw, 820px\" \/><\/p>\r\n<p>Ett eget personligt hem \u00e4r inte en sj\u00e4lvklarhet f\u00f6r alla. M\u00e5nga unga som beh\u00f6ver speciellt st\u00f6d bor i grupphem eller boendeenheter, fast de med tillr\u00e4ckligt st\u00f6d skulle klara sig i ett eget hem.<\/p>\r\n<p>Under \u00e5ren 2017 \u2013 2019 finansierade ARA projektet #kotimatkalla och genomfor det tillsammans med Kehitysvammaliitto. I projektet skapades nya n\u00e4tverk f\u00f6r boende och tj\u00e4nster, s\u00e5 att unga kan bo sj\u00e4lva i vanliga bost\u00e4der och f\u00e5 det st\u00f6d och den hj\u00e4lp de beh\u00f6ver i sitt eget hem.<\/p>\r\n<p>I projektet ville man lyfta fram att individuellt boende inte alls beh\u00f6ver vara dyrare \u00e4n koncentrerade boendeformer. I gruppboende \u00e4r det st\u00f6d kunden f\u00e5r ibland on\u00f6digt omfattande i f\u00f6rh\u00e5llande till behovet. N\u00e4r man slutar med boende med on\u00f6digt tungt st\u00f6d sparas resurser som kan utnyttjas till individuellt boende.<\/p>\r\n<p>I projektet deltog i pilotkommunerna 18-29-\u00e5riga unga som beh\u00f6ver s\u00e4rskilt st\u00f6d. De ungas nuvarande livssituation, framtidsbehov och \u00f6nskningar kartl\u00e4ggdes av de unga sj\u00e4lva, deras n\u00e4rmaste, n\u00e4rarbetare som utbildas i kommunen samt andra intressentgrupper. De ungas nuvarande boende och vilka f\u00f6r\u00e4ndringar som sker i det bed\u00f6mdes bl.a. med redskap som utvecklats i Skottland.<\/p>\r\n<p>Projektet #kotimatkalla str\u00e4vade till att p\u00e5verka de ungas liv och ge dem mer frihet och ansvar i sitt boende. Utg\u00e5ngspunkten i projektet var artikel 19 i FN:s konvention om r\u00e4ttigheter f\u00f6r personer med funktionsneds\u00e4ttning, som fastsl\u00e5r att personer med funktionsneds\u00e4ttning har r\u00e4tt att v\u00e4lja var och med vem de bor.<\/p>\r\n<p>Ut\u00f6ver ARA och Kehitysvammaliitto var FDUV, Autismi- ja Aspergerliitto, Nuorisoasuntoliitto ry, Milj\u00f6ministeriet och Social- och h\u00e4lsov\u00e5rdsministeriet med i projektet. De f\u00f6rsta pilotkommunerna var Kouvola, S:t Michel och Pargas.<\/p>\r\n<h2>Palkkaa mut (Anst\u00e4ll mig)<\/h2>\r\n\r\n<figure id=\"attachment_107\" aria-describedby=\"caption-attachment-107\" class=\"wp-caption alignnone\"><img loading=\"lazy\" decoding=\"async\" width=\"820\" height=\"460\" class=\"size-full wp-image-107 img-responsive\" src=\"https:\/\/www.kehitysvammaliitto.fi\/pa-svenska\/wp-content\/uploads\/sites\/4\/2018\/06\/palkkaa-mut-petri-01-b.jpg\" alt=\"Palkkaa mut (Petri)\" srcset=\"https:\/\/www.kehitysvammaliitto.fi\/pa-svenska\/wp-content\/uploads\/sites\/4\/2018\/06\/palkkaa-mut-petri-01-b.jpg 820w, https:\/\/www.kehitysvammaliitto.fi\/pa-svenska\/wp-content\/uploads\/sites\/4\/2018\/06\/palkkaa-mut-petri-01-b-300x168.jpg 300w, https:\/\/www.kehitysvammaliitto.fi\/pa-svenska\/wp-content\/uploads\/sites\/4\/2018\/06\/palkkaa-mut-petri-01-b-768x431.jpg 768w\" sizes=\"auto, (max-width: 820px) 100vw, 820px\" \/><figcaption id=\"caption-attachment-107\" class=\"wp-caption-text\">Bild: Pekka Elomaa<\/figcaption><\/figure>\r\n\r\n<p>Palkkaa mut var ett tv\u00e5\u00e5rigt projekt som finansierades av STEA. Det fr\u00e4mjade m\u00f6jligheterna f\u00f6r personer med intellektuell funktionsneds\u00e4ttning att f\u00e5 avl\u00f6nat arbete. Deltagare i det riksomfattande n\u00e4tverket f\u00f6r arbetstr\u00e4ning utbildades i att ta i bruk arbetstr\u00e4ning. Deltagarna samarbetade med arbetsgivare och deras arbete underst\u00f6dades genom att man producerade material och deltog i arbetsgivarbes\u00f6k.<\/p>\r\n<p>Vi utbildade kamrathandledare som startade kamratgrupper f\u00f6r personer med intellektuell funktionsneds\u00e4ttning, d\u00e4r man kartl\u00e4gger deras styrkor och arbets\u00f6nskem\u00e5l samt uppmuntrar dem att s\u00f6ka arbete.<\/p>\r\n<p>I verksamheten deltog anst\u00e4llda inom funktionshinderservice och vid yrkesskolor, som tr\u00e4nades till \u201dsyssels\u00e4ttningsagenter\u201d inom sina respektive omr\u00e5den. De sprider information, inspirerar andra och f\u00e5r verksamheten att rota sig i omr\u00e5det.<\/p>\r\n<h2>Yhdess\u00e4 (Tillsammans)<\/h2>\r\n\r\n<figure id=\"attachment_109\" aria-describedby=\"caption-attachment-109\" class=\"wp-caption alignnone\"><img loading=\"lazy\" decoding=\"async\" width=\"820\" height=\"460\" class=\"size-full wp-image-109 img-responsive\" src=\"https:\/\/www.kehitysvammaliitto.fi\/pa-svenska\/wp-content\/uploads\/sites\/4\/2018\/06\/yhdessa-toiminta-01.jpg\" alt=\"Yhdess\u00e4-toiminta\" srcset=\"https:\/\/www.kehitysvammaliitto.fi\/pa-svenska\/wp-content\/uploads\/sites\/4\/2018\/06\/yhdessa-toiminta-01.jpg 820w, https:\/\/www.kehitysvammaliitto.fi\/pa-svenska\/wp-content\/uploads\/sites\/4\/2018\/06\/yhdessa-toiminta-01-300x168.jpg 300w, https:\/\/www.kehitysvammaliitto.fi\/pa-svenska\/wp-content\/uploads\/sites\/4\/2018\/06\/yhdessa-toiminta-01-768x431.jpg 768w\" sizes=\"auto, (max-width: 820px) 100vw, 820px\" \/><figcaption id=\"caption-attachment-109\" class=\"wp-caption-text\">Bild: Kaisa Kaatra<\/figcaption><\/figure>\r\n\r\n<p>Verksamheten Ik\u00e4ihmiset ja maahanmuuttajat yhdess\u00e4 (\u00c4ldre och invandrare tillsammans, 2017 \u2013 2019) sammanfor lokala akt\u00f6rer inom \u00e4ldreomsorg och kulturell m\u00e5ngfald. I projektet utvecklade man tillsammans verksamhet d\u00e4r \u00e4ldre och invandrare m\u00f6ts.<\/p>\r\n<p>M\u00e5ls\u00e4ttningen med tillsammans-verksamheten var att fr\u00e4mja invandrares och \u00e4ldres sociala interaktion och hj\u00e4lpa dem att bilda n\u00e4tverk. I verksamheten bekantade sig invandrare med \u00e4ldre, \u00f6vade sig att tala finska och f\u00e5dde erfarenhet av frivilligarbete. De \u00e4ldre f\u00e5dde dela med sig av sin livserfarenhet och f\u00e5dde nya v\u00e4nner och trevligt inneh\u00e5ll i vardagen.<\/p>\r\n<p>Verksamheten utvecklades i samarbete med organisationer inom \u00e4ldreomsorg och organisationer och utbildningar f\u00f6r invandrare. En verksamhetsform var l\u00e4sstunder p\u00e5 l\u00e4ttl\u00e4st spr\u00e5k. Selkokeskus kampanj Min\u00e4 luen sinulle (Jag l\u00e4ser f\u00f6r dig) genomf\u00f6rdes \u00e5rligen som en del av projektet.<\/p>\r\n<p>Projektet st\u00f6dade lokala akt\u00f6rer i att starta och utveckla samarbete samt i att planera verksamheten. Under projektet framst\u00e4lldes material p\u00e5 l\u00e4ttl\u00e4st spr\u00e5k till st\u00f6d f\u00f6r verksamheten och man delade med sig av lyckade metoder.<\/p>\r\n<p>Vanhus- ja l\u00e4himm\u00e4ispalvelun liitto Valli ry var ansvarig f\u00f6r Ik\u00e4ihmiset ja maahanmuuttajat yhdess\u00e4-verksamheten. Kehitysvammaliittos Selkokeskus var en samarbetspartner i projektet. Det riksomfattande projektet finansierades av STEA.<\/p>\r\n<h2>Somettamalla uutta kohtaamista (Nya m\u00f6ten p\u00e5 sociala medier)<\/h2>\r\n<p><img loading=\"lazy\" decoding=\"async\" width=\"820\" height=\"460\" class=\"alignnone size-full wp-image-108 img-responsive\" src=\"https:\/\/www.kehitysvammaliitto.fi\/pa-svenska\/wp-content\/uploads\/sites\/4\/2018\/06\/somettamalla-uutta-kohtaamista-01-b.jpg\" alt=\"Somettamalla uutta kohtaamista\" srcset=\"https:\/\/www.kehitysvammaliitto.fi\/pa-svenska\/wp-content\/uploads\/sites\/4\/2018\/06\/somettamalla-uutta-kohtaamista-01-b.jpg 820w, https:\/\/www.kehitysvammaliitto.fi\/pa-svenska\/wp-content\/uploads\/sites\/4\/2018\/06\/somettamalla-uutta-kohtaamista-01-b-300x168.jpg 300w, https:\/\/www.kehitysvammaliitto.fi\/pa-svenska\/wp-content\/uploads\/sites\/4\/2018\/06\/somettamalla-uutta-kohtaamista-01-b-768x431.jpg 768w\" sizes=\"auto, (max-width: 820px) 100vw, 820px\" \/><\/p>\r\n<p>I projektet Somettamalla uutta kohtaamista (2017 \u2013 2019) uppmuntrar man ensamma unga och vuxna till socialt umg\u00e4nge p\u00e5 sociala medier och st\u00f6der dem i det. M\u00e5let \u00e4r att minska ensamheten.<\/p>\r\n<p>I projektet har skapats en l\u00e4ttanv\u00e4nd tj\u00e4nst (Kohdataan), d\u00e4r man kan kommunicera med andra anv\u00e4ndare via ett socialt medium och tryggt \u00f6va sin interaktionsf\u00f6rm\u00e5ga och sina sociala f\u00e4rdigheter. I tj\u00e4nsten kan man bekanta sig med nya m\u00e4nniskor och s\u00f6ka en v\u00e4n, diskussionss\u00e4llskap, en partner eller n\u00e5gon att dela en hobby med.<\/p>\r\n<p>Man f\u00e4ster s\u00e4rskild vikt vid att tj\u00e4nsten \u00e4r l\u00e4ttillg\u00e4nglig och l\u00e4tt att anv\u00e4nda och beaktar anv\u00e4ndare som beh\u00f6ver s\u00e4rskilt st\u00f6d.<\/p>\r\n<p>Kehitysvammaliitto ansvarar f\u00f6r projektet Somettamalla uutta kohtaamista och genomf\u00f6r det tillsammans med F\u00f6reningen f\u00f6r Mental H\u00e4lsa i Finland. Finansi\u00e4r \u00e4r Social- och h\u00e4lsoorganisationernas underst\u00f6dscentral STEA.<\/p>\r\n<h2>Projektet Monipuolisia asumisratkaisuja kehitt\u00e4m\u00e4ss\u00e4 (Utveckling av m\u00e5ngsidiga boendel\u00f6sningar) tillsammans med Eksote och Milj\u00f6ministeriet<\/h2>\r\n<p>Milj\u00f6ministeriet, Etel\u00e4-Karjalan sosiaali- ja terveyspiiri (Eksote) och Kehitysvammaliitto genomf\u00f6rde ett utvecklingsprojekt inom boende, med m\u00e5let att skapa individuella boendealternativ f\u00f6r m\u00e4nniskor med intellektuell funktionsneds\u00e4ttning. I st\u00e4llet f\u00f6r boende i grupphem med 15 platser erbj\u00f6ds personer med funktionsneds\u00e4ttning boende i vanliga bost\u00e4der. Eksote var pilotomr\u00e5de och erfarenheterna d\u00e4rifr\u00e5n sprids till hela landet.<\/p>\r\n<p>Man s\u00f6kte bost\u00e4derna p\u00e5 den vanliga bostadsmarknaden och det n\u00f6dv\u00e4ndiga st\u00f6det ordnades till exempel via en lokal st\u00f6dpunkt. I projektet utredde man behoven och beredskapen till sj\u00e4lvst\u00e4ndigt boende hos de m\u00e4nniskor med intellektuell funktionsneds\u00e4ttning som flyttade fr\u00e5n grupphem, anstalter eller sina barndomshem.<\/p>\r\n<p>Beredskapen till sj\u00e4lvst\u00e4ndigt boende f\u00f6rst\u00e4rktes med boendetr\u00e4ning och en individuell boendebudget. Personerna med funktionsneds\u00e4ttning var sj\u00e4lva med och behandlade sina boendefr\u00e5gor. Bost\u00e4derna och grupphemmen integrerades i den vanliga bostadsstammen och koncentrerades inte till ett speciellt st\u00e4lle.<\/p>\n","protected":false},"excerpt":{"rendered":"Framtiden skapas Framtiden skapas-projektet st\u00f6dde personer med funktionsneds\u00e4ttning och personer med utl\u00e4ndsk bakgrund i deras m\u00f6jligheter att klara sig i samh\u00e4lleliga kriser. M\u00e5let med Framtiden skapas-projektet var att st\u00f6dja personer med funktionsneds\u00e4ttning och personer med utl\u00e4ndsk bakgrund i deras m\u00f6jligheter att klara sig och fungera i den p\u00e5g\u00e5ende COVID-19-krisen och andra motsvarande undantags- och krissituationer. [&hellip;]","protected":false},"author":3,"featured_media":92,"parent":47,"menu_order":0,"comment_status":"closed","ping_status":"closed","template":"","meta":{"footnotes":""},"categories":[],"tags":[],"class_list":["post-48","page","type-page","status-publish","has-post-thumbnail","hentry"],"_links":{"self":[{"href":"https:\/\/www.kehitysvammaliitto.fi\/pa-svenska\/wp-json\/wp\/v2\/pages\/48","targetHints":{"allow":["GET"]}}],"collection":[{"href":"https:\/\/www.kehitysvammaliitto.fi\/pa-svenska\/wp-json\/wp\/v2\/pages"}],"about":[{"href":"https:\/\/www.kehitysvammaliitto.fi\/pa-svenska\/wp-json\/wp\/v2\/types\/page"}],"author":[{"embeddable":true,"href":"https:\/\/www.kehitysvammaliitto.fi\/pa-svenska\/wp-json\/wp\/v2\/users\/3"}],"replies":[{"embeddable":true,"href":"https:\/\/www.kehitysvammaliitto.fi\/pa-svenska\/wp-json\/wp\/v2\/comments?post=48"}],"version-history":[{"count":0,"href":"https:\/\/www.kehitysvammaliitto.fi\/pa-svenska\/wp-json\/wp\/v2\/pages\/48\/revisions"}],"up":[{"embeddable":true,"href":"https:\/\/www.kehitysvammaliitto.fi\/pa-svenska\/wp-json\/wp\/v2\/pages\/47"}],"wp:featuredmedia":[{"embeddable":true,"href":"https:\/\/www.kehitysvammaliitto.fi\/pa-svenska\/wp-json\/wp\/v2\/media\/92"}],"wp:attachment":[{"href":"https:\/\/www.kehitysvammaliitto.fi\/pa-svenska\/wp-json\/wp\/v2\/media?parent=48"}],"wp:term":[{"taxonomy":"category","embeddable":true,"href":"https:\/\/www.kehitysvammaliitto.fi\/pa-svenska\/wp-json\/wp\/v2\/categories?post=48"},{"taxonomy":"post_tag","embeddable":true,"href":"https:\/\/www.kehitysvammaliitto.fi\/pa-svenska\/wp-json\/wp\/v2\/tags?post=48"}],"curies":[{"name":"wp","href":"https:\/\/api.w.org\/{rel}","templated":true}]}}