{"id":49,"date":"2018-06-04T10:44:38","date_gmt":"2018-06-04T07:44:38","guid":{"rendered":"https:\/\/www.kehitysvammaliitto.fi\/pa-svenska\/?page_id=49"},"modified":"2025-06-12T08:18:29","modified_gmt":"2025-06-12T05:18:29","slug":"intellektuell-funktionsnedsattning","status":"publish","type":"page","link":"https:\/\/www.kehitysvammaliitto.fi\/pa-svenska\/intellektuell-funktionsnedsattning\/","title":{"rendered":"Intellektuell funktionsneds\u00e4ttning"},"content":{"rendered":"<p><strong>Intellektuell funktionsneds\u00e4ttning inneb\u00e4r att man har sv\u00e5rt att l\u00e4ra sig och att f\u00f6rst\u00e5 nya saker. Hur individens liv p\u00e5verkas av intellektuell funktionsneds\u00e4ttning varierar mycket. Funktionsneds\u00e4ttningen kan vara lindrig, s\u00e5 att personen klarar sig ganska sj\u00e4lvst\u00e4ndigt och beh\u00f6ver st\u00f6d bara p\u00e5 vissa omr\u00e5den i livet. En m\u00e4nniska med sv\u00e5r intellektuell funktionsneds\u00e4ttning beh\u00f6ver st\u00e4ndigt st\u00f6d.<\/strong><\/p>\r\n<p>Alla m\u00e4nniskor har ocks\u00e5 styrkor och f\u00f6rm\u00e5gor. Med r\u00e4tt st\u00f6d kan alla utvecklas och l\u00e4ra sig nya saker.<\/p>\r\n<p>Det finns v\u00e4ldigt m\u00e5nga orsaker till intellektuell funktionsneds\u00e4ttning. Den kan bero p\u00e5 arvsanlag eller problem under graviditeten. Den kan ocks\u00e5 bero p\u00e5 till exempel syrebrist under f\u00f6rlossningen eller en olycka eller sjukdom i barndomen. \u00c4ven alkoholbruk hos mamman under graviditeten kan orsaka intellektuell funktionsneds\u00e4ttning eller inl\u00e4rningssv\u00e5righeter hos barnet.<\/p>\r\n<p>I cirka 30 procent av de sv\u00e5ra fallen och 50 procent av de lindriga fallen av intellektuell funktionsneds\u00e4ttning f\u00f6rblir orsaken ok\u00e4nd.<\/p>\r\n<p>I Finland finns uppskattningsvis cirka 50 000 m\u00e4nniskor med intellektuell funktionsneds\u00e4ttning. En unders\u00f6kning baserad p\u00e5 FPA:s register tyder dock p\u00e5 att antalet personer med intellektuell funktionsneds\u00e4ttning i Finland kan vara betydligt st\u00f6rre \u00e4n man tidigare trott. Det beh\u00f6vs mer detaljerad forskning i fr\u00e5gan.<\/p>\n","protected":false},"excerpt":{"rendered":"Intellektuell funktionsneds\u00e4ttning inneb\u00e4r att man har sv\u00e5rt att l\u00e4ra sig och att f\u00f6rst\u00e5 nya saker. Hur individens liv p\u00e5verkas av intellektuell funktionsneds\u00e4ttning varierar mycket. Funktionsneds\u00e4ttningen kan vara lindrig, s\u00e5 att personen klarar sig ganska sj\u00e4lvst\u00e4ndigt och beh\u00f6ver st\u00f6d bara p\u00e5 vissa omr\u00e5den i livet. En m\u00e4nniska med sv\u00e5r intellektuell funktionsneds\u00e4ttning beh\u00f6ver st\u00e4ndigt st\u00f6d. Alla m\u00e4nniskor [&hellip;]","protected":false},"author":3,"featured_media":83,"parent":0,"menu_order":2,"comment_status":"closed","ping_status":"closed","template":"","meta":{"footnotes":""},"categories":[],"tags":[],"class_list":["post-49","page","type-page","status-publish","has-post-thumbnail","hentry"],"_links":{"self":[{"href":"https:\/\/www.kehitysvammaliitto.fi\/pa-svenska\/wp-json\/wp\/v2\/pages\/49","targetHints":{"allow":["GET"]}}],"collection":[{"href":"https:\/\/www.kehitysvammaliitto.fi\/pa-svenska\/wp-json\/wp\/v2\/pages"}],"about":[{"href":"https:\/\/www.kehitysvammaliitto.fi\/pa-svenska\/wp-json\/wp\/v2\/types\/page"}],"author":[{"embeddable":true,"href":"https:\/\/www.kehitysvammaliitto.fi\/pa-svenska\/wp-json\/wp\/v2\/users\/3"}],"replies":[{"embeddable":true,"href":"https:\/\/www.kehitysvammaliitto.fi\/pa-svenska\/wp-json\/wp\/v2\/comments?post=49"}],"version-history":[{"count":0,"href":"https:\/\/www.kehitysvammaliitto.fi\/pa-svenska\/wp-json\/wp\/v2\/pages\/49\/revisions"}],"wp:featuredmedia":[{"embeddable":true,"href":"https:\/\/www.kehitysvammaliitto.fi\/pa-svenska\/wp-json\/wp\/v2\/media\/83"}],"wp:attachment":[{"href":"https:\/\/www.kehitysvammaliitto.fi\/pa-svenska\/wp-json\/wp\/v2\/media?parent=49"}],"wp:term":[{"taxonomy":"category","embeddable":true,"href":"https:\/\/www.kehitysvammaliitto.fi\/pa-svenska\/wp-json\/wp\/v2\/categories?post=49"},{"taxonomy":"post_tag","embeddable":true,"href":"https:\/\/www.kehitysvammaliitto.fi\/pa-svenska\/wp-json\/wp\/v2\/tags?post=49"}],"curies":[{"name":"wp","href":"https:\/\/api.w.org\/{rel}","templated":true}]}}