{"id":50,"date":"2018-06-04T10:49:32","date_gmt":"2018-06-04T07:49:32","guid":{"rendered":"https:\/\/www.kehitysvammaliitto.fi\/pa-svenska\/?page_id=50"},"modified":"2018-06-25T08:39:16","modified_gmt":"2018-06-25T05:39:16","slug":"boende","status":"publish","type":"page","link":"https:\/\/www.kehitysvammaliitto.fi\/pa-svenska\/intellektuell-funktionsnedsattning\/boende\/","title":{"rendered":"Boende"},"content":{"rendered":"<p><strong>Alla har r\u00e4tt till ett eget hem. Denna r\u00e4tt garanteras bl.a. i Finlands grundlag och i FN:s funktionsneds\u00e4ttningskonvention. Att utveckla det individuella boendet f\u00f6r personer med intellektuell funktionsneds\u00e4ttning \u00e4r en av tyngdpunkterna i Kehitysvammaliittos verksamhet.<\/strong><\/p>\r\n<p>St\u00f6rsta delen av alla personer med intellektuell funktionsneds\u00e4ttning som omfattas av tj\u00e4nster bor i gruppboende, trots att de \u00f6nskar sig ett eget hem. Enligt studier, utredningar och utvecklingsprojekt om specialgruppers boende vill de flesta som h\u00f6r till specialgrupper bo som andra. De flesta personer med intellektuell funktionsneds\u00e4ttning \u00f6nskar sig en egen bostad och ett s\u00e5 sj\u00e4lvst\u00e4ndigt liv som m\u00f6jligt.<\/p>\r\n<p>Bland alla \u00f6ver 18-\u00e5riga personer med intellektuell funktionsneds\u00e4ttning i Finland bor 12 000 i n\u00e5gon form av serviceboende. D\u00e4rtill bor cirka 9000 hos anh\u00f6riga och lika m\u00e5nga bor sj\u00e4lvst\u00e4ndigt. I \u00e4ldreservice och p\u00e5 h\u00e4lsocentraler bor sannolikt cirka tusen. Allt som allt finns i Finland cirka 31 000 vuxna personer med intellektuell funktionsneds\u00e4ttning.<\/p>\r\n<p>I Finland ansvarar kommunerna f\u00f6r att ordna boendetj\u00e4nster f\u00f6r personer med intellektuell funktionsneds\u00e4ttning.<\/p>\r\n<h2>Kehitysvammaliittos synvinklar p\u00e5 boendeutmaningar<\/h2>\r\n<h3>1. En anstalt \u00e4r ingens hem<\/h3>\r\n<p>Enligt Statsr\u00e5dets boendeprogram f\u00f6r personer med intellektuell funktionsneds\u00e4ttning ska ingen l\u00e4ngre bo i de gamla anstalterna \u00e5r 2020. \u00d6verallt i Finland har man lyckats minska anstaltsboendet, men l\u00f6sningarna har varit on\u00f6digt ensidiga. Man har fr\u00e4mst byggt grupphem med 15 platser eller mer.<\/p>\r\n<p>Ut\u00f6ver att bygga nya bost\u00e4der beh\u00f6vs fler bost\u00e4der f\u00f6r personer med intellektuell funktionsneds\u00e4ttning bland vanliga bost\u00e4der.<\/p>\r\n<h3>2. Det beh\u00f6vs m\u00e5ngsidiga boendealternativ<\/h3>\r\n<p>Kommunerna b\u00f6r erbjuda olika boendealternativ, inte bara gruppboende. Samma boendeform passar inte alla, utan det beh\u00f6vs alternativ som beaktar individuella \u00f6nskem\u00e5l och behov. Vi kan hitta nya s\u00e4tt att ordna det st\u00f6d som en person med intellektuell funktionsneds\u00e4ttning beh\u00f6ver.<\/p>\r\n<h3>3. En person med intellektuell funktionsneds\u00e4ttning har r\u00e4tt att v\u00e4lja och ta beslut<\/h3>\r\n<p>Personer med intellektuell funktionsneds\u00e4ttning har r\u00e4tt att g\u00f6ra verkliga val och ta beslut om boende, st\u00f6d och boendes\u00e4llskap. De har ocks\u00e5 r\u00e4tt att p\u00e5verka valet av personal. Enligt FN:s funktionsneds\u00e4ttningskonvention har de r\u00e4tt att besluta var och med vem de vill bo.<\/p>\r\n<p>Vid valet av bostad och tj\u00e4nster som har att g\u00f6ra med den b\u00f6r utg\u00e5ngspunkten vara varje persons individuella behov. Det \u00e4r inte bara bostaden och omgivningen som \u00e4r viktiga utan \u00e4ven det individuella st\u00f6d och de tj\u00e4nster som h\u00f6r till boendet och som ska m\u00f6jligg\u00f6ra ett individuellt liv f\u00f6r personen.<\/p>\r\n<p><strong>Kehitysvammaliitto st\u00f6der individuellt boende:<\/strong><\/p>\r\n<ul style=\"list-style-type: square;\">\r\n\t<li>Vi erbjuder information och st\u00f6d i boendefr\u00e5gor.<\/li>\r\n\t<li>Tillsammans med v\u00e5ra samarbetspartners utvecklar vi nya s\u00e4tt att ordna boende och tj\u00e4nster.<\/li>\r\n\t<li>Vi p\u00e5verkar politiskt beslutsfattande och lagberedning.<\/li>\r\n\t<li>Vi utbildar anst\u00e4llda och f\u00f6rm\u00e4n inom branschen i boendefr\u00e5gor.<\/li>\r\n<\/ul>\n","protected":false},"excerpt":{"rendered":"Alla har r\u00e4tt till ett eget hem. Denna r\u00e4tt garanteras bl.a. i Finlands grundlag och i FN:s funktionsneds\u00e4ttningskonvention. Att utveckla det individuella boendet f\u00f6r personer med intellektuell funktionsneds\u00e4ttning \u00e4r en av tyngdpunkterna i Kehitysvammaliittos verksamhet. St\u00f6rsta delen av alla personer med intellektuell funktionsneds\u00e4ttning som omfattas av tj\u00e4nster bor i gruppboende, trots att de \u00f6nskar sig [&hellip;]","protected":false},"author":3,"featured_media":90,"parent":49,"menu_order":1,"comment_status":"closed","ping_status":"closed","template":"","meta":{"footnotes":""},"categories":[],"tags":[],"class_list":["post-50","page","type-page","status-publish","has-post-thumbnail","hentry"],"_links":{"self":[{"href":"https:\/\/www.kehitysvammaliitto.fi\/pa-svenska\/wp-json\/wp\/v2\/pages\/50","targetHints":{"allow":["GET"]}}],"collection":[{"href":"https:\/\/www.kehitysvammaliitto.fi\/pa-svenska\/wp-json\/wp\/v2\/pages"}],"about":[{"href":"https:\/\/www.kehitysvammaliitto.fi\/pa-svenska\/wp-json\/wp\/v2\/types\/page"}],"author":[{"embeddable":true,"href":"https:\/\/www.kehitysvammaliitto.fi\/pa-svenska\/wp-json\/wp\/v2\/users\/3"}],"replies":[{"embeddable":true,"href":"https:\/\/www.kehitysvammaliitto.fi\/pa-svenska\/wp-json\/wp\/v2\/comments?post=50"}],"version-history":[{"count":0,"href":"https:\/\/www.kehitysvammaliitto.fi\/pa-svenska\/wp-json\/wp\/v2\/pages\/50\/revisions"}],"up":[{"embeddable":true,"href":"https:\/\/www.kehitysvammaliitto.fi\/pa-svenska\/wp-json\/wp\/v2\/pages\/49"}],"wp:featuredmedia":[{"embeddable":true,"href":"https:\/\/www.kehitysvammaliitto.fi\/pa-svenska\/wp-json\/wp\/v2\/media\/90"}],"wp:attachment":[{"href":"https:\/\/www.kehitysvammaliitto.fi\/pa-svenska\/wp-json\/wp\/v2\/media?parent=50"}],"wp:term":[{"taxonomy":"category","embeddable":true,"href":"https:\/\/www.kehitysvammaliitto.fi\/pa-svenska\/wp-json\/wp\/v2\/categories?post=50"},{"taxonomy":"post_tag","embeddable":true,"href":"https:\/\/www.kehitysvammaliitto.fi\/pa-svenska\/wp-json\/wp\/v2\/tags?post=50"}],"curies":[{"name":"wp","href":"https:\/\/api.w.org\/{rel}","templated":true}]}}