{"id":54,"date":"2018-06-04T14:45:22","date_gmt":"2018-06-04T11:45:22","guid":{"rendered":"https:\/\/www.kehitysvammaliitto.fi\/pa-svenska\/?page_id=54"},"modified":"2024-10-11T10:32:47","modified_gmt":"2024-10-11T07:32:47","slug":"tillganglighet","status":"publish","type":"page","link":"https:\/\/www.kehitysvammaliitto.fi\/pa-svenska\/intellektuell-funktionsnedsattning\/tillganglighet\/","title":{"rendered":"Tillg\u00e4nglighet"},"content":{"rendered":"<p><strong>Varje medlem i samh\u00e4llet har r\u00e4tt att f\u00e5 beh\u00f6vlig information p\u00e5 sitt eget kommunikationss\u00e4tt. Tillg\u00e4nglighet betyder att produkter och tj\u00e4nster \u00e4r planerade s\u00e5 att de passar olika slags anv\u00e4ndare. Ett viktigt delomr\u00e5de i tillg\u00e4ngligheten \u00e4r kognitiv tillg\u00e4nglighet.<\/strong><\/p>\r\n<h2>Kognitiv tillg\u00e4nglighet<\/h2>\r\n<p>Kognitiv tillg\u00e4nglighet betyder att man kan f\u00f6rst\u00e5 saker. Informationens och kommunikationens tillg\u00e4nglighet har att g\u00f6ra med till exempel en webbsajts tekniska l\u00f6sningar, men ocks\u00e5 med att informationen \u00e4r klar och tydlig, s\u00e5 att den n\u00e5r alla anv\u00e4ndare \u2013 \u00e4ven personer med funktionsneds\u00e4ttning, \u00e5ldringar och invandrare.<\/p>\r\n<p>Vid produktionen av inneh\u00e5llet \u00e4r det v\u00e4sentligt att anv\u00e4nda ett tydligt spr\u00e5k, men ocks\u00e5 l\u00e4ttl\u00e4st spr\u00e5k och eventuellt bilder som st\u00f6d f\u00f6r dem som inte f\u00f6rst\u00e5r ett tydligt standardspr\u00e5k. Man kan ocks\u00e5 g\u00f6ra det l\u00e4ttare att f\u00f6rst\u00e5 en text till exempel genom att g\u00f6ra det m\u00f6jligt att b\u00e5de l\u00e4sa och lyssna till den. I tryckta medier blir texten tillg\u00e4ngligare n\u00e4r bokst\u00e4verna \u00e4r tydliga och tillr\u00e4ckligt stora och kontrasten mellan bakgrund och text \u00e4r tillr\u00e4cklig.<\/p>\r\n<p>Offentliga webbsajters tillg\u00e4nglighet fastsl\u00e5s av ett EU-direktiv som godk\u00e4ndes i Europaparlamentet h\u00f6sten 2016. \u00c4ven FN:s konvention om r\u00e4ttigheter f\u00f6r personer med funktionsneds\u00e4ttning f\u00f6ruts\u00e4tter att tj\u00e4nster som tillhandah\u00e5lls via informations- och kommunikationsteknologi \u00e4r l\u00e4tta att anv\u00e4nda och tillg\u00e4ngliga f\u00f6r alla.<\/p>\r\n<p><a class=\"button read external-link\" href=\"https:\/\/papunet.net\/saavutettavuus\/pa-svenska\/\" target=\"_blank\" rel=\"noopener\">Tillg\u00e4nglighet (Papunet)<\/a><\/p>\n","protected":false},"excerpt":{"rendered":"Varje medlem i samh\u00e4llet har r\u00e4tt att f\u00e5 beh\u00f6vlig information p\u00e5 sitt eget kommunikationss\u00e4tt. Tillg\u00e4nglighet betyder att produkter och tj\u00e4nster \u00e4r planerade s\u00e5 att de passar olika slags anv\u00e4ndare. Ett viktigt delomr\u00e5de i tillg\u00e4ngligheten \u00e4r kognitiv tillg\u00e4nglighet. Kognitiv tillg\u00e4nglighet Kognitiv tillg\u00e4nglighet betyder att man kan f\u00f6rst\u00e5 saker. Informationens och kommunikationens tillg\u00e4nglighet har att g\u00f6ra med [&hellip;]","protected":false},"author":3,"featured_media":84,"parent":49,"menu_order":5,"comment_status":"closed","ping_status":"closed","template":"","meta":{"footnotes":""},"categories":[],"tags":[],"class_list":["post-54","page","type-page","status-publish","has-post-thumbnail","hentry"],"_links":{"self":[{"href":"https:\/\/www.kehitysvammaliitto.fi\/pa-svenska\/wp-json\/wp\/v2\/pages\/54","targetHints":{"allow":["GET"]}}],"collection":[{"href":"https:\/\/www.kehitysvammaliitto.fi\/pa-svenska\/wp-json\/wp\/v2\/pages"}],"about":[{"href":"https:\/\/www.kehitysvammaliitto.fi\/pa-svenska\/wp-json\/wp\/v2\/types\/page"}],"author":[{"embeddable":true,"href":"https:\/\/www.kehitysvammaliitto.fi\/pa-svenska\/wp-json\/wp\/v2\/users\/3"}],"replies":[{"embeddable":true,"href":"https:\/\/www.kehitysvammaliitto.fi\/pa-svenska\/wp-json\/wp\/v2\/comments?post=54"}],"version-history":[{"count":0,"href":"https:\/\/www.kehitysvammaliitto.fi\/pa-svenska\/wp-json\/wp\/v2\/pages\/54\/revisions"}],"up":[{"embeddable":true,"href":"https:\/\/www.kehitysvammaliitto.fi\/pa-svenska\/wp-json\/wp\/v2\/pages\/49"}],"wp:featuredmedia":[{"embeddable":true,"href":"https:\/\/www.kehitysvammaliitto.fi\/pa-svenska\/wp-json\/wp\/v2\/media\/84"}],"wp:attachment":[{"href":"https:\/\/www.kehitysvammaliitto.fi\/pa-svenska\/wp-json\/wp\/v2\/media?parent=54"}],"wp:term":[{"taxonomy":"category","embeddable":true,"href":"https:\/\/www.kehitysvammaliitto.fi\/pa-svenska\/wp-json\/wp\/v2\/categories?post=54"},{"taxonomy":"post_tag","embeddable":true,"href":"https:\/\/www.kehitysvammaliitto.fi\/pa-svenska\/wp-json\/wp\/v2\/tags?post=54"}],"curies":[{"name":"wp","href":"https:\/\/api.w.org\/{rel}","templated":true}]}}