{"id":55,"date":"2018-06-04T14:50:20","date_gmt":"2018-06-04T11:50:20","guid":{"rendered":"https:\/\/www.kehitysvammaliitto.fi\/pa-svenska\/?page_id=55"},"modified":"2025-05-23T11:55:46","modified_gmt":"2025-05-23T08:55:46","slug":"talhandikapp","status":"publish","type":"page","link":"https:\/\/www.kehitysvammaliitto.fi\/pa-svenska\/talhandikapp\/","title":{"rendered":"Talhandikapp"},"content":{"rendered":"<p><strong>En person med talhandikapp \u00e4r en m\u00e4nniska som h\u00f6r men inte klarar sig med tal i vardagskommunikationen. Personen har sv\u00e5rt att producera eller f\u00f6rst\u00e5 tal. Ofta \u00e4r talhandikapp ocks\u00e5 f\u00f6rknippad med l\u00e4s- och skrivsv\u00e5righeter.<\/strong><\/p>\r\n<p>I Finland finns cirka 65 000 \u2013 120 000 m\u00e4nniskor med olika grader av tal- och kommunikationssv\u00e5righeter. M\u00e5nga av dem beh\u00f6ver hj\u00e4lpmedel som ers\u00e4tter talet. 632 000 \u2013 812 000 finl\u00e4ndare har nytta av l\u00e4ttl\u00e4st spr\u00e5k.<\/p>\r\n<h2>Papunet \u2013 tydlig och tillg\u00e4nglig information<\/h2>\r\n<p>P\u00e5 Papunet-webbsidorna finns information och material f\u00f6r m\u00e4nniskor med talhandikapp och deras n\u00e4rmaste och professionella. P\u00e5 webbsajten finns ocks\u00e5 information f\u00f6r dem som vill skapa tillg\u00e4ngliga webbtj\u00e4nster med l\u00e4ttl\u00e4st spr\u00e5k. Materialet \u00e4r i huvudsak p\u00e5 finska.<\/p>\r\n<p><a class=\"button read external-link\" href=\"https:\/\/papunet.net\/sv\/\" target=\"_blank\" rel=\"noopener noreferrer\">PAPUNET<\/a><\/p>\r\n<p>Papunet fr\u00e4mjar delaktigheten och likst\u00e4lldheten i samh\u00e4llet f\u00f6r personer med talhandikapp och andra som beh\u00f6ver st\u00f6d i inl\u00e4rning, f\u00f6rst\u00e5ende och kommunikation.<\/p>\r\n<p>Papunets m\u00e5ls\u00e4ttning \u00e4r att n\u00e4rst\u00e5ende m\u00e4nniskor, proffs och studerande f\u00e5r information om talhandikapp, olika kommunikationsmetoder och hj\u00e4lpmedel samt redskap och material f\u00f6r sitt arbete.<\/p>\r\n<p>Papunets m\u00e5ls\u00e4ttning \u00e4r att \u00e4ven personer med talhandikapp och andra som beh\u00f6ver st\u00f6d i l\u00e4rande, f\u00f6rst\u00e5ende och kommunikation f\u00e5r information och underh\u00e5llning i tillg\u00e4nglig form p\u00e5 n\u00e4tet samt m\u00f6jlighet till kontakt via applikationer och sociala medier som \u00e4r l\u00e4tta att anv\u00e4nda.<\/p>\r\n<h2>Tikoteekki fr\u00e4mjar interaktion<\/h2>\r\n<p>Tikoteekki \u00e4r ett centrum f\u00f6r informationsteknik och kommunikation som fr\u00e4mjar delaktigheten och sj\u00e4lvbest\u00e4mmander\u00e4tten f\u00f6r personer med talhandikapp och \u00f6kar deras m\u00f6jligheter att kommunicera i sina samfund och i samh\u00e4llet.<\/p>\r\n<p>F\u00f6r att n\u00e5 sitt m\u00e5l utvecklar Tikoteekki koncept och kommunikationsmaterial som st\u00e4rker interaktionen mellan personer med talhandikapp och dem de har att g\u00f6ra med. Tikoteekki informerar ocks\u00e5 och ger telefonr\u00e5dgivning och konsulthj\u00e4lp om kommunikationsl\u00f6sningar och underl\u00e4ttande informationsteknik. F\u00f6r att m\u00e4nniskor med talhandkapp ska f\u00e5 kommunikationshj\u00e4lpmedel p\u00e5 ett smidigt s\u00e4tt och m\u00e4nniskor som jobbar med dem ska f\u00e5 handledning i anv\u00e4ndningen p\u00e5verkar Tikoteekki utvecklingen av tj\u00e4nster genom nationella och internationella n\u00e4tverk.<\/p>\r\n<p>Tikoteekki undervisar ocks\u00e5 organisationer och professionella om kommunikation, interaktion, verksamhetsmodeller och material.<\/p>\n","protected":false},"excerpt":{"rendered":"En person med talhandikapp \u00e4r en m\u00e4nniska som h\u00f6r men inte klarar sig med tal i vardagskommunikationen. Personen har sv\u00e5rt att producera eller f\u00f6rst\u00e5 tal. Ofta \u00e4r talhandikapp ocks\u00e5 f\u00f6rknippad med l\u00e4s- och skrivsv\u00e5righeter. I Finland finns cirka 65 000 \u2013 120 000 m\u00e4nniskor med olika grader av tal- och kommunikationssv\u00e5righeter. M\u00e5nga av dem beh\u00f6ver [&hellip;]","protected":false},"author":3,"featured_media":85,"parent":0,"menu_order":3,"comment_status":"closed","ping_status":"closed","template":"","meta":{"footnotes":""},"categories":[],"tags":[],"class_list":["post-55","page","type-page","status-publish","has-post-thumbnail","hentry"],"_links":{"self":[{"href":"https:\/\/www.kehitysvammaliitto.fi\/pa-svenska\/wp-json\/wp\/v2\/pages\/55","targetHints":{"allow":["GET"]}}],"collection":[{"href":"https:\/\/www.kehitysvammaliitto.fi\/pa-svenska\/wp-json\/wp\/v2\/pages"}],"about":[{"href":"https:\/\/www.kehitysvammaliitto.fi\/pa-svenska\/wp-json\/wp\/v2\/types\/page"}],"author":[{"embeddable":true,"href":"https:\/\/www.kehitysvammaliitto.fi\/pa-svenska\/wp-json\/wp\/v2\/users\/3"}],"replies":[{"embeddable":true,"href":"https:\/\/www.kehitysvammaliitto.fi\/pa-svenska\/wp-json\/wp\/v2\/comments?post=55"}],"version-history":[{"count":0,"href":"https:\/\/www.kehitysvammaliitto.fi\/pa-svenska\/wp-json\/wp\/v2\/pages\/55\/revisions"}],"wp:featuredmedia":[{"embeddable":true,"href":"https:\/\/www.kehitysvammaliitto.fi\/pa-svenska\/wp-json\/wp\/v2\/media\/85"}],"wp:attachment":[{"href":"https:\/\/www.kehitysvammaliitto.fi\/pa-svenska\/wp-json\/wp\/v2\/media?parent=55"}],"wp:term":[{"taxonomy":"category","embeddable":true,"href":"https:\/\/www.kehitysvammaliitto.fi\/pa-svenska\/wp-json\/wp\/v2\/categories?post=55"},{"taxonomy":"post_tag","embeddable":true,"href":"https:\/\/www.kehitysvammaliitto.fi\/pa-svenska\/wp-json\/wp\/v2\/tags?post=55"}],"curies":[{"name":"wp","href":"https:\/\/api.w.org\/{rel}","templated":true}]}}