{"id":56,"date":"2018-06-04T14:53:27","date_gmt":"2018-06-04T11:53:27","guid":{"rendered":"https:\/\/www.kehitysvammaliitto.fi\/pa-svenska\/?page_id=56"},"modified":"2025-05-23T11:57:26","modified_gmt":"2025-05-23T08:57:26","slug":"lattlast-sprak","status":"publish","type":"page","link":"https:\/\/www.kehitysvammaliitto.fi\/pa-svenska\/lattlast-sprak\/","title":{"rendered":"L\u00e4ttl\u00e4st spr\u00e5k"},"content":{"rendered":"<p><strong>L\u00e4ttl\u00e4st spr\u00e5k \u00e4r spr\u00e5k som \u00e4r enklare \u00e4n standardspr\u00e5ket. Uppskattningsvis var tionde finl\u00e4ndare beh\u00f6ver l\u00e4ttl\u00e4st spr\u00e5k. Kehitysvammaliittos Selkokeskus fr\u00e4mjar information, kommunikation och kultur p\u00e5 l\u00e4tt spr\u00e5k i Finland.<\/strong><\/p>\r\n<p>L\u00e4ttl\u00e4st spr\u00e5k \u00e4r avsett f\u00f6r m\u00e4nniskor som har sv\u00e5rt att l\u00e4sa eller f\u00f6rst\u00e5 standardspr\u00e5k. M\u00e5nga m\u00e4nniskor med intellektuell funktionsneds\u00e4ttning samt \u00e4ldre och minnessjuka beh\u00f6ver l\u00e4ttl\u00e4st spr\u00e5k. Ocks\u00e5 invandrare som studerar landets spr\u00e5k kan ha nytta av ett l\u00e4ttare spr\u00e5k.<\/p>\r\n<h2>Varf\u00f6r beh\u00f6vs l\u00e4ttl\u00e4st spr\u00e5k?<\/h2>\r\n<p>Ett sv\u00e5rt spr\u00e5k hindrar m\u00e5nga finl\u00e4ndare fr\u00e5n att delta som fullv\u00e4rdiga medborgare i samh\u00e4llet. Avsikten med l\u00e4ttl\u00e4st spr\u00e5k \u00e4r att hj\u00e4lpa m\u00e4nniskor som beh\u00f6ver det att f\u00e5 information, l\u00e4sa, uttrycka sina tankar och delta. L\u00e4ttl\u00e4st spr\u00e5k \u00e4r tillg\u00e4ngligt spr\u00e5k.<\/p>\r\n<p>Varje m\u00e4nniska har r\u00e4tt till f\u00f6rst\u00e5elig information, som \u00e4r en f\u00f6ruts\u00e4ttning f\u00f6r ett sj\u00e4lvst\u00e4ndigt liv och samh\u00e4llsp\u00e5verkan.<\/p>\r\n<p>Selkokeskus har uppskattat att det i Finland finns 632 000 \u2013 812 000 m\u00e4nniskor som beh\u00f6ver l\u00e4ttl\u00e4st spr\u00e5k. Dessutom kan m\u00e5nga fler ha nytta av l\u00e4ttl\u00e4st information \u00e5tminstone i vissa situationer.<\/p>\r\n<h2>Selkokeskus<\/h2>\r\n<p>Kehitysvammaliittos Selkokeskus \u00e4r en riksomfattande expertorganisation f\u00f6r l\u00e4ttl\u00e4st. Selkokeskus fr\u00e4mjar information, informationsf\u00f6rmedling och kultur p\u00e5 l\u00e4tt spr\u00e5k i Finland. V\u00e5r m\u00e5ls\u00e4ttning \u00e4r att st\u00e4rka det l\u00e4ttl\u00e4sta spr\u00e5kets st\u00e4llning och anv\u00e4ndarnas spr\u00e5kliga r\u00e4ttigheter i Finland. Selkokeskus ger r\u00e5d och hj\u00e4lp \u00e5t alla som \u00e4r intresserade av l\u00e4ttl\u00e4st spr\u00e5k.<\/p>\r\n<p><strong>Selkokeskus uppgifter<\/strong><\/p>\r\n<ul style=\"list-style-type: square;\">\r\n\t<li>ger ut nyhetsbladet Selkosanomat och dess svenskspr\u00e5kiga systertidning L\u00e4tta bladet<\/li>\r\n\t<li>genomf\u00f6r informationsprojekt<\/li>\r\n\t<li>beviljar symbolen f\u00f6r l\u00e4ttl\u00e4st till olika publikationer<\/li>\r\n\t<li>arrangerar utbildning i l\u00e4ttl\u00e4st<\/li>\r\n\t<li>producerar texttj\u00e4nster f\u00f6r l\u00e4ttl\u00e4st<\/li>\r\n\t<li>utvecklar den l\u00e4tta finskan och st\u00f6der forskningen om l\u00e4ttl\u00e4st<\/li>\r\n\t<li>verkar som branschens samarbets- och informationskanal<\/li>\r\n<\/ul>\r\n<p><a class=\"button read external-link\" href=\"https:\/\/selkokeskus.fi\/pa-svenska\/\" target=\"_blank\" rel=\"noopener\">Selkokeskus.fi<\/a><\/p>\r\n<p><a class=\"button read external-link\" href=\"https:\/\/lattabladet.fi\/\" target=\"_blank\" rel=\"noopener\">L\u00e4tta bladet<\/a><\/p>\n","protected":false},"excerpt":{"rendered":"L\u00e4ttl\u00e4st spr\u00e5k \u00e4r spr\u00e5k som \u00e4r enklare \u00e4n standardspr\u00e5ket. Uppskattningsvis var tionde finl\u00e4ndare beh\u00f6ver l\u00e4ttl\u00e4st spr\u00e5k. Kehitysvammaliittos Selkokeskus fr\u00e4mjar information, kommunikation och kultur p\u00e5 l\u00e4tt spr\u00e5k i Finland. L\u00e4ttl\u00e4st spr\u00e5k \u00e4r avsett f\u00f6r m\u00e4nniskor som har sv\u00e5rt att l\u00e4sa eller f\u00f6rst\u00e5 standardspr\u00e5k. M\u00e5nga m\u00e4nniskor med intellektuell funktionsneds\u00e4ttning samt \u00e4ldre och minnessjuka beh\u00f6ver l\u00e4ttl\u00e4st spr\u00e5k. Ocks\u00e5 [&hellip;]","protected":false},"author":3,"featured_media":87,"parent":0,"menu_order":4,"comment_status":"closed","ping_status":"closed","template":"","meta":{"footnotes":""},"categories":[],"tags":[],"class_list":["post-56","page","type-page","status-publish","has-post-thumbnail","hentry"],"_links":{"self":[{"href":"https:\/\/www.kehitysvammaliitto.fi\/pa-svenska\/wp-json\/wp\/v2\/pages\/56","targetHints":{"allow":["GET"]}}],"collection":[{"href":"https:\/\/www.kehitysvammaliitto.fi\/pa-svenska\/wp-json\/wp\/v2\/pages"}],"about":[{"href":"https:\/\/www.kehitysvammaliitto.fi\/pa-svenska\/wp-json\/wp\/v2\/types\/page"}],"author":[{"embeddable":true,"href":"https:\/\/www.kehitysvammaliitto.fi\/pa-svenska\/wp-json\/wp\/v2\/users\/3"}],"replies":[{"embeddable":true,"href":"https:\/\/www.kehitysvammaliitto.fi\/pa-svenska\/wp-json\/wp\/v2\/comments?post=56"}],"version-history":[{"count":0,"href":"https:\/\/www.kehitysvammaliitto.fi\/pa-svenska\/wp-json\/wp\/v2\/pages\/56\/revisions"}],"wp:featuredmedia":[{"embeddable":true,"href":"https:\/\/www.kehitysvammaliitto.fi\/pa-svenska\/wp-json\/wp\/v2\/media\/87"}],"wp:attachment":[{"href":"https:\/\/www.kehitysvammaliitto.fi\/pa-svenska\/wp-json\/wp\/v2\/media?parent=56"}],"wp:term":[{"taxonomy":"category","embeddable":true,"href":"https:\/\/www.kehitysvammaliitto.fi\/pa-svenska\/wp-json\/wp\/v2\/categories?post=56"},{"taxonomy":"post_tag","embeddable":true,"href":"https:\/\/www.kehitysvammaliitto.fi\/pa-svenska\/wp-json\/wp\/v2\/tags?post=56"}],"curies":[{"name":"wp","href":"https:\/\/api.w.org\/{rel}","templated":true}]}}