{"id":106,"date":"2017-12-12T15:53:04","date_gmt":"2017-12-12T13:53:04","guid":{"rendered":"https:\/\/www.kehitysvammaliitto.fi\/selkokielella\/?page_id=106"},"modified":"2017-12-12T15:53:04","modified_gmt":"2017-12-12T13:53:04","slug":"palaute","status":"publish","type":"page","link":"https:\/\/www.kehitysvammaliitto.fi\/selkokielella\/yhteystiedot\/palaute\/","title":{"rendered":"Palaute"},"content":{"rendered":"<p>Anna palautetta Kehitysvammaliiton verkkosivuista \u2013 esimerkiksi sivujen toiminnasta, sis\u00e4ll\u00f6st\u00e4 tai ulkoasusta. Otamme mielell\u00e4mme vastaan ehdotuksia sivujen kehitt\u00e4miseksi.\r\n\r\nVoit my\u00f6s antaa palautetta Kehitysvammaliiton toiminnasta yleens\u00e4.\r\n\r\nJos haluat ett\u00e4 vastaamme, ole hyv\u00e4 ja anna s\u00e4hk\u00f6postiosoitteesi.\r\n\r\n<\/p><div class=\"custom-form rs_skip\">\r\n  <div class=\"well well-sm\">Pakolliset kent\u00e4t merkitty t\u00e4hdell\u00e4 (*)<\/div>\r\n  <form id=\"frmPalaute\" name=\"frmPalaute\" class=\"form-horizontal\" action=\"https:\/\/www.kehitysvammaliitto.fi\/selkokielella\/yhteystiedot\/palaute\/\" method=\"post\" enctype=\"application\/x-www-form-urlencoded\" target=\"_self\" role=\"form\">\r\n    <input type=\"hidden\" id=\"_palaute-security\" name=\"_palaute-security\" value=\"435c395900\">\r\n    <fieldset class=\"custom-fieldset\">\r\n\r\n      <div class=\"form-group form-group-sm\">\r\n        <label for=\"palaute-aihe\" class=\"col-sm-3 control-label label-required\">Palautteeni aihe<\/label>\r\n        <div class=\"col-sm-6 msg-parent has-feedback\">\r\n          <input type=\"text\" id=\"palaute-aihe\" name=\"palaute-aihe\" class=\"form-control text-validation\" tabindex=\"1001\" title=\"Palautteeni aihe\" maxlength=\"50\" aria-required=\"true\" aria-describedby=\"palaute-aihe-status\">\r\n          <span class=\"glyphicon form-control-feedback\" aria-hidden=\"true\"><\/span><span id=\"palaute-aihe-status\" class=\"sr-only\"><\/span>\r\n        <\/div>\r\n      <\/div>\r\n\r\n      <div class=\"form-group form-group-sm\">\r\n        <label for=\"palaute-teksti\" class=\"col-sm-3 control-label label-required\">Kommentit<\/label>\r\n        <div class=\"col-sm-6 msg-parent has-feedback\">\r\n          <textarea id=\"palaute-teksti\" name=\"palaute-teksti\" class=\"form-control  text-validation\" rows=\"6\" tabindex=\"1002\" title=\"Kommentit\" aria-required=\"true\" aria-describedby=\"palaute-teksti-status\"><\/textarea>\r\n          <span class=\"glyphicon form-control-feedback\" aria-hidden=\"true\"><\/span><span id=\"palaute-teksti-status\" class=\"sr-only\"><\/span>\r\n        <\/div>\r\n      <\/div>\r\n\r\n      <div class=\"form-group form-group-sm\">\r\n        <label for=\"palaute-nimi\" class=\"col-sm-3 control-label\">Etu- ja sukunimi<\/label>\r\n        <div class=\"col-sm-6 msg-parent has-feedback\">\r\n          <input type=\"text\" id=\"palaute-nimi\" name=\"palaute-nimi\" class=\"form-control\" tabindex=\"1003\" title=\"Etu- ja sukunimi\" maxlength=\"50\" aria-describedby=\"palaute-nimi-status\">\r\n          <span class=\"glyphicon form-control-feedback\" aria-hidden=\"true\"><\/span><span id=\"palaute-nimi-status\" class=\"sr-only\"><\/span>\r\n        <\/div>\r\n      <\/div>\r\n\r\n      <div class=\"form-group form-group-sm\">\r\n        <label for=\"palaute-s\u00e4hk\u00f6posti\" class=\"col-sm-3 control-label\">S\u00e4hk\u00f6postiosoite<\/label>\r\n        <div class=\"col-sm-6 msg-parent has-feedback\">\r\n          <input type=\"email\" id=\"palaute-s\u00e4hk\u00f6posti\" name=\"palaute-s\u00e4hk\u00f6posti\" class=\"form-control text-validation-optional\" tabindex=\"1004\" title=\"S\u00e4hk\u00f6postiosoite\" maxlength=\"255\" aria-describedby=\"palaute-s\u00e4hk\u00f6posti-status\" data-pattern=\"^[\\w][\\w\\.\\-]*[\\w]@[\\w][\\w\\.\\-]*[\\w]\\.[a-zA-Z][a-zA-Z\\.]*[a-zA-Z]$\">\r\n          <span class=\"glyphicon form-control-feedback\" aria-hidden=\"true\"><\/span><span id=\"palaute-s\u00e4hk\u00f6posti-status\" class=\"sr-only\"><\/span>\r\n        <\/div>\r\n      <\/div>\r\n\r\n      <div class=\"form-group form-group-sm\">\r\n        <div class=\"col-sm-offset-3 col-sm-6\">\r\n          <button type=\"submit\" class=\"btn btn-yellow btn-sm btn-submit\" title=\"L\u00e4het\u00e4 palaute\" tabindex=\"1005\"><span class=\"glyphicon glyphicon-send\" aria-hidden=\"true\"><\/span>L\u00e4het\u00e4 palaute<\/button>\r\n          <div class=\"form-message alert alert-dismissible invisible\" role=\"alert\">\r\n            <button type=\"button\" class=\"close\" title=\"sulje\" data-hide=\"form-message\" aria-label=\"Sulje\"><span aria-hidden=\"true\">\u00d7<\/span><\/button>\r\n            <span class=\"message-text\">\u00a0<\/span>\r\n          <\/div>\r\n        <\/div>\r\n      <\/div>\r\n\r\n    <\/fieldset>\r\n  <\/form>\r\n<\/div>\n","protected":false},"excerpt":{"rendered":"Anna palautetta Kehitysvammaliiton verkkosivuista \u2013 esimerkiksi sivujen toiminnasta, sis\u00e4ll\u00f6st\u00e4 tai ulkoasusta. Otamme mielell\u00e4mme vastaan ehdotuksia sivujen kehitt\u00e4miseksi. Voit my\u00f6s antaa palautetta Kehitysvammaliiton toiminnasta yleens\u00e4. Jos haluat ett\u00e4 vastaamme, ole hyv\u00e4 ja anna s\u00e4hk\u00f6postiosoitteesi.","protected":false},"author":1,"featured_media":0,"parent":54,"menu_order":0,"comment_status":"closed","ping_status":"closed","template":"","meta":{"footnotes":""},"categories":[],"tags":[],"class_list":["post-106","page","type-page","status-publish","hentry"],"_links":{"self":[{"href":"https:\/\/www.kehitysvammaliitto.fi\/selkokielella\/wp-json\/wp\/v2\/pages\/106","targetHints":{"allow":["GET"]}}],"collection":[{"href":"https:\/\/www.kehitysvammaliitto.fi\/selkokielella\/wp-json\/wp\/v2\/pages"}],"about":[{"href":"https:\/\/www.kehitysvammaliitto.fi\/selkokielella\/wp-json\/wp\/v2\/types\/page"}],"author":[{"embeddable":true,"href":"https:\/\/www.kehitysvammaliitto.fi\/selkokielella\/wp-json\/wp\/v2\/users\/1"}],"replies":[{"embeddable":true,"href":"https:\/\/www.kehitysvammaliitto.fi\/selkokielella\/wp-json\/wp\/v2\/comments?post=106"}],"version-history":[{"count":0,"href":"https:\/\/www.kehitysvammaliitto.fi\/selkokielella\/wp-json\/wp\/v2\/pages\/106\/revisions"}],"up":[{"embeddable":true,"href":"https:\/\/www.kehitysvammaliitto.fi\/selkokielella\/wp-json\/wp\/v2\/pages\/54"}],"wp:attachment":[{"href":"https:\/\/www.kehitysvammaliitto.fi\/selkokielella\/wp-json\/wp\/v2\/media?parent=106"}],"wp:term":[{"taxonomy":"category","embeddable":true,"href":"https:\/\/www.kehitysvammaliitto.fi\/selkokielella\/wp-json\/wp\/v2\/categories?post=106"},{"taxonomy":"post_tag","embeddable":true,"href":"https:\/\/www.kehitysvammaliitto.fi\/selkokielella\/wp-json\/wp\/v2\/tags?post=106"}],"curies":[{"name":"wp","href":"https:\/\/api.w.org\/{rel}","templated":true}]}}