{"id":50,"date":"2017-10-13T13:18:11","date_gmt":"2017-10-13T10:18:11","guid":{"rendered":"https:\/\/www.kehitysvammaliitto.fi\/selkokielella\/?page_id=50"},"modified":"2025-06-11T15:01:45","modified_gmt":"2025-06-11T12:01:45","slug":"kehitysvammaisuus","status":"publish","type":"page","link":"https:\/\/www.kehitysvammaliitto.fi\/selkokielella\/kehitysvammaisuus\/","title":{"rendered":"Kehitysvammaisuus"},"content":{"rendered":"<p><strong>Kehitysvammaisella henkil\u00f6ll\u00e4 on vaikeuksia oppia ja ymm\u00e4rt\u00e4\u00e4 uusia asioita.<\/strong><\/p>\r\n<p>Kehitysvammainen ihminen tarvitsee tavallista enemm\u00e4n aikaa uusien asioiden oppimiseen. H\u00e4n tarvitsee oppimiseen yksil\u00f6llist\u00e4 tukea.<\/p>\r\n<p>Tukea voi tarvita esimerkiksi:<\/p>\r\n<ul>\r\n\t<li>omista asioista p\u00e4\u00e4tt\u00e4miseen<\/li>\r\n\t<li>keskustelemiseen ja muuhun vuorovaikutukseen toisten kanssa<\/li>\r\n\t<li>opiskeluun<\/li>\r\n\t<li>ty\u00f6ss\u00e4 k\u00e4ymiseen.<\/li>\r\n<\/ul>\r\n<p>Jokaisella on kuitenkin my\u00f6s vahvuuksia ja kykyj\u00e4. Kaikilla on mahdollisuus kehitty\u00e4 ja oppia uutta.<\/p>\r\n<p>Kehitysvammaisuuden syit\u00e4 on paljon. Ihmisell\u00e4 voi olla kehitysvamma syntyess\u00e4\u00e4n. Vauva voi vammautua my\u00f6s synnytyksen aikana. Lapsuuden sairaus tai tapaturma voi aiheuttaa kehitysvamman. Jos \u00e4iti juo alkoholia raskausaikana, se voi aiheuttaa lapselle kehitysvamman tai oppimisvaikeuksia. Aina ei tiedet\u00e4, mik\u00e4 kehitysvamman on aiheuttanut.<\/p>\r\n<p>Suomessa on ainakin 50 000 ihmist\u00e4, joilla on kehitysvamma.<\/p>\r\n<p><a href=\"https:\/\/verneri.net\/selko\/\" target=\"_blank\" rel=\"noopener noreferrer\">Verneri.netin selkosivut<\/a><\/p>\r\n<p class=\"embed-responsive embed-responsive-16by9\"><iframe src=\"\/\/www.youtube.com\/embed\/NmXDHFes3Lg?rel=0\" allowfullscreen=\"allowfullscreen\"><\/iframe><\/p>\n","protected":false},"excerpt":{"rendered":"Kehitysvammaisella henkil\u00f6ll\u00e4 on vaikeuksia oppia ja ymm\u00e4rt\u00e4\u00e4 uusia asioita. Kehitysvammainen ihminen tarvitsee tavallista enemm\u00e4n aikaa uusien asioiden oppimiseen. H\u00e4n tarvitsee oppimiseen yksil\u00f6llist\u00e4 tukea. Tukea voi tarvita esimerkiksi: omista asioista p\u00e4\u00e4tt\u00e4miseen keskustelemiseen ja muuhun vuorovaikutukseen toisten kanssa opiskeluun ty\u00f6ss\u00e4 k\u00e4ymiseen. Jokaisella on kuitenkin my\u00f6s vahvuuksia ja kykyj\u00e4. Kaikilla on mahdollisuus kehitty\u00e4 ja oppia uutta. Kehitysvammaisuuden syit\u00e4 [&hellip;]","protected":false},"author":1,"featured_media":84,"parent":0,"menu_order":0,"comment_status":"closed","ping_status":"closed","template":"","meta":{"footnotes":""},"categories":[],"tags":[],"class_list":["post-50","page","type-page","status-publish","has-post-thumbnail","hentry"],"_links":{"self":[{"href":"https:\/\/www.kehitysvammaliitto.fi\/selkokielella\/wp-json\/wp\/v2\/pages\/50","targetHints":{"allow":["GET"]}}],"collection":[{"href":"https:\/\/www.kehitysvammaliitto.fi\/selkokielella\/wp-json\/wp\/v2\/pages"}],"about":[{"href":"https:\/\/www.kehitysvammaliitto.fi\/selkokielella\/wp-json\/wp\/v2\/types\/page"}],"author":[{"embeddable":true,"href":"https:\/\/www.kehitysvammaliitto.fi\/selkokielella\/wp-json\/wp\/v2\/users\/1"}],"replies":[{"embeddable":true,"href":"https:\/\/www.kehitysvammaliitto.fi\/selkokielella\/wp-json\/wp\/v2\/comments?post=50"}],"version-history":[{"count":0,"href":"https:\/\/www.kehitysvammaliitto.fi\/selkokielella\/wp-json\/wp\/v2\/pages\/50\/revisions"}],"wp:featuredmedia":[{"embeddable":true,"href":"https:\/\/www.kehitysvammaliitto.fi\/selkokielella\/wp-json\/wp\/v2\/media\/84"}],"wp:attachment":[{"href":"https:\/\/www.kehitysvammaliitto.fi\/selkokielella\/wp-json\/wp\/v2\/media?parent=50"}],"wp:term":[{"taxonomy":"category","embeddable":true,"href":"https:\/\/www.kehitysvammaliitto.fi\/selkokielella\/wp-json\/wp\/v2\/categories?post=50"},{"taxonomy":"post_tag","embeddable":true,"href":"https:\/\/www.kehitysvammaliitto.fi\/selkokielella\/wp-json\/wp\/v2\/tags?post=50"}],"curies":[{"name":"wp","href":"https:\/\/api.w.org\/{rel}","templated":true}]}}