{"id":51,"date":"2017-10-13T13:18:44","date_gmt":"2017-10-13T10:18:44","guid":{"rendered":"https:\/\/www.kehitysvammaliitto.fi\/selkokielella\/?page_id=51"},"modified":"2025-05-15T11:53:29","modified_gmt":"2025-05-15T08:53:29","slug":"puhevammaisuus","status":"publish","type":"page","link":"https:\/\/www.kehitysvammaliitto.fi\/selkokielella\/puhevammaisuus\/","title":{"rendered":"Puhevammaisuus"},"content":{"rendered":"<p><strong>Puhevammaisen ihmisen on vaikea puhua tai ymm\u00e4rt\u00e4\u00e4 puhetta. Usein puhevammaan liittyy my\u00f6s vaikeus lukea tai kirjoittaa.<\/strong><\/p>\r\n<p>Suomessa on noin 65 000 \u2013 120 000 puhevammaista ihmist\u00e4.<\/p>\r\n<p class=\"embed-responsive embed-responsive-16by9\"><iframe src=\"https:\/\/www.youtube.com\/embed\/ptsLkIqsjdw?rel=0\" allowfullscreen=\"allowfullscreen\"><\/iframe><\/p>\r\n<p>Kehitysvammaliitto auttaa puhevammaisia ihmisi\u00e4 jakamalla tietoa puhevammaisuudesta. Koulutamme ihmisi\u00e4, jotta he osaavat keskustella puhevammaisten ihmisten kanssa niill\u00e4 keinoilla, joita puhevammainen ihminen ymm\u00e4rt\u00e4\u00e4. Joskus keskustelun avuksi tarvitaan esimerkiksi kuvia tai erilaisia apuv\u00e4lineit\u00e4.<\/p>\r\n<p>Kehitysvammaliitto tuottaa tietoa selkokielell\u00e4 ja kuvilla. Kuvat auttavat niit\u00e4 ihmisi\u00e4, jotka eiv\u00e4t pysty lukemaan teksti\u00e4.<\/p>\r\n<p>Papunet-verkkopalvelussa on tietoa ja ajanvietett\u00e4 selkokielell\u00e4 ja kuvilla.<\/p>\r\n<ul>\r\n\t<li><a href=\"https:\/\/papunet.net\/pelisivut\/\" target=\"_blank\" rel=\"noopener noreferrer\">Papunetin pelisivut<\/a><\/li>\r\n\t<li><a href=\"https:\/\/selkosanomat.fi\/kuva\/\" target=\"_blank\" rel=\"noopener noreferrer\">Selkosanomat kuvilla<\/a><\/li>\r\n<\/ul>\n","protected":false},"excerpt":{"rendered":"Puhevammaisen ihmisen on vaikea puhua tai ymm\u00e4rt\u00e4\u00e4 puhetta. Usein puhevammaan liittyy my\u00f6s vaikeus lukea tai kirjoittaa. Suomessa on noin 65 000 \u2013 120 000 puhevammaista ihmist\u00e4. Kehitysvammaliitto auttaa puhevammaisia ihmisi\u00e4 jakamalla tietoa puhevammaisuudesta. Koulutamme ihmisi\u00e4, jotta he osaavat keskustella puhevammaisten ihmisten kanssa niill\u00e4 keinoilla, joita puhevammainen ihminen ymm\u00e4rt\u00e4\u00e4. Joskus keskustelun avuksi tarvitaan esimerkiksi kuvia tai [&hellip;]","protected":false},"author":1,"featured_media":85,"parent":0,"menu_order":0,"comment_status":"closed","ping_status":"closed","template":"","meta":{"footnotes":""},"categories":[],"tags":[],"class_list":["post-51","page","type-page","status-publish","has-post-thumbnail","hentry"],"_links":{"self":[{"href":"https:\/\/www.kehitysvammaliitto.fi\/selkokielella\/wp-json\/wp\/v2\/pages\/51","targetHints":{"allow":["GET"]}}],"collection":[{"href":"https:\/\/www.kehitysvammaliitto.fi\/selkokielella\/wp-json\/wp\/v2\/pages"}],"about":[{"href":"https:\/\/www.kehitysvammaliitto.fi\/selkokielella\/wp-json\/wp\/v2\/types\/page"}],"author":[{"embeddable":true,"href":"https:\/\/www.kehitysvammaliitto.fi\/selkokielella\/wp-json\/wp\/v2\/users\/1"}],"replies":[{"embeddable":true,"href":"https:\/\/www.kehitysvammaliitto.fi\/selkokielella\/wp-json\/wp\/v2\/comments?post=51"}],"version-history":[{"count":0,"href":"https:\/\/www.kehitysvammaliitto.fi\/selkokielella\/wp-json\/wp\/v2\/pages\/51\/revisions"}],"wp:featuredmedia":[{"embeddable":true,"href":"https:\/\/www.kehitysvammaliitto.fi\/selkokielella\/wp-json\/wp\/v2\/media\/85"}],"wp:attachment":[{"href":"https:\/\/www.kehitysvammaliitto.fi\/selkokielella\/wp-json\/wp\/v2\/media?parent=51"}],"wp:term":[{"taxonomy":"category","embeddable":true,"href":"https:\/\/www.kehitysvammaliitto.fi\/selkokielella\/wp-json\/wp\/v2\/categories?post=51"},{"taxonomy":"post_tag","embeddable":true,"href":"https:\/\/www.kehitysvammaliitto.fi\/selkokielella\/wp-json\/wp\/v2\/tags?post=51"}],"curies":[{"name":"wp","href":"https:\/\/api.w.org\/{rel}","templated":true}]}}