{"id":52,"date":"2017-10-13T13:19:12","date_gmt":"2017-10-13T10:19:12","guid":{"rendered":"https:\/\/www.kehitysvammaliitto.fi\/selkokielella\/?page_id=52"},"modified":"2025-05-21T09:51:22","modified_gmt":"2025-05-21T06:51:22","slug":"selkokieli","status":"publish","type":"page","link":"https:\/\/www.kehitysvammaliitto.fi\/selkokielella\/selkokieli\/","title":{"rendered":"Selkokieli"},"content":{"rendered":"<p><strong>Selkokieli on suomen kielen muoto, joka on helpompaa kuin yleiskieli. 632 000 \u2013 812 000 suomalaista tarvitsee selkokielt\u00e4.<\/strong><\/p>\r\n<p class=\"embed-responsive embed-responsive-16by9\"><iframe src=\"\/\/www.youtube.com\/embed\/KIhb2WOfH2Q?rel=0\" allowfullscreen=\"allowfullscreen\"><\/iframe><\/p>\r\n<p>Selkokielest\u00e4 voi olla hy\u00f6ty\u00e4 vanhukselle, joka ei jaksa lukea pitki\u00e4 tekstej\u00e4. Selkokielt\u00e4 voi tarvita maahanmuuttaja, joka ei viel\u00e4 osaa suomea. Selkokieli sopii my\u00f6s henkil\u00f6lle, jolla on vaikeuksia lukemisessa tai tekstin ymm\u00e4rt\u00e4misess\u00e4.<\/p>\r\n<p>Selkokieless\u00e4 kielt\u00e4 tehd\u00e4\u00e4n helpommaksi monella tavalla. Selkokieless\u00e4 v\u00e4ltet\u00e4\u00e4n esimerkiksi vaikeita sanoja ja suositaan lyhyit\u00e4 lauseita.<\/p>\r\n<p>Kehitysvammaliiton Selkokeskus jakaa tietoa selkokielest\u00e4. Selkokeskus kouluttaa kirjoittamaan selkokielell\u00e4. Selkokeskus auttaa niit\u00e4, jotka haluavat oppia sanomaan asiat niin, ett\u00e4 kaikki ymm\u00e4rt\u00e4v\u00e4t.<\/p>\r\n<p>Selkokeskus julkaisee Selkosanomat-lehte\u00e4. Siin\u00e4 kerrotaan ajankohtaisia asioita ja uutisia helpolla kielell\u00e4.<\/p>\r\n<p><a href=\"https:\/\/selkosanomat.fi\/\" target=\"_blank\" rel=\"noopener\">Selkosanomat<\/a><\/p>\r\n<p>Selkokielisen tekstin tai verkkosivun tunnistaa t\u00e4st\u00e4 merkist\u00e4:<\/p>\r\n<p><img loading=\"lazy\" decoding=\"async\" width=\"180\" height=\"147\" class=\"alignnone size-full wp-image-70 img-responsive\" src=\"https:\/\/www.kehitysvammaliitto.fi\/selkokielella\/wp-content\/uploads\/sites\/3\/2017\/10\/selkotunnus.png\" alt=\"Selkotunnus\"><\/p>\r\n<p>\u00a0<\/p>\n","protected":false},"excerpt":{"rendered":"Selkokieli on suomen kielen muoto, joka on helpompaa kuin yleiskieli. 632 000 \u2013 812 000 suomalaista tarvitsee selkokielt\u00e4. Selkokielest\u00e4 voi olla hy\u00f6ty\u00e4 vanhukselle, joka ei jaksa lukea pitki\u00e4 tekstej\u00e4. Selkokielt\u00e4 voi tarvita maahanmuuttaja, joka ei viel\u00e4 osaa suomea. Selkokieli sopii my\u00f6s henkil\u00f6lle, jolla on vaikeuksia lukemisessa tai tekstin ymm\u00e4rt\u00e4misess\u00e4. Selkokieless\u00e4 kielt\u00e4 tehd\u00e4\u00e4n helpommaksi monella tavalla. [&hellip;]","protected":false},"author":1,"featured_media":86,"parent":0,"menu_order":0,"comment_status":"closed","ping_status":"closed","template":"","meta":{"footnotes":""},"categories":[],"tags":[],"class_list":["post-52","page","type-page","status-publish","has-post-thumbnail","hentry"],"_links":{"self":[{"href":"https:\/\/www.kehitysvammaliitto.fi\/selkokielella\/wp-json\/wp\/v2\/pages\/52","targetHints":{"allow":["GET"]}}],"collection":[{"href":"https:\/\/www.kehitysvammaliitto.fi\/selkokielella\/wp-json\/wp\/v2\/pages"}],"about":[{"href":"https:\/\/www.kehitysvammaliitto.fi\/selkokielella\/wp-json\/wp\/v2\/types\/page"}],"author":[{"embeddable":true,"href":"https:\/\/www.kehitysvammaliitto.fi\/selkokielella\/wp-json\/wp\/v2\/users\/1"}],"replies":[{"embeddable":true,"href":"https:\/\/www.kehitysvammaliitto.fi\/selkokielella\/wp-json\/wp\/v2\/comments?post=52"}],"version-history":[{"count":0,"href":"https:\/\/www.kehitysvammaliitto.fi\/selkokielella\/wp-json\/wp\/v2\/pages\/52\/revisions"}],"wp:featuredmedia":[{"embeddable":true,"href":"https:\/\/www.kehitysvammaliitto.fi\/selkokielella\/wp-json\/wp\/v2\/media\/86"}],"wp:attachment":[{"href":"https:\/\/www.kehitysvammaliitto.fi\/selkokielella\/wp-json\/wp\/v2\/media?parent=52"}],"wp:term":[{"taxonomy":"category","embeddable":true,"href":"https:\/\/www.kehitysvammaliitto.fi\/selkokielella\/wp-json\/wp\/v2\/categories?post=52"},{"taxonomy":"post_tag","embeddable":true,"href":"https:\/\/www.kehitysvammaliitto.fi\/selkokielella\/wp-json\/wp\/v2\/tags?post=52"}],"curies":[{"name":"wp","href":"https:\/\/api.w.org\/{rel}","templated":true}]}}