{"id":53,"date":"2017-10-13T13:19:59","date_gmt":"2017-10-13T10:19:59","guid":{"rendered":"https:\/\/www.kehitysvammaliitto.fi\/selkokielella\/?page_id=53"},"modified":"2025-03-19T12:27:03","modified_gmt":"2025-03-19T10:27:03","slug":"kehitysvammaliitto","status":"publish","type":"page","link":"https:\/\/www.kehitysvammaliitto.fi\/selkokielella\/kehitysvammaliitto\/","title":{"rendered":"Kehitysvammaliitto"},"content":{"rendered":"<p><strong>Kehitysvammaliitto puolustaa kehitysvammaisia ja puhevammaisia ihmisi\u00e4. Kehitysvammaliitto haluaa, ett\u00e4 vammaisia ihmisi\u00e4 kuunnellaan. Tavoitteenamme on kaikille yhdenvertainen Suomi.<\/strong><\/p>\r\n<ul>\r\n\t<li>Vaikutamme p\u00e4\u00e4tt\u00e4jiin.<\/li>\r\n\t<li>Koulutamme.<\/li>\r\n\t<li>Kehit\u00e4mme palveluja.<\/li>\r\n\t<li>Jaamme tietoa.<\/li>\r\n\t<li>Tuotamme tietoa selkokielell\u00e4.<\/li>\r\n\t<li>Julkaisemme lehti\u00e4 ja kirjoja.<\/li>\r\n\t<li>Teemme tutkimusta.<\/li>\r\n\t<li>Kehit\u00e4mme keinoja vuorovaikutukseen.<\/li>\r\n\t<li>Autamme kehitysmaiden vammaisia ihmisi\u00e4.<\/li>\r\n<\/ul>\r\n<h2><a id=\"vuosikertomus\"><\/a>Vuosikertomukset<\/h2>\r\n<p>Kehitysvammaliiton selkokielisi\u00e4 vuosikertomuksia:<\/p>\r\n<ul>\r\n\t<li><a href=\"https:\/\/www.kehitysvammaliitto.fi\/selkokielella\/wp-content\/uploads\/sites\/3\/2024\/05\/kvl-vuosikertomus-2023-selko.pdf\" target=\"_blank\" rel=\"noopener\">Kehitysvammaliitto 2023<\/a> (pdf)<\/li>\r\n\t<li><a href=\"https:\/\/www.kehitysvammaliitto.fi\/selkokielella\/wp-content\/uploads\/sites\/3\/2023\/05\/kvl-vuosikertomus-2022-selko-02.pdf\" target=\"_blank\" rel=\"noopener\">Kehitysvammaliitto 2022<\/a> (pdf)<\/li>\r\n\t<li><a href=\"https:\/\/www.kehitysvammaliitto.fi\/selkokielella\/wp-content\/uploads\/sites\/3\/2022\/05\/kvl-vuosikertomus-2021-selko.pdf\" target=\"_blank\" rel=\"noopener\">Kehitysvammaliitto 2021<\/a> (pdf)<\/li>\r\n\t<li><a href=\"https:\/\/www.kehitysvammaliitto.fi\/selkokielella\/wp-content\/uploads\/sites\/3\/2021\/06\/kvl-vuosikertomus-2020-selko-verkko.pdf\" target=\"_blank\" rel=\"noopener\">Kehitysvammaliitto 2020<\/a> (pdf)<\/li>\r\n\t<li><a href=\"https:\/\/www.kehitysvammaliitto.fi\/selkokielella\/wp-content\/uploads\/sites\/3\/2020\/09\/kehitysvammaliiton-vuosikertomus-2019-selkokieli-verkko.pdf\" target=\"_blank\" rel=\"noopener\">Kehitysvammaliitto 2019<\/a> (pdf)<\/li>\r\n<\/ul>\r\n<h2>Vaikutamme p\u00e4\u00e4tt\u00e4jiin<\/h2>\r\n\r\n<figure id=\"attachment_100\" aria-describedby=\"caption-attachment-100\" class=\"wp-caption alignnone\"><img loading=\"lazy\" decoding=\"async\" width=\"820\" height=\"360\" class=\"size-full wp-image-100 img-responsive\" src=\"https:\/\/www.kehitysvammaliitto.fi\/selkokielella\/wp-content\/uploads\/sites\/3\/2017\/11\/vaikuttaminen-perussivu-001.jpg\" alt=\"Ihmisjoukossa n\u00e4kyy M\u00e4\u00e4r\u00e4ily saa riitt\u00e4\u00e4! -kyltti.\" srcset=\"https:\/\/www.kehitysvammaliitto.fi\/selkokielella\/wp-content\/uploads\/sites\/3\/2017\/11\/vaikuttaminen-perussivu-001.jpg 820w, https:\/\/www.kehitysvammaliitto.fi\/selkokielella\/wp-content\/uploads\/sites\/3\/2017\/11\/vaikuttaminen-perussivu-001-300x132.jpg 300w, https:\/\/www.kehitysvammaliitto.fi\/selkokielella\/wp-content\/uploads\/sites\/3\/2017\/11\/vaikuttaminen-perussivu-001-768x337.jpg 768w\" sizes=\"auto, (max-width: 820px) 100vw, 820px\" \/><figcaption id=\"caption-attachment-100\" class=\"wp-caption-text\">Kuva: Mira Vihmo<\/figcaption><\/figure>\r\n\r\n<p>Kehitysvammaliitto jakaa tietoa poliitikoille. Haluamme, ett\u00e4 he tekev\u00e4t sellaisia lakeja, jotka parantavat kehitysvammaisten ja puhevammaisten ihmisten asemaa.<\/p>\r\n<p>Haluamme, ett\u00e4 vammaiset ihmiset saavat mahdollisuuden vaikuttaa omaan el\u00e4m\u00e4\u00e4ns\u00e4. Jokaisen pit\u00e4\u00e4 saada itse p\u00e4\u00e4tt\u00e4\u00e4, miss\u00e4 ja kenen kanssa haluaa asua.<\/p>\r\n<p>Lakeja pit\u00e4\u00e4 muuttaa niin, ett\u00e4 kehitysvammaiset ihmiset saavat helpommin palkkaty\u00f6t\u00e4.<\/p>\r\n<p>Monet palvelut ja tieto siirtyv\u00e4t internetiin. Yrit\u00e4mme vaikuttaa siihen, ett\u00e4 verkkopalveluista tehd\u00e4\u00e4n selkokielisi\u00e4 ja helppok\u00e4ytt\u00f6isi\u00e4. Silloin my\u00f6s kehitysvammaisten ja puhevammaisten ihmisten on mahdollista hoitaa itse omia asioitaan.<\/p>\r\n<h3>Mit\u00e4 Kehitysvammaliitto odottaa uudelta Suomen hallitukselta?<\/h3>\r\n<h4>\u00c4l\u00e4 unohda minua!<\/h4>\r\n<p>Huhtikuussa 2023 pidettiin eduskuntavaalit. Sen j\u00e4lkeen valittiin ministerit eli tehtiin Suomelle uusi hallitus. Hallitus teki hallitusohjelman eli suunnitelman, miten se aikoo hoitaa Suomen asioita ja korjata ep\u00e4kohtia.<\/p>\r\n<p>Kehitysvammaliitto toivoo, ett\u00e4 tuleva hallitus laittaisi kuntoon seuraavat asiat:<\/p>\r\n<h4>1. Vammaisten lasten ja nuorten opetus<\/h4>\r\n<p>P\u00e4iv\u00e4kodin ja koulun opettajien ja muiden aikuisten pit\u00e4\u00e4 saada lis\u00e4\u00e4 tietoa kehitysvammaisuudesta ja puhevammaisuudesta. Kun aikuisilla on enemm\u00e4n tietoa, he pystyv\u00e4t paremmin tukemaan ja auttamaan vammaisia lapsia.<\/p>\r\n<p>Suomessa oppivelvollisuus jatkuu 18-vuotiaaksi asti. Kaikilla pit\u00e4\u00e4 siis olla mahdollisuus opiskella siihen asti, kun t\u00e4ytt\u00e4\u00e4 18 vuotta. Ket\u00e4\u00e4n ei saa painostaa lopettamaan opiskelua heti peruskoulun j\u00e4lkeen.<\/p>\r\n<p>Opiskelupaikkoja on kuitenkin liian v\u00e4h\u00e4n. TELMA-opiskelupaikkoja tarvitaan lis\u00e4\u00e4. TELMAssa opiskellaan taitoja, joita tarvitaan t\u00f6iss\u00e4 ja itsen\u00e4isess\u00e4 el\u00e4m\u00e4ss\u00e4.<\/p>\r\n<p>Oppilaille pit\u00e4\u00e4 olla selkokielisi\u00e4 oppikirjoja.<\/p>\r\n<h4>2. Vammaisten ihmisten saaman tuen ja palveluiden laatu<\/h4>\r\n<p>Vammaisille ihmisille tarvitaan monenlaisia asuntoja, jotta jokaiselle l\u00f6ytyy itselle sopiva koti. Pit\u00e4\u00e4 varata lis\u00e4\u00e4 rahaa tukiasuntoihin, jotka ovat tavallisilla asuinalueilla ja tavallisissa taloissa.<br>\r\nHallituksen pit\u00e4\u00e4 varmistaa, ett\u00e4 rakennetaan koteja, ei laitoksia.<\/p>\r\n<p>Hallituksen pit\u00e4\u00e4 turvata puhevammaisten ihmisten oikeudet. Pit\u00e4\u00e4 selvitt\u00e4\u00e4, kuinka paljon puhevammaisia ihmisi\u00e4 on Suomessa ja millaista heid\u00e4n el\u00e4m\u00e4ns\u00e4 on.<\/p>\r\n<p>Pit\u00e4\u00e4 turvata lailla, ett\u00e4 vammaiset ihmiset saavat vaikuttaa omaa el\u00e4m\u00e4\u00e4ns\u00e4 koskeviin asioihin ja m\u00e4\u00e4r\u00e4t\u00e4 omasta el\u00e4m\u00e4st\u00e4\u00e4n.\u00a0<\/p>\r\n<p>Tarvitaan lis\u00e4\u00e4 ty\u00f6ntekij\u00f6it\u00e4, joiden ty\u00f6 on tukea ja auttaa kehitysvammaisia ihmisi\u00e4. T\u00e4ll\u00e4 hetkell\u00e4 ty\u00f6ntekij\u00f6ist\u00e4 on pulaa. Tarvitaan siis lis\u00e4\u00e4 ihmisi\u00e4, jotka opiskelevat kehitysvamma-alan ty\u00f6ntekij\u00f6iksi. Tarvitaan uusi koulutus, joka houkuttelee nuoria opiskelemaan vammaisten ihmisten avustajaksi.<\/p>\r\n<p>Vammaiset ihmiset tarvitsevat monenlaisia palveluja, esimerkiksi kuljetuspalvelua ty\u00f6toimintaan. N\u00e4iden palveluiden pit\u00e4\u00e4 olla ilmaisia vammaisille ihmisille.<\/p>\r\n<p>Hyvinvointialueista ja niiden palveluista pit\u00e4\u00e4 kertoa selkokielell\u00e4 ja kuvin tuettuna.<\/p>\r\n<h4>3. K\u00f6yhyyden v\u00e4hent\u00e4minen<\/h4>\r\n<p>Monilla kehitysvammaisilla ihmisill\u00e4 ei ole paljon rahaa. Suurin osa saa vain ty\u00f6kyvytt\u00f6myysel\u00e4kett\u00e4, hoitotukea ja asumistukea.<\/p>\r\n<p>Vain hyvin harva kehitysvammainen ihminen on palkkaty\u00f6ss\u00e4. Moni saa palkan lis\u00e4ksi my\u00f6s el\u00e4kett\u00e4. Jos ihminen on palkkaty\u00f6ss\u00e4 ja saa el\u00e4kett\u00e4, h\u00e4n voi tehd\u00e4 t\u00f6it\u00e4 vain v\u00e4h\u00e4n viikossa. Jos tekee paljon t\u00f6it\u00e4, palkka vaikuttaa el\u00e4kkeeseen ja el\u00e4ke otetaan pois. Silloin saa pelk\u00e4n palkan, ja se voi olla v\u00e4hemm\u00e4n rahaa kuin palkka ja el\u00e4ke ovat yhteens\u00e4.<\/p>\r\n<p>Kehitysvammaliiton mielest\u00e4 el\u00e4kett\u00e4 ei saisi ottaa kokonaan pois. El\u00e4kett\u00e4 voitaisiin maksaa v\u00e4hitellen v\u00e4hemm\u00e4n, jos henkil\u00f6 saa paljon palkkaa. Silloin ty\u00f6nteko kannattaisi aina rahallisesti.<\/p>\r\n<p>Palkkaty\u00f6t\u00e4 voi olla vaikea saada. Siksi tarvitaan lis\u00e4\u00e4 ty\u00f6h\u00f6nvalmentajia, jotka auttavat ty\u00f6paikan saamisessa.<\/p>\r\n<p>Pit\u00e4\u00e4 tehd\u00e4 laki ty\u00f6toiminnasta ja ty\u00f6h\u00f6nvalmennuksesta ja kaikista keinoista, jotka auttavat osallistumaan ty\u00f6el\u00e4m\u00e4\u00e4n.<\/p>\r\n<p>Eri palvelujen ja hoidon maksut eiv\u00e4t saa nousta. Jos maksut nousevat, moni voi j\u00e4tt\u00e4\u00e4 hoidon tai palvelun kokonaan k\u00e4ytt\u00e4m\u00e4tt\u00e4.<\/p>\r\n<p>Perusturvan eli esimerkiksi el\u00e4kkeiden m\u00e4\u00e4r\u00e4\u00e4 pit\u00e4\u00e4 korottaa.<\/p>\r\n<h4>4. Selkokielen k\u00e4yt\u00f6n edist\u00e4minen<\/h4>\r\n<p>Viranomaisten t\u00e4ytyy osata kirjoittaa ja puhua selkokielt\u00e4.<\/p>\r\n<p>Selkokieli t\u00e4ytyy saada mukaan lakiin, jossa m\u00e4\u00e4r\u00e4t\u00e4\u00e4n verkkopalveluiden saavutettavuudesta.<\/p>\r\n<p>T\u00e4ytyy selvitt\u00e4\u00e4 tarkemmin, mit\u00e4 hy\u00f6ty\u00e4 selkokielest\u00e4 on.<\/p>\r\n<h2>Koulutamme<\/h2>\r\n\r\n<figure id=\"attachment_96\" aria-describedby=\"caption-attachment-96\" class=\"wp-caption alignnone\"><img loading=\"lazy\" decoding=\"async\" width=\"820\" height=\"360\" class=\"size-full wp-image-96 img-responsive\" src=\"https:\/\/www.kehitysvammaliitto.fi\/selkokielella\/wp-content\/uploads\/sites\/3\/2017\/11\/koulutus-perussivu-001.jpg\" alt=\"Nainen kouluttaa opiskelijoita.\" srcset=\"https:\/\/www.kehitysvammaliitto.fi\/selkokielella\/wp-content\/uploads\/sites\/3\/2017\/11\/koulutus-perussivu-001.jpg 820w, https:\/\/www.kehitysvammaliitto.fi\/selkokielella\/wp-content\/uploads\/sites\/3\/2017\/11\/koulutus-perussivu-001-300x132.jpg 300w, https:\/\/www.kehitysvammaliitto.fi\/selkokielella\/wp-content\/uploads\/sites\/3\/2017\/11\/koulutus-perussivu-001-768x337.jpg 768w\" sizes=\"auto, (max-width: 820px) 100vw, 820px\" \/><figcaption id=\"caption-attachment-96\" class=\"wp-caption-text\">Kuva: Pekka Elomaa<\/figcaption><\/figure>\r\n\r\n<p>Kehitysvammaliitto j\u00e4rjest\u00e4\u00e4 koulutuksia esimerkiksi itsem\u00e4\u00e4r\u00e4\u00e4misen vahvistamisesta, vuorovaikutuksesta ja selkokielest\u00e4. Suurin osa koulutuksista on tarkoitettu ammattilaisille, jotka tekev\u00e4t ty\u00f6t\u00e4 vammaisten ihmisten kanssa.<\/p>\r\n<h2>Kehit\u00e4mme palveluja<\/h2>\r\n\r\n<figure id=\"attachment_102\" aria-describedby=\"caption-attachment-102\" class=\"wp-caption alignnone\"><img loading=\"lazy\" decoding=\"async\" width=\"820\" height=\"360\" class=\"size-full wp-image-102 img-responsive\" src=\"https:\/\/www.kehitysvammaliitto.fi\/selkokielella\/wp-content\/uploads\/sites\/3\/2017\/11\/palvelut-perussivu-001.jpg\" alt=\"Mies kantaa muuttolaatikkoa.\" srcset=\"https:\/\/www.kehitysvammaliitto.fi\/selkokielella\/wp-content\/uploads\/sites\/3\/2017\/11\/palvelut-perussivu-001.jpg 820w, https:\/\/www.kehitysvammaliitto.fi\/selkokielella\/wp-content\/uploads\/sites\/3\/2017\/11\/palvelut-perussivu-001-300x132.jpg 300w, https:\/\/www.kehitysvammaliitto.fi\/selkokielella\/wp-content\/uploads\/sites\/3\/2017\/11\/palvelut-perussivu-001-768x337.jpg 768w\" sizes=\"auto, (max-width: 820px) 100vw, 820px\" \/><figcaption id=\"caption-attachment-102\" class=\"wp-caption-text\">Kuva: Pekka Elomaa<\/figcaption><\/figure>\r\n\r\n<p>Kehit\u00e4mme parempia palveluja ja tukea vammaisille henkil\u00f6ille.<\/p>\r\n<p>Esimerkkej\u00e4 kehitt\u00e4misest\u00e4:<\/p>\r\n<h3>Selke\u00e4sti meille<\/h3>\r\n<p>Selke\u00e4sti meille -hankkeen tavoite oli, ett\u00e4 kehitysvammaisille ihmisille t\u00e4rkeist\u00e4 verkkopalveluista tulisi saavutettavampia. Saavutettavia palveluja on helppo k\u00e4ytt\u00e4\u00e4 ja ymm\u00e4rt\u00e4\u00e4.<\/p>\r\n<h3>#kotimatkalla<\/h3>\r\n<p>Moni nuori asuu ryhm\u00e4kodissa tai vanhempiensa kanssa, vaikka p\u00e4rj\u00e4isi omassa kodissa, jos saisi asumiseen riitt\u00e4v\u00e4sti tukea. Kotimatkalla-hankkeessa etsittiin keinoja siihen, miten apua ja tukea voidaan tuoda jokaisen omaan kotiin.<\/p>\r\n<h3>Somettamalla uutta kohtaamista<\/h3>\r\n<p>\u201dSomettamalla uutta kohtaamista\u201d oli hanke, jonka tavoitteena oli yksin\u00e4isyyden v\u00e4hent\u00e4minen. Hankkeessa rohkaistiin yksin\u00e4isi\u00e4 nuoria ja aikuisia tutustumaan toisiinsa ja olemaan yhteydess\u00e4 muihin ihmisiin sosiaalisen median kautta. Sosiaalinen media tarkoittaa palveluita, joilla voi olla yhteydess\u00e4 muihin ihmisiin internetin kautta. Tunnettuja sosiaalisen median palveluita ovat Facebook ja Twitter.<\/p>\r\n<p>Hankkeessa luotiin uusi helppok\u00e4ytt\u00f6inen ja turvallinen sosiaalisen median palvelu. Sen nimi on Kohdataan.<\/p>\r\n<h2>Jaamme tietoa<\/h2>\r\n<p><img loading=\"lazy\" decoding=\"async\" width=\"820\" height=\"360\" class=\"alignnone size-full wp-image-222 img-responsive\" src=\"https:\/\/www.kehitysvammaliitto.fi\/selkokielella\/wp-content\/uploads\/sites\/3\/2021\/12\/lehdet-perussivu-003.jpg\" alt=\"Lehti\u00e4 ja verkkosivustoja.\" srcset=\"https:\/\/www.kehitysvammaliitto.fi\/selkokielella\/wp-content\/uploads\/sites\/3\/2021\/12\/lehdet-perussivu-003.jpg 820w, https:\/\/www.kehitysvammaliitto.fi\/selkokielella\/wp-content\/uploads\/sites\/3\/2021\/12\/lehdet-perussivu-003-300x132.jpg 300w, https:\/\/www.kehitysvammaliitto.fi\/selkokielella\/wp-content\/uploads\/sites\/3\/2021\/12\/lehdet-perussivu-003-768x337.jpg 768w\" sizes=\"auto, (max-width: 820px) 100vw, 820px\" \/><\/p>\r\n<p>Selkosanomat-lehti kertoo ajankohtaisista asioista selkokielell\u00e4. Selkosanomia julkaisee Kehitysvammaliiton Selkokeskus.<\/p>\r\n<ul>\r\n\t<li><a href=\"https:\/\/selkosanomat.fi\/\" target=\"_blank\" rel=\"noopener noreferrer\">Selkosanomat<\/a><\/li>\r\n\t<li><a href=\"https:\/\/selkosanomat.fi\/kuva\/\" target=\"_blank\" rel=\"noopener\">Selkosanomat kuvilla tuettuna<\/a><\/li>\r\n<\/ul>\r\n<p>Kehitysvammaliitto julkaisee my\u00f6s Ketju-lehte\u00e4, joka on tarkoitettu erityisesti vammaisten ihmisten kanssa ty\u00f6t\u00e4 tekeville ammattilaisille.<\/p>\r\n<p>Kehitysvammaliiton selkokieliset verkkopalvelut:<\/p>\r\n<ul>\r\n\t<li><a href=\"https:\/\/selkosanomat.fi\/\" target=\"_blank\" rel=\"noopener noreferrer\">Selkosanomat \u2013 Ajankohtaisia asioita selkokielell\u00e4<\/a><\/li>\r\n\t<li><a href=\"https:\/\/verneri.net\/selko\/\" target=\"_blank\" rel=\"noopener noreferrer\">Verneri.net<\/a><\/li>\r\n\t<li><a href=\"https:\/\/papunet.net\/pelisivut\/verkkokirjat\/\" target=\"_blank\" rel=\"noopener\">Papunetin verkkokirjat<\/a><\/li>\r\n<\/ul>\r\n<h3>Papunet.net<\/h3>\r\n<p>Papunet.net on verkkosivusto, jossa on tietoa puhevammaisuudesta.<\/p>\r\n<p>Siell\u00e4 on my\u00f6s kuvia ja muuta materiaalia, joita voi k\u00e4ytt\u00e4\u00e4 apuna puhevammaisten ihmisten kanssa.<\/p>\r\n<p>Lis\u00e4ksi siell\u00e4 on tietoa selkokielell\u00e4, pelej\u00e4 ja tarinoita.<\/p>\r\n<p>Papunetissa on <a href=\"https:\/\/papunet.net\/pelisivut\/\" target=\"_blank\" rel=\"noopener noreferrer\">pelisivut<\/a>. Siell\u00e4 on helppok\u00e4ytt\u00f6isi\u00e4 pelej\u00e4. Siell\u00e4 on my\u00f6s ohjelmia, joilla voi esimerkiksi piirt\u00e4\u00e4 tai l\u00e4hett\u00e4\u00e4 s\u00e4hk\u00f6isen postikortin.<\/p>\r\n<p>Pelisivujen kautta l\u00f6ytyy my\u00f6s maalauksia ja piirroksia, jotka ovat osallistuneet Papunetin kuvataidekilpailuun.<\/p>\r\n<p>Lis\u00e4ksi Papunetissa on paljon valokuvia ja piirroskuvia. Niit\u00e4 saa k\u00e4ytt\u00e4\u00e4, jos esimerkiksi haluaa itse kertoa asioista kuvilla.<\/p>\r\n<h3>Verneri.net\/selko<\/h3>\r\n<p><a href=\"https:\/\/verneri.net\/selko\/\" target=\"_blank\" rel=\"noopener noreferrer\">Verneri.net\/selko<\/a> on helppok\u00e4ytt\u00f6inen sivusto kehitysvammaisille nuorille ja aikuisille.<\/p>\r\n<p>Sivuston tekstit on kirjoitettu selkokielell\u00e4.<\/p>\r\n<p>Tietoa on monesta eri aiheesta, esimerkiksi asumisesta, ty\u00f6st\u00e4 ja ihmissuhteista.<\/p>\r\n<p>Verkko-Kerttu on neuvontapalsta, jossa voi kysy\u00e4 mielt\u00e4 askarruttavista asioista.<\/p>\r\n<p>Verneriss\u00e4 julkaistaan my\u00f6s kehitysvammaisten ihmisten omia kirjoituksia, runoja ja valokuvia sek\u00e4 kirjeenvaihtoilmoituksia. Siell\u00e4 on my\u00f6s blogeja.<\/p>\r\n<h2>Julkaisemme kirjoja<\/h2>\r\n<p><img loading=\"lazy\" decoding=\"async\" width=\"820\" height=\"360\" class=\"alignnone size-full wp-image-95 img-responsive\" src=\"https:\/\/www.kehitysvammaliitto.fi\/selkokielella\/wp-content\/uploads\/sites\/3\/2017\/11\/kirjat-perussivu-001.jpg\" alt=\"Kirjojen kansikuvia.\" srcset=\"https:\/\/www.kehitysvammaliitto.fi\/selkokielella\/wp-content\/uploads\/sites\/3\/2017\/11\/kirjat-perussivu-001.jpg 820w, https:\/\/www.kehitysvammaliitto.fi\/selkokielella\/wp-content\/uploads\/sites\/3\/2017\/11\/kirjat-perussivu-001-300x132.jpg 300w, https:\/\/www.kehitysvammaliitto.fi\/selkokielella\/wp-content\/uploads\/sites\/3\/2017\/11\/kirjat-perussivu-001-768x337.jpg 768w\" sizes=\"auto, (max-width: 820px) 100vw, 820px\" \/><\/p>\r\n<p>Kehitysvammaliiton oppimateriaalikeskus Opike julkaisee oppikirjoja ja selkokielist\u00e4 kirjallisuutta lapsille, nuorille ja aikuisille. Kirjoja voi ostaa <a href=\"https:\/\/opike.fi\/\" target=\"_blank\" rel=\"noopener\">Opikkeen verkkokaupasta<\/a>.<\/p>\r\n<h2>Teemme tutkimusta<\/h2>\r\n\r\n<figure id=\"attachment_101\" aria-describedby=\"caption-attachment-101\" class=\"wp-caption alignnone\"><img loading=\"lazy\" decoding=\"async\" width=\"820\" height=\"360\" class=\"size-full wp-image-101 img-responsive\" src=\"https:\/\/www.kehitysvammaliitto.fi\/selkokielella\/wp-content\/uploads\/sites\/3\/2017\/11\/tutkimus-perussivu-001.jpg\" alt=\"Mies ty\u00f6skentelee ravintolan keitti\u00f6ss\u00e4.\" srcset=\"https:\/\/www.kehitysvammaliitto.fi\/selkokielella\/wp-content\/uploads\/sites\/3\/2017\/11\/tutkimus-perussivu-001.jpg 820w, https:\/\/www.kehitysvammaliitto.fi\/selkokielella\/wp-content\/uploads\/sites\/3\/2017\/11\/tutkimus-perussivu-001-300x132.jpg 300w, https:\/\/www.kehitysvammaliitto.fi\/selkokielella\/wp-content\/uploads\/sites\/3\/2017\/11\/tutkimus-perussivu-001-768x337.jpg 768w\" sizes=\"auto, (max-width: 820px) 100vw, 820px\" \/><figcaption id=\"caption-attachment-101\" class=\"wp-caption-text\">Kuva: Pekka Elomaa<\/figcaption><\/figure>\r\n\r\n<p>Kehitysvammaliitto tutkii kehitysvammaisten ihmisten asemaa ja oikeuksien toteutumista. Tutkimus nostaa esiin asioita, joita pit\u00e4\u00e4 kehitt\u00e4\u00e4.<\/p>\r\n<p>Tutkimus selvitt\u00e4\u00e4 ep\u00e4kohtien taustalla olevia syit\u00e4. Sen j\u00e4lkeen on helpompi keksi\u00e4 niihin ratkaisuja. Tutkittu tieto auttaa parantamaan lakeja ja palveluja.<\/p>\r\n<p>Kehitysvammaliiton tutkijat selvitt\u00e4v\u00e4t esimerkiksi sit\u00e4, mitk\u00e4 asiat est\u00e4v\u00e4t kehitysvammaisia ihmisi\u00e4 saamasta palkkaty\u00f6t\u00e4. He tutkivat my\u00f6s sit\u00e4, miten vammaisten ihmisten palvelut muuttuvat, kun he muuttavat laitoksista asumaan muualle.<\/p>\r\n<h2>Kehit\u00e4mme keinoja vuorovaikutukseen<\/h2>\r\n\r\n<figure id=\"attachment_99\" aria-describedby=\"caption-attachment-99\" class=\"wp-caption alignnone\"><img loading=\"lazy\" decoding=\"async\" width=\"820\" height=\"360\" class=\"size-full wp-image-99 img-responsive\" src=\"https:\/\/www.kehitysvammaliitto.fi\/selkokielella\/wp-content\/uploads\/sites\/3\/2017\/11\/vuorovaikutus-perussivu-001.jpg\" alt=\"Kaksi ihmist\u00e4 k\u00e4ytt\u00e4\u00e4 tablettitietokonetta.\" srcset=\"https:\/\/www.kehitysvammaliitto.fi\/selkokielella\/wp-content\/uploads\/sites\/3\/2017\/11\/vuorovaikutus-perussivu-001.jpg 820w, https:\/\/www.kehitysvammaliitto.fi\/selkokielella\/wp-content\/uploads\/sites\/3\/2017\/11\/vuorovaikutus-perussivu-001-300x132.jpg 300w, https:\/\/www.kehitysvammaliitto.fi\/selkokielella\/wp-content\/uploads\/sites\/3\/2017\/11\/vuorovaikutus-perussivu-001-768x337.jpg 768w\" sizes=\"auto, (max-width: 820px) 100vw, 820px\" \/><figcaption id=\"caption-attachment-99\" class=\"wp-caption-text\">Kuva: Pekka Elomaa<\/figcaption><\/figure>\r\n\r\n<p>Kaikki eiv\u00e4t pysty kertomaan asioistaan puhumalla. Kaikki eiv\u00e4t my\u00f6sk\u00e4\u00e4n ymm\u00e4rr\u00e4 puhetta. Puhevammaiset ihmiset tarvitsevat jonkin muun keinon keskustelemiseen ja muuhun vuorovaikutukseen. On olemassa monenlaisia apuv\u00e4lineit\u00e4, joiden avulla voi keskustella muiden kanssa. Apuna voi my\u00f6s k\u00e4ytt\u00e4\u00e4 esimerkiksi kuvia.<\/p>\r\n<p>Kehitysvammaliiton Tikoteekki auttaa l\u00f6yt\u00e4m\u00e4\u00e4n keinoja vuorovaikutukseen silloin, kun ei voida puhua. Tikoteekki jakaa tietoa, neuvoo ja kouluttaa.<\/p>\r\n<h2>Autamme kehitysmaiden vammaisia ihmisi\u00e4<\/h2>\r\n\r\n<figure id=\"attachment_98\" aria-describedby=\"caption-attachment-98\" class=\"wp-caption alignnone\"><img loading=\"lazy\" decoding=\"async\" width=\"820\" height=\"360\" class=\"size-full wp-image-98 img-responsive\" src=\"https:\/\/www.kehitysvammaliitto.fi\/selkokielella\/wp-content\/uploads\/sites\/3\/2017\/11\/sansibar-perussivu-001.jpg\" alt=\"Miehet ty\u00f6skentelev\u00e4t Sansibarissa.\" srcset=\"https:\/\/www.kehitysvammaliitto.fi\/selkokielella\/wp-content\/uploads\/sites\/3\/2017\/11\/sansibar-perussivu-001.jpg 820w, https:\/\/www.kehitysvammaliitto.fi\/selkokielella\/wp-content\/uploads\/sites\/3\/2017\/11\/sansibar-perussivu-001-300x132.jpg 300w, https:\/\/www.kehitysvammaliitto.fi\/selkokielella\/wp-content\/uploads\/sites\/3\/2017\/11\/sansibar-perussivu-001-768x337.jpg 768w\" sizes=\"auto, (max-width: 820px) 100vw, 820px\" \/><figcaption id=\"caption-attachment-98\" class=\"wp-caption-text\">Kuva: Sisko Rauhala<\/figcaption><\/figure>\r\n\r\n<p>Teemme kehitysyhteisty\u00f6t\u00e4 Sansibarissa, Afrikassa, yhdess\u00e4 FDUV:n ja Kehitysvammaisten Tukiliiton kanssa.<\/p>\r\n<p>Tavoitteena on, ett\u00e4 Sansibarin kehitysvammaiset nuoret p\u00e4\u00e4sev\u00e4t opiskelemaan ja saavat ammatin.<\/p>\n","protected":false},"excerpt":{"rendered":"Kehitysvammaliitto puolustaa kehitysvammaisia ja puhevammaisia ihmisi\u00e4. Kehitysvammaliitto haluaa, ett\u00e4 vammaisia ihmisi\u00e4 kuunnellaan. Tavoitteenamme on kaikille yhdenvertainen Suomi. Vaikutamme p\u00e4\u00e4tt\u00e4jiin. Koulutamme. Kehit\u00e4mme palveluja. Jaamme tietoa. Tuotamme tietoa selkokielell\u00e4. Julkaisemme lehti\u00e4 ja kirjoja. Teemme tutkimusta. Kehit\u00e4mme keinoja vuorovaikutukseen. Autamme kehitysmaiden vammaisia ihmisi\u00e4. Vuosikertomukset Kehitysvammaliiton selkokielisi\u00e4 vuosikertomuksia: Kehitysvammaliitto 2023 (pdf) Kehitysvammaliitto 2022 (pdf) Kehitysvammaliitto 2021 (pdf) Kehitysvammaliitto 2020 [&hellip;]","protected":false},"author":1,"featured_media":87,"parent":0,"menu_order":0,"comment_status":"closed","ping_status":"closed","template":"","meta":{"footnotes":""},"categories":[],"tags":[],"class_list":["post-53","page","type-page","status-publish","has-post-thumbnail","hentry"],"_links":{"self":[{"href":"https:\/\/www.kehitysvammaliitto.fi\/selkokielella\/wp-json\/wp\/v2\/pages\/53","targetHints":{"allow":["GET"]}}],"collection":[{"href":"https:\/\/www.kehitysvammaliitto.fi\/selkokielella\/wp-json\/wp\/v2\/pages"}],"about":[{"href":"https:\/\/www.kehitysvammaliitto.fi\/selkokielella\/wp-json\/wp\/v2\/types\/page"}],"author":[{"embeddable":true,"href":"https:\/\/www.kehitysvammaliitto.fi\/selkokielella\/wp-json\/wp\/v2\/users\/1"}],"replies":[{"embeddable":true,"href":"https:\/\/www.kehitysvammaliitto.fi\/selkokielella\/wp-json\/wp\/v2\/comments?post=53"}],"version-history":[{"count":0,"href":"https:\/\/www.kehitysvammaliitto.fi\/selkokielella\/wp-json\/wp\/v2\/pages\/53\/revisions"}],"wp:featuredmedia":[{"embeddable":true,"href":"https:\/\/www.kehitysvammaliitto.fi\/selkokielella\/wp-json\/wp\/v2\/media\/87"}],"wp:attachment":[{"href":"https:\/\/www.kehitysvammaliitto.fi\/selkokielella\/wp-json\/wp\/v2\/media?parent=53"}],"wp:term":[{"taxonomy":"category","embeddable":true,"href":"https:\/\/www.kehitysvammaliitto.fi\/selkokielella\/wp-json\/wp\/v2\/categories?post=53"},{"taxonomy":"post_tag","embeddable":true,"href":"https:\/\/www.kehitysvammaliitto.fi\/selkokielella\/wp-json\/wp\/v2\/tags?post=53"}],"curies":[{"name":"wp","href":"https:\/\/api.w.org\/{rel}","templated":true}]}}