{"id":1026,"date":"2023-09-14T14:56:18","date_gmt":"2023-09-14T11:56:18","guid":{"rendered":"https:\/\/www.kehitysvammaliitto.fi\/tikoteekki\/toimintamallit\/lovit\/"},"modified":"2025-10-30T08:46:12","modified_gmt":"2025-10-30T06:46:12","slug":"lovit","status":"publish","type":"page","link":"https:\/\/www.kehitysvammaliitto.fi\/tikoteekki\/toimintamallit\/lovit\/","title":{"rendered":"LOVIT"},"content":{"rendered":"<h2>LOVIT\u00ae \u2013 viisi tekoa, joilla vuorovaikutus onnistuu<\/h2><p>LOVIT on vuorovaikutuskumppaneille tarkoitettu muistis\u00e4\u00e4nt\u00f6. Siihen on tiivistetty viisi tekoa, joita toteuttamalla kumppani voi luoda hyv\u00e4t edellytykset onnistuneelle vuorovaikutukselle:<\/p><ul style=\"list-style-type: disc;\">\r\n\t<li><b>L\u00e4sn\u00e4olo<\/b>: Ole aidosti l\u00e4sn\u00e4, kun olet h\u00e4nen kanssaan. \u00c4l\u00e4 mieti muita asioita.<\/li>\r\n\t<li><b>Odottaminen<\/b>: Anna h\u00e4nelle aikaa. Odota rauhassa elett\u00e4, katsetta, viesti\u00e4. \u00c4l\u00e4 t\u00e4yt\u00e4 hiljaisuutta.<\/li>\r\n\t<li><b>Vastaaminen<\/b>: Kun h\u00e4n viestii sinulle, vastaa h\u00e4nelle. Tee selv\u00e4ksi, ett\u00e4 huomasit viestin.<\/li>\r\n\t<li><b>Ilmaisun mukauttaminen<\/b>: Viesti h\u00e4nelle sopivalla tavalla, oli se sitten sanat, viittomat, kuvat, ilme, liike tai hengityksen mukailu.<\/li>\r\n\t<li><b>Tarkistaminen<\/b>: Varmista, ett\u00e4 ymm\u00e4rsit oikein, tai haluaako h\u00e4n jatkaa vai lopettaa.<\/li>\r\n<\/ul><p>LOVIT perustuu sensitiiviseen, responsiiviseen vuorovaikutustyyliin ja sosiaalisen konstruktivismin perusajatuksiin.<\/p><p>Vuorovaikutus muiden ihmisten kanssa on yksi ihmisen perustarpeista. Usein se sujuu asiaa sen kummemmin miettim\u00e4tt\u00e4. Kun toisen osapuolen keinot ilmaista itse\u00e4\u00e4n ja mahdollisuudet ottaa osaa vuorovaikutukseen ovat v\u00e4h\u00e4isemm\u00e4t, vuorovaikutuksesta tulee tasa-arvoisempaa, kun l\u00e4hi-ihminen tulee h\u00e4nt\u00e4 vastaan tavassaan kommunikoida. L\u00e4hi-ihmisen taidot ja mukautumiskyky vaikuttavat ratkaisevasti vuorovaikutuksen onnistumiseen ja siihen, millaiset mahdollisuudet h\u00e4nen kumppanillaan on osallistua yhteiseen tilanteeseen. LOVIT toimii my\u00f6s ryhm\u00e4tilanteissa.<\/p><p>Tikoteekin LOVIT-muistis\u00e4\u00e4nt\u00f6\u00f6n on kiteytetty elementit, joiden avulla jokainen voi harjaantua osaavaksi kumppaniksi.<\/p><h3>LOVIT-esitteet<\/h3><p>Lataa, tallenna ja tulosta LOVIT-esitteet:<\/p><ul>\r\n\t<li><a href=\"https:\/\/www.kehitysvammaliitto.fi\/tikoteekki\/wp-content\/uploads\/sites\/2\/2023\/06\/LOVIT-muistisaanto-2023_N.pdf\" target=\"_blank\" rel=\"noopener\">LOVIT-muistis\u00e4\u00e4nt\u00f6 (pdf)<\/a><\/li>\r\n\t<li><a href=\"https:\/\/www.kehitysvammaliitto.fi\/tikoteekki\/wp-content\/uploads\/sites\/2\/2025\/10\/LOVIT_a4_vaaka.pdf\" target=\"_blank\" rel=\"noopener\">LOVIT-kortti (pdf, A4 vaaka)<\/a><\/li>\r\n\t<li><a href=\"https:\/\/www.kehitysvammaliitto.fi\/tikoteekki\/wp-content\/uploads\/sites\/2\/2023\/06\/The-FIRST-mnemonic-esite-ENG-2023.pdf\" target=\"_blank\" rel=\"noopener\">The FIRST mnemonic\u00a0 (LOVIT-muistis\u00e4\u00e4nt\u00f6 englanniksi, pdf)<\/a><\/li>\r\n\t<li><a href=\"https:\/\/www.kehitysvammaliitto.fi\/tikoteekki\/wp-content\/uploads\/sites\/2\/2025\/10\/LOVIT-ryhmassa.pdf\" target=\"_blank\" rel=\"noopener\">LOVIT ryhm\u00e4ss\u00e4 (pdf)<\/a><\/li>\r\n<\/ul><h3>\u00a0<\/h3><h3>LOVIT-videoita<\/h3><h4>\u00a0<\/h4><h4>LOVIT \u2013 viisi tekoa, joilla vuorovaikutus onnistuu<\/h4><p><iframe src=\"\/\/www.youtube.com\/embed\/XjA1pJGYI-w?si=GKrYrx7RTwdOB5pF\" allowfullscreen=\"allowfullscreen\"><\/iframe><\/p><table class=\"table\" style=\"width: 100%; border-collapse: collapse; background-color: #e3eaf2; height: 97px;\">\r\n<tbody>\r\n<tr style=\"height: 97px;\">\r\n<td style=\"width: 100%; height: 97px;\">\r\n<p>LOVIT on Tikoteekin kehitt\u00e4m\u00e4 muistis\u00e4\u00e4nt\u00f6 vuorovaikutuskumppaneille. Se auttaa rakentamaan yhteytt\u00e4 erityisesti silloin, kun toinen tarvitsee tukea kommunikointiin, mutta toimii hyvin my\u00f6s muissa vuorovaikutustilanteissa. LOVIT koostuu viidest\u00e4 teosta: L\u00e4sn\u00e4olo, Odottaminen, Vastaaminen, Ilmaisun mukauttaminen ja Tarkistaminen. Videolla esitell\u00e4\u00e4n LOVITin periaatteet yksinkertaisesti ja konkreettisesti. Pienetkin teot voivat auttaa rakentamaan tasa-arvoista, merkityksellist\u00e4 vuorovaikutusta, jossa molemmat voivat osallistua ja vaikuttaa.<\/p>\r\n<\/td>\r\n<\/tr>\r\n<\/tbody>\r\n<\/table><h4>Taaperon vuosi \u2013 vanhempi on LOVIT<\/h4><p><iframe loading=\"lazy\" title=\"Taaperon vuosi \u2013 Vanhempi on LOVIT\" width=\"500\" height=\"281\" src=\"https:\/\/www.youtube.com\/embed\/Mlgbv6hMANo?wmode=transparent&amp;rel=0&amp;feature=oembed\" frameborder=\"0\" allow=\"accelerometer; autoplay; clipboard-write; encrypted-media; gyroscope; picture-in-picture; web-share\" referrerpolicy=\"strict-origin-when-cross-origin\" allowfullscreen><\/iframe><\/p><table class=\"table\" style=\"width: 100%; border-collapse: collapse; background-color: #e3eaf2; height: 97px;\">\r\n<tbody>\r\n<tr style=\"height: 97px;\">\r\n<td style=\"width: 100%; height: 97px;\">\r\n<p>Vuorovaikutuksen ja kielen kehitys on sosiaalisen yhteisty\u00f6n tulosta. Kehittyv\u00e4 lapsi ja h\u00e4nen vanhempansa ovat t\u00e4ss\u00e4 yhteisty\u00f6ss\u00e4 yht\u00e4 t\u00e4rkeit\u00e4 vaikuttajia, ja lapsi oppii uusia asioita vuorovaikutuksessa l\u00e4hi-ihmistens\u00e4 kanssa. Vanhemmat vahvistavat lapsen kehityst\u00e4 tarjoamalla h\u00e4nelle sopivassa suhteessa tukea ja kehityshaasteita. Videolla seuraamme taaperoik\u00e4isen lapsen ja vanhemman vuorovaikutustilannetta ja sit\u00e4, miten vanhempi edist\u00e4\u00e4 vuorovaikutusta olemalla l\u00e4sn\u00e4 (L), odottamalla (O) ja antamalla tilaa lapsen aloitteille, vastaamalla (V), mukauttamalla ilmaisuaan (I) lapsen tarpeiden mukaan sek\u00e4 tarkistamalla (T) ymm\u00e4rsiv\u00e4tk\u00f6 h\u00e4n ja lapsi toisiaan. Tikoteekin LOVIT-muistis\u00e4\u00e4nt\u00f6 on kiteytetty n\u00e4iden onnistuneen vuorovaikutuksen perusperiaatteiden alkukirjaimista. N\u00e4m\u00e4 perusperiaatteet ovat t\u00e4rkeit\u00e4 kaikessa vuorovaikutuksessa riippumatta henkil\u00f6ist\u00e4 ja tilanteesta, jossa kommunikoidaan.\u00a0<\/p>\r\n<\/td>\r\n<\/tr>\r\n<\/tbody>\r\n<\/table><h4>Taaperon vuosi \u2013 LOVIT leikiss\u00e4<\/h4><p><iframe loading=\"lazy\" title=\"Taaperon vuosi \u2013 LOVIT leikiss\u00e4\" width=\"500\" height=\"281\" src=\"https:\/\/www.youtube.com\/embed\/kCKTpdUibyA?wmode=transparent&amp;rel=0&amp;feature=oembed\" frameborder=\"0\" allow=\"accelerometer; autoplay; clipboard-write; encrypted-media; gyroscope; picture-in-picture; web-share\" referrerpolicy=\"strict-origin-when-cross-origin\" allowfullscreen><\/iframe><\/p><table class=\"table\" style=\"width: 100%; border-collapse: collapse; background-color: #e3eaf2; height: 97px;\">\r\n<tbody>\r\n<tr style=\"height: 97px;\">\r\n<td style=\"width: 100%; height: 97px;\">\r\n<p>Videolla seuraamme, kuinka taaperoik\u00e4inen lapsi ja vanhempi leikkiv\u00e4t vapaasti yhdess\u00e4. Vanhempi kuuntelee lasta ja antaa tilaa h\u00e4nen aloitteilleen. Leikki on kuin yhteist\u00e4 keskustelua, johon molemmat vaikuttavat. Leikin aikana vanhempi on LOVIT ja vastavuoroinen ilo vie kehityst\u00e4 eteenp\u00e4in. Tikoteekin LOVIT-muistis\u00e4\u00e4nt\u00f6 on kiteytetty sanojen l\u00e4sn\u00e4olo (L), odottaminen (O), vastaaminen (V), ilmaisun mukauttaminen (I) ja tarkistaminen (T) alkukirjaimista.<\/p>\r\n<\/td>\r\n<\/tr>\r\n<\/tbody>\r\n<\/table><h4>Ohjaaja on LOVIT \u2013 Vanhempien ohjaus vuorovaikutuksen kuntoutuksessa<\/h4><p><iframe src=\"\/\/www.youtube.com\/embed\/pVObsBI6Wuc\" allowfullscreen=\"allowfullscreen\"><\/iframe><\/p><table class=\"table\" style=\"width: 100%; border-collapse: collapse; background-color: #e3eaf2; height: 97px;\">\r\n<tbody>\r\n<tr style=\"height: 97px;\">\r\n<td style=\"width: 100%; height: 97px;\">\r\n<p>Vuorovaikutuksen kuntoutuksessa tukea tarvitsevan ihmisen l\u00e4heisten ja kuntouttajan yhteisty\u00f6 on keskeist\u00e4. Videolla seuraamme, kuinka vanhemmat ja puheterapeutti keskustelevat lapsen vuorovaikutuksesta sek\u00e4 tavoista, joilla vanhemmat voivat tukea lapsensa kommunikointia ja vahvistaa vuorovaikutussuhdettaan h\u00e4neen. Asiakas- ja voimavaral\u00e4ht\u00f6isess\u00e4 ohjauskeskustelussa ohjaaja on l\u00e4sn\u00e4 (L), odottaa ja antaa tilaa vanhempien aloitteille (O), vastaa (V), mukauttaa ilmaisuaan heid\u00e4n tarpeidensa mukaan (I) ja tarkistaa yhteisymm\u00e4rryksen (T).<\/p>\r\n<\/td>\r\n<\/tr>\r\n<\/tbody>\r\n<\/table><h4>LOVIT \u2013 hyv\u00e4\u00e4 mielt\u00e4 kohtaamisiin<\/h4><p><iframe loading=\"lazy\" title=\"LOVIT \u2013 hyv\u00e4\u00e4 mielt\u00e4 kohtaamisiin\" width=\"500\" height=\"281\" src=\"https:\/\/www.youtube.com\/embed\/PI-sIzyG2Kg?wmode=transparent&amp;rel=0&amp;feature=oembed\" frameborder=\"0\" allow=\"accelerometer; autoplay; clipboard-write; encrypted-media; gyroscope; picture-in-picture; web-share\" referrerpolicy=\"strict-origin-when-cross-origin\" allowfullscreen><\/iframe><\/p><table class=\"table\" style=\"width: 100%; border-collapse: collapse; background-color: #e3eaf2; height: 97px;\">\r\n<tbody>\r\n<tr style=\"height: 97px;\">\r\n<td style=\"width: 100%; height: 97px;\">\r\n<p>Vammaisty\u00f6n ammattilainen voi l\u00f6yt\u00e4\u00e4 yhteisen kielen puhumattomankin ihmisen kanssa. Tikoteekin LOVIT-muistis\u00e4\u00e4nt\u00f6 auttaa ammattilaista sis\u00e4ist\u00e4m\u00e4\u00e4n, mik\u00e4 vuorovaikutuksessa on t\u00e4rke\u00e4\u00e4. Onnistuneesta vuorovaikutuksesta saa voimaa ja se lis\u00e4\u00e4 sek\u00e4 puhumattoman ihmisen ett\u00e4 ammattilaisen hyvinvointia.<\/p>\r\n<\/td>\r\n<\/tr>\r\n<\/tbody>\r\n<\/table><h4>LOVIT englanniksi<\/h4><p><iframe src=\"\/\/www.youtube.com\/embed\/dIZbl5rMxRM\" allowfullscreen=\"allowfullscreen\"><\/iframe><\/p><table class=\"table\" style=\"width: 100%; border-collapse: collapse; background-color: #e3eaf2; height: 97px;\">\r\n<tbody>\r\n<tr style=\"height: 97px;\">\r\n<td style=\"width: 100%; height: 97px;\">\r\n<p>The FIRST mnemonic helps you connect and interact with other people. It is based on Finnish LOVIT\u00ae mnemonic owned by Tikoteekki.<\/p>\r\n<\/td>\r\n<\/tr>\r\n<\/tbody>\r\n<\/table><p><a class=\"button read external-link\" href=\"https:\/\/papunet.net\/vuorovaikutuksen-tukemisen-lovit\/\" target=\"_blank\" rel=\"noopener\">LOVITISTA LIS\u00c4\u00c4 PAPUNETISSA<\/a><\/p><p><a class=\"button read external-link\" href=\"https:\/\/papunet.net\/tietoa\/keinoja-vuorovaikutukseen\/\" target=\"_blank\" rel=\"noopener\">VUOROVAIKUTUKSESTA JA KOMMUNIKOINNISTA PAPUNETISSA<\/a><\/p><p><a class=\"button read external-link\" href=\"https:\/\/papunet.net\/miten-muistisairaus-vaikuttaa-vuorovaikutukseen\/\" target=\"_blank\" rel=\"noopener\">VUOROVAIKUTUKSESTA MUISTISAIRAAN IHMISEN KANSSA PAPUNETISSA<\/a><\/p>\n\n","protected":false},"excerpt":{"rendered":"LOVIT\u00ae \u2013 viisi tekoa, joilla vuorovaikutus onnistuuLOVIT on vuorovaikutuskumppaneille tarkoitettu muistis\u00e4\u00e4nt\u00f6. Siihen on tiivistetty viisi tekoa, joita toteuttamalla kumppani voi luoda hyv\u00e4t edellytykset onnistuneelle vuorovaikutukselle: L\u00e4sn\u00e4olo: Ole aidosti l\u00e4sn\u00e4, kun olet h\u00e4nen kanssaan. \u00c4l\u00e4 mieti muita asioita. Odottaminen: Anna h\u00e4nelle aikaa. Odota rauhassa elett\u00e4, katsetta, viesti\u00e4. \u00c4l\u00e4 t\u00e4yt\u00e4 hiljaisuutta. Vastaaminen: Kun h\u00e4n viestii sinulle, vastaa [&hellip;]","protected":false},"author":13,"featured_media":1245,"parent":118,"menu_order":1,"comment_status":"closed","ping_status":"closed","template":"","meta":{"footnotes":""},"categories":[],"tags":[],"class_list":["post-1026","page","type-page","status-publish","has-post-thumbnail","hentry"],"_links":{"self":[{"href":"https:\/\/www.kehitysvammaliitto.fi\/tikoteekki\/wp-json\/wp\/v2\/pages\/1026","targetHints":{"allow":["GET"]}}],"collection":[{"href":"https:\/\/www.kehitysvammaliitto.fi\/tikoteekki\/wp-json\/wp\/v2\/pages"}],"about":[{"href":"https:\/\/www.kehitysvammaliitto.fi\/tikoteekki\/wp-json\/wp\/v2\/types\/page"}],"author":[{"embeddable":true,"href":"https:\/\/www.kehitysvammaliitto.fi\/tikoteekki\/wp-json\/wp\/v2\/users\/13"}],"replies":[{"embeddable":true,"href":"https:\/\/www.kehitysvammaliitto.fi\/tikoteekki\/wp-json\/wp\/v2\/comments?post=1026"}],"version-history":[{"count":0,"href":"https:\/\/www.kehitysvammaliitto.fi\/tikoteekki\/wp-json\/wp\/v2\/pages\/1026\/revisions"}],"up":[{"embeddable":true,"href":"https:\/\/www.kehitysvammaliitto.fi\/tikoteekki\/wp-json\/wp\/v2\/pages\/118"}],"wp:featuredmedia":[{"embeddable":true,"href":"https:\/\/www.kehitysvammaliitto.fi\/tikoteekki\/wp-json\/wp\/v2\/media\/1245"}],"wp:attachment":[{"href":"https:\/\/www.kehitysvammaliitto.fi\/tikoteekki\/wp-json\/wp\/v2\/media?parent=1026"}],"wp:term":[{"taxonomy":"category","embeddable":true,"href":"https:\/\/www.kehitysvammaliitto.fi\/tikoteekki\/wp-json\/wp\/v2\/categories?post=1026"},{"taxonomy":"post_tag","embeddable":true,"href":"https:\/\/www.kehitysvammaliitto.fi\/tikoteekki\/wp-json\/wp\/v2\/tags?post=1026"}],"curies":[{"name":"wp","href":"https:\/\/api.w.org\/{rel}","templated":true}]}}