{"id":118,"date":"2018-06-12T18:19:59","date_gmt":"2018-06-12T15:19:59","guid":{"rendered":"https:\/\/www.kehitysvammaliitto.fi\/tikoteekki\/toimintamallit\/"},"modified":"2018-07-10T20:17:41","modified_gmt":"2018-07-10T17:17:41","slug":"toimintamallit","status":"publish","type":"page","link":"https:\/\/www.kehitysvammaliitto.fi\/tikoteekki\/toimintamallit\/","title":{"rendered":"Toimintamallit"},"content":{"rendered":"<p><\/p><div class=\"linkkilista\">\r\n  <div class=\"highlight-box\">\r\n    <a href=\"https:\/\/www.kehitysvammaliitto.fi\/tikoteekki\/toimintamallit\/lovit\/\" target=\"_self\" class=\"content-link\" title=\"LOVIT\">\r\n      <div class=\"highlight-box-link\">\r\n        <div class=\"content-container-space\">\r\n          <div class=\"content-title\">\r\n            LOVIT\r\n          <\/div>\r\n          <div class=\"content-paragraph\">\r\n            LOVIT\u00ae \u2013 viisi tekoa, joilla vuorovaikutus onnistuuLOVIT on vuorovaikutuskumppaneille tarkoitettu muistis\u00e4\u00e4nt\u00f6. Siihen on tiivistetty viisi tekoa, joita toteuttamalla kumppani voi...\r\n          <\/div>\r\n        <\/div>\r\n      <\/div>\r\n    <\/a>\r\n  <\/div>\r\n<\/div><div class=\"linkkilista\">\r\n  <div class=\"highlight-box\">\r\n    <a href=\"https:\/\/www.kehitysvammaliitto.fi\/tikoteekki\/toimintamallit\/laulutin\/\" target=\"_self\" class=\"content-link\" title=\"Laulutin\">\r\n      <div class=\"highlight-box-link\">\r\n        <div class=\"content-container-space\">\r\n          <div class=\"content-title\">\r\n            Laulutin\r\n          <\/div>\r\n          <div class=\"content-paragraph\">\r\n            Kuva: Jenni K\u00e4rn\u00e4-EscalanteLaulutin \u2013 jokainen lapsi osallistuu ja vaikuttaa omalla tavallaanLaulutin-toimintamalli on tarkoitettu lasten oman aktiivisen osallistumisen ja kommunikoinnin lis\u00e4\u00e4miseen...\r\n          <\/div>\r\n        <\/div>\r\n      <\/div>\r\n    <\/a>\r\n  <\/div>\r\n<\/div><div class=\"linkkilista\">\r\n  <div class=\"highlight-box\">\r\n    <a href=\"https:\/\/www.kehitysvammaliitto.fi\/tikoteekki\/toimintamallit\/hyp\/\" target=\"_self\" class=\"content-link\" title=\"HYP\">\r\n      <div class=\"highlight-box-link\">\r\n        <div class=\"content-container-space\">\r\n          <div class=\"content-title\">\r\n            HYP\r\n          <\/div>\r\n          <div class=\"content-paragraph\">\r\n            HYP\u00ae \u2013 lis\u00e4\u00e4 mukavaa yhdess\u00e4oloaHYP on toimintamalli, jolla varmistetaan, ett\u00e4 jokaisella ihmisell\u00e4 on p\u00e4ivitt\u00e4in mukavia vuorovaikutushetki\u00e4. HYP Huomioivan yhdess\u00e4olon malli...\r\n          <\/div>\r\n        <\/div>\r\n      <\/div>\r\n    <\/a>\r\n  <\/div>\r\n<\/div><div class=\"linkkilista\">\r\n  <div class=\"highlight-box\">\r\n    <a href=\"https:\/\/www.kehitysvammaliitto.fi\/tikoteekki\/toimintamallit\/oiva\/\" target=\"_self\" class=\"content-link\" title=\"OIVA\">\r\n      <div class=\"highlight-box-link\">\r\n        <div class=\"content-container-space\">\r\n          <div class=\"content-title\">\r\n            OIVA\r\n          <\/div>\r\n          <div class=\"content-paragraph\">\r\n            OIVA \u2013 onnistutaan, innostutaan videon avullaOIVA on voimavaral\u00e4ht\u00f6inen ohjausmalli puhevammaisille ihmisille ja heid\u00e4n l\u00e4heisilleen. Siin\u00e4 hy\u00f6dynnet\u00e4\u00e4n videoituja tilanteita, joissa puhevammainen...\r\n          <\/div>\r\n        <\/div>\r\n      <\/div>\r\n    <\/a>\r\n  <\/div>\r\n<\/div><div class=\"linkkilista\">\r\n  <div class=\"highlight-box\">\r\n    <a href=\"https:\/\/www.kehitysvammaliitto.fi\/tikoteekki\/toimintamallit\/voimauttava-vuorovaikutus\/\" target=\"_self\" class=\"content-link\" title=\"Voimauttava vuorovaikutus\">\r\n      <div class=\"highlight-box-link\">\r\n        <div class=\"content-container-space\">\r\n          <div class=\"content-title\">\r\n            Voimauttava vuorovaikutus\r\n          <\/div>\r\n          <div class=\"content-paragraph\">\r\n            Voimauttava vuorovaikutus on helppo tapa syvent\u00e4\u00e4 suhdetta lapseen, nuoreen tai aikuiseen, joka tarvitsee apua kontaktiin ja vuorovaikutukseen toisten kanssa. Se...\r\n          <\/div>\r\n        <\/div>\r\n      <\/div>\r\n    <\/a>\r\n  <\/div>\r\n<\/div><div class=\"linkkilista\">\r\n  <div class=\"highlight-box\">\r\n    <a href=\"https:\/\/www.kehitysvammaliitto.fi\/tikoteekki\/?page_id=1705\" target=\"_self\" class=\"content-link\" title=\"ILONA - Hetki lapselle\">\r\n      <div class=\"highlight-box-link\">\r\n        <div class=\"content-container-space\">\r\n          <div class=\"content-title\">\r\n            ILONA - Hetki lapselle\r\n          <\/div>\r\n          <div class=\"content-paragraph\">\r\n            Lis\u00e4\u00e4 iloa yhdess\u00e4oloonILONA-hetket sis\u00e4lt\u00e4\u00e4 10 korttia, joiden avulla vanhemmat voivat lis\u00e4t\u00e4 kiireet\u00f6nt\u00e4 ja rentoa yhdess\u00e4oloa lapsen kanssa. Hetkien tarkoituksena on...\r\n          <\/div>\r\n        <\/div>\r\n      <\/div>\r\n    <\/a>\r\n  <\/div>\r\n<\/div><div class=\"linkkilista\">\r\n  <div class=\"highlight-box\">\r\n    <a href=\"https:\/\/www.kehitysvammaliitto.fi\/tikoteekki\/toimintamallit\/rohkaisin\/\" target=\"_self\" class=\"content-link\" title=\"Rohkaisin\">\r\n      <div class=\"highlight-box-link\">\r\n        <div class=\"content-container-space\">\r\n          <div class=\"content-title\">\r\n            Rohkaisin\r\n          <\/div>\r\n          <div class=\"content-paragraph\">\r\n            Rohkaisin on asenne ja toimintatapa, jonka avulla vahvistat puhumattoman, olemuskielisen ihmisen itsem\u00e4\u00e4r\u00e4\u00e4misoikeutta ja tuet h\u00e4nt\u00e4 tekem\u00e4\u00e4n p\u00e4\u00e4t\u00f6ksi\u00e4. Rohkaisin auttaa sinua...\r\n          <\/div>\r\n        <\/div>\r\n      <\/div>\r\n    <\/a>\r\n  <\/div>\r\n<\/div><div class=\"linkkilista\">\r\n  <div class=\"highlight-box\">\r\n    <a href=\"https:\/\/www.kehitysvammaliitto.fi\/tikoteekki\/toimintamallit\/rohkaisin-pa-svenska\/\" target=\"_self\" class=\"content-link\" title=\"Rohkaisin (p\u00e5 svenska)\">\r\n      <div class=\"highlight-box-link\">\r\n        <div class=\"content-container-space\">\r\n          <div class=\"content-title\">\r\n            Rohkaisin (p\u00e5 svenska)\r\n          <\/div>\r\n          <div class=\"content-paragraph\">\r\n            Rohkaisin \u00e4r en attityd och en arbetsmetod som hj\u00e4lper dig att st\u00e4rka och st\u00f6dja sj\u00e4lvbest\u00e4mmander\u00e4tten och beslutsfattandet f\u00f6r en person...\r\n          <\/div>\r\n        <\/div>\r\n      <\/div>\r\n    <\/a>\r\n  <\/div>\r\n<\/div><div class=\"linkkilista\">\r\n  <div class=\"highlight-box\">\r\n    <a href=\"https:\/\/www.kehitysvammaliitto.fi\/tikoteekki\/toimintamallit\/itse\/\" target=\"_self\" class=\"content-link\" title=\"ITSE\">\r\n      <div class=\"highlight-box-link\">\r\n        <div class=\"content-container-space\">\r\n          <div class=\"content-title\">\r\n            ITSE\r\n          <\/div>\r\n          <div class=\"content-paragraph\">\r\n            Uusi toimintamalli k\u00e4ytt\u00f6\u00f6n yhteis\u00f6ss\u00e4Kuva: Jenni K\u00e4rn\u00e4-EscalanteInnosta, osallista ja tee muutos yhdess\u00e4! ITSE-malli auttaa yhteis\u00f6j\u00e4 ja organisaatioita ottamaan uudet toimintatavat sujuvasti...\r\n          <\/div>\r\n        <\/div>\r\n      <\/div>\r\n    <\/a>\r\n  <\/div>\r\n<\/div><div class=\"linkkilista\">\r\n  <div class=\"highlight-box\">\r\n    <a href=\"https:\/\/www.kehitysvammaliitto.fi\/tikoteekki\/toimintamallit\/sointu-instrumentti-crdl\/\" target=\"_self\" class=\"content-link\" title=\"Sointu-instrumentti (Crdl\u00ae)\">\r\n      <div class=\"highlight-box-link\">\r\n        <div class=\"content-container-space\">\r\n          <div class=\"content-title\">\r\n            Sointu-instrumentti (Crdl\u00ae)\r\n          <\/div>\r\n          <div class=\"content-paragraph\">\r\n            Videolla kuulemme toimintakeskuksen ty\u00f6ntekij\u00e4n ajatuksia ja kokemuksia vuorovaikutteisen Sointu-instrumentin (Crdl) hy\u00f6dyist\u00e4 ja k\u00e4ytt\u00f6mahdollisuuksista eri asiakasryhmien kanssa. N\u00e4emme my\u00f6s, kuinka ty\u00f6ntekij\u00e4...\r\n          <\/div>\r\n        <\/div>\r\n      <\/div>\r\n    <\/a>\r\n  <\/div>\r\n<\/div>\n\n","protected":false},"excerpt":{"rendered":"","protected":false},"author":1,"featured_media":264,"parent":0,"menu_order":10,"comment_status":"closed","ping_status":"closed","template":"","meta":{"footnotes":""},"categories":[],"tags":[],"class_list":["post-118","page","type-page","status-publish","has-post-thumbnail","hentry"],"_links":{"self":[{"href":"https:\/\/www.kehitysvammaliitto.fi\/tikoteekki\/wp-json\/wp\/v2\/pages\/118","targetHints":{"allow":["GET"]}}],"collection":[{"href":"https:\/\/www.kehitysvammaliitto.fi\/tikoteekki\/wp-json\/wp\/v2\/pages"}],"about":[{"href":"https:\/\/www.kehitysvammaliitto.fi\/tikoteekki\/wp-json\/wp\/v2\/types\/page"}],"author":[{"embeddable":true,"href":"https:\/\/www.kehitysvammaliitto.fi\/tikoteekki\/wp-json\/wp\/v2\/users\/1"}],"replies":[{"embeddable":true,"href":"https:\/\/www.kehitysvammaliitto.fi\/tikoteekki\/wp-json\/wp\/v2\/comments?post=118"}],"version-history":[{"count":0,"href":"https:\/\/www.kehitysvammaliitto.fi\/tikoteekki\/wp-json\/wp\/v2\/pages\/118\/revisions"}],"wp:featuredmedia":[{"embeddable":true,"href":"https:\/\/www.kehitysvammaliitto.fi\/tikoteekki\/wp-json\/wp\/v2\/media\/264"}],"wp:attachment":[{"href":"https:\/\/www.kehitysvammaliitto.fi\/tikoteekki\/wp-json\/wp\/v2\/media?parent=118"}],"wp:term":[{"taxonomy":"category","embeddable":true,"href":"https:\/\/www.kehitysvammaliitto.fi\/tikoteekki\/wp-json\/wp\/v2\/categories?post=118"},{"taxonomy":"post_tag","embeddable":true,"href":"https:\/\/www.kehitysvammaliitto.fi\/tikoteekki\/wp-json\/wp\/v2\/tags?post=118"}],"curies":[{"name":"wp","href":"https:\/\/api.w.org\/{rel}","templated":true}]}}