{"id":119,"date":"2018-06-12T18:20:47","date_gmt":"2018-06-12T15:20:47","guid":{"rendered":"https:\/\/www.kehitysvammaliitto.fi\/tikoteekki\/neuvonta\/"},"modified":"2018-09-13T12:22:26","modified_gmt":"2018-09-13T09:22:26","slug":"neuvonta","status":"publish","type":"page","link":"https:\/\/www.kehitysvammaliitto.fi\/tikoteekki\/neuvonta\/","title":{"rendered":"Neuvonta"},"content":{"rendered":"<p><\/p><div class=\"linkkilista\">\r\n  <div class=\"highlight-box\">\r\n    <a href=\"https:\/\/www.kehitysvammaliitto.fi\/tikoteekki\/neuvonta\/puhelinneuvonta\/\" target=\"_self\" class=\"content-link\" title=\"Puhelinneuvonta\">\r\n      <div class=\"highlight-box-link\">\r\n        <div class=\"content-container-space\">\r\n          <div class=\"content-title\">\r\n            Puhelinneuvonta\r\n          <\/div>\r\n          <div class=\"content-paragraph\">\r\n            Tikoteekki tarjoaa puhelimitse neuvontaa puhevammaisuuteen ja avustavaan tietotekniikkaan liittyviss\u00e4 asioissa.Voit kysy\u00e4 neuvoa esimerkiksi: puhetta korvaavista kommunikointikeinoista kommunikoinnin apuv\u00e4lineist\u00e4 kommunikoinnin apuv\u00e4linepalveluista...\r\n          <\/div>\r\n        <\/div>\r\n      <\/div>\r\n    <\/a>\r\n  <\/div>\r\n<\/div><div class=\"linkkilista\">\r\n  <div class=\"highlight-box\">\r\n    <a href=\"https:\/\/www.kehitysvammaliitto.fi\/tikoteekki\/neuvonta\/neuvontapajat-ja-ohjevideot\/\" target=\"_self\" class=\"content-link\" title=\"Neuvontapajat ja ohjevideot\">\r\n      <div class=\"highlight-box-link\">\r\n        <div class=\"content-container-space\">\r\n          <div class=\"content-title\">\r\n            Neuvontapajat ja ohjevideot\r\n          <\/div>\r\n          <div class=\"content-paragraph\">\r\n            Kaikki Tikoteekin neuvontapajat toteutetaan verkossa et\u00e4yhteydell\u00e4. Pajat ovat maksuttomia ja kaikille avoimia.Boardmaker 7 -neuvontapajatOnko sinulla uusi Boardmaker 7 -ohjelma ja...\r\n          <\/div>\r\n        <\/div>\r\n      <\/div>\r\n    <\/a>\r\n  <\/div>\r\n<\/div><div class=\"linkkilista\">\r\n  <div class=\"highlight-box\">\r\n    <a href=\"https:\/\/www.kehitysvammaliitto.fi\/tikoteekki\/neuvonta\/opiskelijoille\/\" target=\"_self\" class=\"content-link\" title=\"Opiskelijoille\">\r\n      <div class=\"highlight-box-link\">\r\n        <div class=\"content-container-space\">\r\n          <div class=\"content-title\">\r\n            Opiskelijoille\r\n          <\/div>\r\n          <div class=\"content-paragraph\">\r\n            Perustietoa kommunikoinnin tukikeinoistaTikoteekki julkaisee t\u00e4ll\u00e4 sivulla erityisesti opiskelijoille suunnattuja videoita, joissa esitell\u00e4\u00e4n lyhyesti erilaisia kommunikoinnin tukikeinoja. Videot voi katsoa my\u00f6s...\r\n          <\/div>\r\n        <\/div>\r\n      <\/div>\r\n    <\/a>\r\n  <\/div>\r\n<\/div>\n\n","protected":false},"excerpt":{"rendered":"","protected":false},"author":1,"featured_media":0,"parent":0,"menu_order":7,"comment_status":"closed","ping_status":"closed","template":"","meta":{"footnotes":""},"categories":[],"tags":[],"class_list":["post-119","page","type-page","status-publish","hentry"],"_links":{"self":[{"href":"https:\/\/www.kehitysvammaliitto.fi\/tikoteekki\/wp-json\/wp\/v2\/pages\/119","targetHints":{"allow":["GET"]}}],"collection":[{"href":"https:\/\/www.kehitysvammaliitto.fi\/tikoteekki\/wp-json\/wp\/v2\/pages"}],"about":[{"href":"https:\/\/www.kehitysvammaliitto.fi\/tikoteekki\/wp-json\/wp\/v2\/types\/page"}],"author":[{"embeddable":true,"href":"https:\/\/www.kehitysvammaliitto.fi\/tikoteekki\/wp-json\/wp\/v2\/users\/1"}],"replies":[{"embeddable":true,"href":"https:\/\/www.kehitysvammaliitto.fi\/tikoteekki\/wp-json\/wp\/v2\/comments?post=119"}],"version-history":[{"count":0,"href":"https:\/\/www.kehitysvammaliitto.fi\/tikoteekki\/wp-json\/wp\/v2\/pages\/119\/revisions"}],"wp:attachment":[{"href":"https:\/\/www.kehitysvammaliitto.fi\/tikoteekki\/wp-json\/wp\/v2\/media?parent=119"}],"wp:term":[{"taxonomy":"category","embeddable":true,"href":"https:\/\/www.kehitysvammaliitto.fi\/tikoteekki\/wp-json\/wp\/v2\/categories?post=119"},{"taxonomy":"post_tag","embeddable":true,"href":"https:\/\/www.kehitysvammaliitto.fi\/tikoteekki\/wp-json\/wp\/v2\/tags?post=119"}],"curies":[{"name":"wp","href":"https:\/\/api.w.org\/{rel}","templated":true}]}}