{"id":1198,"date":"2024-06-13T09:36:39","date_gmt":"2024-06-13T06:36:39","guid":{"rendered":"https:\/\/www.kehitysvammaliitto.fi\/tikoteekki\/toimintamallit\/rohkaisin-pa-svenska\/"},"modified":"2026-01-13T13:32:08","modified_gmt":"2026-01-13T11:32:08","slug":"rohkaisin-pa-svenska","status":"publish","type":"page","link":"https:\/\/www.kehitysvammaliitto.fi\/tikoteekki\/toimintamallit\/rohkaisin-pa-svenska\/","title":{"rendered":"Rohkaisin (p\u00e5 svenska)"},"content":{"rendered":"<p><figure id=\"attachment_1055\" aria-describedby=\"caption-attachment-1055\" class=\"wp-caption aligncenter\"><img decoding=\"async\" class=\"size-full wp-image-1055 img-responsive\" src=\"https:\/\/www.kehitysvammaliitto.fi\/tikoteekki\/wp-content\/uploads\/sites\/2\/2023\/10\/Rohkaisin-kuva-nettisivulle-1.jpg\" alt=\"\"><figcaption id=\"caption-attachment-1055\" class=\"wp-caption-text\">Bild: Jenni K\u00e4rn\u00e4-Escalante<\/figcaption><\/figure>\r\n\r\n<\/p><p><strong>Rohkaisin \u00e4r en attityd och en arbetsmetod som hj\u00e4lper dig att st\u00e4rka och st\u00f6dja sj\u00e4lvbest\u00e4mmander\u00e4tten och beslutsfattandet f\u00f6r en person som saknar ett talat spr\u00e5k och som kommunicerar med hj\u00e4lp av kroppen (olemuskieli p\u00e5 finska). <\/strong><strong>Arbetsmetoden hj\u00e4lper dig att bekanta dig med personen som \u00e4r i behov av st\u00f6d och att tolka de preferenser som hen uttrycker med sin kropp. Du tillf\u00f6r s\u00e5dant i hens liv som hen tycker om och visar intresse f\u00f6r. Med ditt st\u00f6d kan hen leva ett liv som k\u00e4nns bra och l\u00e4mpligt just f\u00f6r hen. P\u00e5 den h\u00e4r sidan finns material om arbetsmetoden.<\/strong><\/p><h3><strong>Jag beh\u00f6ver dej f\u00f6r att kunna ber\u00e4tta<\/strong><\/h3><p><iframe loading=\"lazy\" title=\"Jag beh\u00f6ver dej f\u00f6r att kunna ber\u00e4tta\" width=\"500\" height=\"281\" src=\"https:\/\/www.youtube.com\/embed\/ioOJMp0MZJg?wmode=transparent&amp;rel=0&amp;feature=oembed\" frameborder=\"0\" allow=\"accelerometer; autoplay; clipboard-write; encrypted-media; gyroscope; picture-in-picture; web-share\" referrerpolicy=\"strict-origin-when-cross-origin\" allowfullscreen><\/iframe><\/p><table class=\"table\" style=\"width: 100%; border-collapse: collapse; background-color: #e3eaf2; height: 97px;\">\r\n<tbody>\r\n<tr style=\"height: 97px;\">\r\n<td style=\"width: 100%; height: 97px;\">\r\n<p>Jag har en \u00e5sikt och jag vill ber\u00e4tta om den f\u00f6r dig. Jag kommunicerar med gester, ansiktsuttryck, ber\u00f6ring, tonfall och kroppsh\u00e5llning. Personer som kommunicerar med hj\u00e4lp av kroppen \u00e4r j\u00e4mlika kommunikat\u00f6rer som har r\u00e4tt att f\u00e5 sina r\u00f6ster h\u00f6rda. Det h\u00e4r lyckas med st\u00f6d av personer som st\u00e5r dem n\u00e4ra. Videoproduktion: Koju Film Company Oy, Konceptplanering: Suvi H\u00e4m\u00e4l\u00e4inen, Samarbetspartner: Rinnekodit och Helsingfors stads funktionshinderservice, Best\u00e4llare av arbetet: Kehitysvammaliitto ry, Tikoteekki.<\/p>\r\n<\/td>\r\n<\/tr>\r\n<\/tbody>\r\n<\/table><h2>Sj\u00e4lvbest\u00e4mmander\u00e4tten f\u00f6r en person som kommunicerar med kroppen tillgodoses med st\u00f6d av en annan person<\/h2><p>Tanken bakom arbetsmetoden Rohkaisin \u00e4r att varje m\u00e4nniska har behov av och \u00f6nskan om att leva ett eget liv som k\u00e4nns r\u00e4tt och l\u00e4mpligt. Alla har r\u00e4tt att fatta beslut och att uttrycka sina \u00e5sikter. Alla kan ocks\u00e5 uttrycka sina \u00e5sikter och fatta beslut p\u00e5 sina egna s\u00e4tt.<\/p><p>R\u00e4tten till ett eget liv som k\u00e4nns r\u00e4tt och l\u00e4mpligt f\u00f6r en person som kommunicerar med hj\u00e4lp av kroppen tillgodoses endast med st\u00f6d av en annan person. En person som kommunicerar med kroppen uttrycker sina preferenser om vad hen tycker om och vad hen inte tycker om icke-verbalt, det vill s\u00e4ga uttrycker sig genom ansiktsuttryck, gester, r\u00f6relser och l\u00e4ten. St\u00f6dpersonens uppgift \u00e4r att identifiera och tolka dessa budskap, att uppfylla personens vilja och att uppmuntra hen att uppleva nya och ocks\u00e5 annorlunda saker. Varje handling som en st\u00f6dperson utf\u00f6r \u00e4r viktig.<\/p><p>Sj\u00e4lvbest\u00e4mmander\u00e4tt \u00e4r en central m\u00e4nsklig r\u00e4ttighet och en grundl\u00e4ggande r\u00e4ttighet om g\u00e4ller alla. Enligt FN:s konvention om r\u00e4ttigheter f\u00f6r personer med funktionsneds\u00e4ttning och Finlands lagstiftning har ocks\u00e5 personer med de gravaste tal- och utvecklingsst\u00f6rningarna r\u00e4tt att bli h\u00f6rda och att fatta beslut i fr\u00e5gor som g\u00e4ller dem sj\u00e4lva. Rohkaisin \u00e4r en arbetsmetod som st\u00f6der sj\u00e4lvbest\u00e4mmander\u00e4tten och beslutsfattandet.<\/p><h3>Rohkaisin \u00e4r avsedd f\u00f6r<\/h3><p>\u2022 unga eller vuxna personer som i huvudsak kommunicerar med hj\u00e4lp av kroppen, det vill s\u00e4ga med ansiktsuttryck, gester, r\u00f6relser och handlingar<br>\r\n\u2022 st\u00f6dpersoner, det vill s\u00e4ga professionella (egen handledare, handledare, sk\u00f6tare\/v\u00e5rdare) eller familjemedlemmar som arbetar hemma hos eller i dagverksamhet med personen som kommunicerar med kroppen<br>\r\n\u2022 professionella och sakkunniga som konsulterar arbetstagare i hemmet eller i dagverksamheten.<\/p><p>Rohkaisin kan anv\u00e4ndas p\u00e5 tu man hand med personen som kommunicerar med kroppen. Arbetsmetoden kan ocks\u00e5 anv\u00e4ndas av en st\u00f6rre grupp av st\u00f6dpersoner f\u00f6r att st\u00f6dja beslutsfattandet f\u00f6r personen med icke-verbalt samspel.<\/p><h2>Rohkaisin\u00ae \u2013 v\u00e4lj, pr\u00f6va och genomf\u00f6r<\/h2><p>Id\u00e9n med arbetsmetoden Rohkaisin \u00e4r enkel\u2013 det r\u00e4cker med att du kommer ih\u00e5g de h\u00e4r tre sakerna:<\/p><p>\u2022<strong> V\u00e4lj ett sinne.<\/strong><br>\r\n<strong>\u2022 Pr\u00f6va p\u00e5 n\u00e5got nytt.<\/strong><br>\r\n<strong>\u2022 G\u00f6r det som k\u00e4nns bra.<\/strong><\/p><p>\r\n\r\n<figure id=\"attachment_1056\" aria-describedby=\"caption-attachment-1056\" class=\"wp-caption aligncenter\"><img loading=\"lazy\" decoding=\"async\" width=\"212\" height=\"300\" class=\"wp-image-1056 size-medium img-responsive\" src=\"https:\/\/www.kehitysvammaliitto.fi\/tikoteekki\/wp-content\/uploads\/sites\/2\/2023\/10\/Rohkaisin_prosessi_kuva-Jenni-Karna-Escalante-212x300.jpg\" alt=\"\" srcset=\"https:\/\/www.kehitysvammaliitto.fi\/tikoteekki\/wp-content\/uploads\/sites\/2\/2023\/10\/Rohkaisin_prosessi_kuva-Jenni-Karna-Escalante-212x300.jpg 212w, https:\/\/www.kehitysvammaliitto.fi\/tikoteekki\/wp-content\/uploads\/sites\/2\/2023\/10\/Rohkaisin_prosessi_kuva-Jenni-Karna-Escalante-724x1024.jpg 724w, https:\/\/www.kehitysvammaliitto.fi\/tikoteekki\/wp-content\/uploads\/sites\/2\/2023\/10\/Rohkaisin_prosessi_kuva-Jenni-Karna-Escalante-768x1086.jpg 768w, https:\/\/www.kehitysvammaliitto.fi\/tikoteekki\/wp-content\/uploads\/sites\/2\/2023\/10\/Rohkaisin_prosessi_kuva-Jenni-Karna-Escalante-1086x1536.jpg 1086w, https:\/\/www.kehitysvammaliitto.fi\/tikoteekki\/wp-content\/uploads\/sites\/2\/2023\/10\/Rohkaisin_prosessi_kuva-Jenni-Karna-Escalante-1448x2048.jpg 1448w, https:\/\/www.kehitysvammaliitto.fi\/tikoteekki\/wp-content\/uploads\/sites\/2\/2023\/10\/Rohkaisin_prosessi_kuva-Jenni-Karna-Escalante-scaled.jpg 1810w\" sizes=\"auto, (max-width: 212px) 100vw, 212px\" \/><figcaption id=\"caption-attachment-1056\" class=\"wp-caption-text\">P\u00e5 bilden presenteras anv\u00e4ndningen av de tre faserna i arbetsmetoden: V\u00e4lj ett sinne \u2013 Pr\u00f6va p\u00e5 n\u00e5got nytt \u2013 G\u00f6r det som k\u00e4nns bra. Bild: Jenni K\u00e4rn\u00e4-Escalante<\/figcaption><\/figure>\r\n\r\n<\/p><p>Inled arbetsmetoden med att fundera p\u00e5 hurdana sinnesf\u00f6rnimmelser (r\u00f6relse, k\u00e4nsel, smak, lukt, syn, h\u00f6rsel) personen som kommunicerar med hj\u00e4lp av kroppen skulle kunna tycka om. V\u00e4lj n\u00e5got sinne och g\u00f6r tillsammans olika f\u00f6rs\u00f6k med hens sinnen. Observera hur hen reagerar p\u00e5 den nya upplevelsen: \u00e4r hen intresserad och tycker hen om det? Uttrycker hen motvilja eller visar hen inget intresse? Upprepa f\u00f6rs\u00f6ken s\u00e5 m\u00e5nga g\u00e5nger du beh\u00f6ver f\u00f6r att vara s\u00e4ker p\u00e5 att du k\u00e4nner till av vilken \u00e5sikt hen \u00e4r. D\u00e4refter kan du planera och best\u00e4mma hur du ska ut\u00f6ka s\u00e5dant som hen gillar i dagliga aktiviteter. V\u00e4lj sedan ett nytt sinne och forts\u00e4tt f\u00f6rs\u00f6ken. N\u00e4rmare information om arbetsmetoden Rohkaisin se guiden, som finns i slutet p\u00e5 sidan.<\/p><h3><strong>Bara kreativiteten som gr\u00e4ns<\/strong><\/h3><p><iframe loading=\"lazy\" title=\"Rohkaisin \u2013 bara kreativiteten som gr\u00e4ns\" width=\"500\" height=\"281\" src=\"https:\/\/www.youtube.com\/embed\/REmqGiogO_Y?wmode=transparent&amp;rel=0&amp;feature=oembed\" frameborder=\"0\" allow=\"accelerometer; autoplay; clipboard-write; encrypted-media; gyroscope; picture-in-picture; web-share\" referrerpolicy=\"strict-origin-when-cross-origin\" allowfullscreen><\/iframe><\/p><table class=\"table\" style=\"width: 100%; border-collapse: collapse; background-color: #e3eaf2;\">\r\n<tbody>\r\n<tr>\r\n<td style=\"width: 100%;\">\r\n<p>P\u00e5 videoinspelningen g\u00f6r st\u00f6dpersonen en gunga av ett lyftredskap. Arbetsmetoden Rohkaisin inspirerar han att pr\u00f6va p\u00e5 en v\u00e4lbekant aktivitet p\u00e5 ett nytt och annorlunda s\u00e4tt och att observera hur personen som kommunicerar med kroppen reagerar. Endast fantasin utg\u00f6r en gr\u00e4ns.<\/p>\r\n<\/td>\r\n<\/tr>\r\n<\/tbody>\r\n<\/table><h2><strong>Arbetsmetodens material<\/strong><\/h2><p>I produktgruppen Rohkaisin ing\u00e5r en guide, 24 id\u00e9kort, en affisch och en hustavla.<\/p><p>I<strong> guiden<\/strong> f\u00f6rklaras hur du till\u00e4mpar arbetsmetoden Rohkaisin. I guiden finns ocks\u00e5 information om vad arbetsmetoden baserar sig p\u00e5 och varf\u00f6r den beh\u00f6vs.<\/p><p>I <strong>id\u00e9korten<\/strong> finns f\u00f6rslag till s\u00e5dant du kan g\u00f6ra f\u00f6r att b\u00e4ttre l\u00e4ra k\u00e4nna en person som kommunicerar med kroppen. Du hittar id\u00e9er till syn-, h\u00f6rsel-, smak-, lukt-, r\u00f6relse- och k\u00e4nself\u00f6rs\u00f6k. Du l\u00e4r dig att identifiera vad personen tycker om och kan planera hur och n\u00e4r du g\u00f6r det som k\u00e4nns bra f\u00f6r hen.<\/p><p><strong>Affischen<\/strong> p\u00e5minner dig om id\u00e9n med Rohkaisin: V\u00e4lj ett sinne \u2013 Pr\u00f6va p\u00e5 n\u00e5got nytt \u2013 G\u00f6r det som k\u00e4nns bra.<\/p><p>P\u00e5<strong> hustavlan<\/strong> kan du sammanst\u00e4lla de preferenser som personen som kommunicerar med hj\u00e4lp av kroppen har: vad hen tycker om och vad hen vill att du ska g\u00f6ra. Hustavlan kan du antingen fylla i p\u00e5 egen hand eller diskutera i teamet eller genom att be andra st\u00f6dpersoner att l\u00e4gga till sina egna observationer p\u00e5 den gemensamma tavlan. Spara hustavlan i era egna dokumentfiler. Kom ih\u00e5g att ocks\u00e5 skriva ut den ifyllda hustavlan och placera den p\u00e5 en synlig plats s\u00e5 att alla st\u00f6dpersoner vet vad personen vill, v\u00e4ljer och \u00f6nskar.<\/p><h3>\u00a0Bekanta dig med materialet:<\/h3><table class=\"table\" style=\"width: 100%; border-collapse: collapse; background-color: #e3eaf2; height: 59px;\">\r\n<tbody>\r\n<tr style=\"height: 97px;\">\r\n<td style=\"width: 100%; height: 59px;\">\r\n<p>\u00a0<\/p>\r\n<ul style=\"list-style-type: disc;\">\r\n\t<li><a class=\"require-download-form\" href=\"#\" data-id=\"QXAwTE96UlJVKzIxcVF3ckl1OTJ2MzM1R0dOVk9YRDF0STJrS3FZTVRvQlFxTnBWVUM0Z1JqK3IxVVBQc2xZVkNqNHZDWTdCeThIdmVzTjVMNlA5ZFFxUGY5TVJQR3FheFhiNGJFUm1vTTA2YXpXSnRZTlBnbnEraG1HWFFvWE1SZEVkOTZURHVsTDJGdlk5enI4QjdBPT0=\" data-page=\"ZitLOFFUc3dQemZlV0RWU2RQSkprY3VsTC9Ma1RLWmtiRDAxMGdmQVdqdz0=\" id=\"dl-152g-001\">Rohkaisin-broschyr (pdf)<\/a><\/li>\r\n\t<li><a class=\"require-download-form\" href=\"#\" data-id=\"QXAwTE96UlJVKzIxcVF3ckl1OTJ2MzM1R0dOVk9YRDF0STJrS3FZTVRvQlFxTnBWVUM0Z1JqK3IxVVBQc2xZVkNqNHZDWTdCeThIdmVzTjVMNlA5ZFhXVWZLNldLQUpKVkdrWmtWT1hDV1UzTGRNWXRtYVZ1VFF0MzV2RmdGQ2E4L3V5MjRWSWVzemFqN2ljQW1zZW5BPT0=\" data-page=\"ZitLOFFUc3dQemZlV0RWU2RQSkprY3VsTC9Ma1RLWmtiRDAxMGdmQVdqdz0=\" id=\"dl-1pu7-002\">Guide till Rohkaisin-anv\u00e4ndare (pdf)<\/a><\/li>\r\n\t<li><a class=\"require-download-form\" href=\"#\" data-id=\"QXAwTE96UlJVKzIxcVF3ckl1OTJ2MzM1R0dOVk9YRDF0STJrS3FZTVRvQlFxTnBWVUM0Z1JqK3IxVVBQc2xZVkNqNHZDWTdCeThIdmVzTjVMNlA5ZFFxUGY5TVJQR3FheFhiNGJFUm1vTTBjaEk2VEIzQ3ppQzNybmpnNVJ3OVpJWlZJbk1WbVVjRE45b0dHRlFYVVdTSDNpS2dyb2ltRU96NkxRNWliMzgwPQ==\" data-page=\"ZitLOFFUc3dQemZlV0RWU2RQSkprY3VsTC9Ma1RLWmtiRDAxMGdmQVdqdz0=\" id=\"dl-1pex-003\">Rohkaisin-id\u00e9kort f\u00f6r sinnesexperiment (pdf)<\/a><\/li>\r\n\t<li><a class=\"require-download-form\" href=\"#\" data-id=\"QXAwTE96UlJVKzIxcVF3ckl1OTJ2MzM1R0dOVk9YRDF0STJrS3FZTVRvQlFxTnBWVUM0Z1JqK3IxVVBQc2xZVkNqNHZDWTdCeThIdmVzTjVMNlA5ZFFxUGY5TVJQR3FheFhiNGJFUm1vTTNGdzZWT1U2b29mUEZiZ0lxdjdLd0k3QTlkdFVCdlN5Z2VzY090SkNHK3p3PT0=\" data-page=\"ZitLOFFUc3dQemZlV0RWU2RQSkprY3VsTC9Ma1RLWmtiRDAxMGdmQVdqdz0=\" id=\"dl-667p-004\">Rohkaisin-affisch (pdf)<\/a><\/li>\r\n\t<li><a class=\"require-download-form\" href=\"#\" data-id=\"QXAwTE96UlJVKzIxcVF3ckl1OTJ2MzM1R0dOVk9YRDF0STJrS3FZTVRvQlFxTnBWVUM0Z1JqK3IxVVBQc2xZVkNqNHZDWTdCeThIdmVzTjVMNlA5ZFFxUGY5TVJQR3FheFhiNGJFUm1vTTE4L1dNUFVCUmJZM3NmMy91UjVQbUJnc2FtSHRjdENwR1NZcGtyVXJIMWgzTjY2L0JXQkw3VXREMy8yZE5WTU8yb3Z2Uk8vOWlaQmNobHUyNHZvL3RO\" data-page=\"ZitLOFFUc3dQemZlV0RWU2RQSkprY3VsTC9Ma1RLWmtiRDAxMGdmQVdqdz0=\" id=\"dl-1u0t-005\">Interaktiv Rohkaisin-hustavla f\u00f6r samling av preferenser (pdf)<\/a><\/li>\r\n<\/ul>\r\n<p>\u00a0<\/p>\r\n<\/td>\r\n<\/tr>\r\n<\/tbody>\r\n<\/table><blockquote>\r\n<p><span data-olk-copy-source=\"MessageBody\">95 % av dem som har laddat ner Rohkaisin-materialet upplever att Rohkaisin har gett dem fler verktyg f\u00f6r att st\u00f6dja sj\u00e4lvbest\u00e4mmander\u00e4tten f\u00f6r personer som kommunicerar med kroppen.<\/span><\/p>\r\n<\/blockquote><h3>En f\u00e4rdig helhet f\u00f6r dig \u2013 Rohkaisin-paketet p\u00e5 finska<\/h3><p><img loading=\"lazy\" decoding=\"async\" width=\"1024\" height=\"724\" class=\"aligncenter size-large wp-image-1586 img-responsive\" src=\"https:\/\/www.kehitysvammaliitto.fi\/tikoteekki\/wp-content\/uploads\/sites\/2\/2025\/10\/Rohkaisin-paketti-A4-vaakasuuntainen-canva-1024x724.png\" alt=\"\" srcset=\"https:\/\/www.kehitysvammaliitto.fi\/tikoteekki\/wp-content\/uploads\/sites\/2\/2025\/10\/Rohkaisin-paketti-A4-vaakasuuntainen-canva-1024x724.png 1024w, https:\/\/www.kehitysvammaliitto.fi\/tikoteekki\/wp-content\/uploads\/sites\/2\/2025\/10\/Rohkaisin-paketti-A4-vaakasuuntainen-canva-300x212.png 300w, https:\/\/www.kehitysvammaliitto.fi\/tikoteekki\/wp-content\/uploads\/sites\/2\/2025\/10\/Rohkaisin-paketti-A4-vaakasuuntainen-canva-768x543.png 768w, https:\/\/www.kehitysvammaliitto.fi\/tikoteekki\/wp-content\/uploads\/sites\/2\/2025\/10\/Rohkaisin-paketti-A4-vaakasuuntainen-canva-1536x1086.png 1536w, https:\/\/www.kehitysvammaliitto.fi\/tikoteekki\/wp-content\/uploads\/sites\/2\/2025\/10\/Rohkaisin-paketti-A4-vaakasuuntainen-canva.png 2000w\" sizes=\"auto, (max-width: 1024px) 100vw, 1024px\" \/><\/p><p>Ladda ner materialet gratis eller skaffa det f\u00e4rdigt: id\u00e9\u00adkort, guide och affisch i en vacker ask (p\u00e5 finska).<br>\r\nSlipp utskrifter, klippning och laminering \u2013 du f\u00e5r material av h\u00f6g kvalitet direkt f\u00f6r 29 \u20ac i <a href=\"https:\/\/opike.fi\/tuote\/rohkaisin-paketti\/\">Opike-kauppa.\u00a0<\/a><\/p><h2>Exempel p\u00e5 anv\u00e4ndningen av Rohkaisin<\/h2><h3>Rohkaisin \u2013 Mera av det h\u00e4r<\/h3><p><iframe loading=\"lazy\" title=\"Rohkaisin \u2013 Mera av deth\u00e4r\" width=\"500\" height=\"281\" src=\"https:\/\/www.youtube.com\/embed\/Eb7jX2_WolU?wmode=transparent&amp;rel=0&amp;feature=oembed\" frameborder=\"0\" allow=\"accelerometer; autoplay; clipboard-write; encrypted-media; gyroscope; picture-in-picture; web-share\" referrerpolicy=\"strict-origin-when-cross-origin\" allowfullscreen><\/iframe><\/p><table class=\"table\" style=\"width: 100%; border-collapse: collapse; background-color: #e3eaf2;\">\r\n<tbody>\r\n<tr>\r\n<td style=\"width: 100%;\">\r\n<p>P\u00e5 videoinspelningen gungar st\u00f6dpersonen personen som kommunicerar med hj\u00e4lp av kroppen och observerar om hen tycker om r\u00f6relsef\u00f6rnimmelsen. St\u00f6dpersonen l\u00e4gger m\u00e4rke till ett brett spektrum av icke-verbala budskap: leenden, skratt och bel\u00e5tna l\u00e4ten. R\u00f6relseupplevelsen \u00e4r helt tydligt behaglig f\u00f6r den som gungar. St\u00f6dpersonen funderar p\u00e5 hur r\u00f6relsen kan upprepas och ut\u00f6kas i personens liv. Det finns olika s\u00e4tt att r\u00f6ra sig i rullstol, man kan ta sig till parken och gunga, man kan \u00e5ka bil i en fartfylld, men trygg hastighet och n\u00e5gon g\u00e5ng kan man ta sig till en n\u00f6jespark och \u00e5ka i en gungattraktion.<span style=\"font-family: inherit; font-size: inherit;\">\u00a0<\/span><\/p>\r\n<\/td>\r\n<\/tr>\r\n<\/tbody>\r\n<\/table><h3>Rohkaisin \u2013 L\u00e4tt att f\u00f6rverkliga i vardagen<\/h3><p><iframe loading=\"lazy\" title=\"Rohkaisin \u2013 L\u00e4tt att f\u00f6rverkliga i vardagen\" width=\"500\" height=\"281\" src=\"https:\/\/www.youtube.com\/embed\/6oCzyuSCwNQ?wmode=transparent&amp;rel=0&amp;feature=oembed\" frameborder=\"0\" allow=\"accelerometer; autoplay; clipboard-write; encrypted-media; gyroscope; picture-in-picture; web-share\" referrerpolicy=\"strict-origin-when-cross-origin\" allowfullscreen><\/iframe><\/p><table class=\"table\" style=\"width: 100%; border-collapse: collapse; background-color: #e3eaf2;\">\r\n<tbody>\r\n<tr>\r\n<td style=\"width: 100%;\">\r\n<p>P\u00e5 videoinspelningen testar st\u00f6dpersonen vilka typer av k\u00e4nself\u00f6rnimmelser som personen som kommunicerar med kroppen gillar. St\u00f6dpersonen tar hen i sin famn och stryker lite kr\u00e4m p\u00e5 handen. St\u00f6dpersonen observerar hens reaktioner. St\u00f6dpersonen kan p\u00e5 personens habitus, ansiktsuttryck och kroppsr\u00f6relser se att hen inte \u00e4r s\u00e4rskilt f\u00f6rtjust, men att hen inte heller ogillar ber\u00f6ringen. St\u00f6dpersonen l\u00e4gger ocks\u00e5 m\u00e4rke till att personens h\u00e5llning och habitus \u00e4r mer avslappnade i st\u00f6dpersonens famn \u00e4n i rullstolen. St\u00f6dpersonen funderar p\u00e5 vad som kunde till\u00e4mpas i vardagen i det h\u00e4r f\u00f6rs\u00f6ket. Kr\u00e4m kan man applicera d\u00e5 personen befinner sig i olika kroppsl\u00e4gen och vid olika tidpunkter p\u00e5 dagen. Att var i famnen \u00f6kar k\u00e4nslan av n\u00e4rhet och n\u00e4rvaro. Kr\u00e4mstunden kan ske n\u00e4r som helst under dagen.<\/p>\r\n<\/td>\r\n<\/tr>\r\n<\/tbody>\r\n<\/table><h3>Rohkaisin \u2013 Mindre av det h\u00e4r<\/h3><p><iframe loading=\"lazy\" title=\"Rohkaisin \u2013 Mindre av det h\u00e4r\" width=\"500\" height=\"281\" src=\"https:\/\/www.youtube.com\/embed\/nRm-ph0KTfs?wmode=transparent&amp;rel=0&amp;feature=oembed\" frameborder=\"0\" allow=\"accelerometer; autoplay; clipboard-write; encrypted-media; gyroscope; picture-in-picture; web-share\" referrerpolicy=\"strict-origin-when-cross-origin\" allowfullscreen><\/iframe><\/p><table class=\"table\" style=\"width: 100%; border-collapse: collapse; background-color: #e3eaf2;\">\r\n<tbody>\r\n<tr>\r\n<td style=\"width: 100%;\">\r\n<p>St\u00f6dpersonen k\u00e4nner till att personen som kommunicerar med kroppen gillar att r\u00f6ra p\u00e5 sina ben och f\u00f6tter. St\u00f6dpersonen beslutar att g\u00f6ra f\u00f6rs\u00f6k med personens r\u00f6relsesinne och erbjuder hen m\u00f6jligheten att sparka p\u00e5 en boll. St\u00f6dpersonen ger bollen n\u00e5gra g\u00e5nger till personen, men m\u00e4rker att hen blir nerv\u00f6s och b\u00f6rjar skrika. P\u00e5 videoinspelningen resonerar st\u00f6dpersonen att bollsparkning inte verkar vara en favoritsyssla f\u00f6r personen i fr\u00e5ga. Att dra slutgiltiga slutsatser om personens \u00e5sikter efter endast ett f\u00f6rs\u00f6k \u00e4r \u00e4nd\u00e5 inte klokt. N\u00e5gon annan g\u00e5ng, vid en annan tidpunkt p\u00e5 dagen kan hen kanske inspireras.<\/p>\r\n<\/td>\r\n<\/tr>\r\n<\/tbody>\r\n<\/table><h2>Rohkaisin \u00e4r en effektiv arbetsmetod<\/h2><p>Arbetsmetoden Rohkaisin hj\u00e4lper dig att p\u00e5 ett b\u00e4ttre s\u00e4tt, steg f\u00f6r steg, l\u00e4ra k\u00e4nna en person som kommunicerar med hj\u00e4lp av kroppen. Genom gemensamma f\u00f6rs\u00f6k och erfarenheter l\u00e4r du dig identifiera vilka saker och aktiviteter hen tycker om, njuter av eller \u00e4r intresserad av. Du kommer ocks\u00e5 att l\u00e4ra dig att l\u00e4gga m\u00e4rke till de m\u00e5nga s\u00e4tt hen ber\u00e4ttar saker och ting f\u00f6r dig. N\u00e4r du k\u00e4nner till vilka saker och aktiviteter hen gillar, kan du hj\u00e4lpa hen att g\u00f6ra val och fatta beslut om sitt eget liv.<\/p><p>Anv\u00e4nd arbetsmetoden i din dagliga verksamhet, i planeringen av verksamheten och i dina dagliga noteringar. Den information som arbetsmetoden ger \u00e4r ocks\u00e5 till hj\u00e4lp d\u00e5 ni uppg\u00f6r personens serviceplan och plan f\u00f6r sj\u00e4lvbest\u00e4mmander\u00e4tt. Diskutera era observationer och erfarenheter i olika arbetsgrupper, med anh\u00f6riga och p\u00e5 gemensamma m\u00f6ten. Tillsammans s\u00e4kerst\u00e4ller ni att personens \u00e5sikter blir h\u00f6rda och att hen kan p\u00e5verka sitt liv och sina tj\u00e4nster.<\/p><h2>Ber\u00e4ttelsen bakom Rohkaisin<\/h2><p>Personer som kommunicerar med kroppen (olemuskieli p\u00e5 finska) \u00e4r en grupp som missgynnas och deras behov och \u00e5sikter f\u00f6rbig\u00e5s ofta n\u00e4r det g\u00e4ller b\u00e5de dagliga beslutsprocesser och utvecklingen av praxis som st\u00f6d f\u00f6r beslutsfattandet. Tikoteekki p\u00e5 Kehitysvammaliitto genomf\u00f6rde \u00e5ren 2021\u20132023 ett gemensamt utvecklingsprojekt. I projektet deltog personer som kommunicerar med hj\u00e4lp av kroppen, deras n\u00e4rst\u00e5ende och professionella fr\u00e5n boendetj\u00e4nster och verksamhetscenter vid Rinnekodit (Helsingfors diakonissanstalt). Dessutom deltog professionella fr\u00e5n Vaalijala kompetens- och st\u00f6dservice i v\u00e4lf\u00e4rdsomr\u00e5det S\u00f6dra Savolax. Anh\u00f6riga och professionella deltog aktivt i projektet i syfte att utveckla l\u00e4mpliga rutiner och arbetsverktyg f\u00f6r att st\u00f6dja beslutsfattande f\u00f6r personer som kommunicerar med kroppen.<\/p><p>Den st\u00f6rsta utmaningen f\u00f6r anh\u00f6riga och professionella, som deltog i de inledande diskussionerna och workshopparna, var os\u00e4kerheten kring tolkningen av personernas nonverbala kommunikation. \u00a0De \u00f6nskade f\u00e5 mer mod att bekanta sig med personer som kommunicerar med kroppen och mer sj\u00e4lvf\u00f6rtroende att tolka de budskap de uttrycker.<\/p><p>\u00a0<\/p><blockquote>\r\n<p><strong>\u201dArbetsmetoden Rohkaisin ger en struktur f\u00f6r hur man blir lyh\u00f6rd f\u00f6r preferenserna hos en person som kommunicerar med kroppen och uppfyller hens \u00f6nskem\u00e5l\u201d\u00a0<\/strong><\/p>\r\n<\/blockquote><h2>Ta reda p\u00e5 mer material p\u00e5 finska och engelska<\/h2><ul style=\"list-style-type: disc;\">\r\n\t<li><a href=\"https:\/\/tikonen.fi\/aiheet\/kuntoutus\/laatupaallikko-jonna-salomaa-rohkaisin-varmistaa-vammaispalvelun-laadun\/\" target=\"_blank\" rel=\"noopener\">Tikosen 2\/2025 artikkeli Laatup\u00e4\u00e4llikk\u00f6 Jonna Salomaa: Rohkaisin varmistaa vammaispalvelun laadun<\/a><\/li>\r\n\t<li><a href=\"https:\/\/tikonen.fi\/aiheet\/vuorovaikutus\/rohkaisin-sopii-myos-kouluun\/\" target=\"_blank\" rel=\"noopener\">Tikosen 3\/2024 artikkeli Rohkaisin sopii my\u00f6s kouluun<\/a><\/li>\r\n\t<li><a href=\"https:\/\/youtu.be\/oflcelPd7IU?si=PcKjVl5O13Z0f9Wp\">Se den engelska videon I need your support for expressing myself p\u00e5 YouTube<\/a><\/li>\r\n\t<li><a href=\"https:\/\/tikonen.fi\/numerot\/2024-nro-1\/mieleisia-elamyksia-hyvaa-arkea-ja-rauhallisia-younia-ensikokemuksia-rohkaisimesta\/\" target=\"_blank\" rel=\"noopener\">Tikosen 1\/2024 artikkeli Mieleisi\u00e4 el\u00e4myksi\u00e4, hyv\u00e4\u00e4 arkea ja rauhallisia y\u00f6unia \u2013 ensikokemuksia Rohkaisimesta<\/a><\/li>\r\n\t<li><a href=\"https:\/\/tikonen.fi\/aiheet\/vuorovaikutus\/maurinkodin-teemu-mailander-olemuskielinen-ihminen-voi-vaikuttaa-omaan-elamaansa-joka-paiva\/\" target=\"_blank\" rel=\"noopener\">Tikosen 3\/2023 artikkeli Maurinkodin Teemu Mailander: Olemuskielinen ihminen voi vaikuttaa omaan el\u00e4m\u00e4\u00e4ns\u00e4 joka p\u00e4iv\u00e4<\/a><\/li>\r\n\t<li><a href=\"https:\/\/tikonen.fi\/aiheet\/puhevammaisuus\/taksiajeluja-ja-musiikkihetkia-olemuskielinen-leila-elaa-omannakoista-arkea\/\" target=\"_blank\" rel=\"noopener\">Tikosen 2\/2022 artikkeli Taksiajeluja ja musiikkihetki\u00e4 \u2013 olemuskielinen Leila el\u00e4\u00e4 omann\u00e4k\u00f6ist\u00e4 arkea<\/a><\/li>\r\n<\/ul><h4>Uppsats<\/h4><ul>\r\n\t<li><a href=\"https:\/\/www.kehitysvammaliitto.fi\/tikoteekki\/wp-content\/uploads\/sites\/2\/2025\/12\/Vallinheimo_Annu_Minun-aaneni-minun-valintani_opinnaytetyo-2025.pdf\">Vallinheimo, Annu (2025) Minun \u00e4\u00e4neni, minun valintani.<\/a>\u00a0<\/li>\r\n\t<li><a href=\"https:\/\/urn.fi\/URN:NBN:fi:amk-2025050910430\">Saari, Vanessa (2025). Kehitysvammaisten osallisuus asumisyksik\u00f6n arjessa: Opas osallisuuden edist\u00e4misen tueksi.\u00a0<\/a><br>\r\n<ul>\r\n\t<li><a href=\"https:\/\/www.kehitysvammaliitto.fi\/tikoteekki\/wp-content\/uploads\/sites\/2\/2026\/01\/Opas-osallisuuden-edistamisen-tueksi_Saari-Vanessa-2025.pdf\" target=\"_blank\" rel=\"noopener\">Tutustu oppaaseen<\/a> (pdf)<\/li>\r\n<\/ul>\r\n<\/li>\r\n<\/ul><p>\u00a0<\/p>\n\n","protected":false},"excerpt":{"rendered":"Rohkaisin \u00e4r en attityd och en arbetsmetod som hj\u00e4lper dig att st\u00e4rka och st\u00f6dja sj\u00e4lvbest\u00e4mmander\u00e4tten och beslutsfattandet f\u00f6r en person som saknar ett talat spr\u00e5k och som kommunicerar med hj\u00e4lp av kroppen (olemuskieli p\u00e5 finska). Arbetsmetoden hj\u00e4lper dig att bekanta dig med personen som \u00e4r i behov av st\u00f6d och att tolka de preferenser som [&hellip;]","protected":false},"author":13,"featured_media":0,"parent":118,"menu_order":18,"comment_status":"closed","ping_status":"closed","template":"","meta":{"footnotes":""},"categories":[],"tags":[],"class_list":["post-1198","page","type-page","status-publish","hentry"],"_links":{"self":[{"href":"https:\/\/www.kehitysvammaliitto.fi\/tikoteekki\/wp-json\/wp\/v2\/pages\/1198","targetHints":{"allow":["GET"]}}],"collection":[{"href":"https:\/\/www.kehitysvammaliitto.fi\/tikoteekki\/wp-json\/wp\/v2\/pages"}],"about":[{"href":"https:\/\/www.kehitysvammaliitto.fi\/tikoteekki\/wp-json\/wp\/v2\/types\/page"}],"author":[{"embeddable":true,"href":"https:\/\/www.kehitysvammaliitto.fi\/tikoteekki\/wp-json\/wp\/v2\/users\/13"}],"replies":[{"embeddable":true,"href":"https:\/\/www.kehitysvammaliitto.fi\/tikoteekki\/wp-json\/wp\/v2\/comments?post=1198"}],"version-history":[{"count":0,"href":"https:\/\/www.kehitysvammaliitto.fi\/tikoteekki\/wp-json\/wp\/v2\/pages\/1198\/revisions"}],"up":[{"embeddable":true,"href":"https:\/\/www.kehitysvammaliitto.fi\/tikoteekki\/wp-json\/wp\/v2\/pages\/118"}],"wp:attachment":[{"href":"https:\/\/www.kehitysvammaliitto.fi\/tikoteekki\/wp-json\/wp\/v2\/media?parent=1198"}],"wp:term":[{"taxonomy":"category","embeddable":true,"href":"https:\/\/www.kehitysvammaliitto.fi\/tikoteekki\/wp-json\/wp\/v2\/categories?post=1198"},{"taxonomy":"post_tag","embeddable":true,"href":"https:\/\/www.kehitysvammaliitto.fi\/tikoteekki\/wp-json\/wp\/v2\/tags?post=1198"}],"curies":[{"name":"wp","href":"https:\/\/api.w.org\/{rel}","templated":true}]}}