{"id":120,"date":"2018-06-12T18:24:20","date_gmt":"2018-06-12T15:24:20","guid":{"rendered":"https:\/\/www.kehitysvammaliitto.fi\/tikoteekki\/tietoa\/puhevammaisuuden-kirjo\/"},"modified":"2025-09-11T10:43:26","modified_gmt":"2025-09-11T07:43:26","slug":"puhevammaisuuden-kirjo","status":"publish","type":"page","link":"https:\/\/www.kehitysvammaliitto.fi\/tikoteekki\/tietoa\/puhevammaisuuden-kirjo\/","title":{"rendered":"Puhevammaisuuden kirjo"},"content":{"rendered":"<p>Ihmisi\u00e4, joilla on pulmia puheen ymm\u00e4rt\u00e4misess\u00e4 tai tuottamisessa, on Suomessa noin 120 000. T\u00e4m\u00e4n lis\u00e4ksi on ihmisi\u00e4, joilla on suuria vaikeuksia olla sosiaalisessa kanssak\u00e4ymisess\u00e4 l\u00e4heistens\u00e4 kanssa. Puhevammaisuus koskettaakin t\u00e4st\u00e4 syyst\u00e4 huomattavasti laajempaa ihmisjoukkoa kuin ajatellaan.<\/p><p>Puhevammaisuus ei ole yksitt\u00e4inen diagnoosi vaan puhevammaisuuden kirjon ihmisill\u00e4 voi olla eri syist\u00e4 johtuvia vuorovaikutuksen ja kommunikoinnin haasteita. N\u00e4m\u00e4 voivat olla synnynn\u00e4isi\u00e4, kehityksellisi\u00e4 tai johtua vammautumisesta tai sairastumisesta.<\/p><p>Kommunikoinnin onnistumisen kannalta l\u00e4hipiiri on ratkaisevassa asemassa. Kun l\u00e4heisill\u00e4 on osaamista ja taitoa, puhevammainen ihminen tulee kohdatuksi ja ymm\u00e4rretyksi.<\/p><h2>Jokaisella on oikeus kommunikointiin<\/h2><p>Jokaisella on oikeus ymm\u00e4rt\u00e4\u00e4 ja ilmaista itse\u00e4\u00e4n. Vuorovaikutus ja kommunikointi ymp\u00e4rist\u00f6n ihmisten kanssa kuuluvat ihmisoikeuksiimme ja ovat siksi loukkaamattomia.<\/p><p>Jos puhuminen ei suju, on mahdollista l\u00f6yt\u00e4\u00e4 kommunikointikeinoja, jotka tukevat tai korvaavat puhetta. N\u00e4iden avulla on mahdollista tukea my\u00f6s puheen ymm\u00e4rt\u00e4mist\u00e4. On t\u00e4rke\u00e4\u00e4, ett\u00e4 muut ihmiset k\u00e4ytt\u00e4v\u00e4t itse ja rohkaisevat puhevammaista ihmist\u00e4 hy\u00f6dynt\u00e4m\u00e4\u00e4n kaikkia kommunikointikeinojaan.<\/p><h2>Kommunikointi rakentuu v\u00e4hitellen<\/h2><p><iframe src=\"\/\/www.youtube.com\/embed\/QHw3DahlIc4\" allowfullscreen=\"allowfullscreen\"><\/iframe><\/p><table class=\"table\" style=\"width: 100%; border-collapse: collapse; background-color: #e3eaf2; height: 97px;\">\r\n<tbody>\r\n<tr style=\"height: 97px;\">\r\n<td style=\"width: 100%; height: 97px;\">\r\n<p><em>Kommunikoinnin kerrokset -videolla<\/em> havainnollistetaan, miten kommunikointi rakentuu vaihe vaiheelta \u2013 my\u00f6s ilman puhetta ja sanoja. Videolla esitell\u00e4\u00e4n viisi kerrosta, joissa kerrotaan, miten vuorovaikutuskumppani voi konkreettisin teoin edist\u00e4\u00e4 puhevammaisen henkil\u00f6n osallistumista vuorovaikutukseen:<\/p>\r\n<ul>\r\n\t<li>Ensimm\u00e4isess\u00e4 kerroksessa keskityt\u00e4\u00e4n yhteyden luomiseen, mukavaan yhdess\u00e4oloon ja liityt\u00e4\u00e4n siihen, mik\u00e4 h\u00e4nt\u00e4 kiinnostaa.<br>\r\n\u2022 Toisessa vahvistetaan kommunikoinnin perustaa toistuvien vuorovaikutushetkien ja h\u00e4nen aloitteisiinsa vastaamisen kautta.<br>\r\n\u2022 Kolmannessa hy\u00f6dynnet\u00e4\u00e4n h\u00e4nen omia keinojaan ilmaista itse\u00e4\u00e4n ja rikastetaan viestint\u00e4\u00e4 esimerkiksi kuvilla tai viittomilla.<br>\r\n\u2022 Nelj\u00e4nness\u00e4 rohkaistaan h\u00e4nt\u00e4 viestim\u00e4\u00e4n monipuolisesti eri tilanteissa ja eri ihmisten kanssa.<br>\r\n\u2022 Viidenness\u00e4 kerroksessa tuetaan itsen\u00e4ist\u00e4 kommunikointia ja mahdollistetaan omann\u00e4k\u00f6inen viestint\u00e4 arjen erilaisissa ymp\u00e4rist\u00f6iss\u00e4.<\/li>\r\n<\/ul>\r\n<\/td>\r\n<\/tr>\r\n<\/tbody>\r\n<\/table><p><em>Kommunikoinnin kerrokset -esite<\/em> t\u00e4ydent\u00e4\u00e4 videota ja kokoaa saman sis\u00e4ll\u00f6n tiiviiseen ja tulostettavaan muotoon.<\/p><p><a class=\"button read require-download-form\" href=\"#\" target=\"_blank\" rel=\"noopener\" data-id=\"QXAwTE96UlJVKzIxcVF3ckl1OTJ2MzM1R0dOVk9YRDF0STJrS3FZTVRvQlFxTnBWVUM0Z1JqK3IxVVBQc2xZVkNqNHZDWTdCeThIdmVzTjVMNlA5ZFJVOSsreEt0bERQblBHN1N3RVhubXVqNWFiblRTWUw5MTEyVWhJQjlHaEM3cjdnZU5BbUF4clNxdElmOXVMSXhNdEJzQ3Z1dWpXN0NmaGUrTmFWTDRRPQ==\" data-page=\"ajYyVGMyTENuamJnbEVqa3M2U1ZISnlhWVlHb1hBMlp5RmFaejFyUG1sTT0=\" id=\"dl-1qxc-001\">kommunikoinnin kerrokset -esite (pdf)<\/a><\/p><p>Esitteen ja videon avulla voidaan keskustella yhdess\u00e4 siit\u00e4, miss\u00e4 vaiheessa kommunikointia ollaan ja miten vuorovaikutusta sek\u00e4 puhevammaisen ihmisen osallisuutta voidaan vahvistaa. Ne auttavat vuorovaikutuskumppania \u2013 l\u00e4heist\u00e4 tai ammattilaista \u2013 pys\u00e4htym\u00e4\u00e4n puhevammaisen ihmisen yksil\u00f6llisten viestint\u00e4tapojen \u00e4\u00e4relle ja rakentamaan h\u00e4nen kanssaan toimivaa vuorovaikutusta.<\/p><h2>Kommunikoinnin tukeminen on yhteisty\u00f6t\u00e4<\/h2><p><iframe loading=\"lazy\" title=\"L\u00e4heisten ohjaus on yhteisty\u00f6t\u00e4\" width=\"500\" height=\"281\" src=\"https:\/\/www.youtube.com\/embed\/c2lldxXzSQc?wmode=transparent&amp;rel=0&amp;feature=oembed\" frameborder=\"0\" allow=\"accelerometer; autoplay; clipboard-write; encrypted-media; gyroscope; picture-in-picture; web-share\" referrerpolicy=\"strict-origin-when-cross-origin\" allowfullscreen><\/iframe><\/p><table class=\"table\" style=\"width: 100%; border-collapse: collapse; background-color: #e3eaf2; height: 97px;\">\r\n<tbody>\r\n<tr style=\"height: 97px;\">\r\n<td style=\"width: 100%; height: 97px;\">Vuorovaikutuksen ja kommunikoinnin kuntoutuksessa kuntouttajan yhteisty\u00f6kumppaneita ovat tukea tarvitsevan ihmisen lis\u00e4ksi h\u00e4nen l\u00e4heisens\u00e4. L\u00e4heisi\u00e4 voivat olla perheenj\u00e4senet ja ammattilaiset. Videolla esitell\u00e4\u00e4n tapoja, joilla kuntouttaja ohjaa yhteis\u00f6\u00e4 ja tekee yhteisty\u00f6t\u00e4 asiakas- ja voimavaral\u00e4ht\u00f6isesti.<\/td>\r\n<\/tr>\r\n<\/tbody>\r\n<\/table><p>Kommunikoinnin kuntoutus on yksil\u00f6n ja ymp\u00e4rist\u00f6n v\u00e4linen muutosprosessi. Toimintatavat valitaan puhevammaisen ihmisen yksil\u00f6llisten tarpeiden mukaan siten, ett\u00e4 huomioidaan my\u00f6s l\u00e4heisten voimavarat ja muutostoiveet.\u00a0<\/p><p>Puhevammainen ihminen, h\u00e4nen l\u00e4heisens\u00e4 ja ammattilainen suunnittelevat yhdess\u00e4, miten kommunikointi saadaan sujumaan arjessa. Kuntoutus etenee yksil\u00f6n ja h\u00e4nen l\u00e4hipiirins\u00e4 tahdissa. Siin\u00e4 hy\u00f6dynnet\u00e4\u00e4n heille luontaisia toimintatapoja sek\u00e4 vahvistetaan heid\u00e4n k\u00e4sityst\u00e4\u00e4n omasta osaamisestaan. Parhaimmillaan kuntoutus on ammattilaisen, l\u00e4hipiirin ja ihmisen tasa-arvoinen yhteisty\u00f6suhde, johon jokainen tuo oman panoksensa.\u00a0<\/p><p><a href=\"https:\/\/papunet.net\/kuntoutus-kommunikoinnin-eri-kehitysvaiheissa\/\">Lue lis\u00e4\u00e4 kuntoutuksen painopisteist\u00e4 kommunikoinnin eri kehitysvaiheissa.<\/a><\/p><h2>Jokaisella on oikeus p\u00e4\u00e4tt\u00e4\u00e4 omista asioistaan<\/h2><p>Itsem\u00e4\u00e4r\u00e4\u00e4misoikeus on keskeinen ihmisoikeus ja kaikkia ihmisi\u00e4 koskeva perusoikeus. YK:n vammaissopimuksen ja Suomen lains\u00e4\u00e4d\u00e4nn\u00f6n mukaan my\u00f6s kaikkein vaikeimmin puhevammaisilla ja kehitysvammaisilla ihmisill\u00e4 on oikeus tulla kuulluksi ja p\u00e4\u00e4tt\u00e4\u00e4 itse\u00e4\u00e4n koskevista asioista (Vammaispalvelulaki 675\/2023; Sosiaali- ja terveysministeri\u00f6 2017; Suomen YK-liitto 2015; perustuslaki 1999\/731; laki sosiaalihuollon asiakkaan asemasta 2000\/812; laki kehitysvammaisten erityishuollosta 1977\/519).<\/p><p>Puhevamman tai kehitysvamman ei siis pit\u00e4isi rajoittaa itsem\u00e4\u00e4r\u00e4\u00e4mist\u00e4, mutta k\u00e4yt\u00e4nn\u00f6ss\u00e4 henkil\u00f6ll\u00e4 voi olla vammansa takia vaikeuksia ilmaista mielipidett\u00e4\u00e4n tai muut ihmiset eiv\u00e4t syyst\u00e4 tai toisesta ymm\u00e4rr\u00e4 riitt\u00e4v\u00e4n hyvin h\u00e4nen kommunikointiaan ja tahdonilmauksiaan. Mit\u00e4 vaikeammin vammaisesta ihmisest\u00e4 on kyse, sit\u00e4 enemm\u00e4n h\u00e4n on riippuvainen muista ihmisist\u00e4 ja heilt\u00e4 saamastaan tuesta, my\u00f6s omaa el\u00e4m\u00e4\u00e4ns\u00e4 koskevassa p\u00e4\u00e4t\u00f6ksenteossa.<\/p><p><a href=\"https:\/\/www.verneri.net\/yleis\/itsemaaraamisoikeus\">Lue lis\u00e4\u00e4 itsem\u00e4\u00e4r\u00e4\u00e4misoikeudesta Verneri.netin sivuilta<\/a>.\u00a0<\/p><h2>Itsem\u00e4\u00e4r\u00e4\u00e4misoikeutta tukevia k\u00e4yt\u00e4nt\u00f6j\u00e4 kehitet\u00e4\u00e4n<\/h2><p>Puhe- ja kehitysvammaisten ihmisten itsem\u00e4\u00e4r\u00e4\u00e4misoikeus tunnustetaan nyky\u00e4\u00e4n laajasti, ja k\u00e4yt\u00e4nn\u00f6tkin ovat edistyneet. YK:n vammaissopimus my\u00f6s edellytt\u00e4\u00e4 j\u00e4senvaltioitaan kehitt\u00e4m\u00e4\u00e4n tuetun p\u00e4\u00e4t\u00f6ksenteon j\u00e4rjestelmi\u00e4\u00e4n ja toimintak\u00e4yt\u00e4nt\u00f6j\u00e4\u00e4n sek\u00e4 varmistamaan lains\u00e4\u00e4d\u00e4nn\u00f6ll\u00e4, ettei mink\u00e4\u00e4n ihmisryhm\u00e4n itsem\u00e4\u00e4r\u00e4\u00e4misoikeutta loukata tai rajoiteta kohtuuttomasti. Vaikeimmin kehitysvammaiset ihmiset, jotka kommunikoivat p\u00e4\u00e4osin olemuksellaan, eli ilmeill\u00e4, eleill\u00e4, \u00e4\u00e4ntelem\u00e4ll\u00e4 ja liikkeill\u00e4, ovat kuitenkin v\u00e4liinputoajaryhm\u00e4, joka usein sivuutetaan sek\u00e4 omaa el\u00e4m\u00e4\u00e4 koskevassa p\u00e4\u00e4t\u00f6ksenteossa ett\u00e4 p\u00e4\u00e4t\u00f6ksentekoa tukevia k\u00e4yt\u00e4nt\u00f6j\u00e4 kehitett\u00e4ess\u00e4. \u00a0Tarvitaan tuetun p\u00e4\u00e4t\u00f6ksenteon toimintatapoja, jotka ottavat huomioon my\u00f6s heid\u00e4n tarpeensa.<\/p><p>Tikoteekki on kehitt\u00e4nyt yhdess\u00e4 l\u00e4heisten, ammattilaisten ja palveluista vastaavien tahojen kanssa vaikeimmin kehitysvammaisten ihmisten itsem\u00e4\u00e4r\u00e4\u00e4mist\u00e4 tukevia toimintatapoja.<\/p><p><a href=\"https:\/\/www.kehitysvammaliitto.fi\/tikoteekki\/toimintamallit\/rohkaisin\/\">Lue lis\u00e4\u00e4 Rohkaisin-toimintatavasta.<\/a><\/p><p><a href=\"https:\/\/www.kehitysvammaliitto.fi\/tikoteekki\/toimintamallit\/rohkaisin-pa-svenska\/\">Lue Rohkaisimesta ruotsiksi: Rohkaisin (p\u00e5 svenska).<\/a><\/p><p><a href=\"https:\/\/www.verneri.net\/yleis\/paatoksenteon-tukeminen\" target=\"_blank\" rel=\"noopener\">Lue lis\u00e4\u00e4 p\u00e4\u00e4t\u00f6ksenteon tukemisesta Verneri.netin sivuilta<\/a>.\u00a0<\/p><p>\u00a0<\/p>\n\n","protected":false},"excerpt":{"rendered":"Ihmisi\u00e4, joilla on pulmia puheen ymm\u00e4rt\u00e4misess\u00e4 tai tuottamisessa, on Suomessa noin 120 000. T\u00e4m\u00e4n lis\u00e4ksi on ihmisi\u00e4, joilla on suuria vaikeuksia olla sosiaalisessa kanssak\u00e4ymisess\u00e4 l\u00e4heistens\u00e4 kanssa. Puhevammaisuus koskettaakin t\u00e4st\u00e4 syyst\u00e4 huomattavasti laajempaa ihmisjoukkoa kuin ajatellaan.Puhevammaisuus ei ole yksitt\u00e4inen diagnoosi vaan puhevammaisuuden kirjon ihmisill\u00e4 voi olla eri syist\u00e4 johtuvia vuorovaikutuksen ja kommunikoinnin haasteita. N\u00e4m\u00e4 voivat olla [&hellip;]","protected":false},"author":1,"featured_media":408,"parent":97,"menu_order":2,"comment_status":"closed","ping_status":"closed","template":"","meta":{"footnotes":""},"categories":[],"tags":[],"class_list":["post-120","page","type-page","status-publish","has-post-thumbnail","hentry"],"_links":{"self":[{"href":"https:\/\/www.kehitysvammaliitto.fi\/tikoteekki\/wp-json\/wp\/v2\/pages\/120","targetHints":{"allow":["GET"]}}],"collection":[{"href":"https:\/\/www.kehitysvammaliitto.fi\/tikoteekki\/wp-json\/wp\/v2\/pages"}],"about":[{"href":"https:\/\/www.kehitysvammaliitto.fi\/tikoteekki\/wp-json\/wp\/v2\/types\/page"}],"author":[{"embeddable":true,"href":"https:\/\/www.kehitysvammaliitto.fi\/tikoteekki\/wp-json\/wp\/v2\/users\/1"}],"replies":[{"embeddable":true,"href":"https:\/\/www.kehitysvammaliitto.fi\/tikoteekki\/wp-json\/wp\/v2\/comments?post=120"}],"version-history":[{"count":0,"href":"https:\/\/www.kehitysvammaliitto.fi\/tikoteekki\/wp-json\/wp\/v2\/pages\/120\/revisions"}],"up":[{"embeddable":true,"href":"https:\/\/www.kehitysvammaliitto.fi\/tikoteekki\/wp-json\/wp\/v2\/pages\/97"}],"wp:featuredmedia":[{"embeddable":true,"href":"https:\/\/www.kehitysvammaliitto.fi\/tikoteekki\/wp-json\/wp\/v2\/media\/408"}],"wp:attachment":[{"href":"https:\/\/www.kehitysvammaliitto.fi\/tikoteekki\/wp-json\/wp\/v2\/media?parent=120"}],"wp:term":[{"taxonomy":"category","embeddable":true,"href":"https:\/\/www.kehitysvammaliitto.fi\/tikoteekki\/wp-json\/wp\/v2\/categories?post=120"},{"taxonomy":"post_tag","embeddable":true,"href":"https:\/\/www.kehitysvammaliitto.fi\/tikoteekki\/wp-json\/wp\/v2\/tags?post=120"}],"curies":[{"name":"wp","href":"https:\/\/api.w.org\/{rel}","templated":true}]}}