{"id":122,"date":"2018-06-12T18:24:21","date_gmt":"2018-06-12T15:24:21","guid":{"rendered":"https:\/\/www.kehitysvammaliitto.fi\/tikoteekki\/tietoa\/kommunikoinnin-apuvalineet\/"},"modified":"2025-05-21T11:11:10","modified_gmt":"2025-05-21T08:11:10","slug":"kommunikoinnin-apuvalineet","status":"publish","type":"page","link":"https:\/\/www.kehitysvammaliitto.fi\/tikoteekki\/tietoa\/kommunikoinnin-apuvalineet\/","title":{"rendered":"Kommunikoinnin apuv\u00e4lineet"},"content":{"rendered":"<p>Kommunikoinnin esteit\u00e4 voidaan lievent\u00e4\u00e4 kuntoutuksen lis\u00e4ksi apuv\u00e4lineill\u00e4. Kommunikoinnin apuv\u00e4lineet hankitaan ensisijaisesti julkisen terveydenhuollon apuv\u00e4linepalveluna. Tieto puhevammaisen ihmisen tarvitsemista apuv\u00e4linepalveluista kirjataan kuntoutussuunnitelmaan. Palveluiden l\u00e4ht\u00f6kohtana on apuv\u00e4lineen tarvitsijan ja ammattihenkil\u00f6n yhdess\u00e4 toteama tarve.<\/p><p>Apuv\u00e4lineit\u00e4 voivat kustantaa my\u00f6s Kela, sosiaalitoimi, opetustoimi ja vakuutuslaitokset riippuen henkil\u00f6n i\u00e4st\u00e4 tai puhevamman aiheuttajasta. Apuv\u00e4linepalvelut ovat maksuttomia.<\/p><p>Kommunikointikansiot, puhelaitteet sek\u00e4 kommunikointiohjelman sis\u00e4lt\u00e4v\u00e4 tietokone tai \u00e4lypuhelin kuuluvat l\u00e4\u00e4kinn\u00e4llisen kuntoutuksen kautta my\u00f6nnett\u00e4viin apuv\u00e4lineisiin.<\/p><p>Apuv\u00e4lineen valinta edellytt\u00e4\u00e4 aina yksil\u00f6llist\u00e4 arviointia, johon osallistuvat asiakas, asiantuntijat ja asiakkaan kannalta keskeiset kommunikointikumppanit ja yhteis\u00f6t. Kommunikoinnin apuv\u00e4lineen soveltuvuuteen vaikuttaa apuv\u00e4lineen k\u00e4ytt\u00e4j\u00e4n toimintakyky ja kielelliset taidot, kommunikointitarpeet ja -ymp\u00e4rist\u00f6 sek\u00e4 v\u00e4lineen ominaisuudet.<\/p><p>Kannettava tietokone, \u00e4lypuhelin tai tabletti voi toimia puhesynteesin kanssa kommunikointiohjelman tai kirjoittamisen alustana. Lis\u00e4ksi tarvitaan tarkoituksenmukainen, yksil\u00f6ity sis\u00e4lt\u00f6kokonaisuus, jota voidaan p\u00e4ivitt\u00e4\u00e4 henkil\u00f6n tarpeiden, toimintakyvyn ja -ymp\u00e4rist\u00f6n mukaan joustavasti. Keskeist\u00e4 on my\u00f6s k\u00e4ytt\u00e4j\u00e4lle toimivimman ohjaintavan l\u00f6yt\u00e4minen.<\/p><p>Kommunikoinnin apuv\u00e4lineen itsen\u00e4inen k\u00e4ytt\u00f6 edellytt\u00e4\u00e4 tukea ja apua l\u00e4hi-ihmisilt\u00e4. Siksi my\u00f6s l\u00e4hiyhteis\u00f6n perehdytys v\u00e4lineisiin ja ohjelmiin on t\u00e4rke\u00e4\u00e4.<\/p><p><a class=\"button read external-link\" href=\"https:\/\/papunet.net\/tietoa\/kommunikoinnin-apuvalineet\/\" target=\"_blank\" rel=\"noopener\">Kommunikoinnin apuv\u00e4lineist\u00e4 Papunetissa<\/a><\/p><h2>Miten apuv\u00e4linepalveluita saa? Kommunikoinnin apuv\u00e4lineiden my\u00f6nt\u00e4minen<\/h2><p>Kommunikoinnin apuv\u00e4lineet ovat osa l\u00e4\u00e4kinn\u00e4llist\u00e4 kuntoutusta. Niill\u00e4 voidaan lis\u00e4t\u00e4 merkitt\u00e4v\u00e4sti puhevammaisen henkil\u00f6n mahdollisuuksia tulla ymm\u00e4rretyksi ja kuulluksi. L\u00e4\u00e4kinn\u00e4llisen kuntoutuksen apuv\u00e4lineill\u00e4 tarkoitetaan v\u00e4lineit\u00e4 ja laitteita, joilla lis\u00e4t\u00e4\u00e4n ihmisen toimintamahdollisuuksia, itsen\u00e4isyytt\u00e4 ja omatoimisuutta el\u00e4m\u00e4n eri alueilla silloin, kun toimintakyky on heikentynyt sairauden, vamman tai kehitysviiv\u00e4stym\u00e4n vuoksi.<\/p><p>L\u00e4\u00e4kinn\u00e4llisen kuntoutuksen apuv\u00e4linepalveluihin kuuluvat apuv\u00e4lineen tarpeen m\u00e4\u00e4rittely, v\u00e4lineiden sovitus, luovutus omaksi tai k\u00e4ytett\u00e4v\u00e4ksi, k\u00e4yt\u00f6n opetus ja seuranta sek\u00e4 v\u00e4lineiden huolto. Vastuu l\u00e4\u00e4kinn\u00e4llisen kuntoutuksen j\u00e4rjest\u00e4misest\u00e4 on hyvinvointialueilla. Apuv\u00e4lineet, niiden sovitus, tarpeellinen uusiminen ja huolto ovat asiakkaalle maksuttomia.\u00a0<\/p><p>Apuv\u00e4linepalveluiden l\u00e4ht\u00f6kohtana on apuv\u00e4lineen tarvitsijan ja ammattihenkil\u00f6n yhdess\u00e4 toteama tarve. Tarpeen voi todeta my\u00f6s l\u00e4hi-ihminen, kuten omainen tai edunvalvoja. Kommunikoinnin tarpeisiin vaikuttavat puhevammaisen henkil\u00f6n ik\u00e4 ja vammaan taustatekij\u00e4t. Esimerkiksi lapsen kommunikointitarpeet ovat toisenlaiset kuin aikuisen, joka on saanut puhevamman sairastuttuaan. Yksil\u00f6llinen tarvekuvaus sis\u00e4lt\u00e4\u00e4 mm. esimerkkej\u00e4 tilanteista, joissa asiakkaalla on vaikeuksia ilmaista itse\u00e4\u00e4n tai ymm\u00e4rt\u00e4\u00e4 muita.<\/p><p>Sopivan kommunikointikeinon ja oikeiden apuv\u00e4lineiden l\u00f6yt\u00e4minen edellytt\u00e4\u00e4 kommunikoinnin arviointia. Apuv\u00e4linearvioinnin tavoitteena on l\u00f6yt\u00e4\u00e4 asiakkaan tarpeista l\u00e4htev\u00e4 yksil\u00f6llinen kommunikointikeino sek\u00e4 toimivat apuv\u00e4lineet. My\u00f6s eritt\u00e4in vaikeasti vammaiselle henkil\u00f6lle on mahdollista l\u00f6yt\u00e4\u00e4 keinoja olla vuorovaikutuksessa ymp\u00e4rist\u00f6ns\u00e4 kanssa.<\/p><p>Apuv\u00e4linetarpeen ilmetess\u00e4 suositeltavinta on ottaa yhteys hoidosta vastaavaan tahoon. Jos asiakkaalla on hoitava tai kuntouttava puheterapeutti, kannattaa asiasta keskustella h\u00e4nen kanssaan. Kommunikoinnin apuv\u00e4linepalveluista tiet\u00e4v\u00e4t my\u00f6s muut terveydenhuollon ammattilaiset, esimerkiksi kuntoutusohjaaja tai \u2013suunnittelija, apuv\u00e4linekeskuksen vastaava, l\u00e4\u00e4kinn\u00e4llisest\u00e4 kuntoutuksesta vastaava l\u00e4\u00e4k\u00e4ri tai l\u00e4\u00e4kinn\u00e4llisen kuntoutuksen yksik\u00f6n henkil\u00f6kunta. Jos asiakas asuu laitoksessa tai sairaalassa, tulee yhteys ottaa kyseisen tahon puheterapeuttiin tai muuhun terveydenhuollon ammattilaiseen.<\/p><p>Suomessa kommunikoinnin apuv\u00e4linearviointeja tekev\u00e4t puheterapeutit yhdess\u00e4 muiden asiantuntijoiden kanssa. Vaativammat arvioinnit toteutetaan keskussairaaloiden apuv\u00e4lineyksik\u00f6iss\u00e4, Tietotekniikka- ja kommunikaatiokeskus Tikoteekeissa tai vastaavia palveluita tuottavissa yksik\u00f6iss\u00e4.<\/p><p>Apuv\u00e4linepalveluja ohjaavat lait ovat terveydenhuoltolaki, kansanterveyslaki, erikoissairaanhoitolaki ja laki sosiaali- ja terveydenhuollon asiakasmaksuista sek\u00e4 asetukset l\u00e4\u00e4kinn\u00e4llisest\u00e4 kuntoutuksesta ja l\u00e4\u00e4kinn\u00e4llisen kuntoutuksen apuv\u00e4lineiden luovutuksesta.<\/p><p>Suomessa toimivista Tikoteekki-verkostoon kuuluvista tietotekniikka- ja kommunikaatioyksik\u00f6ist\u00e4 sek\u00e4 vastaavista erikoissairaanhoidon palveluita tuottavista yksik\u00f6ist\u00e4 l\u00f6ytyy lis\u00e4tietoa Tikoteekki-verkoston sivuilta (www.tikoteekkiverkosto.fi).<\/p><p><a class=\"button read external-link\" href=\"https:\/\/tikoteekkiverkosto.fi\/\" target=\"_blank\" rel=\"noopener\">Tikoteekki-verkoston apuv\u00e4linepalvelut<\/a><\/p><p><a class=\"button read external-link\" href=\"https:\/\/www.terveyskyla.fi\/kuntoutumistalo\/ammattilaiset\/apuv%C3%A4lineet\/\" target=\"_blank\" rel=\"noopener\">Kuntoutumistalon Apuv\u00e4line-sivut<\/a><\/p>\n\n","protected":false},"excerpt":{"rendered":"Kommunikoinnin esteit\u00e4 voidaan lievent\u00e4\u00e4 kuntoutuksen lis\u00e4ksi apuv\u00e4lineill\u00e4. Kommunikoinnin apuv\u00e4lineet hankitaan ensisijaisesti julkisen terveydenhuollon apuv\u00e4linepalveluna. Tieto puhevammaisen ihmisen tarvitsemista apuv\u00e4linepalveluista kirjataan kuntoutussuunnitelmaan. Palveluiden l\u00e4ht\u00f6kohtana on apuv\u00e4lineen tarvitsijan ja ammattihenkil\u00f6n yhdess\u00e4 toteama tarve.Apuv\u00e4lineit\u00e4 voivat kustantaa my\u00f6s Kela, sosiaalitoimi, opetustoimi ja vakuutuslaitokset riippuen henkil\u00f6n i\u00e4st\u00e4 tai puhevamman aiheuttajasta. Apuv\u00e4linepalvelut ovat maksuttomia.Kommunikointikansiot, puhelaitteet sek\u00e4 kommunikointiohjelman sis\u00e4lt\u00e4v\u00e4 tietokone tai \u00e4lypuhelin [&hellip;]","protected":false},"author":1,"featured_media":1246,"parent":97,"menu_order":7,"comment_status":"closed","ping_status":"closed","template":"","meta":{"footnotes":""},"categories":[],"tags":[],"class_list":["post-122","page","type-page","status-publish","has-post-thumbnail","hentry"],"_links":{"self":[{"href":"https:\/\/www.kehitysvammaliitto.fi\/tikoteekki\/wp-json\/wp\/v2\/pages\/122","targetHints":{"allow":["GET"]}}],"collection":[{"href":"https:\/\/www.kehitysvammaliitto.fi\/tikoteekki\/wp-json\/wp\/v2\/pages"}],"about":[{"href":"https:\/\/www.kehitysvammaliitto.fi\/tikoteekki\/wp-json\/wp\/v2\/types\/page"}],"author":[{"embeddable":true,"href":"https:\/\/www.kehitysvammaliitto.fi\/tikoteekki\/wp-json\/wp\/v2\/users\/1"}],"replies":[{"embeddable":true,"href":"https:\/\/www.kehitysvammaliitto.fi\/tikoteekki\/wp-json\/wp\/v2\/comments?post=122"}],"version-history":[{"count":0,"href":"https:\/\/www.kehitysvammaliitto.fi\/tikoteekki\/wp-json\/wp\/v2\/pages\/122\/revisions"}],"up":[{"embeddable":true,"href":"https:\/\/www.kehitysvammaliitto.fi\/tikoteekki\/wp-json\/wp\/v2\/pages\/97"}],"wp:featuredmedia":[{"embeddable":true,"href":"https:\/\/www.kehitysvammaliitto.fi\/tikoteekki\/wp-json\/wp\/v2\/media\/1246"}],"wp:attachment":[{"href":"https:\/\/www.kehitysvammaliitto.fi\/tikoteekki\/wp-json\/wp\/v2\/media?parent=122"}],"wp:term":[{"taxonomy":"category","embeddable":true,"href":"https:\/\/www.kehitysvammaliitto.fi\/tikoteekki\/wp-json\/wp\/v2\/categories?post=122"},{"taxonomy":"post_tag","embeddable":true,"href":"https:\/\/www.kehitysvammaliitto.fi\/tikoteekki\/wp-json\/wp\/v2\/tags?post=122"}],"curies":[{"name":"wp","href":"https:\/\/api.w.org\/{rel}","templated":true}]}}