{"id":123,"date":"2018-06-12T18:24:21","date_gmt":"2018-06-12T15:24:21","guid":{"rendered":"https:\/\/www.kehitysvammaliitto.fi\/tikoteekki\/tietoa\/oppaat\/"},"modified":"2025-06-11T09:03:53","modified_gmt":"2025-06-11T06:03:53","slug":"oppaat","status":"publish","type":"page","link":"https:\/\/www.kehitysvammaliitto.fi\/tikoteekki\/tietoa\/oppaat\/","title":{"rendered":"Oppaat"},"content":{"rendered":"<p>Kaikki oppaat voi lukea ja tulostaa pdf-muodossa alla olevista linkeist\u00e4.\u00a0<\/p><p>Oppaissa k\u00e4sitellyist\u00e4 aiheista l\u00f6ytyy lis\u00e4tietoa <a id=\"menur1ab\" class=\"fui-Link ___1q1shib f2hkw1w f3rmtva f1ewtqcl fyind8e f1k6fduh f1w7gpdv fk6fouc fjoy568 figsok6 f1s184ao f1mk8lai fnbmjn9 f1o700av f13mvf36 f1cmlufx f9n3di6 f1ids18y f1tx3yz7 f1deo86v f1eh06m1 f1iescvh fhgqx19 f1olyrje f1p93eir f1nev41a f1h8hb77 f1lqvz6u f10aw75t fsle3fq f17ae5zn\" title=\"https:\/\/web.archive.org\/web\/20240228220658\/http:\/\/papunet.net\/tietoa\" href=\"https:\/\/papunet.net\/tietoa\/\" target=\"_blank\" rel=\"noreferrer noopener\" aria-label=\"Linkki Papunet.net-verkkosivuilta\"><strong>Papunet.net-verkkosivuilta<\/strong><\/a>.<\/p><h4>Opas kommunikoinnin apuv\u00e4linepalveluihin<\/h4><p>Puhevammaisen henkil\u00f6n tulee saada tarvitsemansa apuv\u00e4linepalvelut ensisijaisesti julkisen palveluj\u00e4rjestelm\u00e4n kautta. Kommunikoinnin apuv\u00e4linepalvelut kuuluvat terveydenhuoltolain mukaan kunnan j\u00e4rjest\u00e4m\u00e4\u00e4n l\u00e4\u00e4kinn\u00e4lliseen kuntoutukseen. Oppaassa kerrotaan miten kommunikoinnin apuv\u00e4linepalveluita saa ja mit\u00e4 laadukkaiden palveluiden tulisi sis\u00e4lt\u00e4\u00e4. Sopivan kommunikointikeinon ja oikeiden apuv\u00e4lineiden l\u00f6yt\u00e4minen edellytt\u00e4\u00e4 kommunikoinnin arviointia, johon kuuluu mm. apuv\u00e4lineen kokeilu, yksil\u00f6iminen, k\u00e4yt\u00f6n ohjaus ja seuranta. Oppaan 2. painos julkaistu 2013.<br>\r\n<a href=\"https:\/\/www.kehitysvammaliitto.fi\/tikoteekki\/wp-content\/uploads\/sites\/2\/2018\/08\/Opas_kommunikoinnin_apuvalinepalveluihin2.pdf\" target=\"_blank\" rel=\"noopener\">Opas kommunikoinnin apuv\u00e4linepalveluihin <\/a>(pdf)<\/p><h4>Opas tietoteknisiin apuv\u00e4lineratkaisuihin<\/h4><p>Oppaassa kerrotaan tietoteknisist\u00e4 apuv\u00e4lineratkaisuista, joilla tarkoitetaan erilaisia tietokoneita, niiden ohjaimia, ohjelmia ja oheislaitteita. Oppaassa kuvataan my\u00f6s lyhyesti apuv\u00e4lineen hankintaprosessia. Opas on julkaistu 2016.<br>\r\n<a href=\"https:\/\/www.kehitysvammaliitto.fi\/tikoteekki\/wp-content\/uploads\/sites\/2\/2018\/08\/tietotekniikkaopas2016netti.pdf\" target=\"_blank\" rel=\"noopener\">Opas tietoteknisiin apuv\u00e4lineratkaisuihin<\/a> (pdf)<\/p><h4>Opas kommunikoinnin mahdollisuuksiin<\/h4><p>Mit\u00e4 kommunikointi on ja mit\u00e4 tulee ottaa huomioon puhevammaisen henkil\u00f6n kohtaamisessa? Oppaassa esitell\u00e4\u00e4n my\u00f6s erilaisia puhetta tukevia ja korvaavia kommunikointikeinoja. Oppaan voi lukea ja tulostaa pdf-muodossa suomen- ja ruotsinkielisen\u00e4 sek\u00e4 selkokielell\u00e4. Oppaan 8. painos julkaistu 2007.<br>\r\n<a href=\"https:\/\/www.kehitysvammaliitto.fi\/tikoteekki\/wp-content\/uploads\/sites\/2\/2018\/08\/opas_kommunikoinnin_mahdollisuuksiin_2008.pdf\" target=\"_blank\" rel=\"noopener\">Opas kommunikoinnin mahdollisuuksiin<\/a> (pdf)<br>\r\n<a href=\"https:\/\/www.kehitysvammaliitto.fi\/tikoteekki\/wp-content\/uploads\/sites\/2\/2018\/08\/kommunikointiopasselko.pdf\" target=\"_blank\" rel=\"noopener\">Opas kommunikoinnin mahdollisuuksiin selkokielell\u00e4<\/a> (pdf)<\/p><h4>Vuorotellen. Opas vuorovaikutukseen ja kielen kehityksen alkuvaiheisiin<\/h4><p>Oppaassa kerrotaan lapsen vuorovaikutuksen ja kielen kehityksest\u00e4 syntym\u00e4st\u00e4 noin kahden ja puolen vuoden ik\u00e4\u00e4n saakka. Oppaassa kerrotaan my\u00f6s, miten lasta voi tukea silloin, kun kielen kehitys ei syyst\u00e4 tai toisesta etenek\u00e4\u00e4n keskim\u00e4\u00e4r\u00e4iseen tapaan. Opas on julkaistu my\u00f6s ruotsin-, englannin- ja ven\u00e4j\u00e4nkielisen\u00e4 sek\u00e4 koltansaameksi, pohjoissaameksi ett\u00e4 inarinsaameksi . Suomenkielinen opas on julkaistu 2018.<br>\r\n<a href=\"https:\/\/www.kehitysvammaliitto.fi\/tikoteekki\/wp-content\/uploads\/sites\/2\/2018\/12\/Vuorotellen-opas_netti_2018.pdf\" target=\"_blank\" rel=\"noopener\">Vuorotellen-opas<\/a> (pdf)<\/p><h4>Viittomat kommunikoinnissa<\/h4><p>Oppaaseen on koottu tietoa tukiviittomista sek\u00e4 esimerkkej\u00e4 niiden k\u00e4yt\u00f6st\u00e4 erilaisissa el\u00e4m\u00e4ntilanteissa. Oppaassa on my\u00f6s vinkkej\u00e4 tukiviittomien opetteluun. Opas on julkaistu 2018.<br>\r\n<a href=\"https:\/\/www.kehitysvammaliitto.fi\/tikoteekki\/wp-content\/uploads\/sites\/2\/2018\/12\/Viittomat-kommunikoinnissa_netti_2018.pdf\" target=\"_blank\" rel=\"noopener\">Viittomat kommunikoinnissa<\/a> (pdf)<\/p><h4>Kuvat kommunikoinnissa<\/h4><p>Oppaassa kerrotaan, mit\u00e4 on huomioitava k\u00e4ytett\u00e4ess\u00e4 kuvia ilmaisun v\u00e4lineen\u00e4 tai ymm\u00e4rt\u00e4misen tukena. Siin\u00e4 esitell\u00e4\u00e4n my\u00f6s lyhyesti kuvallisia kommunikointikansioita ja -laitteita. Opas on julkaistu 2014.<br>\r\n<a href=\"https:\/\/www.kehitysvammaliitto.fi\/tikoteekki\/wp-content\/uploads\/sites\/2\/2018\/08\/kuvat_kommunikoinnissa_2014.pdf\" target=\"_blank\" rel=\"noopener\">Kuvat kommunikoinnissa<\/a> (pdf)<\/p><h4>Passi yhteiseen kieleen<\/h4><p>Oppaassa kerrotaan mm. yksil\u00f6llisen kommunikointipassin suunnittelusta, toteutuksesta ja k\u00e4ytt\u00e4misest\u00e4. Opas on julkaistu 2007.<br>\r\n<a href=\"https:\/\/www.kehitysvammaliitto.fi\/tikoteekki\/wp-content\/uploads\/sites\/2\/2018\/08\/passi_yhteiseen_kieleen.pdf\" target=\"_blank\" rel=\"noopener\">Passi yhteiseen kieleen<\/a> (pdf)<\/p><h4>Opas tietokoneohjelmista kuntoutuksessa ja opetuksessa<\/h4><p>Oppaassa kerrotaan, mit\u00e4 mahdollisuuksia tietokoneohjelmien hy\u00f6dynt\u00e4minen tuo kuntoutukseen, opiskeluun ja vapaa-aikaan. Lis\u00e4ksi kerrotaan tekij\u00f6ist\u00e4, jotka vaikuttavat ohjelmien valintaan. Opas on julkaistu 2006.<br>\r\n<a href=\"https:\/\/www.kehitysvammaliitto.fi\/tikoteekki\/wp-content\/uploads\/sites\/2\/2018\/08\/opas_tietokoneohjelmista.pdf\" target=\"_blank\" rel=\"noopener\">Opas tietokoneohjelmista kuntoutuksessa ja opetuksessa<\/a>(pdf)<\/p><h4>Opas puhevammaisten tulkkauspalvelusta<\/h4><p>Oppaassa kerrotaan puhevammaisten tulkkauspalvelun sis\u00e4ll\u00f6st\u00e4, hakemisesta ja k\u00e4ytt\u00e4misest\u00e4. Opasta on saatavilla my\u00f6s ruotsinkielisen\u00e4. Opas on julkaistu 2015.<br>\r\n<a href=\"https:\/\/www.kehitysvammaliitto.fi\/tikoteekki\/wp-content\/uploads\/sites\/2\/2018\/08\/tulkkauspalveluopas_2014_netti.pdf\" target=\"_blank\" rel=\"noopener\">Opas puhevammaisten tulkkauspalvelusta<\/a> (pdf)<\/p><p><a href=\"https:\/\/papunet.net\/tulkkauspalvelu\/\">P\u00e4ivitetty\u00e4 tietoa puhevammaisten tulkkauspalvelusta Papunetissa<\/a><\/p><h4>Kohdaten. Opas vuorovaikutukseen muistisairaan ihmisen kanssa<\/h4><p>Kohdaten-oppaan tarkoituksena on auttaa muistisairasta ihmist\u00e4 ja h\u00e4nen l\u00e4heisi\u00e4\u00e4n kohtaamaan toisensa. Oppaassa kerrotaan, miten ik\u00e4\u00e4ntyminen ja etenev\u00e4 muistisairaus vaikuttavat vuorovaikutukseen. Oppaassa on my\u00f6s ohjeita, miten vuorovaikutusta voi tukea sairauden eri vaiheissa. Opas on julkaistu 2013.<br>\r\n<a href=\"https:\/\/www.kehitysvammaliitto.fi\/tikoteekki\/wp-content\/uploads\/sites\/2\/2018\/08\/Kohdaten-NETTI.pdf\" target=\"_blank\" rel=\"noopener\">Kohdaten-opas<\/a> (pdf)<\/p><h4>Toimimalla osallisuuteen<\/h4><p>Oppaan tarkoituksena on auttaa l\u00e4hihenkil\u00f6it\u00e4 aktivoimaan vaikeimmin kehitysvammaisten ihmisten toimintaa ja vuorovaikutusta. Opas sis\u00e4lt\u00e4\u00e4 tietoa kehitysvammaisuuden vaikutuksesta kykyyn ymm\u00e4rt\u00e4\u00e4 ja j\u00e4sent\u00e4\u00e4 ymp\u00e4r\u00f6iv\u00e4\u00e4 maailmaa. Oppaassa kerrotaan my\u00f6s osallisuuden ja aistikokemuksien merkityksest\u00e4 sek\u00e4 esitell\u00e4\u00e4n aisteja aktivoivia materiaaleja. Oppaan ideoita voidaan hy\u00f6dynt\u00e4\u00e4 p\u00e4ivitt\u00e4isess\u00e4 toiminnassa. Oppaan 2. painos on julkaistu 2008.<br>\r\n<a href=\"https:\/\/www.kehitysvammaliitto.fi\/tikoteekki\/wp-content\/uploads\/sites\/2\/2018\/08\/toimimalla_osallisuuteen_web.pdf\" target=\"_blank\" rel=\"noopener\">Toimimalla osallisuuteen<\/a> (pdf)<\/p><h4>GUIDES IN OTHER LANGUAGES<\/h4><p><a href=\"https:\/\/www.kehitysvammaliitto.fi\/tikoteekki\/wp-content\/uploads\/sites\/2\/2018\/08\/opas_kommunikoinnin_mahd_svenska.pdf\" target=\"_blank\" rel=\"noopener\">Guide om m\u00f6jligheterna med kommunikation<\/a> (pdf)<br>\r\n<a href=\"https:\/\/www.kehitysvammaliitto.fi\/tikoteekki\/wp-content\/uploads\/sites\/2\/2018\/08\/tolktjanst_2014_netti.pdf\" target=\"_blank\" rel=\"noopener\">Guide om tolktj\u00e4nst f\u00f6r talhandikappade<\/a> (pdf)<br>\r\n<a href=\"https:\/\/www.kehitysvammaliitto.fi\/tikoteekki\/wp-content\/uploads\/sites\/2\/2018\/08\/Samspel-NETTI.pdf\" target=\"_blank\" rel=\"noopener\">Samspel. Guide om v\u00e4xelverkan och tidig spr\u00e5kutveckling<\/a> (pdf)<\/p><p><a href=\"https:\/\/www.kehitysvammaliitto.fi\/tikoteekki\/wp-content\/uploads\/sites\/2\/2018\/08\/Taking_turns_netti.pdf\" target=\"_blank\" rel=\"noopener\">Taking Turns.\u00a0 A Guide on Interaction and the Early Stages of Development<\/a> (pdf)<\/p><p><a href=\"https:\/\/www.kehitysvammaliitto.fi\/tikoteekki\/wp-content\/uploads\/sites\/2\/2018\/08\/Vuorotellen_venajaksi_netti-1.pdf\" target=\"_blank\" rel=\"noopener\">\u041f\u041e \u041e\u0427\u0415\u0420\u0415\u0414\u0418 \u2013 \u0421\u043f\u0440\u0430\u0432\u043e\u0447\u043d\u0438\u043a \u043f\u043e \u0438\u043d\u0442\u0435\u0440\u0430\u043a\u0442\u0438\u0432\u043d\u043e\u0441\u0442\u0438 \u0438 \u0440\u0430\u0437\u0432\u0438\u0442\u0438\u044e \u044f\u0437\u044b\u043a\u0430 \u043d\u0430 \u043d\u0430\u0447\u0430\u043b\u044c\u043d\u043e\u043c \u044d\u0442\u0430\u043f\u0435<\/a> (pdf)<\/p><p><a href=\"https:\/\/www.kehitysvammaliitto.fi\/tikoteekki\/wp-content\/uploads\/sites\/2\/2018\/08\/vuorotellen_inarinsaame_netti.pdf\" target=\"_blank\" rel=\"noopener\">VU\u00c1RUTTUV\u00c2I \u2013 Raav\u00e2kirje vu\u00e1ruvaikutt\u00e2s\u00e2n j\u00e1 kiel\u00e2 ovd\u00e1nem alg\u00e2muddoid<\/a> (pdf) (inarinsaame)<br>\r\n<a href=\"https:\/\/www.kehitysvammaliitto.fi\/tikoteekki\/wp-content\/uploads\/sites\/2\/2018\/08\/vuorotellen_koltansaame_netti.pdf\" target=\"_blank\" rel=\"noopener\">VU\u00c2RT\u00d5\u00d5\u01e4\u01e4I \u2013 Vu\u00e4\u02b9ppes vu\u00e2rrvaikkt\u00f5\u02b9sse da \u01e9i\u00f5l ooud\u00e2s m\u00f5\u00f5nnm\u00f5\u00f5\u017e\u017e alggp\u00f5\u00f5\u02b9jid<\/a> (pdf) (koltansaame)<br>\r\n<a href=\"https:\/\/www.kehitysvammaliitto.fi\/tikoteekki\/wp-content\/uploads\/sites\/2\/2018\/08\/vuorotellen_pohjoissaame_netti.pdf\" target=\"_blank\" rel=\"noopener\">VURROLAGAID \u2013 Ofela\u0161 vuorrov\u00e1ikkuhussii ja giela ovd\u00e1neami \u00e1lgomuttuide<\/a> (pdf) (pohjoissaame)<\/p>\n\n","protected":false},"excerpt":{"rendered":"Kaikki oppaat voi lukea ja tulostaa pdf-muodossa alla olevista linkeist\u00e4.\u00a0Oppaissa k\u00e4sitellyist\u00e4 aiheista l\u00f6ytyy lis\u00e4tietoa Papunet.net-verkkosivuilta.Opas kommunikoinnin apuv\u00e4linepalveluihinPuhevammaisen henkil\u00f6n tulee saada tarvitsemansa apuv\u00e4linepalvelut ensisijaisesti julkisen palveluj\u00e4rjestelm\u00e4n kautta. Kommunikoinnin apuv\u00e4linepalvelut kuuluvat terveydenhuoltolain mukaan kunnan j\u00e4rjest\u00e4m\u00e4\u00e4n l\u00e4\u00e4kinn\u00e4lliseen kuntoutukseen. Oppaassa kerrotaan miten kommunikoinnin apuv\u00e4linepalveluita saa ja mit\u00e4 laadukkaiden palveluiden tulisi sis\u00e4lt\u00e4\u00e4. Sopivan kommunikointikeinon ja oikeiden apuv\u00e4lineiden l\u00f6yt\u00e4minen edellytt\u00e4\u00e4 kommunikoinnin [&hellip;]","protected":false},"author":1,"featured_media":401,"parent":97,"menu_order":9,"comment_status":"closed","ping_status":"closed","template":"","meta":{"footnotes":""},"categories":[],"tags":[],"class_list":["post-123","page","type-page","status-publish","has-post-thumbnail","hentry"],"_links":{"self":[{"href":"https:\/\/www.kehitysvammaliitto.fi\/tikoteekki\/wp-json\/wp\/v2\/pages\/123","targetHints":{"allow":["GET"]}}],"collection":[{"href":"https:\/\/www.kehitysvammaliitto.fi\/tikoteekki\/wp-json\/wp\/v2\/pages"}],"about":[{"href":"https:\/\/www.kehitysvammaliitto.fi\/tikoteekki\/wp-json\/wp\/v2\/types\/page"}],"author":[{"embeddable":true,"href":"https:\/\/www.kehitysvammaliitto.fi\/tikoteekki\/wp-json\/wp\/v2\/users\/1"}],"replies":[{"embeddable":true,"href":"https:\/\/www.kehitysvammaliitto.fi\/tikoteekki\/wp-json\/wp\/v2\/comments?post=123"}],"version-history":[{"count":0,"href":"https:\/\/www.kehitysvammaliitto.fi\/tikoteekki\/wp-json\/wp\/v2\/pages\/123\/revisions"}],"up":[{"embeddable":true,"href":"https:\/\/www.kehitysvammaliitto.fi\/tikoteekki\/wp-json\/wp\/v2\/pages\/97"}],"wp:featuredmedia":[{"embeddable":true,"href":"https:\/\/www.kehitysvammaliitto.fi\/tikoteekki\/wp-json\/wp\/v2\/media\/401"}],"wp:attachment":[{"href":"https:\/\/www.kehitysvammaliitto.fi\/tikoteekki\/wp-json\/wp\/v2\/media?parent=123"}],"wp:term":[{"taxonomy":"category","embeddable":true,"href":"https:\/\/www.kehitysvammaliitto.fi\/tikoteekki\/wp-json\/wp\/v2\/categories?post=123"},{"taxonomy":"post_tag","embeddable":true,"href":"https:\/\/www.kehitysvammaliitto.fi\/tikoteekki\/wp-json\/wp\/v2\/tags?post=123"}],"curies":[{"name":"wp","href":"https:\/\/api.w.org\/{rel}","templated":true}]}}