{"id":125,"date":"2018-06-12T18:28:28","date_gmt":"2018-06-12T15:28:28","guid":{"rendered":"https:\/\/www.kehitysvammaliitto.fi\/tikoteekki\/neuvonta\/neuvontapajat-ja-ohjevideot\/"},"modified":"2026-01-14T09:01:04","modified_gmt":"2026-01-14T07:01:04","slug":"neuvontapajat-ja-ohjevideot","status":"publish","type":"page","link":"https:\/\/www.kehitysvammaliitto.fi\/tikoteekki\/neuvonta\/neuvontapajat-ja-ohjevideot\/","title":{"rendered":"Neuvontapajat ja ohjevideot"},"content":{"rendered":"<p><strong>Kaikki Tikoteekin neuvontapajat toteutetaan verkossa et\u00e4yhteydell\u00e4. Pajat ovat maksuttomia ja kaikille avoimia.<\/strong><\/p><h2>Boardmaker 7 -neuvontapajat<\/h2><p>Onko sinulla uusi Boardmaker 7 -ohjelma ja kaipaat neuvoja sen k\u00e4yt\u00f6ss\u00e4? Tule mukaan Boardmaker 7 -pajaan ja kysy mielt\u00e4si askarruttavista toiminnoista.<\/p><p>Neuvontapajassa k\u00e4yd\u00e4\u00e4n l\u00e4pi osallistujien toiveiden mukaisia toimintoja, kuten miten saadaan tuotua Boardmaker 6:lla tehty sivu Boardmaker 7:\u00e4\u00e4n tai miten tuodaan samaan painikkeeseen eli ruutuun kaksi kuvaa. Tervetuloa oppimaan uutta Boardmakerin k\u00e4yt\u00f6st\u00e4!<\/p><p><strong>Ajat: <br>\r\n<\/strong>ke 11.2.2026\u00a0 klo 9 \u2013 10<br>\r\nti 7.4.2026 klo 14 \u2013 15 <br>\r\n<strong>Vet\u00e4j\u00e4<\/strong>: AAC-asiantuntija Virpi Yiannakou<br>\r\n<strong>Hinta:<\/strong> maksuton<br>\r\n<strong>Ilmoittautuminen<\/strong>: viimeist\u00e4\u00e4n 4.2.2026 \/ 31.3.2026, <a href=\"mailto:virpi.yiannakou@kvl.fi\">virpi.yiannakou@kvl.fi<\/a><br>\r\n<strong>Toteutus<\/strong>: Paja toteutetaan Teams-yhteydell\u00e4.<br>\r\n<strong>Tiedustelut j\u00e4rjestelyist\u00e4 ja sis\u00e4ll\u00f6ist\u00e4:<\/strong> Virpi Yiannakou, <a href=\"mailto:virpi.yiannakou@kvl.fi\">virpi.yiannakou@kvl.fi<\/a>, p. 0449063715<\/p><h2>DialoQ Talk -neuvontapajat<\/h2><p>Onko sinulla uusi DialoQ Talk -ohjelma ja kaipaat neuvoja sen k\u00e4yt\u00f6ss\u00e4? Tule mukaan maksuttomaan neuvontapajaan ja kysy mielt\u00e4si askarruttavista toiminnoista.<\/p><p>Neuvontapajassa k\u00e4yd\u00e4\u00e4n l\u00e4pi osallistujien toiveiden mukaisia toimintoja, kuten miten tuodaan samaan painikkeeseen eli ruutuun kaksi kuvaa tai miten saadaan muokattua valmiita sis\u00e4lt\u00f6j\u00e4. Tervetuloa oppimaan uutta DialoQ Talkin k\u00e4yt\u00f6st\u00e4!<\/p><p><strong>Ajat: <br>\r\n<\/strong>ma 23.2.2026 klo 9 \u2013 10 <br>\r\nke 15.4.2026 klo 14 \u2013 15<br>\r\n<strong>Vet\u00e4j\u00e4:<\/strong> AAC-asiantuntija Virpi Yiannakou<br>\r\n<strong>Hinta:<\/strong> maksuton<br>\r\n<strong>Ilmoittautuminen: <\/strong>viimeist\u00e4\u00e4n 20.2.2026 \/ 8.4.2026, <a href=\"mailto:virpi.yiannakou@kvl.fi\">virpi.yiannakou@kvl.fi<\/a> <br>\r\n<strong>Toteutus:<\/strong> Paja toteutetaan Teams-yhteydell\u00e4.<br>\r\n<strong>Tiedustelut j\u00e4rjestelyist\u00e4 ja sis\u00e4ll\u00f6ist\u00e4:<\/strong> Virpi Yiannakou, <a href=\"mailto:virpi.yiannakou@kvl.fi\">virpi.yiannakou@kvl.fi<\/a>, p. 0449063715<\/p><h2>Grid 3 -neuvontapajat<\/h2><p>Onko sinulla Grid 3 -ohjelma ja kaipaat neuvoja sen k\u00e4yt\u00f6ss\u00e4? Tule mukaan Grid 3 -pajaan ja kysy mielt\u00e4si askarruttavista toiminnoista.<\/p><p>Neuvontapajassa k\u00e4yd\u00e4\u00e4n l\u00e4pi osallistujien toiveiden mukaisia toimintoja, kuten miten saadaan vaihdettua nimivaste kuvalle. Tervetuloa oppimaan uutta Grid 3:n k\u00e4yt\u00f6st\u00e4!<\/p><p><strong>Ajat:<br>\r\n<\/strong>to 12.2.2026 klo 9\u201310 Go Talk Now<br>\r\nto 21.5.2026 klo 13-14<br>\r\n<strong>Vet\u00e4j\u00e4<\/strong>:\u00a0Avustavan tietotekniikan asiantuntija Taro Katajisto<br>\r\n<strong>Hinta:<\/strong>\u00a0maksuton<br>\r\n<strong>Ilmoittautuminen:<\/strong> viimeist\u00e4\u00e4n 5.2.2026 \/ 14.5.2026, <a href=\"mailto:taro.katajisto@kvl.fi\">taro.katajisto@kvl.fi<\/a><br>\r\n<strong>Toteutus:<\/strong>\u00a0Paja toteutetaan Teams-yhteydell\u00e4.<br>\r\n<strong>Tiedustelut j\u00e4rjestelyist\u00e4 ja sis\u00e4ll\u00f6ist\u00e4:<\/strong>\u00a0Taro Katajisto,\u00a0<a href=\"mailto:taro.katajisto@kvl.fi\">taro.katajisto@kvl.fi<\/a>\u00a0, p. 0504100350<\/p><h2>GoTalkNow-neuvontapajat<\/h2><p>Onko sinulla GoTalkNow-ohjelma ja kaipaat neuvoja sen k\u00e4yt\u00f6ss\u00e4? Tule mukaan GoTalkNow-pajaan ja kysy mielt\u00e4si askarruttavista toiminnoista.<\/p><p>Neuvontapajassa k\u00e4yd\u00e4\u00e4n l\u00e4pi osallistujien toiveiden mukaisia toimintoja, kuten miten saadaan luotua uusia sivuja GoTalNow-kirjaan. Tervetuloa oppimaan uutta GoTalkNow:n k\u00e4yt\u00f6st\u00e4!<\/p><p><strong>Ajat:<\/strong><br>\r\npe 13.2.2026 klo 9-10<br>\r\npe 22.5.2026 klo 13-14<br>\r\n<strong>Vet\u00e4j\u00e4<\/strong>:\u00a0Avustavan tietotekniikan asiantuntija Taro Katajisto<br>\r\n<strong>Hinta:<\/strong>\u00a0maksuton<br>\r\n<strong>Ilmoittautuminen:<\/strong> viimeist\u00e4\u00e4n 6.2.2026\u00a0 \/ 15.5.2026, <a href=\"mailto:taro.katajisto@kvl.fi\">taro.katajisto@kvl.fi<\/a><br>\r\n<strong>Toteutus:<\/strong>\u00a0Paja toteutetaan Teams-yhteydell\u00e4.<br>\r\n<strong>Tiedustelut j\u00e4rjestelyist\u00e4 ja sis\u00e4ll\u00f6ist\u00e4:\u00a0<\/strong>Taro Katajisto,\u00a0<a href=\"mailto:taro.katajisto@kvl.fi\">taro.katajisto@kvl.fi<\/a>\u00a0, p. 0504100350<\/p><h2>Ohjevideoita Tikotuubissa<\/h2><p><a href=\"https:\/\/www.youtube.com\/@tikotuubi\" target=\"_blank\" rel=\"noopener\">Tikotuubi<\/a> on Tikoteekin YouTube-kanava, joka sis\u00e4lt\u00e4\u00e4 ohjevideoita mm. tietoteknisten kommunikointisovellusten k\u00e4ytt\u00f6\u00f6n.\u00a0<\/p><p>Ohjevideoita l\u00f6ytyy seuraavista ohjelmista:<\/p><p>Boardmaker 6<br>\r\nBoardmaker 7<br>\r\nCommunicator 5<br>\r\nDialoQ Talk <br>\r\nGo Talk Now<br>\r\nGo Talk WOW<br>\r\nGrid 3 <br>\r\nSpeaking Dynamically Pro (SDP)<br>\r\nWidgit go<br>\r\nWidgit Online<br>\r\n<br>\r\nSuoraan soittolistoille p\u00e4\u00e4set <a href=\"https:\/\/www.youtube.com\/@tikotuubi\/playlists?view=1&amp;sort=dd&amp;shelf_id=2\">t\u00e4st\u00e4<\/a><\/p>\n\n","protected":false},"excerpt":{"rendered":"Kaikki Tikoteekin neuvontapajat toteutetaan verkossa et\u00e4yhteydell\u00e4. Pajat ovat maksuttomia ja kaikille avoimia.Boardmaker 7 -neuvontapajatOnko sinulla uusi Boardmaker 7 -ohjelma ja kaipaat neuvoja sen k\u00e4yt\u00f6ss\u00e4? Tule mukaan Boardmaker 7 -pajaan ja kysy mielt\u00e4si askarruttavista toiminnoista.Neuvontapajassa k\u00e4yd\u00e4\u00e4n l\u00e4pi osallistujien toiveiden mukaisia toimintoja, kuten miten saadaan tuotua Boardmaker 6:lla tehty sivu Boardmaker 7:\u00e4\u00e4n tai miten tuodaan samaan painikkeeseen [&hellip;]","protected":false},"author":1,"featured_media":281,"parent":119,"menu_order":3,"comment_status":"closed","ping_status":"closed","template":"","meta":{"footnotes":""},"categories":[],"tags":[],"class_list":["post-125","page","type-page","status-publish","has-post-thumbnail","hentry"],"_links":{"self":[{"href":"https:\/\/www.kehitysvammaliitto.fi\/tikoteekki\/wp-json\/wp\/v2\/pages\/125","targetHints":{"allow":["GET"]}}],"collection":[{"href":"https:\/\/www.kehitysvammaliitto.fi\/tikoteekki\/wp-json\/wp\/v2\/pages"}],"about":[{"href":"https:\/\/www.kehitysvammaliitto.fi\/tikoteekki\/wp-json\/wp\/v2\/types\/page"}],"author":[{"embeddable":true,"href":"https:\/\/www.kehitysvammaliitto.fi\/tikoteekki\/wp-json\/wp\/v2\/users\/1"}],"replies":[{"embeddable":true,"href":"https:\/\/www.kehitysvammaliitto.fi\/tikoteekki\/wp-json\/wp\/v2\/comments?post=125"}],"version-history":[{"count":0,"href":"https:\/\/www.kehitysvammaliitto.fi\/tikoteekki\/wp-json\/wp\/v2\/pages\/125\/revisions"}],"up":[{"embeddable":true,"href":"https:\/\/www.kehitysvammaliitto.fi\/tikoteekki\/wp-json\/wp\/v2\/pages\/119"}],"wp:featuredmedia":[{"embeddable":true,"href":"https:\/\/www.kehitysvammaliitto.fi\/tikoteekki\/wp-json\/wp\/v2\/media\/281"}],"wp:attachment":[{"href":"https:\/\/www.kehitysvammaliitto.fi\/tikoteekki\/wp-json\/wp\/v2\/media?parent=125"}],"wp:term":[{"taxonomy":"category","embeddable":true,"href":"https:\/\/www.kehitysvammaliitto.fi\/tikoteekki\/wp-json\/wp\/v2\/categories?post=125"},{"taxonomy":"post_tag","embeddable":true,"href":"https:\/\/www.kehitysvammaliitto.fi\/tikoteekki\/wp-json\/wp\/v2\/tags?post=125"}],"curies":[{"name":"wp","href":"https:\/\/api.w.org\/{rel}","templated":true}]}}