{"id":126,"date":"2018-06-12T18:28:28","date_gmt":"2018-06-12T15:28:28","guid":{"rendered":"https:\/\/www.kehitysvammaliitto.fi\/tikoteekki\/neuvonta\/opiskelijoille\/"},"modified":"2025-05-21T11:21:07","modified_gmt":"2025-05-21T08:21:07","slug":"opiskelijoille","status":"publish","type":"page","link":"https:\/\/www.kehitysvammaliitto.fi\/tikoteekki\/neuvonta\/opiskelijoille\/","title":{"rendered":"Opiskelijoille"},"content":{"rendered":"<h1>Perustietoa kommunikoinnin tukikeinoista<\/h1><p><em><strong>Tikoteekki julkaisee t\u00e4ll\u00e4 sivulla erityisesti opiskelijoille suunnattuja videoita, joissa esitell\u00e4\u00e4n lyhyesti erilaisia kommunikoinnin tukikeinoja. Videot voi katsoa my\u00f6s suoraan <a href=\"https:\/\/www.youtube.com\/playlist?list=PLH0HhAPASPM5aY5O0e7jfLyz3RxWi_xgh\" target=\"_blank\" rel=\"noopener\">YouTubesta omalta soittolistaltaan<\/a>. <br>\r\n<\/strong><\/em><\/p><h2>Lyhyesti puhevammaisuudesta<\/h2><p><iframe src=\"https:\/\/www.youtube.com\/embed\/hYZq1A5WncM?start=1\" allowfullscreen=\"allowfullscreen\"><\/iframe><\/p><table class=\"table\" style=\"width: 100%; border-collapse: collapse; background-color: #e3eaf2; height: 97px;\">\r\n<tbody>\r\n<tr style=\"height: 97px;\">\r\n<td style=\"width: 100%; height: 97px;\">\r\n<p>Millaista olisi, jos et pystyisi puhumaan? Videolla kerrotaan, mit\u00e4 puhevammaisuudella tarkoitetaan, ja esitell\u00e4\u00e4n kommunikoinnin apuv\u00e4linepalveluita ja apuv\u00e4lineiden k\u00e4ytt\u00f6\u00e4. Videolla kerrotaan my\u00f6s puhevammaisten tulkkauspalvelusta. Kommunikointia voidaan tukea my\u00f6s piirt\u00e4m\u00e4ll\u00e4 ja vuorovaikutuksessa vaikeasti kehitys- tai puhevammaisten ihmisten kanssa voidaan k\u00e4ytt\u00e4\u00e4 apuna eleit\u00e4, kosketusta, \u00e4\u00e4ntely\u00e4 tai viittomia. Videolla esitell\u00e4\u00e4n Tikoteekin kehitt\u00e4m\u00e4 LOVIT-muistis\u00e4\u00e4nt\u00f6, joka auttaa olemaan osaava kommunikointikumppani.<\/p>\r\n<\/td>\r\n<\/tr>\r\n<\/tbody>\r\n<\/table><p><a href=\"https:\/\/tikoteekkiverkosto.fi\/puhevammaisuus\/\" target=\"_blank\" rel=\"noopener\">Lis\u00e4tietoa puhevammaisuudesta Tikoteekki-verkoston sivuilla<\/a>.<\/p><p>Lis\u00e4tietoa\u00a0<a href=\"https:\/\/tikoteekkiverkosto.fi\/apuvalinepalvelut\/\" target=\"_blank\" rel=\"noopener\">kommunikoinnin apuv\u00e4linepalveluista Tikoteekki-verkoston sivuilla<\/a> ja <a href=\"https:\/\/papunet.net\/tietoa\/kommunikointi-kuuluu-kaikille\/palvelut-ja-tuki\/\" target=\"_blank\" rel=\"noopener\">muista puhevammaisuuteen liittyvist\u00e4 palveluista Papunetin sivuilla<\/a>.\u00a0\u00a0<\/p><h2>Tukiviittomat tutuksi<\/h2><p><iframe src=\"https:\/\/www.youtube.com\/embed\/8ATmjoc1mbs?start=1\" allowfullscreen=\"allowfullscreen\"><\/iframe><\/p><table class=\"table\" style=\"width: 100%; border-collapse: collapse; background-color: #e3eaf2; height: 97px;\">\r\n<tbody>\r\n<tr style=\"height: 97px;\">\r\n<td style=\"width: 100%; height: 97px;\">\r\n<p>Tukiviittomat ovat viittomakielest\u00e4 lainattuja viittomia, joita k\u00e4ytet\u00e4\u00e4n aina puheen rinnalla ja puhutun kielen mukaisessa sanaj\u00e4rjestyksess\u00e4. Tukiviittominen vahvistaa puheen ja kielen kehittymist\u00e4 ja tarjoaa keinon kommunikoida. Jos puhe ei kehity odotetulla tavalla, viittomista voi tulla pysyv\u00e4 kommunikointikeino. T\u00e4ll\u00f6in ne voivat olla osa henkil\u00f6n kommunikointia eleilmaisun, yksitt\u00e4isten sanojen tai kuvien rinnalla. Lapsen kommunikoinnin kehittymisen kannalta on t\u00e4rke\u00e4\u00e4, ett\u00e4 viittovia aikuisia on niin kotona, p\u00e4iv\u00e4kodissa kuin koulussakin. Videolla Tikoteekin AAC-asiantuntija Virpi Yiannakou kertoo tukiviittomista ja niiden k\u00e4yt\u00f6st\u00e4.<\/p>\r\n<\/td>\r\n<\/tr>\r\n<\/tbody>\r\n<\/table><p><a href=\"https:\/\/papunet.net\/tietoa\/keinoja-vuorovaikutukseen\/tukiviittomat-kommunikoinnissa\/\" target=\"_blank\" rel=\"noopener\">Lis\u00e4tietoa Papunetin sivuilla<\/a><\/p><h2>Kommunikointikansioita erilaisiin tarpeisiin<\/h2><p><iframe src=\"https:\/\/www.youtube.com\/embed\/cL9XfMaLTAw?start=1\" allowfullscreen=\"allowfullscreen\"><\/iframe><\/p><table class=\"table\" style=\"width: 100%; border-collapse: collapse; background-color: #e3eaf2; height: 97px;\">\r\n<tbody>\r\n<tr style=\"height: 97px;\">\r\n<td style=\"width: 100%; height: 97px;\">\r\n<p>Kommunikointikansioita ovat erilaiset sana-, lause- ja kuvakansiot. Kommunikointikansion sis\u00e4lt\u00f6\u00e4 p\u00e4ivitet\u00e4\u00e4n puhevammaisen henkil\u00f6n tarpeen mukaan esimerkiksi lis\u00e4\u00e4m\u00e4ll\u00e4 uusia ajankohtaisia sanoja. Kansio voidaan rakentaa kuvapankkien kuvilla, piirroskuvilla, valokuvilla tai bliss-symboleilla. Kuvien yhteyteen liitet\u00e4\u00e4n vastaava sana kirjoitettuna. Kuvilla rakennetut kansiot soveltuvat henkil\u00f6ille, jotka eiv\u00e4t osaa lukea eiv\u00e4tk\u00e4 kirjoittaa. Videolla asiantuntija, puheterapeutti Kaisa Laine esittelee erityyppisi\u00e4 kommunikointikansioita.<\/p>\r\n<\/td>\r\n<\/tr>\r\n<\/tbody>\r\n<\/table><p><a href=\"https:\/\/papunet.net\/tietoa\/kommunikoinnin-apuvalineet\/kommunikointitaulut-ja-kansiot\/\" target=\"_blank\" rel=\"noopener\">Lis\u00e4tietoa Papunetin sivuilla<\/a><\/p><h2>Kommunikointilaitteet<\/h2><p><iframe src=\"https:\/\/www.youtube.com\/embed\/5HW8tTgeb7o?start=1\" allowfullscreen=\"allowfullscreen\"><\/iframe><\/p><table class=\"table\" style=\"width: 100%; border-collapse: collapse; background-color: #e3eaf2; height: 97px;\">\r\n<tbody>\r\n<tr style=\"height: 97px;\">\r\n<td style=\"width: 100%; height: 97px;\">\r\n<p>Kommunikointilaitteessa voi olla viestipainikkeita tai -ruutuja, joita valitsemalla laitteeseen \u00e4\u00e4nitetyt viestit kuuluvat puheena. Viesti\u00e4 kuvaava merkki voidaan esitt\u00e4\u00e4 kuvalla, graafisella symbolilla tai esineell\u00e4. N\u00e4pp\u00e4imist\u00f6ll\u00e4 varustetulla kommunikointilaitteella voidaan kirjoittaa viestej\u00e4, jolloin teksti n\u00e4kyy laitteen n\u00e4yt\u00f6ll\u00e4 ja tarvittaessa puhesyntetisaattori lukee viestin \u00e4\u00e4neen. Videolla asiantuntija, puheterapeutti Annakaisa Ojanen esittelee erilaisia kommunikointilaitteita.<\/p>\r\n<\/td>\r\n<\/tr>\r\n<\/tbody>\r\n<\/table><p><a href=\"https:\/\/papunet.net\/kommunikointilaitteet\/\" target=\"_blank\" rel=\"noopener\">Lis\u00e4tietoa Papunetin sivuilla<\/a><\/p><h2>Kommunikointiohjelmat<\/h2><p><iframe src=\"https:\/\/www.youtube.com\/embed\/2O0ehIHWdEA?start=1\" allowfullscreen=\"allowfullscreen\"><\/iframe><\/p><table class=\"table\" style=\"width: 100%; border-collapse: collapse; background-color: #e3eaf2; height: 97px;\">\r\n<tbody>\r\n<tr style=\"height: 97px;\">\r\n<td style=\"width: 100%; height: 97px;\">\r\n<p>Kommunikointiohjelma on tietokoneessa, \u00e4lypuhelimessa tai tabletissa toimiva alusta, johon on rakennettu puhevammaiselle henkil\u00f6lle toimiva kommunikoinnin kokonaisuus. K\u00e4ytt\u00e4j\u00e4 muodostaa merkeist\u00e4 (kuvista, bliss-symboleista, sanoista) viestej\u00e4 ja valitut merkit siirtyv\u00e4t n\u00e4kyviin viestiriville. Puhesyntetisaattori lukee tehdyn viestin \u00e4\u00e4neen. Kommunikointiohjelman k\u00e4ytt\u00e4minen edellytt\u00e4\u00e4 toimivaa laitteen ohjaintapaa sek\u00e4 riitt\u00e4vi\u00e4 kognitiivisia taitoja hallita ja k\u00e4ytt\u00e4\u00e4 ohjelmaa. Videolla asiantuntija, puheterapeutti Annakaisa Ojanen, n\u00e4ytt\u00e4\u00e4 muutamia esimerkkej\u00e4 kommunikointiohjelmista.<\/p>\r\n<\/td>\r\n<\/tr>\r\n<\/tbody>\r\n<\/table><p><a href=\"https:\/\/papunet.net\/tietoa\/kommunikoinnin-apuvalineet\/kommunikointiohjelmat\/\" target=\"_blank\" rel=\"noopener\">Lis\u00e4tietoa kommunikointiohjelmista Papunetin sivuilla<\/a>.<\/p><p><a href=\"https:\/\/papunet.net\/kuntoutus-kommunikoinnin-eri-kehitysvaiheissa\/\" target=\"_blank\" rel=\"noopener\">Lis\u00e4tietoa kommunikoinnin kuntoutuksen vaiheista Papunetin sivuilla<\/a>.\u00a0<\/p><h2>Tietoteknisten apuv\u00e4lineiden kokeilua<\/h2><p><iframe src=\"\/\/www.youtube.com\/embed\/InVzuss0rR8\" allowfullscreen=\"allowfullscreen\"><\/iframe><\/p><table class=\"table\" style=\"width: 100%; border-collapse: collapse; background-color: #e3eaf2; height: 97px;\">\r\n<tbody>\r\n<tr style=\"height: 97px;\">\r\n<td style=\"width: 100%; height: 97px;\">\r\n<p>Tietotekniset apuv\u00e4lineet auttavat tietokoneen k\u00e4yt\u00f6ss\u00e4, kun normaalit ohjaintavat eiv\u00e4t riit\u00e4. Hiiri\u00e4, n\u00e4pp\u00e4imist\u00f6j\u00e4 ja painikkeita, jotka korvaavat esimerkiksi n\u00e4pp\u00e4imist\u00f6n n\u00e4pp\u00e4imen toiminnan, on useanlaisia. Apuv\u00e4linearvioinnissa testataan ja arvioidaan kullekin k\u00e4ytt\u00e4j\u00e4lle paras mahdollinen ratkaisu. T\u00e4ll\u00e4 videolla tutustutaan katseohjaukseen ja p\u00e4\u00e4hiireen, n\u00e4ytt\u00f6n\u00e4pp\u00e4imist\u00f6\u00f6n sek\u00e4 muihin erilaisiin tietokoneen k\u00e4ytt\u00f6tapoihin.<\/p>\r\n<\/td>\r\n<\/tr>\r\n<\/tbody>\r\n<\/table><h2>Tietotekniset apuv\u00e4lineet<\/h2><p><iframe src=\"\/\/www.youtube.com\/embed\/OeoA2v2CdcQ\" allowfullscreen=\"allowfullscreen\"><\/iframe><\/p><table class=\"table\" style=\"width: 100%; border-collapse: collapse; background-color: #e3eaf2; height: 97px;\">\r\n<tbody>\r\n<tr style=\"height: 97px;\">\r\n<td style=\"width: 100%; height: 97px;\">\r\n<p>Tietotekniset apuv\u00e4lineet auttavat tietokoneen k\u00e4yt\u00f6ss\u00e4, kun normaalit ohjaintavat eiv\u00e4t riit\u00e4. T\u00e4m\u00e4 video antaa nopean v\u00e4l\u00e4yksen n\u00e4ist\u00e4 apuv\u00e4lineist\u00e4.<\/p>\r\n<\/td>\r\n<\/tr>\r\n<\/tbody>\r\n<\/table><h2>Tikoteekin Apuv\u00e4lineen\u00e4 ihminen -toimintamallit<\/h2><p><iframe src=\"https:\/\/www.youtube.com\/embed\/e8X2pqpRkgc?start=1\" allowfullscreen=\"allowfullscreen\"><\/iframe><\/p><table class=\"table\" style=\"width: 100%; border-collapse: collapse; background-color: #e3eaf2; height: 97px;\">\r\n<tbody>\r\n<tr style=\"height: 97px;\">\r\n<td style=\"width: 100%; height: 97px;\">\r\n<p>Vaikeasti kehitys- tai puhevammaisten ihmisten t\u00e4rkein apuv\u00e4line on toinen ihminen. Videolla Tikoteekin asiantuntijat Katja Burakoff ja Kaisa Martikainen kertovat, miksi Tikoteekki on kehitt\u00e4nyt ja tuonut Suomeen vuorovaikutusta vahvistavia toimintamalleja (HYP, Voimauttava vuorovaikutus ja OIVA).<\/p>\r\n<\/td>\r\n<\/tr>\r\n<\/tbody>\r\n<\/table><p><a href=\"https:\/\/www.kehitysvammaliitto.fi\/tikoteekki\/toimintamallit\/apuvalineena-ihminen\/\" target=\"_blank\" rel=\"noopener\">Lis\u00e4tietoa toimintamalleista<\/a><\/p><h2>Huomioivan yhdess\u00e4olon malli HYP<\/h2><p><iframe src=\"https:\/\/www.youtube.com\/embed\/1lPuXhASFJ0\" allowfullscreen=\"allowfullscreen\"><\/iframe><\/p><table class=\"table\" style=\"width: 100%; border-collapse: collapse; background-color: #e3eaf2; height: 97px;\">\r\n<tbody>\r\n<tr style=\"height: 97px;\">\r\n<td style=\"width: 100%; height: 97px;\">\r\n<p>Tutkimusten mukaan vaikeasti kehitys- tai puhevammaisten ihmisten arjessa on vain v\u00e4h\u00e4n hetki\u00e4, joiden ainoa tarkoitus on vuorovaikutus ja jossa kumppani ei suorita hoitotoimenpidett\u00e4 tai muuta teht\u00e4v\u00e4\u00e4. Jokaisella paljon tukea tarvitsevalla ihmisell\u00e4kin on kuitenkin oikeus yhdess\u00e4oloon ja vuorovaikutukseen ilman muita tavoitteita. HYP on asenne ja tapa olla vuorovaikutuksessa paljon tukea tarvitsevien ihmisten kanssa. Sen tarkoituksena on varmistaa, ett\u00e4 p\u00e4ivitt\u00e4in on riitt\u00e4v\u00e4sti aikaa mukavalle, henkil\u00f6n aloitteesta l\u00e4htev\u00e4lle yhdess\u00e4ololle. Videolla Tikoteekin asiantuntijat Katja Burakoff ja Kaisa Martikainen kertovat HYP-mallin taustasta, toimintaperiaatteista ja materiaaleista.<\/p>\r\n<\/td>\r\n<\/tr>\r\n<\/tbody>\r\n<\/table><p><a href=\"https:\/\/www.kehitysvammaliitto.fi\/tikoteekki\/toimintamallit\/hyp\/\" target=\"_blank\" rel=\"noopener\">Lis\u00e4tietoa HYP-mallista<\/a><\/p><h2>OIVA-vuorovaikutusmallin\u00ae taustasta ja periaatteista<\/h2><p><iframe src=\"https:\/\/www.youtube.com\/embed\/SgOG9Qovtx0?start=1\" allowfullscreen=\"allowfullscreen\"><\/iframe><\/p><table class=\"table\" style=\"width: 100%; border-collapse: collapse; background-color: #e3eaf2; height: 97px;\">\r\n<tbody>\r\n<tr style=\"height: 97px;\">\r\n<td style=\"width: 100%; height: 97px;\">\r\n<p>OIVA on video-ohjaukseen perustuva ty\u00f6skentelymalli puhevammaisten ihmisten vuorovaikutuskumppaneille. Siin\u00e4 hy\u00f6dynnet\u00e4\u00e4n arkiymp\u00e4rist\u00f6ss\u00e4 videoituja vuorovaikutustilanteita, joiden pohjalta puhevammaisten ihmisen vuorovaikutuskumppanit ja OIVA-ohjaaja kokoontuvat keskustelemaan, ideoimaan ja sopimaan kokeiluja arjen vuorovaikutustilanteisiin. Tavoitteena on vahvistaa l\u00e4hi-ihmisten taitoja olla vuorovaikutuksessa puhevammaisten ihmisten kanssa. Videolla Tikoteekin asiantuntijat Katja Burakoff ja Kaisa Martikainen kertovat OIVA:n taustasta, toimintaperiaatteista ja materiaaleista.<\/p>\r\n<\/td>\r\n<\/tr>\r\n<\/tbody>\r\n<\/table><p><a href=\"https:\/\/www.kehitysvammaliitto.fi\/tikoteekki\/toimintamallit\/oiva\/\" target=\"_blank\" rel=\"noopener\">Lis\u00e4tietoa OIVA:sta<\/a><\/p><h2>Voimauttavan vuorovaikutuksen taustasta ja periaatteista<\/h2><p><iframe src=\"https:\/\/www.youtube.com\/embed\/p3Mi4l6IkYk?start=1\" allowfullscreen=\"allowfullscreen\"><\/iframe><\/p><table class=\"table\" style=\"width: 100%; border-collapse: collapse; background-color: #e3eaf2; height: 97px;\">\r\n<tbody>\r\n<tr style=\"height: 97px;\">\r\n<td style=\"width: 100%; height: 97px;\">\r\n<p>Voimauttava vuorovaikutus (Intensive Interaction) on kehityksellinen toimintamalli. Siin\u00e4 k\u00e4ytet\u00e4\u00e4n varhaisen vuorovaikutuksen keinoja vaikeasti kehitysvammaisten tai autismikirjon henkil\u00f6iden kanssa kommunikointiin. Tavoitteena on vahvistaa vuorovaikutussuhdetta ja harjoitella yhdess\u00e4 kommunikoinnin perustan taitoja kuten huomion suuntaamista toiseen, yhdess\u00e4 olemista, vuorottelua sek\u00e4 ilmeiden ja eleiden ymm\u00e4rt\u00e4mist\u00e4 ja k\u00e4ytt\u00e4mist\u00e4 vuorovaikutuksessa. N\u00e4m\u00e4 ovat taitoja, jotka muodostavat pohjan muulle oppimiselle ja kehitykselle. Videolla Tikoteekin asiantuntijat Katja Burakoff ja Kaisa Martikainen kertovat Voimauttavan vuorovaikutuksen taustasta, toimintaperiaatteista ja materiaaleista.<\/p>\r\n<\/td>\r\n<\/tr>\r\n<\/tbody>\r\n<\/table><p><a href=\"https:\/\/www.kehitysvammaliitto.fi\/tikoteekki\/toimintamallit\/voimauttava-vuorovaikutus\/\" target=\"_blank\" rel=\"noopener\">\u00a0Lis\u00e4tietoa Voimauttavan vuorovaikutuksen toimintamallista<\/a><\/p><h2>Rohkaisin<\/h2><p><iframe src=\"\/\/www.youtube.com\/embed\/I1il0Ftyfgo\" allowfullscreen=\"allowfullscreen\"><\/iframe><\/p><table class=\"table\" style=\"width: 100%; border-collapse: collapse; background-color: #e3eaf2; height: 97px;\">\r\n<tbody>\r\n<tr style=\"height: 97px;\">\r\n<td style=\"width: 100%; height: 97px;\">\r\n<p>Rohkaisin on asenne ja toimintatapa, jonka avulla vahvistetaan puhumattoman, olemuskielisen ihmisen itsem\u00e4\u00e4r\u00e4\u00e4misoikeutta ja tuetaan h\u00e4nt\u00e4 tekem\u00e4\u00e4n p\u00e4\u00e4t\u00f6ksi\u00e4. Rohkaisin auttaa tukijoita tutustumaan henkil\u00f6\u00f6n ja tulkitsemaan h\u00e4nen olemuskielell\u00e4 ilmaisemiaan mieltymyksi\u00e4, sek\u00e4 lis\u00e4\u00e4m\u00e4\u00e4nh\u00e4nen el\u00e4m\u00e4\u00e4ns\u00e4 asioita, joista h\u00e4n pit\u00e4\u00e4 ja on kiinnostunut.\u00a0<\/p>\r\n<p>Videolla tukija tekee nostolaitteesta keinun. Rohkaisin innostaa h\u00e4nt\u00e4 kokeilemaan tuttua tekemist\u00e4 uudella ja erilaisella tavalla ja havainnoimaan, mit\u00e4 olemuskielinen ihminen tykk\u00e4\u00e4. Kokeiluissa vain luovuus on rajana.<\/p>\r\n<\/td>\r\n<\/tr>\r\n<\/tbody>\r\n<\/table><p><a href=\"https:\/\/www.kehitysvammaliitto.fi\/tikoteekki\/toimintamallit\/rohkaisin\/\">Lis\u00e4tietoa Rohkaisimesta<\/a><\/p><p><a class=\"button read\" href=\"https:\/\/www.kehitysvammaliitto.fi\/tikoteekki\/tietoa\/videot\/\">Tutustu kaikkiin Tikoteekin tuottamiin videoihin<\/a><\/p>\n\n","protected":false},"excerpt":{"rendered":"Perustietoa kommunikoinnin tukikeinoistaTikoteekki julkaisee t\u00e4ll\u00e4 sivulla erityisesti opiskelijoille suunnattuja videoita, joissa esitell\u00e4\u00e4n lyhyesti erilaisia kommunikoinnin tukikeinoja. Videot voi katsoa my\u00f6s suoraan YouTubesta omalta soittolistaltaan. Lyhyesti puhevammaisuudesta Millaista olisi, jos et pystyisi puhumaan? Videolla kerrotaan, mit\u00e4 puhevammaisuudella tarkoitetaan, ja esitell\u00e4\u00e4n kommunikoinnin apuv\u00e4linepalveluita ja apuv\u00e4lineiden k\u00e4ytt\u00f6\u00e4. Videolla kerrotaan my\u00f6s puhevammaisten tulkkauspalvelusta. Kommunikointia voidaan tukea my\u00f6s piirt\u00e4m\u00e4ll\u00e4 ja [&hellip;]","protected":false},"author":1,"featured_media":399,"parent":119,"menu_order":5,"comment_status":"closed","ping_status":"closed","template":"","meta":{"footnotes":""},"categories":[],"tags":[],"class_list":["post-126","page","type-page","status-publish","has-post-thumbnail","hentry"],"_links":{"self":[{"href":"https:\/\/www.kehitysvammaliitto.fi\/tikoteekki\/wp-json\/wp\/v2\/pages\/126","targetHints":{"allow":["GET"]}}],"collection":[{"href":"https:\/\/www.kehitysvammaliitto.fi\/tikoteekki\/wp-json\/wp\/v2\/pages"}],"about":[{"href":"https:\/\/www.kehitysvammaliitto.fi\/tikoteekki\/wp-json\/wp\/v2\/types\/page"}],"author":[{"embeddable":true,"href":"https:\/\/www.kehitysvammaliitto.fi\/tikoteekki\/wp-json\/wp\/v2\/users\/1"}],"replies":[{"embeddable":true,"href":"https:\/\/www.kehitysvammaliitto.fi\/tikoteekki\/wp-json\/wp\/v2\/comments?post=126"}],"version-history":[{"count":0,"href":"https:\/\/www.kehitysvammaliitto.fi\/tikoteekki\/wp-json\/wp\/v2\/pages\/126\/revisions"}],"up":[{"embeddable":true,"href":"https:\/\/www.kehitysvammaliitto.fi\/tikoteekki\/wp-json\/wp\/v2\/pages\/119"}],"wp:featuredmedia":[{"embeddable":true,"href":"https:\/\/www.kehitysvammaliitto.fi\/tikoteekki\/wp-json\/wp\/v2\/media\/399"}],"wp:attachment":[{"href":"https:\/\/www.kehitysvammaliitto.fi\/tikoteekki\/wp-json\/wp\/v2\/media?parent=126"}],"wp:term":[{"taxonomy":"category","embeddable":true,"href":"https:\/\/www.kehitysvammaliitto.fi\/tikoteekki\/wp-json\/wp\/v2\/categories?post=126"},{"taxonomy":"post_tag","embeddable":true,"href":"https:\/\/www.kehitysvammaliitto.fi\/tikoteekki\/wp-json\/wp\/v2\/tags?post=126"}],"curies":[{"name":"wp","href":"https:\/\/api.w.org\/{rel}","templated":true}]}}