{"id":128,"date":"2018-06-12T18:32:55","date_gmt":"2018-06-12T15:32:55","guid":{"rendered":"https:\/\/www.kehitysvammaliitto.fi\/tikoteekki\/koulutus\/hyp-koulutus\/"},"modified":"2026-04-15T16:03:11","modified_gmt":"2026-04-15T13:03:11","slug":"hyp-koulutus","status":"publish","type":"page","link":"https:\/\/www.kehitysvammaliitto.fi\/tikoteekki\/koulutus\/hyp-koulutus\/","title":{"rendered":"HYP-koulutus"},"content":{"rendered":"<p>Tikoteekin Suomeen tuoman ja k\u00e4\u00e4nt\u00e4m\u00e4n <a href=\"https:\/\/www.kehitysvammaliitto.fi\/tikoteekki\/toimintamallit\/hyp\/\" target=\"_blank\" rel=\"noopener\">HYP-toimintamallin<\/a> on kehitt\u00e4nyt australialainen puheterapeutti Sheridan Forster. Malli on englanniksi Hanging Out Program (HOP).<\/p><p>Huomioivan yhdess\u00e4olon malli rohkaisee ty\u00f6ntekij\u00f6it\u00e4 ja yhteis\u00f6\u00e4 lis\u00e4\u00e4m\u00e4\u00e4n mukavaa vuorovaikutusta jokaiseen p\u00e4iv\u00e4\u00e4n. HYP sopii ryhm\u00e4koteihin, p\u00e4iv\u00e4toimintayksik\u00f6ihin, kouluihin ja p\u00e4iv\u00e4koteihin, joissa on kommunikoinnissaan paljon tukea tarvitsevia lapsia, nuoria, aikuisia tai vanhuksia.<\/p><p>HYPin avulla ty\u00f6ntekij\u00e4 ja yhteis\u00f6 voi p\u00e4\u00e4st\u00e4 nopeasti liikkeelle vuorovaikutuksen vahvistamisessa. Malli on yksinkertainen toteuttaa. Ty\u00f6ntekij\u00e4 sitoutuu olemaan p\u00e4ivitt\u00e4in 10 minuuttia puhevammaisen ihmisen kanssa. Hetken ainoa tavoite on yhdess\u00e4olo.<\/p><h2>HYPiin voi kouluttautua \u2013 ota yhteytt\u00e4, niin jutellaan lis\u00e4\u00e4<\/h2><p><strong>Tiedustelut HYP-koulutuksista:<\/strong>\u00a0<a href=\"mailto:kaisa.laine@kvl.fi\"><strong>kaisa.martikainen(at)kvl.fi<\/strong><\/a> tai 09-3480 9362 tai puh. 09-3480 9370 (Tikoteekin toimisto)<\/p><p>Saavuta Asiantuntijapalvelut Oy tarjoaa Tikoteekin asiantuntijoiden suunnittelemaa HYP-koulutusta verkkokursseina. Valittavana on HYP-k\u00e4ynnist\u00e4j\u00e4 ja HYP-toteuttaja -verkkokurssi. <a href=\"https:\/\/saavuta.fi\/verkkokurssit\/hyp-hyvaa-yhdessa-oloa-paivittain\/\" target=\"_blank\" rel=\"noopener\"><strong>Katso lis\u00e4tietoja Saavuta-verkkosivuilta.<\/strong><\/a><\/p><p><a href=\"https:\/\/www.kehitysvammaliitto.fi\/tikoteekki\/wp-content\/uploads\/sites\/2\/2018\/06\/HYPesite2.pdf\" target=\"_blank\" rel=\"noopener\"><strong>Tulosta HYP-esite<\/strong><\/a>\u00a0(pdf)<\/p><p><a class=\"button read external-link\" href=\"https:\/\/papunet.net\/toimintamalleja-ja-menetelmia\/huomioivan-yhdessaolon-toimintamalli-hyp\/\" target=\"_blank\" rel=\"noopener noreferrer\">HYP-PEREHDYTYSMATERIAALI PAPUNETISSA<\/a><\/p><p>\u00a0<\/p>\n\n","protected":false},"excerpt":{"rendered":"Tikoteekin Suomeen tuoman ja k\u00e4\u00e4nt\u00e4m\u00e4n HYP-toimintamallin on kehitt\u00e4nyt australialainen puheterapeutti Sheridan Forster. Malli on englanniksi Hanging Out Program (HOP).Huomioivan yhdess\u00e4olon malli rohkaisee ty\u00f6ntekij\u00f6it\u00e4 ja yhteis\u00f6\u00e4 lis\u00e4\u00e4m\u00e4\u00e4n mukavaa vuorovaikutusta jokaiseen p\u00e4iv\u00e4\u00e4n. HYP sopii ryhm\u00e4koteihin, p\u00e4iv\u00e4toimintayksik\u00f6ihin, kouluihin ja p\u00e4iv\u00e4koteihin, joissa on kommunikoinnissaan paljon tukea tarvitsevia lapsia, nuoria, aikuisia tai vanhuksia.HYPin avulla ty\u00f6ntekij\u00e4 ja yhteis\u00f6 voi p\u00e4\u00e4st\u00e4 nopeasti [&hellip;]","protected":false},"author":1,"featured_media":416,"parent":66,"menu_order":14,"comment_status":"closed","ping_status":"closed","template":"","meta":{"footnotes":""},"categories":[],"tags":[],"class_list":["post-128","page","type-page","status-publish","has-post-thumbnail","hentry"],"_links":{"self":[{"href":"https:\/\/www.kehitysvammaliitto.fi\/tikoteekki\/wp-json\/wp\/v2\/pages\/128","targetHints":{"allow":["GET"]}}],"collection":[{"href":"https:\/\/www.kehitysvammaliitto.fi\/tikoteekki\/wp-json\/wp\/v2\/pages"}],"about":[{"href":"https:\/\/www.kehitysvammaliitto.fi\/tikoteekki\/wp-json\/wp\/v2\/types\/page"}],"author":[{"embeddable":true,"href":"https:\/\/www.kehitysvammaliitto.fi\/tikoteekki\/wp-json\/wp\/v2\/users\/1"}],"replies":[{"embeddable":true,"href":"https:\/\/www.kehitysvammaliitto.fi\/tikoteekki\/wp-json\/wp\/v2\/comments?post=128"}],"version-history":[{"count":0,"href":"https:\/\/www.kehitysvammaliitto.fi\/tikoteekki\/wp-json\/wp\/v2\/pages\/128\/revisions"}],"up":[{"embeddable":true,"href":"https:\/\/www.kehitysvammaliitto.fi\/tikoteekki\/wp-json\/wp\/v2\/pages\/66"}],"wp:featuredmedia":[{"embeddable":true,"href":"https:\/\/www.kehitysvammaliitto.fi\/tikoteekki\/wp-json\/wp\/v2\/media\/416"}],"wp:attachment":[{"href":"https:\/\/www.kehitysvammaliitto.fi\/tikoteekki\/wp-json\/wp\/v2\/media?parent=128"}],"wp:term":[{"taxonomy":"category","embeddable":true,"href":"https:\/\/www.kehitysvammaliitto.fi\/tikoteekki\/wp-json\/wp\/v2\/categories?post=128"},{"taxonomy":"post_tag","embeddable":true,"href":"https:\/\/www.kehitysvammaliitto.fi\/tikoteekki\/wp-json\/wp\/v2\/tags?post=128"}],"curies":[{"name":"wp","href":"https:\/\/api.w.org\/{rel}","templated":true}]}}