{"id":129,"date":"2018-06-12T18:32:55","date_gmt":"2018-06-12T15:32:55","guid":{"rendered":"https:\/\/www.kehitysvammaliitto.fi\/tikoteekki\/koulutus\/kommunikointi-ja-kuvanteko-ohjelmat\/"},"modified":"2026-01-14T09:25:28","modified_gmt":"2026-01-14T07:25:28","slug":"kommunikointi-ja-kuvanteko-ohjelmat","status":"publish","type":"page","link":"https:\/\/www.kehitysvammaliitto.fi\/tikoteekki\/koulutus\/kommunikointi-ja-kuvanteko-ohjelmat\/","title":{"rendered":"Kommunikointi- ja kuvanteko-ohjelmat"},"content":{"rendered":"<p>Vuodesta 2025 alkaen koulutuksemme j\u00e4rjest\u00e4\u00e4 Saavuta Asiantuntijapalvelut Oy, joka on Kehitysvammaliiton kokonaan omistama yritys. Koulutukset j\u00e4rjestet\u00e4\u00e4n p\u00e4\u00e4osin et\u00e4yhteydell\u00e4 Microsoft Teamsissa. Osallistuaksesi koulutukseen tarvitset tietokoneen ja verkkoyhteyden. Saat ohjeet osallistumisesta ja Teamsin k\u00e4yt\u00f6st\u00e4 hyviss\u00e4 ajoin ennen koulutusta.<\/p><p>Kehitysvammaliiton j\u00e4senet saavat koulutuksista kymmenen prosentin alennuksen.<\/p><h2>Tilauskoulutukset ja konsultaatiot<\/h2><p>Voit tilata koulutusta tai konsultaatiota muuan muassa seuraavista aiheista:<\/p><ul style=\"list-style-type: disc;\">\r\n\t<li>BM7 (Boardmaker 7) kuvanteko-ohjelmana (Windows)<\/li>\r\n\t<li>Kommunikointiohjelma Grid 3 (Windows)<\/li>\r\n\t<li>Kommunikointiohjelma GoTalk NOW (iPad)<\/li>\r\n\t<li>Kommunikointiohjelma Grid for iPad (iPad)<\/li>\r\n<\/ul><p>Pyyd\u00e4 tarjousta Saavuta Asiantuntijapalvelut Oy; Niina Sillanp\u00e4\u00e4, <a href=\"mailto:niina.sillanpaa@saavuta.fi\">niina.sillanpaa@saavuta.fi<\/a><\/p><h2>Neuvontapajat<\/h2><p>Tikoteekki j\u00e4rjest\u00e4\u00e4 my\u00f6s maksuttomia neuvontapajoja kommunikointiohjelmista, sovelluksista ja harjoituspeleist\u00e4.<\/p><p><a class=\"button read external-link\" href=\"https:\/\/www.kehitysvammaliitto.fi\/tikoteekki\/neuvonta\/neuvontapajat\/\" target=\"_blank\" rel=\"noopener noreferrer\">LUE lis\u00e4\u00e4 neuvontapajoista<\/a><\/p>\n\n","protected":false},"excerpt":{"rendered":"Vuodesta 2025 alkaen koulutuksemme j\u00e4rjest\u00e4\u00e4 Saavuta Asiantuntijapalvelut Oy, joka on Kehitysvammaliiton kokonaan omistama yritys. Koulutukset j\u00e4rjestet\u00e4\u00e4n p\u00e4\u00e4osin et\u00e4yhteydell\u00e4 Microsoft Teamsissa. Osallistuaksesi koulutukseen tarvitset tietokoneen ja verkkoyhteyden. Saat ohjeet osallistumisesta ja Teamsin k\u00e4yt\u00f6st\u00e4 hyviss\u00e4 ajoin ennen koulutusta.Kehitysvammaliiton j\u00e4senet saavat koulutuksista kymmenen prosentin alennuksen.Tilauskoulutukset ja konsultaatiotVoit tilata koulutusta tai konsultaatiota muuan muassa seuraavista aiheista: BM7 (Boardmaker 7) [&hellip;]","protected":false},"author":1,"featured_media":938,"parent":66,"menu_order":5,"comment_status":"closed","ping_status":"closed","template":"","meta":{"footnotes":""},"categories":[],"tags":[],"class_list":["post-129","page","type-page","status-publish","has-post-thumbnail","hentry"],"_links":{"self":[{"href":"https:\/\/www.kehitysvammaliitto.fi\/tikoteekki\/wp-json\/wp\/v2\/pages\/129","targetHints":{"allow":["GET"]}}],"collection":[{"href":"https:\/\/www.kehitysvammaliitto.fi\/tikoteekki\/wp-json\/wp\/v2\/pages"}],"about":[{"href":"https:\/\/www.kehitysvammaliitto.fi\/tikoteekki\/wp-json\/wp\/v2\/types\/page"}],"author":[{"embeddable":true,"href":"https:\/\/www.kehitysvammaliitto.fi\/tikoteekki\/wp-json\/wp\/v2\/users\/1"}],"replies":[{"embeddable":true,"href":"https:\/\/www.kehitysvammaliitto.fi\/tikoteekki\/wp-json\/wp\/v2\/comments?post=129"}],"version-history":[{"count":0,"href":"https:\/\/www.kehitysvammaliitto.fi\/tikoteekki\/wp-json\/wp\/v2\/pages\/129\/revisions"}],"up":[{"embeddable":true,"href":"https:\/\/www.kehitysvammaliitto.fi\/tikoteekki\/wp-json\/wp\/v2\/pages\/66"}],"wp:featuredmedia":[{"embeddable":true,"href":"https:\/\/www.kehitysvammaliitto.fi\/tikoteekki\/wp-json\/wp\/v2\/media\/938"}],"wp:attachment":[{"href":"https:\/\/www.kehitysvammaliitto.fi\/tikoteekki\/wp-json\/wp\/v2\/media?parent=129"}],"wp:term":[{"taxonomy":"category","embeddable":true,"href":"https:\/\/www.kehitysvammaliitto.fi\/tikoteekki\/wp-json\/wp\/v2\/categories?post=129"},{"taxonomy":"post_tag","embeddable":true,"href":"https:\/\/www.kehitysvammaliitto.fi\/tikoteekki\/wp-json\/wp\/v2\/tags?post=129"}],"curies":[{"name":"wp","href":"https:\/\/api.w.org\/{rel}","templated":true}]}}