{"id":131,"date":"2018-06-12T18:32:56","date_gmt":"2018-06-12T15:32:56","guid":{"rendered":"https:\/\/www.kehitysvammaliitto.fi\/tikoteekki\/koulutus\/sillalla-seminaari\/"},"modified":"2026-02-22T17:59:03","modified_gmt":"2026-02-22T15:59:03","slug":"sillalla-seminaari","status":"publish","type":"page","link":"https:\/\/www.kehitysvammaliitto.fi\/tikoteekki\/koulutus\/sillalla-seminaari\/","title":{"rendered":"Sillalla-seminaari"},"content":{"rendered":"<p>Sillalla-seminaari tarjoaa uusinta tietoa ja k\u00e4yt\u00e4nn\u00f6n ideoita puhevammaisen henkil\u00f6n vuorovaikutuksen ja kommunikoinnin tukemiseen sek\u00e4 tietotekniikan k\u00e4ytt\u00f6\u00f6n opetuksessa ja kuntoutuksessa. Koulutus on suunnattu erityisesti opetuksen, kuntoutuksen sek\u00e4 sosiaali- ja terveysalan henkil\u00f6st\u00f6lle.<\/p><p><strong>Sillalla-seminaari 2026 on 12.3.2026 kello 9-17 ja 13.3.2026 kello 8.30-15.15 Helsingin Paasitornissa sek\u00e4 verkossa.<\/strong><\/p><p><strong>Osallistumismaksu:<\/strong> Kehitysvammaliiton j\u00e4senet 315 \u20ac , muut osallistujat 350 \u20ac<br>\r\n<strong>Ilmoittautuminen<\/strong>: viimeist\u00e4\u00e4n 6.2.2026 <a href=\"https:\/\/www.kehitysvammaliitto.fi\/koulutus\/koulutuskalenteri\/?a=view&amp;id=1173\" target=\"_blank\" rel=\"noopener\">ilmoittautumislomakkeella Kehitysvammaliiton koulutuskalenterissa<\/a>.<\/p><h2>Sillalla-seminaari 2026 (1 op)<\/h2><p><strong>Ohjelma<br>\r\n<a href=\"https:\/\/www.kehitysvammaliitto.fi\/tikoteekki\/wp-content\/uploads\/sites\/2\/2026\/02\/Sillalla-2026_tiivistelmat.pdf\" target=\"_blank\" rel=\"noopener\">Lataa ohjelma ja esitelmien tiivistelm\u00e4t pdf-muodossa.<\/a><br>\r\n<br>\r\n<\/strong>Torstai 12.3.2026<\/p><p>09.00 Ilmoittautuminen alkaa ja n\u00e4yttely avautuu. Aamupala.<\/p><p><strong>KAIKILLE YHTEINEN OHJELMA <\/strong><\/p><p>10.00 Tervetuloa Sillalla-seminaariin<\/p><p>10.15 Sosiaaliset esteet vammaistutkimuksen n\u00e4k\u00f6kulmasta (Hisayo Katsui)<\/p><p>11.00 Tauko ja n\u00e4yttelyyn tutustuminen<\/p><p>11.15 -12.45 Creating Communication Supportive Classrooms (Kommunikointiyst\u00e4v\u00e4llisen oppimisymp\u00e4rist\u00f6n rakentaminen) (Sofia Wallin)<\/p><p>12.45 Lyhyt info k\u00e4yt\u00e4nn\u00f6n j\u00e4rjestelyist\u00e4<\/p><p>13.00 Lounastauko ja n\u00e4yttelyyn tutustuminen<\/p><p>\u00a0<\/p><p><strong>SESSIO 1<\/strong><\/p><p>14.00 Implementing Communication Partner Strategies in Daily School Life (Kommunikointikumppanuuden toimintatavat osaksi koulun arkea) (Sofia Wallin)<\/p><p>15.00 Tauko, iltap\u00e4iv\u00e4kahvi ja n\u00e4yttelyyn tutustuminen<\/p><p>15.30 Kulttuurierojen huomioiminen l\u00e4heisten ohjaamisessa (Noora Galab)<\/p><p>16.15 Seksuaalihyvinvointi kommunikoinnin tukikeinoissa yksil\u00f6n tarpeiden mukaan (Henna Suikki)<\/p><p>17.00 Sessio 1 p\u00e4\u00e4ttyy<\/p><p>\u00a0<\/p><p><strong>SESSIO 2 <\/strong><\/p><p>14.00 Neurovahvistava l\u00e4hestymistapa \u2013 toimintakulttuurin muutos syntyy yhdess\u00e4 (Salla Hewitt)<\/p><p>15.00 Tauko, iltap\u00e4iv\u00e4kahvi ja n\u00e4yttelyyn tutustuminen<\/p><p>\u00a015.30 Ideoita ja vinkkej\u00e4 kommunikoinnin tukikeinojen k\u00e4ytett\u00e4vyyden sujuvoittamiseen (Johanna Majuri)<\/p><p>16.00 Kommunikoinnin tukimateriaalit muistisairaiden l\u00e4heisille ja ammattilaisille (Anna Heino)<\/p><p>16.30 Digiturvaa ja hyvinvointia lapsille kuvitettujen selkotarinoiden avulla (Paula J\u00e4gerhorn)<\/p><p>17.00 Sessio 2 p\u00e4\u00e4ttyy<br>\r\n<br>\r\n<\/p><p>\u00a0<\/p><h3>Perjantai 13.3.2026<\/h3><p>08.30 N\u00e4yttely avautuu. Aamupala.<\/p><p>\u00a0<\/p><p><strong>SESSIO 1 <\/strong><\/p><p>9.00 Tulkkaus tuo \u00e4\u00e4nen \u2013 puhevammaisen lapsen mahdollisuus osallistua ja vaikuttaa (Janette Kotonen)<\/p><p>9.45 Henkil\u00f6iden valokuvat \u00a0ja nimet kommunikoinnin apuv\u00e4lineess\u00e4 (Soile Loukusa)<\/p><p>10.30 Tauko ja n\u00e4yttelyyn tutustuminen<\/p><p>11.00 Laulutin (Kaisa Laine, Virpi Yiannakou)<\/p><p>\u00a0<\/p><p><strong>SESSIO 2 <\/strong><\/p><p>9.00 Puhetta tukeva ja korvaava todellisuus (Tanja Vihri\u00e4l\u00e4, Jaana M\u00e4kinen)<\/p><p>9.45 Kehitysvammaisten ihmisten ajatuksia toimintakyvyst\u00e4 ja arkea tukevista teknologioista (Tanja Vihri\u00e4l\u00e4, Jaana M\u00e4kinen)<\/p><p>10.30 Tauko ja n\u00e4yttelyyn tutustuminen<\/p><p>11.00 Pelit osana sosiaalista hyvinvointia (Markus K\u00e4m\u00e4r\u00e4inen)<\/p><p>12.00 Lounastauko ja n\u00e4yttelyyn tutustuminen<\/p><p>\u00a0<\/p><p><strong>KAIKILLE YHTEINEN OHJELMA <\/strong><\/p><p>13.00 Rakenna rauhaa, tue tunnetta \u2013 s\u00e4\u00e4telyn tukeminen varhaiskasvatuksessa ja koulussa (Maikku Tammisto)<\/p><p>14.30 Pienet, suuret kohtaamiset (Maaret Kallio)<\/p><p>15.00 Seminaarin p\u00e4\u00e4t\u00f6ssanat<\/p><p>15.15 Seminaari p\u00e4\u00e4ttyy<\/p><p>\u00a0<\/p><p><strong>Tiedustelut:<\/strong><br>\r\ntikoteekki@kvl.fi<br>\r\n09-3480 9223 (suunnittelija Marjo Timonen)<br>\r\n09-3480 9370 (Tikoteekki)<\/p><p><strong>\u00a0<\/strong><\/p><p>\u00a0<\/p>\n\n","protected":false},"excerpt":{"rendered":"Sillalla-seminaari tarjoaa uusinta tietoa ja k\u00e4yt\u00e4nn\u00f6n ideoita puhevammaisen henkil\u00f6n vuorovaikutuksen ja kommunikoinnin tukemiseen sek\u00e4 tietotekniikan k\u00e4ytt\u00f6\u00f6n opetuksessa ja kuntoutuksessa. Koulutus on suunnattu erityisesti opetuksen, kuntoutuksen sek\u00e4 sosiaali- ja terveysalan henkil\u00f6st\u00f6lle.Sillalla-seminaari 2026 on 12.3.2026 kello 9-17 ja 13.3.2026 kello 8.30-15.15 Helsingin Paasitornissa sek\u00e4 verkossa.Osallistumismaksu: Kehitysvammaliiton j\u00e4senet 315 \u20ac , muut osallistujat 350 \u20ac Ilmoittautuminen: viimeist\u00e4\u00e4n 6.2.2026 [&hellip;]","protected":false},"author":1,"featured_media":1593,"parent":66,"menu_order":18,"comment_status":"closed","ping_status":"closed","template":"","meta":{"footnotes":""},"categories":[],"tags":[],"class_list":["post-131","page","type-page","status-publish","has-post-thumbnail","hentry"],"_links":{"self":[{"href":"https:\/\/www.kehitysvammaliitto.fi\/tikoteekki\/wp-json\/wp\/v2\/pages\/131","targetHints":{"allow":["GET"]}}],"collection":[{"href":"https:\/\/www.kehitysvammaliitto.fi\/tikoteekki\/wp-json\/wp\/v2\/pages"}],"about":[{"href":"https:\/\/www.kehitysvammaliitto.fi\/tikoteekki\/wp-json\/wp\/v2\/types\/page"}],"author":[{"embeddable":true,"href":"https:\/\/www.kehitysvammaliitto.fi\/tikoteekki\/wp-json\/wp\/v2\/users\/1"}],"replies":[{"embeddable":true,"href":"https:\/\/www.kehitysvammaliitto.fi\/tikoteekki\/wp-json\/wp\/v2\/comments?post=131"}],"version-history":[{"count":0,"href":"https:\/\/www.kehitysvammaliitto.fi\/tikoteekki\/wp-json\/wp\/v2\/pages\/131\/revisions"}],"up":[{"embeddable":true,"href":"https:\/\/www.kehitysvammaliitto.fi\/tikoteekki\/wp-json\/wp\/v2\/pages\/66"}],"wp:featuredmedia":[{"embeddable":true,"href":"https:\/\/www.kehitysvammaliitto.fi\/tikoteekki\/wp-json\/wp\/v2\/media\/1593"}],"wp:attachment":[{"href":"https:\/\/www.kehitysvammaliitto.fi\/tikoteekki\/wp-json\/wp\/v2\/media?parent=131"}],"wp:term":[{"taxonomy":"category","embeddable":true,"href":"https:\/\/www.kehitysvammaliitto.fi\/tikoteekki\/wp-json\/wp\/v2\/categories?post=131"},{"taxonomy":"post_tag","embeddable":true,"href":"https:\/\/www.kehitysvammaliitto.fi\/tikoteekki\/wp-json\/wp\/v2\/tags?post=131"}],"curies":[{"name":"wp","href":"https:\/\/api.w.org\/{rel}","templated":true}]}}