{"id":133,"date":"2018-06-12T18:32:56","date_gmt":"2018-06-12T15:32:56","guid":{"rendered":"https:\/\/www.kehitysvammaliitto.fi\/tikoteekki\/koulutus\/tukiviittomat\/"},"modified":"2026-01-14T09:09:41","modified_gmt":"2026-01-14T07:09:41","slug":"tukiviittomat","status":"publish","type":"page","link":"https:\/\/www.kehitysvammaliitto.fi\/tikoteekki\/koulutus\/tukiviittomat\/","title":{"rendered":"Tukiviittomat"},"content":{"rendered":"<p>Vuodesta 2025 alkaen koulutuksemme j\u00e4rjest\u00e4\u00e4 Saavuta Asiantuntijapalvelut Oy, joka on Kehitysvammaliiton kokonaan omistama yritys. Koulutukset j\u00e4rjestet\u00e4\u00e4n p\u00e4\u00e4osin et\u00e4yhteydell\u00e4 Microsoft Teamsissa. Osallistuaksesi koulutukseen tarvitset tietokoneen ja verkkoyhteyden. Saat ohjeet osallistumisesta ja Teamsin k\u00e4yt\u00f6st\u00e4 hyviss\u00e4 ajoin ennen koulutusta.<\/p><p>Kehitysvammaliiton j\u00e4senet saavat koulutuksista kymmenen prosentin alennuksen.<\/p><p>Tutustu koulutuksiimme: \u00a0<a href=\"https:\/\/saavuta.fi\/koulutuskalenteri\/\">koulutuskalenteri<\/a>\u00a0<\/p><h2>2026 koulutukset<\/h2><h3>\u00a0<\/h3><h3>Tukiviittomia asumisyksik\u00f6n ja ty\u00f6toiminnan arkeen -verkkokoulutus<\/h3><p>Koulutus on tarkoitettu asumisyksik\u00f6iss\u00e4 tai ty\u00f6toiminnassa ty\u00f6skenteleville. Koulutuksessa harjoitellaan asumisyksik\u00f6n ja ty\u00f6toiminnan arjessa tarvittavia viittomia. Koulutukseen osallistuminen ei edellyt\u00e4 aikaisempaa viittomien osaamista. Koulutuksen j\u00e4lkeen osallistujille l\u00e4hetet\u00e4\u00e4n kuvallinen materiaali opetelluista viittomista.<\/p><p><strong>OHJELMA:<\/strong><br>\r\n9.00 Mit\u00e4 on tukiviittominen?<br>\r\n9.20 K\u00e4det liikkeelle ja viittomaan<br>\r\n11.00 Ruokatauko\u00a0<br>\r\n12.00 K\u00e4det liikkeelle ja viittomaan<br>\r\n13.30 Verkkosivuja viittomien opetteluun<br>\r\n14.00 Koulutusp\u00e4iv\u00e4 p\u00e4\u00e4ttyy<\/p><p><strong>Aika ja paikka:<\/strong> 20.3.2026 klo: 9\u201314, Teams-verkkokoulutus<br>\r\n<strong>Kouluttaja:<\/strong>\u00a0AAC-asiantuntija, puhevammaisten tulkki Virpi Yiannakou, Tikoteekki<br>\r\n<strong>Hinta:<\/strong>Kehitysvammaliiton j\u00e4senten verollinen kokonaishinta on 248,49 \u20ac\/hl\u00f6 (sis. ALV 25,5 %). Muiden kuin Kehitysvammaliiton j\u00e4senten verollinen kokonaishinta on 276,10 \u20ac\/hl\u00f6 (sis. ALV 25,5 %)<br>\r\n<strong>Ilmoittautuminen: <\/strong>viimeist\u00e4\u00e4n 6.3.2026 <a href=\"https:\/\/saavuta.fi\/koulutuskalenteri\/?a=view&amp;id=32\">ilmoittautumislomakkeella<\/a><br>\r\n<strong>Tiedustelut:<\/strong> <a href=\"mailto:virpi.yiannakou@kvl.fi\">virpi.yiannakou@kvl.fi<\/a>\u00a0tai 044\u00a09063715<\/p><h3>\u00a0<\/h3><h3>Tukiviittomia asumispalveluiden arkeen -verkkokoulutus<\/h3><p>Koulutus on tarkoitettu asumispalveluissa ty\u00f6skenteleville. Koulutuksessa harjoitellaan asumisyksik\u00f6n arjessa tarvittavia viittomia. Koulutukseen osallistuminen ei edellyt\u00e4 aikaisempaa viittomien osaamista. Koulutuksen j\u00e4lkeen osallistujille l\u00e4hetet\u00e4\u00e4n kuvallinen materiaali opetelluista viittomista.<\/p><p><strong>OHJELMA:<\/strong><br>\r\n9.00 Mit\u00e4 on tukiviittominen?<br>\r\n9.20 K\u00e4det liikkeelle ja viittomaan<br>\r\n11.00 Ruokatauko\u00a0<br>\r\n12.00 K\u00e4det liikkeelle ja viittomaan<br>\r\n13.30 Verkkosivuja viittomien opetteluun<br>\r\n14.00 Koulutusp\u00e4iv\u00e4 p\u00e4\u00e4ttyy<\/p><p><strong>Aika ja paikka:<\/strong>\u00a015.10.2026 klo: 9\u201314, verkkokoulutus, MS Teams<br>\r\n<strong>Kouluttaja:<\/strong>\u00a0AAC-asiantuntija, puhevammaisten tulkki Virpi Yiannakou, Tikoteekki<br>\r\n<strong>Hinta:<\/strong> <strong>Kehitysvammaliiton j\u00e4senten<\/strong> verollinen kokonaishinta on 248,49 \u20ac\/hl\u00f6 (sis. ALV 25,5 %). Muiden kuin Kehitysvammaliiton j\u00e4senten verollinen kokonaishinta on 276,10 \u20ac\/hl\u00f6 (sis. ALV 25,5 %).<br>\r\n<strong>Ilmoittautuminen: <\/strong>viimeist\u00e4\u00e4n 1.10.2026 <a href=\"https:\/\/saavuta.fi\/koulutuskalenteri\/?a=view&amp;id=31\">ilmoittautumislomakkeella<\/a> <br>\r\n<strong>Tiedustelut:<\/strong> <a href=\"mailto:virpi.yiannakou@kvl.fi\">virpi.yiannakou@kvl.fi<\/a>\u00a0tai 044\u00a09063715<\/p><h3>\u00a0<\/h3><h3>Tukiviittomakoulutukset tilauskoulutuksena<\/h3><p>Koulutuksen aiheena voi olla esimerkiksi tukiviittomat ty\u00f6toiminnassa tai varhaiskasvatuksessa. Koulutuksessa harjoitellaan arjessa tarvittavia viittomia eik\u00e4 osallistuminen edellyt\u00e4 aikaisempaa viittomien osaamista. Koulutuksessa jaetaan kuvallinen materiaali opeteltavista viittomista.<\/p><p><strong>ESIMERKKI OHJELMASTA:<\/strong><br>\r\n09.00 Aamukahvi ja koulutuksen avaus <br>\r\n09.15 Tukiviittominen<br>\r\n09.30 Papunetin kuvaty\u00f6kalu ja viittomat verkossa <br>\r\n09.45 Tukiviittomat arjessa<br>\r\n11.15 Lounastauko<br>\r\n12.15 Tukiviittomat \u2013 k\u00e4yt\u00e4nn\u00f6n harjoittelua<br>\r\n14.00 Kahvitauko<br>\r\n14.15 K\u00e4yt\u00e4nn\u00f6n harjoittelu jatkuu<br>\r\n14.45 Palautekeskustelu <br>\r\n15.00 Koulutuksen p\u00e4\u00e4tt\u00e4minen<\/p><p><strong>Kouluttaja:<\/strong> AAC-asiantuntija Virpi Yiannakou, Tikoteekki<br>\r\n<strong>Tarjouspyynn\u00f6t:<\/strong> <strong>Saavuta Asiantuntijapalvelut Oy; <\/strong><a href=\"mailto:niina.sillanpaa@saavuta.fi\">niina.sillanpaa@saavuta.fi<\/a><\/p>\n\n","protected":false},"excerpt":{"rendered":"Vuodesta 2025 alkaen koulutuksemme j\u00e4rjest\u00e4\u00e4 Saavuta Asiantuntijapalvelut Oy, joka on Kehitysvammaliiton kokonaan omistama yritys. Koulutukset j\u00e4rjestet\u00e4\u00e4n p\u00e4\u00e4osin et\u00e4yhteydell\u00e4 Microsoft Teamsissa. Osallistuaksesi koulutukseen tarvitset tietokoneen ja verkkoyhteyden. Saat ohjeet osallistumisesta ja Teamsin k\u00e4yt\u00f6st\u00e4 hyviss\u00e4 ajoin ennen koulutusta.Kehitysvammaliiton j\u00e4senet saavat koulutuksista kymmenen prosentin alennuksen.Tutustu koulutuksiimme: \u00a0koulutuskalenteri\u00a02026 koulutukset\u00a0Tukiviittomia asumisyksik\u00f6n ja ty\u00f6toiminnan arkeen -verkkokoulutusKoulutus on tarkoitettu asumisyksik\u00f6iss\u00e4 tai ty\u00f6toiminnassa [&hellip;]","protected":false},"author":1,"featured_media":436,"parent":66,"menu_order":6,"comment_status":"closed","ping_status":"closed","template":"","meta":{"footnotes":""},"categories":[],"tags":[],"class_list":["post-133","page","type-page","status-publish","has-post-thumbnail","hentry"],"_links":{"self":[{"href":"https:\/\/www.kehitysvammaliitto.fi\/tikoteekki\/wp-json\/wp\/v2\/pages\/133","targetHints":{"allow":["GET"]}}],"collection":[{"href":"https:\/\/www.kehitysvammaliitto.fi\/tikoteekki\/wp-json\/wp\/v2\/pages"}],"about":[{"href":"https:\/\/www.kehitysvammaliitto.fi\/tikoteekki\/wp-json\/wp\/v2\/types\/page"}],"author":[{"embeddable":true,"href":"https:\/\/www.kehitysvammaliitto.fi\/tikoteekki\/wp-json\/wp\/v2\/users\/1"}],"replies":[{"embeddable":true,"href":"https:\/\/www.kehitysvammaliitto.fi\/tikoteekki\/wp-json\/wp\/v2\/comments?post=133"}],"version-history":[{"count":0,"href":"https:\/\/www.kehitysvammaliitto.fi\/tikoteekki\/wp-json\/wp\/v2\/pages\/133\/revisions"}],"up":[{"embeddable":true,"href":"https:\/\/www.kehitysvammaliitto.fi\/tikoteekki\/wp-json\/wp\/v2\/pages\/66"}],"wp:featuredmedia":[{"embeddable":true,"href":"https:\/\/www.kehitysvammaliitto.fi\/tikoteekki\/wp-json\/wp\/v2\/media\/436"}],"wp:attachment":[{"href":"https:\/\/www.kehitysvammaliitto.fi\/tikoteekki\/wp-json\/wp\/v2\/media?parent=133"}],"wp:term":[{"taxonomy":"category","embeddable":true,"href":"https:\/\/www.kehitysvammaliitto.fi\/tikoteekki\/wp-json\/wp\/v2\/categories?post=133"},{"taxonomy":"post_tag","embeddable":true,"href":"https:\/\/www.kehitysvammaliitto.fi\/tikoteekki\/wp-json\/wp\/v2\/tags?post=133"}],"curies":[{"name":"wp","href":"https:\/\/api.w.org\/{rel}","templated":true}]}}