{"id":1353,"date":"2025-04-28T13:34:21","date_gmt":"2025-04-28T10:34:21","guid":{"rendered":"https:\/\/www.kehitysvammaliitto.fi\/tikoteekki\/toimintamallit\/itse\/"},"modified":"2026-01-15T10:30:16","modified_gmt":"2026-01-15T08:30:16","slug":"itse","status":"publish","type":"page","link":"https:\/\/www.kehitysvammaliitto.fi\/tikoteekki\/toimintamallit\/itse\/","title":{"rendered":"ITSE"},"content":{"rendered":"<h2>Uusi toimintamalli k\u00e4ytt\u00f6\u00f6n yhteis\u00f6ss\u00e4<\/h2><p><img loading=\"lazy\" decoding=\"async\" width=\"2560\" height=\"1810\" class=\"aligncenter size-full wp-image-1357 img-responsive\" src=\"https:\/\/www.kehitysvammaliitto.fi\/tikoteekki\/wp-content\/uploads\/sites\/2\/2025\/04\/ITSE_koonti-vaaka-A4-scaled.jpg\" alt=\"\" srcset=\"https:\/\/www.kehitysvammaliitto.fi\/tikoteekki\/wp-content\/uploads\/sites\/2\/2025\/04\/ITSE_koonti-vaaka-A4-scaled.jpg 2560w, https:\/\/www.kehitysvammaliitto.fi\/tikoteekki\/wp-content\/uploads\/sites\/2\/2025\/04\/ITSE_koonti-vaaka-A4-300x212.jpg 300w, https:\/\/www.kehitysvammaliitto.fi\/tikoteekki\/wp-content\/uploads\/sites\/2\/2025\/04\/ITSE_koonti-vaaka-A4-1024x724.jpg 1024w, https:\/\/www.kehitysvammaliitto.fi\/tikoteekki\/wp-content\/uploads\/sites\/2\/2025\/04\/ITSE_koonti-vaaka-A4-768x543.jpg 768w, https:\/\/www.kehitysvammaliitto.fi\/tikoteekki\/wp-content\/uploads\/sites\/2\/2025\/04\/ITSE_koonti-vaaka-A4-1536x1086.jpg 1536w, https:\/\/www.kehitysvammaliitto.fi\/tikoteekki\/wp-content\/uploads\/sites\/2\/2025\/04\/ITSE_koonti-vaaka-A4-2048x1448.jpg 2048w\" sizes=\"auto, (max-width: 2560px) 100vw, 2560px\" \/>Kuva: Jenni K\u00e4rn\u00e4-Escalante<\/p><p><strong>Innosta, osallista ja tee muutos yhdess\u00e4! ITSE-malli auttaa yhteis\u00f6j\u00e4 ja organisaatioita ottamaan uudet toimintatavat sujuvasti ja motivoivasti k\u00e4ytt\u00f6\u00f6n. Sen avulla muutokset eiv\u00e4t j\u00e4\u00e4 irrallisiksi kokeiluiksi, vaan juurtuvat osaksi arkea. \u00a0<\/strong><\/p><h3>Mik\u00e4 on ITSE-malli\u00ae?<\/h3><p>ITSE-malli on toimintasuunnitelma, joka tukee uusien toimintamallien (esim. itsem\u00e4\u00e4r\u00e4\u00e4mist\u00e4 ja vuorovaikutusta vahvistavat toimintamallit Rohkaisin, OIVA, HYP, Voimauttava vuorovaikutus) k\u00e4ytt\u00f6\u00f6nottoa organisaatioissa. Malli on suunnattu erityisesti l\u00e4hiesihenkil\u00f6ille sek\u00e4 ammattilaisille, jotka konsultoivat, ohjaavat tai valmentavat yhteis\u00f6j\u00e4. Sen avulla muutokset voidaan toteuttaa suunnitelmallisesti ja kest\u00e4v\u00e4sti.<\/p><p>ITSE-malli etenee nelj\u00e4ss\u00e4 vaiheessa: <strong>Innosta, Toteuta, Seuraa ja Edist\u00e4<\/strong>. Jokainen vaihe sis\u00e4lt\u00e4\u00e4 k\u00e4yt\u00e4nn\u00f6n vinkkej\u00e4, jotka auttavat suunnittelemaan ja toteuttamaan uutta toimintaa. \u00a0Ammattilainen voi soveltaa ITSE-mallia tilanteen ja oman kokemuksensa mukaisesti.<\/p><h3>Hy\u00f6dyt<\/h3><p>ITSE-malli varmistaa, ett\u00e4 uudet toimintamallit palvelevat sek\u00e4 asiakkaita, henkil\u00f6st\u00f6\u00e4 ett\u00e4 koko organisaatiota. Sen avulla voidaan saavuttaa pysyvi\u00e4 ja merkityksellisi\u00e4 muutoksia toimintatapoihin, jotka parantavat palvelujen laatua ja rikastuttavat arkea.<\/p><h2>ITSE-mallin nelj\u00e4 vaihetta: Innosta, Toteuta, Seuraa ja Edist\u00e4<\/h2><p>\u00a0<\/p><p><img loading=\"lazy\" decoding=\"async\" width=\"212\" height=\"300\" class=\"size-medium wp-image-1360 alignleft img-responsive\" src=\"https:\/\/www.kehitysvammaliitto.fi\/tikoteekki\/wp-content\/uploads\/sites\/2\/2025\/04\/Innosta-pysty-A4-212x300.jpg\" alt=\"\" srcset=\"https:\/\/www.kehitysvammaliitto.fi\/tikoteekki\/wp-content\/uploads\/sites\/2\/2025\/04\/Innosta-pysty-A4-212x300.jpg 212w, https:\/\/www.kehitysvammaliitto.fi\/tikoteekki\/wp-content\/uploads\/sites\/2\/2025\/04\/Innosta-pysty-A4-724x1024.jpg 724w, https:\/\/www.kehitysvammaliitto.fi\/tikoteekki\/wp-content\/uploads\/sites\/2\/2025\/04\/Innosta-pysty-A4-768x1086.jpg 768w, https:\/\/www.kehitysvammaliitto.fi\/tikoteekki\/wp-content\/uploads\/sites\/2\/2025\/04\/Innosta-pysty-A4-1086x1536.jpg 1086w, https:\/\/www.kehitysvammaliitto.fi\/tikoteekki\/wp-content\/uploads\/sites\/2\/2025\/04\/Innosta-pysty-A4-1448x2048.jpg 1448w, https:\/\/www.kehitysvammaliitto.fi\/tikoteekki\/wp-content\/uploads\/sites\/2\/2025\/04\/Innosta-pysty-A4-scaled.jpg 1810w\" sizes=\"auto, (max-width: 212px) 100vw, 212px\" \/><\/p><h3>INNOSTA: Her\u00e4t\u00e4 johdon ja tiimin innostus<\/h3><p>Uuden toimintamallin onnistuneeseen k\u00e4ytt\u00f6\u00f6nottoon tarvitaan sitoutunut johto ja motivoituneet toiminnan toteuttajat. Innosta-vaiheessa ammattilaisen teht\u00e4v\u00e4n\u00e4 on k\u00e4ynnist\u00e4\u00e4 yhteisty\u00f6 ja tehd\u00e4 toimintamalli n\u00e4kyv\u00e4ksi, konkreettiseksi ja merkitykselliseksi kaikille osapuolille. Sek\u00e4 johdolla ett\u00e4 tiimill\u00e4 tulee olla riitt\u00e4v\u00e4 ymm\u00e4rrys toimintamallista, sen taustasta ja soveltamisesta k\u00e4yt\u00e4nt\u00f6\u00f6n.<\/p><p>Aloitusvaiheessa on t\u00e4rke\u00e4\u00e4 korostaa toimintamallin hy\u00f6tyj\u00e4: miten se parantaa asiakkaan kokemusta, helpottaa tiimin arkea ja tukee organisaation strategisia tavoitteita. Uusien ideoiden omaksuminen on helpompaa, kun osallistujat kokevat toimintamallin k\u00e4yt\u00e4nn\u00f6nl\u00e4heiseksi ja vaivattomaksi toteuttaa ja ovat mukana suunnittelemassa toteutusta alusta asti. Kun kaikki ymm\u00e4rt\u00e4v\u00e4t, miksi toimintaa tehd\u00e4\u00e4n ja mit\u00e4 hy\u00f6ty\u00e4 siit\u00e4 on, heille syntyy aitoa innostusta kokeilla uutta.<\/p><p>\u00a0<\/p><p><strong>\u2705K\u00e4ynnist\u00e4 yhteisty\u00f6 johdon ja kiinnostuneiden tiimien kanssa<\/strong><br>\r\n<strong>\u2705 Kerro ja n\u00e4yt\u00e4, millainen toimintamalli on<\/strong><br>\r\n<strong>\u2705 Kerro toimintamallin hy\u00f6dyist\u00e4 ja merkityksest\u00e4 asiakkaille, tiimille ja koko organisaatiolle<\/strong><br>\r\n<strong>\u2705 Korosta toiminnan k\u00e4yt\u00e4nn\u00f6nl\u00e4heisyytt\u00e4 ja toteutuksen helppoutta<\/strong><br>\r\n<strong>\u2705 Innosta kaikki mukaan \u2013 jokaisen panos on t\u00e4rke\u00e4<\/strong><\/p><p>\u00a0<\/p><p><img loading=\"lazy\" decoding=\"async\" width=\"212\" height=\"300\" class=\"size-medium wp-image-1361 alignleft img-responsive\" src=\"https:\/\/www.kehitysvammaliitto.fi\/tikoteekki\/wp-content\/uploads\/sites\/2\/2025\/04\/Toteuta-pysty-A4-212x300.jpg\" alt=\"\" srcset=\"https:\/\/www.kehitysvammaliitto.fi\/tikoteekki\/wp-content\/uploads\/sites\/2\/2025\/04\/Toteuta-pysty-A4-212x300.jpg 212w, https:\/\/www.kehitysvammaliitto.fi\/tikoteekki\/wp-content\/uploads\/sites\/2\/2025\/04\/Toteuta-pysty-A4-724x1024.jpg 724w, https:\/\/www.kehitysvammaliitto.fi\/tikoteekki\/wp-content\/uploads\/sites\/2\/2025\/04\/Toteuta-pysty-A4-768x1086.jpg 768w, https:\/\/www.kehitysvammaliitto.fi\/tikoteekki\/wp-content\/uploads\/sites\/2\/2025\/04\/Toteuta-pysty-A4-1086x1536.jpg 1086w, https:\/\/www.kehitysvammaliitto.fi\/tikoteekki\/wp-content\/uploads\/sites\/2\/2025\/04\/Toteuta-pysty-A4-1448x2048.jpg 1448w, https:\/\/www.kehitysvammaliitto.fi\/tikoteekki\/wp-content\/uploads\/sites\/2\/2025\/04\/Toteuta-pysty-A4-scaled.jpg 1810w\" sizes=\"auto, (max-width: 212px) 100vw, 212px\" \/><\/p><h3>TOTEUTA: Kannusta ja osoita kiinnostusta<\/h3><p>Uuden toimintamallin k\u00e4ytt\u00f6\u00f6notossa on t\u00e4rke\u00e4\u00e4 varmistaa, ettei osallistujia j\u00e4tet\u00e4 yksin sen toteuttamisessa. Toteuta-vaiheessa ammattilainen toimii tukijana, kannustajana ja keskustelukumppanina, joka osoittaa aitoa kiinnostusta tiimien tekemisiin ja kokeiluihin. \u00a0<\/p><p>Jotta yhteisty\u00f6 sujuisi ja tiimin tunne osaamisestaan vahvistuisi, tavoitteet ja toimintatavat suunnitellaan yhdess\u00e4. Tiimil\u00e4iset tuntevat parhaiten oman ty\u00f6ns\u00e4 ja osaavat arvioida, miten uusi toimintamalli istuu heid\u00e4n arkeensa \u2013 siksi joustavuus on avainasemassa. S\u00e4\u00e4nn\u00f6llinen vuorovaikutus, kuulumisten kysyminen ja rohkaisu kokeiluihin luovat turvallisen ilmapiirin, jossa uudet k\u00e4yt\u00e4nn\u00f6t voivat vakiintua. Onnistumisten jakaminen ja yhdess\u00e4 iloitseminen pit\u00e4v\u00e4t yll\u00e4 innostusta ja sitoutumista muutokseen.<\/p><p>\u00a0<\/p><p><strong>\u2705 Ole avoimin mielin, suunnittele tavoitteet ja yhteisty\u00f6tavat yhdess\u00e4 osallistujien kanssa <\/strong><br>\r\n<strong>\u2705 Ole joustava, mukauta toimintamallin toteutus tiimille sopivaksi<\/strong><br>\r\n<strong>\u2705 Ole kiinnostunut, kysy kuulumisia <\/strong><br>\r\n<strong>\u2705 Kannusta kokeiluihin<\/strong><br>\r\n<strong>\u2705 Iloitkaa yhdess\u00e4 onnistumisista<\/strong><\/p><p>\u00a0<\/p><h3><img loading=\"lazy\" decoding=\"async\" width=\"212\" height=\"300\" class=\"size-medium wp-image-1362 alignleft img-responsive\" src=\"https:\/\/www.kehitysvammaliitto.fi\/tikoteekki\/wp-content\/uploads\/sites\/2\/2025\/04\/Seuraa-pysty-A4-212x300.jpg\" alt=\"\" srcset=\"https:\/\/www.kehitysvammaliitto.fi\/tikoteekki\/wp-content\/uploads\/sites\/2\/2025\/04\/Seuraa-pysty-A4-212x300.jpg 212w, https:\/\/www.kehitysvammaliitto.fi\/tikoteekki\/wp-content\/uploads\/sites\/2\/2025\/04\/Seuraa-pysty-A4-724x1024.jpg 724w, https:\/\/www.kehitysvammaliitto.fi\/tikoteekki\/wp-content\/uploads\/sites\/2\/2025\/04\/Seuraa-pysty-A4-768x1086.jpg 768w, https:\/\/www.kehitysvammaliitto.fi\/tikoteekki\/wp-content\/uploads\/sites\/2\/2025\/04\/Seuraa-pysty-A4-1086x1536.jpg 1086w, https:\/\/www.kehitysvammaliitto.fi\/tikoteekki\/wp-content\/uploads\/sites\/2\/2025\/04\/Seuraa-pysty-A4-1448x2048.jpg 1448w, https:\/\/www.kehitysvammaliitto.fi\/tikoteekki\/wp-content\/uploads\/sites\/2\/2025\/04\/Seuraa-pysty-A4-scaled.jpg 1810w\" sizes=\"auto, (max-width: 212px) 100vw, 212px\" \/><\/h3><h3>SEURAA: Tehk\u00e4\u00e4 vaikutukset n\u00e4kyv\u00e4ksi<\/h3><p>Jotta uusi toimintamalli juurtuu osaksi arkea, sen vaikutukset on t\u00e4rke\u00e4\u00e4 tehd\u00e4 n\u00e4kyv\u00e4ksi. Seuraa-vaiheessa tiimi arvioi yhdess\u00e4, mit\u00e4 toiminnalla on saatu aikaan: mik\u00e4 on muuttunut ja mit\u00e4 on opittu. Ammattilaisen teht\u00e4v\u00e4n\u00e4 on tukea tiimi\u00e4 pohtimaan ja tunnistamaan toimintamallin merkitys sek\u00e4 asiakkaille ett\u00e4 ty\u00f6ntekij\u00f6ille itselleen.<\/p><p>Vaikutusten kirjaaminen ja jakaminen edist\u00e4\u00e4 oppimista ja vahvistaa sitoutumista. Tiimin kokemukset ja tulokset kannattaa tuoda esiin my\u00f6s johdolle ja muille kiinnostuneille, jotta onnistumiset saavat ansaitsemansa huomion. Lopuksi on t\u00e4rke\u00e4\u00e4 sopia, miten toimintaa jatketaan ja miten sen kehitt\u00e4mist\u00e4 voidaan tukea pitk\u00e4j\u00e4nteisesti.<\/p><p>\u00a0<\/p><p><strong>\u2705 Tue tiimi\u00e4 arvioimaan vaikutuksia: mik\u00e4 on muuttunut ja mit\u00e4 on opittu<\/strong><br>\r\n<strong>\u2705 Kannusta tiimi\u00e4 keskustelemaan toiminnan merkityksest\u00e4 asiakkaille ja heille itselleen<\/strong><br>\r\n<strong>\u2705 Kokoa ja kirjaa tietoa vaikutuksista<\/strong><br>\r\n<strong>\u2705 Jaa tuloksia my\u00f6s johdolle ja muille kiinnostuneille<\/strong><br>\r\n<strong>\u2705 Sopikaa yhdess\u00e4, miten toimintaa jatketaan<\/strong><\/p><p>\u00a0<\/p><p><img loading=\"lazy\" decoding=\"async\" width=\"212\" height=\"300\" class=\"size-medium wp-image-1363 alignleft img-responsive\" src=\"https:\/\/www.kehitysvammaliitto.fi\/tikoteekki\/wp-content\/uploads\/sites\/2\/2025\/04\/Edista-pysty-A4-212x300.jpg\" alt=\"\" srcset=\"https:\/\/www.kehitysvammaliitto.fi\/tikoteekki\/wp-content\/uploads\/sites\/2\/2025\/04\/Edista-pysty-A4-212x300.jpg 212w, https:\/\/www.kehitysvammaliitto.fi\/tikoteekki\/wp-content\/uploads\/sites\/2\/2025\/04\/Edista-pysty-A4-724x1024.jpg 724w, https:\/\/www.kehitysvammaliitto.fi\/tikoteekki\/wp-content\/uploads\/sites\/2\/2025\/04\/Edista-pysty-A4-768x1086.jpg 768w, https:\/\/www.kehitysvammaliitto.fi\/tikoteekki\/wp-content\/uploads\/sites\/2\/2025\/04\/Edista-pysty-A4-1086x1536.jpg 1086w, https:\/\/www.kehitysvammaliitto.fi\/tikoteekki\/wp-content\/uploads\/sites\/2\/2025\/04\/Edista-pysty-A4-1448x2048.jpg 1448w, https:\/\/www.kehitysvammaliitto.fi\/tikoteekki\/wp-content\/uploads\/sites\/2\/2025\/04\/Edista-pysty-A4-scaled.jpg 1810w\" sizes=\"auto, (max-width: 212px) 100vw, 212px\" \/><\/p><h3>EDIST\u00c4: Juurruttakaa ja levitt\u00e4k\u00e4\u00e4 toimintaa<\/h3><p>Jotta uusi toimintamalli vakiintuu ja levi\u00e4\u00e4 laajemmalle, sen t\u00e4ytyy juurtua osaksi organisaation arkea ja toimintakulttuuria. Edist\u00e4-vaiheessa varmistetaan, ett\u00e4 toimintatavan k\u00e4ytt\u00f6\u00f6notto ei j\u00e4\u00e4 yksitt\u00e4iseksi kokeiluksi, vaan siit\u00e4 muodostuu pysyv\u00e4 ja kehittyv\u00e4 k\u00e4yt\u00e4nt\u00f6.<\/p><p>Avoin vuorovaikutus johdon ja tiimien kanssa on keskeist\u00e4 \u2013 helposti l\u00e4hestytt\u00e4v\u00e4 tuki madaltaa kynnyst\u00e4 jakaa kokemuksia ja kehitt\u00e4\u00e4 toimintaa edelleen. Onnistumistarinoiden esiin nostaminen, yhteiset tilaisuudet ja jatkuva viestint\u00e4 tukevat innostusta ja osaamisen jakamista. Samalla on t\u00e4rke\u00e4\u00e4 arvioida s\u00e4\u00e4nn\u00f6llisesti toimintamallin k\u00e4ytt\u00f6\u00e4 ja huolehtia sen jatkuvasta kehitt\u00e4misest\u00e4, esimerkiksi t\u00e4ydennyskoulutusten ja perehdytyksen avulla.<\/p><p>Jotta toimintamalli juurtuu osaksi organisaation strategiaa, tarvitaan jatkuvaa yhteisty\u00f6t\u00e4 johdon kanssa. Samalla voidaan tunnistaa uusia tapoja soveltaa mallia eri kohderyhmille ja toimintaymp\u00e4rist\u00f6ihin. N\u00e4in varmistetaan, ett\u00e4 toimintamalli ei vain pysy elossa, vaan kehittyy ja laajenee osaksi organisaation pitk\u00e4j\u00e4nteist\u00e4 toimintaa.<\/p><p><strong>\u2705 Ole helposti l\u00e4hestytt\u00e4v\u00e4 johdon ja tiimien suuntaan<\/strong><br>\r\n<strong>\u2705 J\u00e4rjest\u00e4 tilaisuuksia, joissa tiimit jakavat kokemuksiaan<\/strong><br>\r\n<strong>\u2705 Nostakaa esiin asiakkaille ja ty\u00f6ntekij\u00f6ille merkityksellisi\u00e4 huippuhetki\u00e4 ja onnistumistarinoita <\/strong><br>\r\n<strong>\u2705 Hy\u00f6dynn\u00e4 viestint\u00e4kanavia ja tapahtumia jatkuvaan tiedon jakamiseen<\/strong><br>\r\n<strong>\u2705 Arvioi s\u00e4\u00e4nn\u00f6llisesti toimintamallin k\u00e4ytt\u00f6\u00e4 ja tarvittavia tukitoimia<\/strong><br>\r\n<strong>\u2705 Tee tiivist\u00e4 yhteisty\u00f6t\u00e4 johdon kanssa, jotta toiminta juurtuu organisaatioon<\/strong><br>\r\n<strong>\u2705 L\u00f6yd\u00e4 uusia tapoja hy\u00f6dynt\u00e4\u00e4 toimintamallia eri kohderyhmille ja toimintaymp\u00e4rist\u00f6iss\u00e4<\/strong><\/p><h3>\u00a0<\/h3><h3>ITSE-arviointi<\/h3><table class=\"table\" style=\"width: 100%; border-collapse: collapse; background-color: #e3eaf2; height: 97px;\">\r\n<tbody>\r\n<tr style=\"height: 97px;\">\r\n<td style=\"width: 100%; height: 97px;\">\r\n<p>ITSE-mallin seurantaty\u00f6kalu tukee sinua juurruttamaan ja levitt\u00e4m\u00e4\u00e4n uuden toimintamallin yhteis\u00f6\u00f6n. Merkitse tehdyt toimenpiteet ja kirjaa tarvittaessa huomioita muistiinpanot-osioon.<\/p>\r\n<ul>\r\n\t<li><a class=\"require-download-form\" href=\"#\" data-id=\"QXAwTE96UlJVKzIxcVF3ckl1OTJ2MzM1R0dOVk9YRDF0STJrS3FZTVRvQlFxTnBWVUM0Z1JqK3IxVVBQc2xZVkNqNHZDWTdCeThIdmVzTjVMNlA5ZGMwdWdJNEF1dEczaDNzc21ydHlLUkx2NmZnaTl4bFQ0QUgwY3hSSllUUWxwY2FEZm1kN2VSa2xJQ0VlMFhoZkF3PT0=\" data-page=\"UmYwN3hKOWlsYjNSYXZqVWFDZkJEZz09\" id=\"dl-rsrq-001\">ITSE-arviointi: Toimintamallin k\u00e4ytt\u00f6\u00f6noton seuranta<\/a> (pdf)<\/li>\r\n<\/ul>\r\n<\/td>\r\n<\/tr>\r\n<\/tbody>\r\n<\/table><h3>\u00a0<\/h3><p><iframe src=\"\/\/www.youtube.com\/embed\/j0K2MAFHF4w\" allowfullscreen=\"allowfullscreen\"><\/iframe><\/p><table class=\"table\" style=\"width: 100%; border-collapse: collapse; background-color: #e3eaf2; height: 97px;\">\r\n<tbody>\r\n<tr style=\"height: 97px;\">\r\n<td style=\"width: 100%; height: 97px;\">Videolla esitell\u00e4\u00e4n ITSE-malli, jonka avulla uudet toimintatavat voidaan ottaa sujuvasti, motivoivasti ja pysyv\u00e4sti k\u00e4ytt\u00f6\u00f6n yhteis\u00f6ss\u00e4. Malli etenee nelj\u00e4ss\u00e4 vaiheessa: Innosta, Toteuta, Seuraa ja Edist\u00e4. Video kuvaa, miten johtoa ja tiimej\u00e4 voi innostaa ja kannustaa ITSE-mallin eri vaiheissa. ITSE perustuu k\u00e4yt\u00e4nn\u00f6n kokemukseen, voimavaral\u00e4ht\u00f6iseen ty\u00f6otteeseen ja sis\u00e4isen motivaation teoriaan.<\/td>\r\n<\/tr>\r\n<\/tbody>\r\n<\/table><h3>\u00a0<\/h3><h2>ITSE-mallin kehitt\u00e4misen tausta<\/h2><p>ITSE on Tikoteekissa kehitetty malli. Sen palvelumuotoiluprosessiin ovat osallistuneet esihenkil\u00f6- ja konsultaatioty\u00f6t\u00e4 tekev\u00e4t ammattilaiset Eloisan, Siunsoten, Mehil\u00e4isen, Tukenan ja Rinnekotien vammaispalveluista. Malli pohjautuu kent\u00e4n asiantuntijoiden kokemuksiin ja n\u00e4kemyksiin siit\u00e4, miten uudet toimintatavat ja -mallit saadaan k\u00e4ytt\u00f6\u00f6n ja juurrutettua organisaatioihin.<\/p><p>Mallin muotoilussa on hy\u00f6dynnetty lis\u00e4ksi Tikoteekin vahvaa osaamista voimavaral\u00e4ht\u00f6isist\u00e4 ty\u00f6skentelytavoista (mm. OIVA, HYP, Voimauttava vuorovaikutus) sek\u00e4 sis\u00e4isen motivaation teoriaa. Teorian mukaan autonomia, merkityksellisyys ja yhdess\u00e4 jaetut onnistumisen kokemukset vahvistavat sitoutumista ja edist\u00e4v\u00e4t uuden oppimista.<\/p><h3>\u00a0<\/h3><p>\u00a0<\/p><p>\u00a0<\/p><p>\u00a0<\/p>\n\n","protected":false},"excerpt":{"rendered":"Uusi toimintamalli k\u00e4ytt\u00f6\u00f6n yhteis\u00f6ss\u00e4Kuva: Jenni K\u00e4rn\u00e4-EscalanteInnosta, osallista ja tee muutos yhdess\u00e4! ITSE-malli auttaa yhteis\u00f6j\u00e4 ja organisaatioita ottamaan uudet toimintatavat sujuvasti ja motivoivasti k\u00e4ytt\u00f6\u00f6n. Sen avulla muutokset eiv\u00e4t j\u00e4\u00e4 irrallisiksi kokeiluiksi, vaan juurtuvat osaksi arkea. \u00a0Mik\u00e4 on ITSE-malli\u00ae?ITSE-malli on toimintasuunnitelma, joka tukee uusien toimintamallien (esim. itsem\u00e4\u00e4r\u00e4\u00e4mist\u00e4 ja vuorovaikutusta vahvistavat toimintamallit Rohkaisin, OIVA, HYP, Voimauttava vuorovaikutus) k\u00e4ytt\u00f6\u00f6nottoa [&hellip;]","protected":false},"author":17,"featured_media":0,"parent":118,"menu_order":19,"comment_status":"closed","ping_status":"closed","template":"page.php","meta":{"footnotes":""},"categories":[],"tags":[],"class_list":["post-1353","page","type-page","status-publish","hentry"],"_links":{"self":[{"href":"https:\/\/www.kehitysvammaliitto.fi\/tikoteekki\/wp-json\/wp\/v2\/pages\/1353","targetHints":{"allow":["GET"]}}],"collection":[{"href":"https:\/\/www.kehitysvammaliitto.fi\/tikoteekki\/wp-json\/wp\/v2\/pages"}],"about":[{"href":"https:\/\/www.kehitysvammaliitto.fi\/tikoteekki\/wp-json\/wp\/v2\/types\/page"}],"author":[{"embeddable":true,"href":"https:\/\/www.kehitysvammaliitto.fi\/tikoteekki\/wp-json\/wp\/v2\/users\/17"}],"replies":[{"embeddable":true,"href":"https:\/\/www.kehitysvammaliitto.fi\/tikoteekki\/wp-json\/wp\/v2\/comments?post=1353"}],"version-history":[{"count":0,"href":"https:\/\/www.kehitysvammaliitto.fi\/tikoteekki\/wp-json\/wp\/v2\/pages\/1353\/revisions"}],"up":[{"embeddable":true,"href":"https:\/\/www.kehitysvammaliitto.fi\/tikoteekki\/wp-json\/wp\/v2\/pages\/118"}],"wp:attachment":[{"href":"https:\/\/www.kehitysvammaliitto.fi\/tikoteekki\/wp-json\/wp\/v2\/media?parent=1353"}],"wp:term":[{"taxonomy":"category","embeddable":true,"href":"https:\/\/www.kehitysvammaliitto.fi\/tikoteekki\/wp-json\/wp\/v2\/categories?post=1353"},{"taxonomy":"post_tag","embeddable":true,"href":"https:\/\/www.kehitysvammaliitto.fi\/tikoteekki\/wp-json\/wp\/v2\/tags?post=1353"}],"curies":[{"name":"wp","href":"https:\/\/api.w.org\/{rel}","templated":true}]}}