{"id":1556,"date":"2025-09-08T07:13:51","date_gmt":"2025-09-08T04:13:51","guid":{"rendered":"https:\/\/www.kehitysvammaliitto.fi\/tikoteekki\/toimintamallit\/laulutin\/"},"modified":"2026-03-10T08:53:37","modified_gmt":"2026-03-10T06:53:37","slug":"laulutin","status":"publish","type":"page","link":"https:\/\/www.kehitysvammaliitto.fi\/tikoteekki\/toimintamallit\/laulutin\/","title":{"rendered":"Laulutin"},"content":{"rendered":"<p><img loading=\"lazy\" decoding=\"async\" width=\"1024\" height=\"323\" class=\"aligncenter size-large wp-image-1618 img-responsive\" src=\"https:\/\/www.kehitysvammaliitto.fi\/tikoteekki\/wp-content\/uploads\/sites\/2\/2025\/10\/Laulutin-ylabannerin-kuva-2025-1024x323.jpg\" alt=\"\" srcset=\"https:\/\/www.kehitysvammaliitto.fi\/tikoteekki\/wp-content\/uploads\/sites\/2\/2025\/10\/Laulutin-ylabannerin-kuva-2025-1024x323.jpg 1024w, https:\/\/www.kehitysvammaliitto.fi\/tikoteekki\/wp-content\/uploads\/sites\/2\/2025\/10\/Laulutin-ylabannerin-kuva-2025-300x95.jpg 300w, https:\/\/www.kehitysvammaliitto.fi\/tikoteekki\/wp-content\/uploads\/sites\/2\/2025\/10\/Laulutin-ylabannerin-kuva-2025-768x243.jpg 768w, https:\/\/www.kehitysvammaliitto.fi\/tikoteekki\/wp-content\/uploads\/sites\/2\/2025\/10\/Laulutin-ylabannerin-kuva-2025.jpg 1140w\" sizes=\"auto, (max-width: 1024px) 100vw, 1024px\" \/><\/p><p>Kuva: Jenni K\u00e4rn\u00e4-Escalante<\/p><h3>Laulutin \u2013 jokainen lapsi osallistuu ja vaikuttaa omalla tavallaan<\/h3><p><strong>Laulutin-toimintamalli on tarkoitettu lasten oman aktiivisen osallistumisen ja kommunikoinnin lis\u00e4\u00e4miseen varhaiskasvatuksessa ja muissa toimintaymp\u00e4rist\u00f6iss\u00e4. Jokaisella lapsella on oma vuoro h\u00e4nen kommunikointitaidoistaan tai -tavastaan riippumatta, ja lapset saavat p\u00e4\u00e4tt\u00e4\u00e4 laulun kulun. L\u00f6yd\u00e4t Lauluttimen materiaalit t\u00e4lt\u00e4 sivulta.<\/strong><\/p><p><img loading=\"lazy\" decoding=\"async\" width=\"1024\" height=\"768\" class=\"aligncenter size-full wp-image-1619 img-responsive\" src=\"https:\/\/www.kehitysvammaliitto.fi\/tikoteekki\/wp-content\/uploads\/sites\/2\/2025\/10\/Laulutin-kansiokuva-2025_1024x768.jpg\" alt=\"\" srcset=\"https:\/\/www.kehitysvammaliitto.fi\/tikoteekki\/wp-content\/uploads\/sites\/2\/2025\/10\/Laulutin-kansiokuva-2025_1024x768.jpg 1024w, https:\/\/www.kehitysvammaliitto.fi\/tikoteekki\/wp-content\/uploads\/sites\/2\/2025\/10\/Laulutin-kansiokuva-2025_1024x768-300x225.jpg 300w, https:\/\/www.kehitysvammaliitto.fi\/tikoteekki\/wp-content\/uploads\/sites\/2\/2025\/10\/Laulutin-kansiokuva-2025_1024x768-768x576.jpg 768w\" sizes=\"auto, (max-width: 1024px) 100vw, 1024px\" \/><\/p><p>Laulutin tarjoaa lapsille tasavertaisia osallistumisen kokemuksia ja mahdollisuuksia kertoa mielipiteens\u00e4 ja vaikuttaa asioihin. Samalla se antaa varhaiskasvatuksen aikuisille helpon ja mielekk\u00e4\u00e4n tavan osallistaa kaikkia lapsia ja lis\u00e4t\u00e4 lasten yhteis\u00f6llisyytt\u00e4. Toimintamalli syntyi halusta l\u00f6yt\u00e4\u00e4 ratkaisu siihen, miksi lasten kommunikointilaitteet j\u00e4\u00e4v\u00e4t usein \u201dreppuun\u201d eli k\u00e4ytt\u00e4m\u00e4tt\u00e4 p\u00e4iv\u00e4kodin arjessa, mik\u00e4 johtaa usein siihen, ettei kommunikoinnin tukikeinoja k\u00e4ytt\u00e4v\u00e4 lapsi saa \u00e4\u00e4nt\u00e4\u00e4n kuuluviin ja voi osallistua toimintaan yht\u00e4 aktiivisesti kuin puhuvat lapset, joilla ei ole kommunikoinnin haasteita. Toimintamalli on kehitetty Kehitysvammaliiton Tikoteekissa palvelumuotoilun keinoin, yhdess\u00e4 varhaiskasvatuksen ammattilaisten kanssa.<\/p><h2>N\u00e4in k\u00e4yt\u00e4t Laulutinta<\/h2><p>Laulutin-toimintamallin materiaaleihin kuuluu 5 kuvitettua laulutaulua, ohjeet taulujen k\u00e4ytt\u00f6\u00f6n sek\u00e4 esimerkkivideo. Laulutaulut voi tulostaa tai ne voi heijastaa n\u00e4kyville digitaalisten laitteiden, kuten tabletin tai \u00e4lytaulun, avulla.<\/p><h4>N\u00e4in k\u00e4yt\u00e4t laulutauluja:<\/h4><ol>\r\n\t<li>Varmista, ett\u00e4 kaikki lapset n\u00e4kev\u00e4t kuvat.<\/li>\r\n\t<li>Anna kaikille lapsille vuoro valita kuvista.<\/li>\r\n\t<li>Vahvista lapsen valinta: osoita itse kuvaa.<\/li>\r\n\t<li>Laula lapsen valinnan mukaisesti.<\/li>\r\n\t<li>Valitse itse \u201djotain muuta\u201d malliksi.<\/li>\r\n\t<li>K\u00e4yt\u00e4 lapsen omaa kommunikointiv\u00e4linett\u00e4 osana tuokiota (esimerkiksi lapsen omaa kommunikointikansiota) ja auta lasta k\u00e4ytt\u00e4m\u00e4\u00e4n sit\u00e4.<\/li>\r\n\t<li style=\"text-align: left;\">Laula ja leiki mukana.<\/li>\r\n<\/ol><p>Esimerkkivideo Lauluttimen k\u00e4yt\u00f6st\u00e4 on t\u00e4m\u00e4n sivun lopussa.<\/p><h2>Laulutin-materiaalit<\/h2><p>Tutustu Laulutin-materiaaleihin ja ota ne k\u00e4ytt\u00f6\u00f6si vapaasti ja veloituksetta.<\/p><table class=\"table\" style=\"width: 99.7271%; border-collapse: collapse; background-color: #e3eaf2; height: 173px;\">\r\n<tbody>\r\n<tr style=\"height: 97px;\">\r\n<td style=\"width: 100%; height: 97px;\">\r\n<ul>\r\n\t<li><a class=\"require-download-form\" href=\"#\" target=\"_blank\" rel=\"noopener\" data-id=\"QXAwTE96UlJVKzIxcVF3ckl1OTJ2MzM1R0dOVk9YRDF0STJrS3FZTVRvQlFxTnBWVUM0Z1JqK3IxVVBQc2xZVkNqNHZDWTdCeThIdmVzTjVMNlA5ZGIwZVNIOU1ZT2hwV05ucFZUcjNJT3ZUbnN6T3lBcTFxWDczcVVlZ25wWFZObU9BY0ZBT0JJeFBxZGphbEZtMWlaL0FmU1ArTnlDNU5sMCtBWFczb0pvPQ==\" data-page=\"UTN4SHlOUGlJV1FPRmJ2TnhGb0pJZz09\" id=\"dl-2p7n-001\">Laulutin-esite<\/a> (pdf)<\/li>\r\n\t<li><a class=\"require-download-form\" href=\"#\" target=\"_blank\" rel=\"noopener\" data-id=\"QXAwTE96UlJVKzIxcVF3ckl1OTJ2MzM1R0dOVk9YRDF0STJrS3FZTVRvQlFxTnBWVUM0Z1JqK3IxVVBQc2xZVkNqNHZDWTdCeThIdmVzTjVMNlA5ZGIwZVNIOU1ZT2hwV05ucFZUcjNJT3ZUbnN6T3lBcTFxWDczcVVlZ25wWFZHY1R2aktZakt5b2c4R2JKSzE1akZLVnpIeFF1THRONFRmZTRiazE4WWpFPQ==\" data-page=\"UTN4SHlOUGlJV1FPRmJ2TnhGb0pJZz09\" id=\"dl-q51m-002\">Laulutin-ohje<\/a> (pdf)<\/li>\r\n<\/ul>\r\n<h5>\u00a0<\/h5>\r\n<h5>Laulutin-laulutaulut A3-koossa<\/h5>\r\n<ul style=\"list-style-type: disc;\">\r\n\t<li><a class=\"require-download-form\" href=\"#\" target=\"_blank\" rel=\"noopener\" data-id=\"QXAwTE96UlJVKzIxcVF3ckl1OTJ2MzM1R0dOVk9YRDF0STJrS3FZTVRvQlFxTnBWVUM0Z1JqK3IxVVBQc2xZVkNqNHZDWTdCeThIdmVzTjVMNlA5ZFNKaDA4Rkg3MUtlWUJPa1lOOVo5aEdYTEpndmJBOTRwNm1KQ3ErOU1nalFtbG1pb2I2dk4waWVIa2Q4NXpxM3N3PT0=\" data-page=\"UTN4SHlOUGlJV1FPRmJ2TnhGb0pJZz09\" id=\"dl-4s0m-003\">Lauluttimen kansisivut A3<\/a> (pdf)<\/li>\r\n\t<li><a class=\"require-download-form\" href=\"#\" target=\"_blank\" rel=\"noopener\" data-id=\"QXAwTE96UlJVKzIxcVF3ckl1OTJ2MzM1R0dOVk9YRDF0STJrS3FZTVRvQlFxTnBWVUM0Z1JqK3IxVVBQc2xZVkNqNHZDWTdCeThIdmVzTjVMNlA5ZFNKaDA4Rkg3MUtlWUJPa1lOOVo5aEg5eTJhQVI5QVpaQUR0QnJQWGM2OFE1clM3SjhLVUNMWXFkVDZmelFNSTA3bS9OdXdqMTRyQjBrRGZSclArMWlzPQ==\" data-page=\"UTN4SHlOUGlJV1FPRmJ2TnhGb0pJZz09\" id=\"dl-alug-004\">Jos sun lysti on A3<\/a> (pdf)<\/li>\r\n\t<li><a class=\"require-download-form\" href=\"#\" target=\"_blank\" rel=\"noopener\" data-id=\"QXAwTE96UlJVKzIxcVF3ckl1OTJ2MzM1R0dOVk9YRDF0STJrS3FZTVRvQlFxTnBWVUM0Z1JqK3IxVVBQc2xZVkNqNHZDWTdCeThIdmVzTjVMNlA5ZFNKaDA4Rkg3MUtlWUJPa1lOOVo5aEVuYkF1cm4wM1RseFpJcjhsZnlWUkljcVJYSFFRajNvZkc2KzBTZmxWS3pBPT0=\" data-page=\"UTN4SHlOUGlJV1FPRmJ2TnhGb0pJZz09\" id=\"dl-yt80-005\">K\u00e4rp\u00e4nen istui\u2026 A3<\/a> (pdf)<\/li>\r\n\t<li><a class=\"require-download-form\" href=\"#\" target=\"_blank\" rel=\"noopener\" data-id=\"QXAwTE96UlJVKzIxcVF3ckl1OTJ2MzM1R0dOVk9YRDF0STJrS3FZTVRvQlFxTnBWVUM0Z1JqK3IxVVBQc2xZVkNqNHZDWTdCeThIdmVzTjVMNlA5ZFNKaDA4Rkg3MUtlWUJPa1lOOVo5aEdyNW9ob3JtRFdxVG13S2xyUENCOVVrYXhQZUNaeUJjWDBNNGwrNk9NaFFnPT0=\" data-page=\"UTN4SHlOUGlJV1FPRmJ2TnhGb0pJZz09\" id=\"dl-cdv2-006\">Piippolan vaari A3<\/a> (pdf)<\/li>\r\n\t<li><a class=\"require-download-form\" href=\"#\" target=\"_blank\" rel=\"noopener\" data-id=\"QXAwTE96UlJVKzIxcVF3ckl1OTJ2MzM1R0dOVk9YRDF0STJrS3FZTVRvQlFxTnBWVUM0Z1JqK3IxVVBQc2xZVkNqNHZDWTdCeThIdmVzTjVMNlA5ZFNKaDA4Rkg3MUtlWUJPa1lOOVo5aEVERjJlbWppN0VERmcreGFnNFFlc1FaRHhNejhNTU8xbThjNDhtb0wxSW5nPT0=\" data-page=\"UTN4SHlOUGlJV1FPRmJ2TnhGb0pJZz09\" id=\"dl-1amq-007\">T\u00e4ti Monika A3<\/a> (pdf)<\/li>\r\n\t<li><a class=\"require-download-form\" href=\"#\" target=\"_blank\" rel=\"noopener\" data-id=\"QXAwTE96UlJVKzIxcVF3ckl1OTJ2MzM1R0dOVk9YRDF0STJrS3FZTVRvQlFxTnBWVUM0Z1JqK3IxVVBQc2xZVkNqNHZDWTdCeThIdmVzTjVMNlA5ZFNKaDA4Rkg3MUtlWUJPa1lOOVo5aEVxTGpPbkxVR3NhdWNPRWE5NjRHeDZOM0lYRDJKQzkxRkJTczcvUVJwYnNnPT0=\" data-page=\"UTN4SHlOUGlJV1FPRmJ2TnhGb0pJZz09\" id=\"dl-q2gn-008\">Pienet sammakot A3<\/a> (pdf)<\/li>\r\n\t<li><a class=\"require-download-form\" href=\"#\" target=\"_blank\" rel=\"noopener\" data-id=\"QXAwTE96UlJVKzIxcVF3ckl1OTJ2MzM1R0dOVk9YRDF0STJrS3FZTVRvQlFxTnBWVUM0Z1JqK3IxVVBQc2xZVkNqNHZDWTdCeThIdmVzTjVMNlA5ZFNKaDA4Rkg3MUtlWUJPa1lOOVo5aEV2Z3NBR3c0TW1KaFRqU0Z5elVWNzJyWE9OVmhVTXEwdTYvQ2hlbitOVExYbDV1NzJkczdudHRJeUdRYk82NW1zPQ==\" data-page=\"UTN4SHlOUGlJV1FPRmJ2TnhGb0pJZz09\" id=\"dl-1ba7-009\">Porsaita \u00e4idin oomme A3<\/a> (pdf)<\/li>\r\n\t<li><a class=\"require-download-form\" href=\"#\" target=\"_blank\" rel=\"noopener\" data-id=\"QXAwTE96UlJVKzIxcVF3ckl1OTJ2MzM1R0dOVk9YRDF0STJrS3FZTVRvQlFxTnBWVUM0Z1JqK3IxVVBQc2xZVkNqNHZDWTdCeThIdmVzTjVMNlA5ZFNKaDA4Rkg3MUtlWUJPa1lOOVo5aEZ0Q0FDdVczTHBGM05Hc2dDQ25LeStYRGJvYy9aMmJ5RzFaZXc3bUN1bGJBPT0=\" data-page=\"UTN4SHlOUGlJV1FPRmJ2TnhGb0pJZz09\" id=\"dl-1ys6-010\">Joulu on taas A3<\/a> (pdf)<\/li>\r\n<\/ul>\r\n<h5>\u00a0<\/h5>\r\n<h5>Laulutin-laulutaulut A4-koossa<\/h5>\r\n<ul>\r\n\t<li><a class=\"require-download-form\" href=\"#\" target=\"_blank\" rel=\"noopener\" data-id=\"QXAwTE96UlJVKzIxcVF3ckl1OTJ2MzM1R0dOVk9YRDF0STJrS3FZTVRvQlFxTnBWVUM0Z1JqK3IxVVBQc2xZVkNqNHZDWTdCeThIdmVzTjVMNlA5ZFNKaDA4Rkg3MUtlWUJPa1lOOVo5aEdYTEpndmJBOTRwNm1KQ3ErOU1nalFkZVBOaU5iK0h6WGpNYkF3TXM3RW13PT0=\" data-page=\"UTN4SHlOUGlJV1FPRmJ2TnhGb0pJZz09\" id=\"dl-1wml-011\">Lauluttimen kansisivut A4<\/a> (pdf)<\/li>\r\n\t<li><a class=\"require-download-form\" href=\"#\" target=\"_blank\" rel=\"noopener\" data-id=\"QXAwTE96UlJVKzIxcVF3ckl1OTJ2MzM1R0dOVk9YRDF0STJrS3FZTVRvQlFxTnBWVUM0Z1JqK3IxVVBQc2xZVkNqNHZDWTdCeThIdmVzTjVMNlA5ZFNKaDA4Rkg3MUtlWUJPa1lOOVo5aEg5eTJhQVI5QVpaQUR0QnJQWGM2OFFwRlQrK0dUTzBySHNjbkRlNUxlWXRxUHZqSkZzTVVKSk9jbFR0VXpjSHBzPQ==\" data-page=\"UTN4SHlOUGlJV1FPRmJ2TnhGb0pJZz09\" id=\"dl-1mki-012\">Jos sun lysti on A4<\/a> (pdf)<\/li>\r\n\t<li><a class=\"require-download-form\" href=\"#\" target=\"_blank\" rel=\"noopener\" data-id=\"QXAwTE96UlJVKzIxcVF3ckl1OTJ2MzM1R0dOVk9YRDF0STJrS3FZTVRvQlFxTnBWVUM0Z1JqK3IxVVBQc2xZVkNqNHZDWTdCeThIdmVzTjVMNlA5ZFNKaDA4Rkg3MUtlWUJPa1lOOVo5aEVuYkF1cm4wM1RseFpJcjhsZnlWUklSemdGak1EdGNLcTc5UkprNVZ0akpnPT0=\" data-page=\"UTN4SHlOUGlJV1FPRmJ2TnhGb0pJZz09\" id=\"dl-95t9-013\">K\u00e4rp\u00e4nen istui\u2026 A4 <\/a>(pdf)<\/li>\r\n\t<li><a class=\"require-download-form\" href=\"#\" target=\"_blank\" rel=\"noopener\" data-id=\"QXAwTE96UlJVKzIxcVF3ckl1OTJ2MzM1R0dOVk9YRDF0STJrS3FZTVRvQlFxTnBWVUM0Z1JqK3IxVVBQc2xZVkNqNHZDWTdCeThIdmVzTjVMNlA5ZFNKaDA4Rkg3MUtlWUJPa1lOOVo5aEdyNW9ob3JtRFdxVG13S2xyUENCOVViVTYyRWZhWU1KNytLVktHbzRFR3J3PT0=\" data-page=\"UTN4SHlOUGlJV1FPRmJ2TnhGb0pJZz09\" id=\"dl-1rri-014\">Piippolan vaari A4<\/a> (pdf)<\/li>\r\n\t<li><a class=\"require-download-form\" href=\"#\" target=\"_blank\" rel=\"noopener\" data-id=\"QXAwTE96UlJVKzIxcVF3ckl1OTJ2MzM1R0dOVk9YRDF0STJrS3FZTVRvQlFxTnBWVUM0Z1JqK3IxVVBQc2xZVkNqNHZDWTdCeThIdmVzTjVMNlA5ZFNKaDA4Rkg3MUtlWUJPa1lOOVo5aEhNUTVBc2xxemZob2ozeEdDenNLRkExRFFSNS83amJwMzBNcVQ4bDBoOEtnPT0=\" data-page=\"UTN4SHlOUGlJV1FPRmJ2TnhGb0pJZz09\" id=\"dl-ii5x-015\">T\u00e4ti Monika A4<\/a> (pdf)<\/li>\r\n\t<li><a class=\"require-download-form\" href=\"#\" target=\"_blank\" rel=\"noopener\" data-id=\"QXAwTE96UlJVKzIxcVF3ckl1OTJ2MzM1R0dOVk9YRDF0STJrS3FZTVRvQlFxTnBWVUM0Z1JqK3IxVVBQc2xZVkNqNHZDWTdCeThIdmVzTjVMNlA5ZFNKaDA4Rkg3MUtlWUJPa1lOOVo5aEVxTGpPbkxVR3NhdWNPRWE5NjRHeDZIVUExcTBlSVVBQXE3dDF6dmpGdFdRPT0=\" data-page=\"UTN4SHlOUGlJV1FPRmJ2TnhGb0pJZz09\" id=\"dl-19ny-016\">Pienet sammakot A4<\/a> (pdf)<\/li>\r\n\t<li><a class=\"require-download-form\" href=\"#\" target=\"_blank\" rel=\"noopener\" data-id=\"QXAwTE96UlJVKzIxcVF3ckl1OTJ2MzM1R0dOVk9YRDF0STJrS3FZTVRvQlFxTnBWVUM0Z1JqK3IxVVBQc2xZVkNqNHZDWTdCeThIdmVzTjVMNlA5ZFNKaDA4Rkg3MUtlWUJPa1lOOVo5aEV2Z3NBR3c0TW1KaFRqU0Z5elVWNzJDQlZkYTlNWkVOdnZDSDhyckgzNUkzU0VUVDJkSDZiQU5SaURUbWNIcUZJPQ==\" data-page=\"UTN4SHlOUGlJV1FPRmJ2TnhGb0pJZz09\" id=\"dl-1uu7-017\">Porsaita \u00e4idin oomme A4<\/a> (pdf)<\/li>\r\n\t<li><a class=\"require-download-form\" href=\"#\" target=\"_blank\" rel=\"noopener\" data-id=\"QXAwTE96UlJVKzIxcVF3ckl1OTJ2MzM1R0dOVk9YRDF0STJrS3FZTVRvQlFxTnBWVUM0Z1JqK3IxVVBQc2xZVkNqNHZDWTdCeThIdmVzTjVMNlA5ZFNKaDA4Rkg3MUtlWUJPa1lOOVo5aEVVUW1Ga3FWZXpHUnEwa2tXNnNNTkd3YnpOSEN5TlBDakc2K25RV2JZNkNRPT0=\" data-page=\"UTN4SHlOUGlJV1FPRmJ2TnhGb0pJZz09\" id=\"dl-cjtv-018\">Joulu on taas A4<\/a> (pdf)<\/li>\r\n<\/ul>\r\n<\/td>\r\n<\/tr>\r\n<\/tbody>\r\n<\/table><h4><img loading=\"lazy\" decoding=\"async\" width=\"1024\" height=\"514\" class=\"aligncenter size-full wp-image-1653 img-responsive\" src=\"https:\/\/www.kehitysvammaliitto.fi\/tikoteekki\/wp-content\/uploads\/sites\/2\/2025\/10\/II-Laulutin-kasausohje-kuvakollaasi_pakattu-versio-verkkosivuille.jpg\" alt=\"\" srcset=\"https:\/\/www.kehitysvammaliitto.fi\/tikoteekki\/wp-content\/uploads\/sites\/2\/2025\/10\/II-Laulutin-kasausohje-kuvakollaasi_pakattu-versio-verkkosivuille.jpg 1024w, https:\/\/www.kehitysvammaliitto.fi\/tikoteekki\/wp-content\/uploads\/sites\/2\/2025\/10\/II-Laulutin-kasausohje-kuvakollaasi_pakattu-versio-verkkosivuille-300x151.jpg 300w, https:\/\/www.kehitysvammaliitto.fi\/tikoteekki\/wp-content\/uploads\/sites\/2\/2025\/10\/II-Laulutin-kasausohje-kuvakollaasi_pakattu-versio-verkkosivuille-768x386.jpg 768w\" sizes=\"auto, (max-width: 1024px) 100vw, 1024px\" \/><\/h4><h4>N\u00e4in kokoat laulutaulut<\/h4><ol>\r\n\t<li>Tulosta Lauluttimen kansisivut ja laulutaulujen sivut A3- tai A4-kokoiselle paperille. A3 on ryhm\u00e4tilanteisiin sopiva koko. Jos k\u00e4yt\u00e4t normaalia ohutta tulostuspaperia, tulosta sivut yksipuoleisina, jotta tekstit eiv\u00e4t n\u00e4y l\u00e4pi toiselle puolelle.<\/li>\r\n\t<li>Laita p\u00e4\u00e4llekk\u00e4in laulutaulusivu ja ohjesivu, jossa on my\u00f6s laulun sanat. Laminoi.<\/li>\r\n\t<li>Kasaa yhden laulun taulut renkailla tai nippusiteill\u00e4 yhteen.<\/li>\r\n\t<li>Kasaa halutessasi kaikki laulut yhdeksi paketiksi nippusiteill\u00e4 tai renkailla. Avattavat renkaat mahdollistavat sen, ett\u00e4 voit halutessasi ottaa nipusta vain yhden laulun taulut.<\/li>\r\n<\/ol><p><em>Kansisivujen kokoaminen:<\/em><\/p><ol>\r\n\t<li>Leikkaa laulujen valintakuvat irtokorteiksi ja laminoi ne.<\/li>\r\n\t<li>Laminoi my\u00f6s muut kansisivut niin, ett\u00e4 takapuolella on ohje.<\/li>\r\n\t<li>Laita korttien taakse palat tarranauhan karkeaa puolta. Laita Mit\u00e4 t\u00e4n\u00e4\u00e4n laulettaisiin? -sivulle tarranauhan pehme\u00e4\u00e4 puolta sille varatuille paikoille.<\/li>\r\n<\/ol><p><iframe loading=\"lazy\" title=\"Laulutin\" width=\"500\" height=\"281\" src=\"https:\/\/www.youtube.com\/embed\/VmeavS03OlU?wmode=transparent&amp;rel=0&amp;feature=oembed\" frameborder=\"0\" allow=\"accelerometer; autoplay; clipboard-write; encrypted-media; gyroscope; picture-in-picture; web-share\" referrerpolicy=\"strict-origin-when-cross-origin\" allowfullscreen><\/iframe><\/p><table class=\"table\" style=\"width: 100%; border-collapse: collapse; background-color: #e3eaf2; height: 97px;\">\r\n<tbody>\r\n<tr style=\"height: 97px;\">\r\n<td style=\"width: 100%; height: 97px;\">Minulla on oma vuoro, saan valita ja p\u00e4\u00e4tt\u00e4\u00e4, miten laulu jatkuu. Laulutin-toimintamallin avulla jokainen lapsi saa mahdollisuuden kommunikoida ja osallistua omalla tavallaan. Videon tuotanto: Kehitysvammaliitto ry\/Tikoteekki, Yhteisty\u00f6kumppani: P\u00e4iv\u00e4koti Mustikkatassu.<\/td>\r\n<\/tr>\r\n<\/tbody>\r\n<\/table><h2>Laulutin my\u00f6s Papuri-kirjoina<\/h2><p>Papunet-sivuston Papuri-kirjaty\u00f6kalusta l\u00f6ytyy Lauluttimen lauluja laulettuina. Papurissa olevan Lauluttimen kanssa voi opetella laulujen sanoja ja s\u00e4veli\u00e4. Papurin tuella voi my\u00f6s laulaa yhdess\u00e4 lasten kanssa, ja lapset voivat tehd\u00e4 tabletilta valintoja siit\u00e4, miten he haluavat laulujen etenev\u00e4n.<\/p><p><a href=\"https:\/\/papuri.papunet.net\/#\/lue\/29636\/1d850d87308ee61e3a58691aa2e2bf1c\">Laulutin Papurissa<\/a>.\u00a0<\/p><h2>Lis\u00e4\u00e4 tietoa Lauluttimesta<\/h2><ul style=\"list-style-type: disc;\">\r\n\t<li>Tikosen 2\/2025 artikkeli: <a href=\"https:\/\/tikonen.fi\/aiheet\/kommunikointikeinot\/tikoteekki-kehittaa-laulutin-saa-jokaisen-lapsen-osallistumaan\/\" target=\"_blank\" rel=\"noopener\">Tikoteekki kehitt\u00e4\u00e4: Laulutin saa jokaisen lapsen osallistumaan<\/a><\/li>\r\n\t<li>Tikosen 2\/2025 artikkeli: <a href=\"https:\/\/tikonen.fi\/aiheet\/kommunikointikeinot\/varhaiskasvatuksen-erityisopettaja-mari-rouhiainen-laulutin-lisaa-lasten-yhteisollisyytta\/\" target=\"_blank\" rel=\"noopener\">Varhaiskasvatuksen erityisopettaja Mari Rouhiainen: Laulutin lis\u00e4\u00e4 lasten yhteis\u00f6llisyytt\u00e4<\/a><\/li>\r\n<\/ul><p>Haluatko tiet\u00e4\u00e4 lis\u00e4\u00e4? Ota yhteytt\u00e4 Lauluttimen kehitt\u00e4jiin puheterapeutti, asiantuntija Kaisa Laineeseen (kaisa.laine[at]kvl.fi) ja puhevammaisten tulkki, AAC-asiantuntija Virpi Yiannakouhun (virpi.yiannakou[at]kvl.fi).<\/p>\n\n","protected":false},"excerpt":{"rendered":"Kuva: Jenni K\u00e4rn\u00e4-EscalanteLaulutin \u2013 jokainen lapsi osallistuu ja vaikuttaa omalla tavallaanLaulutin-toimintamalli on tarkoitettu lasten oman aktiivisen osallistumisen ja kommunikoinnin lis\u00e4\u00e4miseen varhaiskasvatuksessa ja muissa toimintaymp\u00e4rist\u00f6iss\u00e4. Jokaisella lapsella on oma vuoro h\u00e4nen kommunikointitaidoistaan tai -tavastaan riippumatta, ja lapset saavat p\u00e4\u00e4tt\u00e4\u00e4 laulun kulun. L\u00f6yd\u00e4t Lauluttimen materiaalit t\u00e4lt\u00e4 sivulta.Laulutin tarjoaa lapsille tasavertaisia osallistumisen kokemuksia ja mahdollisuuksia kertoa mielipiteens\u00e4 ja [&hellip;]","protected":false},"author":13,"featured_media":0,"parent":118,"menu_order":3,"comment_status":"closed","ping_status":"closed","template":"","meta":{"footnotes":""},"categories":[],"tags":[],"class_list":["post-1556","page","type-page","status-publish","hentry"],"_links":{"self":[{"href":"https:\/\/www.kehitysvammaliitto.fi\/tikoteekki\/wp-json\/wp\/v2\/pages\/1556","targetHints":{"allow":["GET"]}}],"collection":[{"href":"https:\/\/www.kehitysvammaliitto.fi\/tikoteekki\/wp-json\/wp\/v2\/pages"}],"about":[{"href":"https:\/\/www.kehitysvammaliitto.fi\/tikoteekki\/wp-json\/wp\/v2\/types\/page"}],"author":[{"embeddable":true,"href":"https:\/\/www.kehitysvammaliitto.fi\/tikoteekki\/wp-json\/wp\/v2\/users\/13"}],"replies":[{"embeddable":true,"href":"https:\/\/www.kehitysvammaliitto.fi\/tikoteekki\/wp-json\/wp\/v2\/comments?post=1556"}],"version-history":[{"count":0,"href":"https:\/\/www.kehitysvammaliitto.fi\/tikoteekki\/wp-json\/wp\/v2\/pages\/1556\/revisions"}],"up":[{"embeddable":true,"href":"https:\/\/www.kehitysvammaliitto.fi\/tikoteekki\/wp-json\/wp\/v2\/pages\/118"}],"wp:attachment":[{"href":"https:\/\/www.kehitysvammaliitto.fi\/tikoteekki\/wp-json\/wp\/v2\/media?parent=1556"}],"wp:term":[{"taxonomy":"category","embeddable":true,"href":"https:\/\/www.kehitysvammaliitto.fi\/tikoteekki\/wp-json\/wp\/v2\/categories?post=1556"},{"taxonomy":"post_tag","embeddable":true,"href":"https:\/\/www.kehitysvammaliitto.fi\/tikoteekki\/wp-json\/wp\/v2\/tags?post=1556"}],"curies":[{"name":"wp","href":"https:\/\/api.w.org\/{rel}","templated":true}]}}