{"id":163,"date":"2018-06-12T19:43:40","date_gmt":"2018-06-12T16:43:40","guid":{"rendered":"https:\/\/www.kehitysvammaliitto.fi\/tikoteekki\/tuotteet\/kommunikointikansiot\/"},"modified":"2025-05-20T14:44:10","modified_gmt":"2025-05-20T11:44:10","slug":"kommunikointikansiot","status":"publish","type":"page","link":"https:\/\/www.kehitysvammaliitto.fi\/tikoteekki\/tuotteet\/kommunikointikansiot\/","title":{"rendered":"Kommunikointikansiot"},"content":{"rendered":"<h2><img loading=\"lazy\" decoding=\"async\" width=\"800\" height=\"363\" class=\"alignnone size-full wp-image-590 img-responsive\" src=\"https:\/\/www.kehitysvammaliitto.fi\/tikoteekki\/wp-content\/uploads\/sites\/2\/2019\/10\/VIESTI_aukeama_netti.jpg\" alt=\"Viesti-sanakansion aukeama\" srcset=\"https:\/\/www.kehitysvammaliitto.fi\/tikoteekki\/wp-content\/uploads\/sites\/2\/2019\/10\/VIESTI_aukeama_netti.jpg 800w, https:\/\/www.kehitysvammaliitto.fi\/tikoteekki\/wp-content\/uploads\/sites\/2\/2019\/10\/VIESTI_aukeama_netti-300x136.jpg 300w, https:\/\/www.kehitysvammaliitto.fi\/tikoteekki\/wp-content\/uploads\/sites\/2\/2019\/10\/VIESTI_aukeama_netti-768x348.jpg 768w\" sizes=\"auto, (max-width: 800px) 100vw, 800px\" \/><\/h2><h2>VIESTI-sanakansio<\/h2><p>VIESTI-sanakansio on suunniteltu henkil\u00f6ille, joilla on sananl\u00f6yt\u00e4misen vaikeutta esimerkiksi aivoverenkiertoh\u00e4iri\u00f6n j\u00e4lkeen tai muistisairauteen liittyen. Kansiota voi k\u00e4ytt\u00e4\u00e4 my\u00f6s puheen ymm\u00e4rt\u00e4misen tukena.<\/p><p>VIESTI-kansiossa on sanoja ja valmiita lauseita luokiteltuina kahdeksaantoista aihepiiriin esimerkiksi ihmiset, paikat, terveys, yhteiskunta, asiointi ja koti. Jokainen aihepiiri sis\u00e4lt\u00e4\u00e4 sek\u00e4 lauseita ett\u00e4 sanoja alaluokkiin jaoteltuina.<\/p><p>Kansio on tulostettu vedenkest\u00e4v\u00e4lle paperille, johon on helppo kirjoittaa sielt\u00e4 puuttuvia sanoja lyijykyn\u00e4ll\u00e4 tai mustekyn\u00e4ll\u00e4. Lyijykyn\u00e4n tekstin voi my\u00f6s tarvittaessa pyyhki\u00e4 pois. VIESTI-sanakansio on tehty kokoon 16,5 x 15cm, jolloin se on helposti mukana kulkeva. Kansion sivut on tallennettu tuotteen oheen tulevalle muistitikulle PowerPoint-tiedostoina.<\/p><p><strong>Hinta:<\/strong>132 \u20ac <br>\r\n<strong>Myynti:<\/strong>\u00a0 <a href=\"https:\/\/www.opike.fi\/?mod=products&amp;pid=485\" target=\"_blank\" rel=\"noopener noreferrer\">www.opike.fi<\/a> <br>\r\n<strong>Lis\u00e4tietoja:<\/strong> <a href=\"mailto:tikoteekki@kvl.fi\" target=\"_blank\" rel=\"noopener noreferrer\">tikoteekki(at)kvl.fi<\/a><\/p><p>VIESTI-sanakansio l\u00f6ytyy my\u00f6s Papunetin materiaaleista. Kansion sis\u00e4lt\u00f6\u00f6n voi tutustua Papunetissa, josta voi my\u00f6s tulostaa sanalistoja. Sis\u00e4lt\u00f6\u00e4 voi muokata PowerPoint-ohjelmassa. Papunetin sivut tulostuvat kokoon A5 eli ne ovat kooltaan suurempia kuin myynniss\u00e4 olevan valmiiksi kootun VIESTI-sanakansion sivut. <br>\r\n<strong>Lis\u00e4tietoja<\/strong>: <a href=\"http:\/\/papunet.net\/materiaalia\/viesti-sanakansio\" target=\"_blank\" rel=\"noopener noreferrer\">papunet.net\/materiaalia\/viesti-sanakansio<\/a><\/p><p>\u00a0<\/p><p><iframe loading=\"lazy\" title=\"Miten k\u00e4yt\u00e4n POLKU-kommunikointikansiota?\" width=\"500\" height=\"281\" src=\"https:\/\/www.youtube.com\/embed\/CQ19-U5NeB8?wmode=transparent&amp;rel=0&amp;feature=oembed\" frameborder=\"0\" allow=\"accelerometer; autoplay; clipboard-write; encrypted-media; gyroscope; picture-in-picture; web-share\" referrerpolicy=\"strict-origin-when-cross-origin\" allowfullscreen><\/iframe><\/p><table class=\"table\" style=\"width: 100%; border-collapse: collapse; background-color: #e3eaf2; height: 97px;\">\r\n<tbody>\r\n<tr style=\"height: 97px;\">\r\n<td style=\"width: 100%; height: 97px;\">\r\n<p>Videolla kerrotaan Tikoteekin tuottamasta POLKU-kansiosta. Se on tarkoitettu k\u00e4ytt\u00e4jille, jotka eiv\u00e4t itse pysty osoittamaan kuvia tai sanoja, vaan heille tulee luetella \u00e4\u00e4neen eri vaihtoehtoja. POLKU-kommunikointikansiossa keskeist\u00e4 on, ett\u00e4 puheenaihe, asia, ei p\u00e4\u00e4se hukkumaan viestin hitaan rakentumisen aikana. Kansion sanasto on suunniteltu aikuisille, mutta kansion sis\u00e4lt\u00f6 edellytt\u00e4\u00e4 aina yksil\u00f6imist\u00e4 k\u00e4ytt\u00e4j\u00e4lleen sopivaksi. POLKU-kommunikointikansio voidaan my\u00f6nt\u00e4\u00e4 henkil\u00f6kohtaiseksi kommunikoinnin apuv\u00e4lineeksi osana apuv\u00e4linearviointia.\u00a0<\/p>\r\n<\/td>\r\n<\/tr>\r\n<\/tbody>\r\n<\/table><h2>POLKU-kommunikointikansio<\/h2><p>POLKU-kansio on tarkoitettu k\u00e4ytt\u00e4jille, jotka eiv\u00e4t itse pysty osoittamaan kuvia tai sanoja, vaan heille tulee luetella auditiivisesti askeltaen eri vaihtoehtoja. Polkuaskellus on syntynyt puheterapiassa todetusta tarpeesta l\u00f6yt\u00e4\u00e4 auditiivinen askellusmalli, jossa keskeinen puheenaihe, asia, ei p\u00e4\u00e4sisi hukkumaan viestin hitaan rakentumisen aikana. Keskeist\u00e4 mallissa on suuntautuminen ymm\u00e4rt\u00e4miseen orientoitumalla mm. viestin tyyppiin (esim. toteamus vai kysymys) ja aikaan (nykyhetki, mennyt vai tuleva aika). POLKU-kansion avulla asiaa kerrottaessa ei edet\u00e4 suomen kielen mukaisessa sanaj\u00e4rjestyksess\u00e4, vaan aloitetaan p\u00e4\u00e4asiasta t\u00e4ydent\u00e4en sitten lausetta. Lopuksi kommunikointikumppani kokoaa valituista sanoista suomenkielisen lauseen.<\/p><p><strong>Hinta:<\/strong> 350\u20ac <br>\r\n<strong>Lis\u00e4tietoja:<\/strong><a href=\"mailto:tikoteekki@kvl.fi\" target=\"_blank\" rel=\"noopener noreferrer\"> tikoteekki(at)kvl.fi<\/a><br>\r\n<strong>Myynti:<\/strong> <a href=\"https:\/\/www.opike.fi\/?mod=products&amp;category=14&amp;page=1\" target=\"_blank\" rel=\"noopener noreferrer\">www.opike.fi<\/a><\/p><p><img loading=\"lazy\" decoding=\"async\" width=\"300\" height=\"212\" class=\"alignnone size-medium wp-image-347 img-responsive\" src=\"https:\/\/www.kehitysvammaliitto.fi\/tikoteekki\/wp-content\/uploads\/sites\/2\/2018\/08\/EnsiPOLKU-300x212.jpg\" alt=\"\" srcset=\"https:\/\/www.kehitysvammaliitto.fi\/tikoteekki\/wp-content\/uploads\/sites\/2\/2018\/08\/EnsiPOLKU-300x212.jpg 300w, https:\/\/www.kehitysvammaliitto.fi\/tikoteekki\/wp-content\/uploads\/sites\/2\/2018\/08\/EnsiPOLKU.jpg 425w\" sizes=\"auto, (max-width: 300px) 100vw, 300px\" \/><\/p><h2>EnsiPOLKU-kommunikointikansiot lapsille ja aikuisille<\/h2><p>Tikoteekin tuottamat EnsiPOLKU-kansiot on tarkoitettu kommunikointiin silloin, kun henkil\u00f6 ei itse pysty osoittamaan kuvia tai sanoja vaan tarvitsee toisen henkil\u00f6n luettelemaan sanastoa (auditiivinen askellus). <a href=\"https:\/\/papunet.net\/materiaali\/ensipolku-kansiot\/\" target=\"_blank\" rel=\"noopener\">Tutustu EnsiPOLKU-kansioihin ja tulosta materiaalit Papunetin sivuilla<\/a>.<br>\r\n<br>\r\n<\/p>\n\n","protected":false},"excerpt":{"rendered":"VIESTI-sanakansioVIESTI-sanakansio on suunniteltu henkil\u00f6ille, joilla on sananl\u00f6yt\u00e4misen vaikeutta esimerkiksi aivoverenkiertoh\u00e4iri\u00f6n j\u00e4lkeen tai muistisairauteen liittyen. Kansiota voi k\u00e4ytt\u00e4\u00e4 my\u00f6s puheen ymm\u00e4rt\u00e4misen tukena.VIESTI-kansiossa on sanoja ja valmiita lauseita luokiteltuina kahdeksaantoista aihepiiriin esimerkiksi ihmiset, paikat, terveys, yhteiskunta, asiointi ja koti. Jokainen aihepiiri sis\u00e4lt\u00e4\u00e4 sek\u00e4 lauseita ett\u00e4 sanoja alaluokkiin jaoteltuina.Kansio on tulostettu vedenkest\u00e4v\u00e4lle paperille, johon on helppo kirjoittaa sielt\u00e4 [&hellip;]","protected":false},"author":1,"featured_media":0,"parent":98,"menu_order":2,"comment_status":"closed","ping_status":"closed","template":"","meta":{"footnotes":""},"categories":[],"tags":[],"class_list":["post-163","page","type-page","status-publish","hentry"],"_links":{"self":[{"href":"https:\/\/www.kehitysvammaliitto.fi\/tikoteekki\/wp-json\/wp\/v2\/pages\/163","targetHints":{"allow":["GET"]}}],"collection":[{"href":"https:\/\/www.kehitysvammaliitto.fi\/tikoteekki\/wp-json\/wp\/v2\/pages"}],"about":[{"href":"https:\/\/www.kehitysvammaliitto.fi\/tikoteekki\/wp-json\/wp\/v2\/types\/page"}],"author":[{"embeddable":true,"href":"https:\/\/www.kehitysvammaliitto.fi\/tikoteekki\/wp-json\/wp\/v2\/users\/1"}],"replies":[{"embeddable":true,"href":"https:\/\/www.kehitysvammaliitto.fi\/tikoteekki\/wp-json\/wp\/v2\/comments?post=163"}],"version-history":[{"count":0,"href":"https:\/\/www.kehitysvammaliitto.fi\/tikoteekki\/wp-json\/wp\/v2\/pages\/163\/revisions"}],"up":[{"embeddable":true,"href":"https:\/\/www.kehitysvammaliitto.fi\/tikoteekki\/wp-json\/wp\/v2\/pages\/98"}],"wp:attachment":[{"href":"https:\/\/www.kehitysvammaliitto.fi\/tikoteekki\/wp-json\/wp\/v2\/media?parent=163"}],"wp:term":[{"taxonomy":"category","embeddable":true,"href":"https:\/\/www.kehitysvammaliitto.fi\/tikoteekki\/wp-json\/wp\/v2\/categories?post=163"},{"taxonomy":"post_tag","embeddable":true,"href":"https:\/\/www.kehitysvammaliitto.fi\/tikoteekki\/wp-json\/wp\/v2\/tags?post=163"}],"curies":[{"name":"wp","href":"https:\/\/api.w.org\/{rel}","templated":true}]}}