{"id":164,"date":"2018-06-12T19:43:40","date_gmt":"2018-06-12T16:43:40","guid":{"rendered":"https:\/\/www.kehitysvammaliitto.fi\/tikoteekki\/tuotteet\/sahkosanoma\/"},"modified":"2024-06-25T13:02:59","modified_gmt":"2024-06-25T10:02:59","slug":"sahkosanoma","status":"publish","type":"page","link":"https:\/\/www.kehitysvammaliitto.fi\/tikoteekki\/tuotteet\/sahkosanoma\/","title":{"rendered":"S\u00e4hk\u00f6SANOMA"},"content":{"rendered":"<h2>S\u00e4hk\u00f6SANOMA-kommunikointitaulusto<\/h2><p>S\u00e4hk\u00f6SANOMA on kommunikointiohjelmalla rakennettu valmis sis\u00e4lt\u00f6. S\u00e4hk\u00f6SANOMA-taulustoja l\u00f6ytyy eri kommunikointiohjelmille: Speaking Dynamically Pro 6.0, Communicator 5 sek\u00e4 Grid 3. N\u00e4m\u00e4 ohjelmat toimivat vain Windows-laitteilla. S\u00e4hk\u00f6SANOMA-taulustot l\u00f6ytyv\u00e4t my\u00f6s DialoQ Talk -ohjelmasta, joka toimii sek\u00e4 Windows- ett\u00e4 Android-laitteilla. S\u00e4hk\u00f6SANOMA-taulustoja on lis\u00e4ksi my\u00f6s ruotsinkielisin\u00e4 versioina. <br>\r\n<br>\r\nS\u00e4hk\u00f6SANOMAn taulustot on tehty PCS-kuvilla kaikkiin kommunikointiohjelmiin. Grid 3 -kommunikointiohjelmasta l\u00f6ytyy lis\u00e4ksi omat versiot, joissa on k\u00e4ytetty SymbolStix-kuvia. S\u00e4hk\u00f6SANOMA-taulustot toimivat taivuttimen ja puhesynteesiohjelmien kanssa.<br>\r\n<br>\r\nTaulustosta on kolme versiota:<\/p><ul>\r\n\t<li>S\u00e4hk\u00f6SANOMA 24: sivuilla 24 vaihtuvaa kuvaa.<\/li>\r\n\t<li>S\u00e4hk\u00f6SANOMA 48: sivuilla 48 vaihtuvaa kuvaa.<\/li>\r\n\t<li>S\u00e4hk\u00f6SANOMA 48 puhelin, joka on Android-puhelimen n\u00e4yt\u00f6lle optimoitu versio.<\/li>\r\n<\/ul><p>S\u00e4hk\u00f6SANOMA 48 -versiot sis\u00e4lt\u00e4v\u00e4t yli 3000 kuvaa jaoteltuina 18 kategoriaan \u2013 yhteens\u00e4 noin 100 sivua, jotka on linkitetty toimivaksi kokonaisuudeksi. Jokaisella sivulla on eri sanaluokan sanoja lauseiden muodostamista varten. Lauseita muodostetaan valitsemalla kuva kerrallaan, jolloin kuvat siirtyv\u00e4t viestiriville ja kielellinen taivutin muokkaa puheen sujuvaksi suomeksi.<\/p><p>S\u00e4hk\u00f6SANOMA-taulustot sis\u00e4lt\u00e4v\u00e4t lis\u00e4ksi ruutun\u00e4pp\u00e4imist\u00f6n, koulun ja kodin omat muokattavat sivut, ajankohtaisia viestej\u00e4 ja kuulumisia ja sivun, johon voi lis\u00e4t\u00e4 valmiita viestej\u00e4 tarpeen mukaan. Kerronnassa voi k\u00e4ytt\u00e4\u00e4 my\u00f6s omia valokuvia esimerkiksi kalenterin viikko-ohjelmaa laadittaessa. DialoQ Talkissa toimivia sivuja ja taulustoja on helppo muokata suoraan kosketusn\u00e4yt\u00f6lt\u00e4.<br>\r\n<br>\r\n<img loading=\"lazy\" decoding=\"async\" width=\"800\" height=\"450\" class=\"aligncenter wp-image-950 size-full img-responsive\" src=\"https:\/\/www.kehitysvammaliitto.fi\/tikoteekki\/wp-content\/uploads\/sites\/2\/2023\/02\/sahkosanoma2.png\" alt=\"\" srcset=\"https:\/\/www.kehitysvammaliitto.fi\/tikoteekki\/wp-content\/uploads\/sites\/2\/2023\/02\/sahkosanoma2.png 800w, https:\/\/www.kehitysvammaliitto.fi\/tikoteekki\/wp-content\/uploads\/sites\/2\/2023\/02\/sahkosanoma2-300x169.png 300w, https:\/\/www.kehitysvammaliitto.fi\/tikoteekki\/wp-content\/uploads\/sites\/2\/2023\/02\/sahkosanoma2-768x432.png 768w\" sizes=\"auto, (max-width: 800px) 100vw, 800px\" \/><\/p><p><strong><br>\r\nHINTA: 132 \u20ac <\/strong>\/ versio (24 tai 48 kuvaa per sivu)<strong><br>\r\nTILAUKSET<br>\r\n<\/strong>S\u00e4hk\u00f6SANOMA-taulustot DialoQ Talk- ja Grid 3 -ohjelmille tilataan t\u00e4ytt\u00e4m\u00e4ll\u00e4 <a href=\"https:\/\/link.webropol.com\/s\/lisenssitilaus\" target=\"_blank\" rel=\"noopener\"><strong>lisenssitilauslomake<\/strong><\/a>. Speaking Dynamically Pro- tai Communicator 5 -ohjelmille taulustot tilataan osoitteesta tikoteekki@kvl.fi <strong><u><br>\r\n<\/u><\/strong><\/p><p><br>\r\n<strong>Taulusto ja lisenssi toimitetaan Tikoteekista seuraavasti:<br>\r\n<br>\r\n<\/strong>a) Grid 3- ja DialoQ Talk -ohjelmiin opas ja tauluston lisenssikoodi toimitetaan s\u00e4hk\u00f6postitse. Taulusto ladataan lisenssikoodilla kommunikointiohjelmassa.<br>\r\n<br>\r\nb) Speaking Dynamically Pro- ja Communicator 5 -ohjelmiin taulusto toimitetaan muistitikulla, joka sis\u00e4lt\u00e4\u00e4 k\u00e4ytt\u00f6oppaan ja valitun S\u00e4hk\u00f6SANOMA-tauluston (24 kuvaa tai 48 kuvaa \/ sivu).<\/p><p><strong>HUOM!<\/strong> Kommunikointiohjelma, kielellinen taivutin ja puhesynteesiohjelma on hankittava erikseen.<br>\r\nLis\u00e4tietoa saat alan apuv\u00e4linetoimittajilta: <a href=\"https:\/\/www.code-q.fi\/\" target=\"_blank\" rel=\"noopener\">Code-Q<\/a>, \u00a0<a href=\"https:\/\/www.bernermedlab.fi\/tuotteet\/kommunikoinnin-apuvalineet\/?load=2\" target=\"_blank\" rel=\"noopener\">Berner<\/a>, <a href=\"https:\/\/www.kajo.fi\/\" target=\"_blank\" rel=\"noopener\">Kajo Apuv\u00e4lineet<\/a>, <a href=\"https:\/\/www.kommunikoi.fi\/\" target=\"_blank\" rel=\"noopener\">Kommunikoi<\/a>. <br>\r\n<br>\r\nS\u00e4hk\u00f6SANOMA-tauluston ohjelmineen voi saada kommunikoinnin arvioinnin yhteydess\u00e4 apuv\u00e4linekeskuksien kautta henkil\u00f6kohtaisena kommunikoinnin apuv\u00e4lineen\u00e4. Suomessa vaativia kommunikoinnin ja tietokoneen k\u00e4yt\u00f6n apuv\u00e4linepalveluita tarjoavat Tikoteekki-verkostoon kuuluvat erikoissairaanhoidon yksik\u00f6t. Lis\u00e4tietoja kommunikoinnin apuv\u00e4linepalveluista: <a href=\"https:\/\/tikoteekkiverkosto.fi\/\" target=\"_blank\" rel=\"noopener\"><strong>tikoteekkiverkosto.fi<\/strong><\/a><\/p><p><strong>LIS\u00c4TIETOJA<br>\r\n<\/strong>asiantuntija, puhevammaisten tulkki Virpi Yiannakou puh.09-34809313,\u00a0<a href=\"mailto:virpi.yiannakou@kvl.fi\"><strong>virpi.yiannakou(at)kvl.fi<\/strong><\/a> ja avustavan tietotekniikan asiantuntija Taro Katajisto puh. 09 3480 9250, <a href=\"mailto:taro.katajisto@kvl.fi\">taro.katajisto(at)kvl.fi<\/a><\/p><h2>De svenska S\u00e4hk\u00f6SANOMA versionerna\u00a0<\/h2><p>De svenska versionerna av S\u00e4hk\u00f6SANOMA 24 och\u00a0 S\u00e4hk\u00f6SANOMA 48 \u00e4r\u00a0 f\u00e4rdiga till\u00e4mpningar gjorda f\u00f6r kommunikationsprogrammen <em>Boardmaker with Speaking Dynamically 6.0<\/em> och <em>DialoQ Talk.<\/em><\/p><p>De svenska S\u00e4hk\u00f6SANOMA versionerna\u00a0 inneh\u00e5ller ca 100 sidor med PCS-bilder indelade i 18 kategorier.<\/p><p>Kategorirutorna finns p\u00e5 varje sida och genom att v\u00e4lja kategori, \u00f6ppnas en sida med aktuella bildsymboler (24 PCS bilder eller 48 PCS bilder per sk\u00e4rm).\u00a0 Vald bild, eller valda bilder syns i en meddelanderad ovanf\u00f6r bilderna, och kan l\u00e4sas upp med en svensk talsyntes.<\/p><p>Sidorna g\u00e5r att uppdatera, bilderna g\u00e5r att byta ut enligt behov.<\/p><p><strong>PRISET<\/strong> per version \u00e4r 132 \u20ac, och kan best\u00e4llas via Tikoteekki.<br>\r\n<strong>Till\u00e4ggsinformation<\/strong>: Tikoteekki, <a href=\"mailto:taro.katajisto@kvl.fi\">taro.katajisto(at)kvl.fi<\/a><\/p><p>\u00a0<\/p><p><img loading=\"lazy\" decoding=\"async\" width=\"800\" height=\"450\" class=\"aligncenter wp-image-969 size-full img-responsive\" src=\"https:\/\/www.kehitysvammaliitto.fi\/tikoteekki\/wp-content\/uploads\/sites\/2\/2023\/03\/sahkoSANOMA-ruotsi.png\" alt=\"\" srcset=\"https:\/\/www.kehitysvammaliitto.fi\/tikoteekki\/wp-content\/uploads\/sites\/2\/2023\/03\/sahkoSANOMA-ruotsi.png 800w, https:\/\/www.kehitysvammaliitto.fi\/tikoteekki\/wp-content\/uploads\/sites\/2\/2023\/03\/sahkoSANOMA-ruotsi-300x169.png 300w, https:\/\/www.kehitysvammaliitto.fi\/tikoteekki\/wp-content\/uploads\/sites\/2\/2023\/03\/sahkoSANOMA-ruotsi-768x432.png 768w\" sizes=\"auto, (max-width: 800px) 100vw, 800px\" \/><\/p><p>\u00a0<\/p><p>\u00a0<\/p><p><a class=\"button read external-link\" href=\"https:\/\/www.youtube.com\/channel\/UCM5tF-7ywCBr7swyKizY-iw\" target=\"_blank\" rel=\"noopener noreferrer\">Ohjevideot (YouTube\/Tikotuubi)<\/a><\/p><p>\u00a0<\/p>\n\n","protected":false},"excerpt":{"rendered":"S\u00e4hk\u00f6SANOMA-kommunikointitaulustoS\u00e4hk\u00f6SANOMA on kommunikointiohjelmalla rakennettu valmis sis\u00e4lt\u00f6. S\u00e4hk\u00f6SANOMA-taulustoja l\u00f6ytyy eri kommunikointiohjelmille: Speaking Dynamically Pro 6.0, Communicator 5 sek\u00e4 Grid 3. N\u00e4m\u00e4 ohjelmat toimivat vain Windows-laitteilla. S\u00e4hk\u00f6SANOMA-taulustot l\u00f6ytyv\u00e4t my\u00f6s DialoQ Talk -ohjelmasta, joka toimii sek\u00e4 Windows- ett\u00e4 Android-laitteilla. S\u00e4hk\u00f6SANOMA-taulustoja on lis\u00e4ksi my\u00f6s ruotsinkielisin\u00e4 versioina. S\u00e4hk\u00f6SANOMAn taulustot on tehty PCS-kuvilla kaikkiin kommunikointiohjelmiin. Grid 3 -kommunikointiohjelmasta l\u00f6ytyy lis\u00e4ksi omat [&hellip;]","protected":false},"author":1,"featured_media":1215,"parent":98,"menu_order":3,"comment_status":"closed","ping_status":"closed","template":"","meta":{"footnotes":""},"categories":[],"tags":[],"class_list":["post-164","page","type-page","status-publish","has-post-thumbnail","hentry"],"_links":{"self":[{"href":"https:\/\/www.kehitysvammaliitto.fi\/tikoteekki\/wp-json\/wp\/v2\/pages\/164","targetHints":{"allow":["GET"]}}],"collection":[{"href":"https:\/\/www.kehitysvammaliitto.fi\/tikoteekki\/wp-json\/wp\/v2\/pages"}],"about":[{"href":"https:\/\/www.kehitysvammaliitto.fi\/tikoteekki\/wp-json\/wp\/v2\/types\/page"}],"author":[{"embeddable":true,"href":"https:\/\/www.kehitysvammaliitto.fi\/tikoteekki\/wp-json\/wp\/v2\/users\/1"}],"replies":[{"embeddable":true,"href":"https:\/\/www.kehitysvammaliitto.fi\/tikoteekki\/wp-json\/wp\/v2\/comments?post=164"}],"version-history":[{"count":0,"href":"https:\/\/www.kehitysvammaliitto.fi\/tikoteekki\/wp-json\/wp\/v2\/pages\/164\/revisions"}],"up":[{"embeddable":true,"href":"https:\/\/www.kehitysvammaliitto.fi\/tikoteekki\/wp-json\/wp\/v2\/pages\/98"}],"wp:featuredmedia":[{"embeddable":true,"href":"https:\/\/www.kehitysvammaliitto.fi\/tikoteekki\/wp-json\/wp\/v2\/media\/1215"}],"wp:attachment":[{"href":"https:\/\/www.kehitysvammaliitto.fi\/tikoteekki\/wp-json\/wp\/v2\/media?parent=164"}],"wp:term":[{"taxonomy":"category","embeddable":true,"href":"https:\/\/www.kehitysvammaliitto.fi\/tikoteekki\/wp-json\/wp\/v2\/categories?post=164"},{"taxonomy":"post_tag","embeddable":true,"href":"https:\/\/www.kehitysvammaliitto.fi\/tikoteekki\/wp-json\/wp\/v2\/tags?post=164"}],"curies":[{"name":"wp","href":"https:\/\/api.w.org\/{rel}","templated":true}]}}