{"id":167,"date":"2018-06-12T19:51:04","date_gmt":"2018-06-12T16:51:04","guid":{"rendered":"https:\/\/www.kehitysvammaliitto.fi\/tikoteekki\/tietoa\/apuvalineena-ihminen\/"},"modified":"2025-05-15T15:15:25","modified_gmt":"2025-05-15T12:15:25","slug":"apuvalineena-ihminen","status":"publish","type":"page","link":"https:\/\/www.kehitysvammaliitto.fi\/tikoteekki\/tietoa\/apuvalineena-ihminen\/","title":{"rendered":"Apuv\u00e4lineen\u00e4 ihminen"},"content":{"rendered":"<p>Opi olemaan vuorovaikutuksessa puhumattoman ihmisen kanssa Apuv\u00e4lineen\u00e4 ihminen -toimintamallien avulla. N\u00e4m\u00e4 Tikoteekin mallit antavat tietoja tai taitoja, joilla voitte parantaa yhteisymm\u00e4rryst\u00e4nne ja yhdess\u00e4olon hetki\u00e4nne. Silloin my\u00f6s puhumattoman henkil\u00f6n mahdollisuus kertoa mielipiteens\u00e4 ja vaikuttaa omiin asioihinsa vahvistuu.<\/p><p>\u00a0<\/p><p><img loading=\"lazy\" decoding=\"async\" width=\"400\" height=\"112\" class=\"size-full wp-image-758 aligncenter img-responsive\" src=\"https:\/\/www.kehitysvammaliitto.fi\/tikoteekki\/wp-content\/uploads\/sites\/2\/2021\/04\/apuna_logo_R_vaaka_NETTI.png\" alt=\"Apuv\u00e4lineen\u00e4 ihminen -logo\" srcset=\"https:\/\/www.kehitysvammaliitto.fi\/tikoteekki\/wp-content\/uploads\/sites\/2\/2021\/04\/apuna_logo_R_vaaka_NETTI.png 400w, https:\/\/www.kehitysvammaliitto.fi\/tikoteekki\/wp-content\/uploads\/sites\/2\/2021\/04\/apuna_logo_R_vaaka_NETTI-300x84.png 300w\" sizes=\"auto, (max-width: 400px) 100vw, 400px\" \/><\/p><p>\u00a0<\/p><h3>Vuorovaikutus on t\u00e4rke\u00e4\u00e4 kaikille<\/h3><p>Jokaisella on tarve ja oikeus olla yhteydess\u00e4 toisiin ihmisiin. Vuorovaikutus voi olla esimerkiksi jutustelua eli mukavia hetki\u00e4, joissa oleellisinta on vain olla yhdess\u00e4 kiireett\u00f6m\u00e4sti ja ilman paineita. T\u00e4llaiset hetket ovat hyvin t\u00e4rkeit\u00e4 my\u00f6s ihmiselle, joka ei puhu tai joka viestii olemuskielell\u00e4 (esim. katseella, eleill\u00e4, ilmeill\u00e4, \u00e4\u00e4ntelem\u00e4ll\u00e4 ja toiminnalla). Ne voivat kuitenkin j\u00e4\u00e4d\u00e4 h\u00e4nelt\u00e4 kokonaan kokematta, jos h\u00e4nen kanssaan yritet\u00e4\u00e4n olla vuorovaikutuksessa liian monimutkaisilla tavoilla tai kommunikointikeinosta ja sen harjoittelusta tulee p\u00e4\u00e4m\u00e4\u00e4r\u00e4.<\/p><p>Jokaisella on my\u00f6s mielipiteit\u00e4. My\u00f6s henkil\u00f6ll\u00e4, joka ei pysty ilmaisemaan itse\u00e4\u00e4n puhumalla tai kommunikoinnin tukikeinoja k\u00e4ytt\u00e4m\u00e4ll\u00e4, on tarve tulla kuulluksi ja vaikuttaa omaan el\u00e4m\u00e4\u00e4ns\u00e4.<\/p><h3>Vaikutusvaltaa osaavan kumppanin tuella<\/h3><p>Joidenkin ihmisten kohdalla oikeus vuorovaikutukseen ja omien mielipiteiden kertomiseen tarkoittaa oikeutta osaaviin kommunikointikumppaneihin. T\u00e4llaisella kumppanilla on herkkyytt\u00e4, h\u00e4n haluaa aidosti ymm\u00e4rt\u00e4\u00e4 toista, uskaltaa heitt\u00e4yty\u00e4 vuorovaikutukseen ja p\u00e4\u00e4st\u00e4\u00e4 irti omista ennakkok\u00e4sityksist\u00e4\u00e4n. Asenteella on ratkaiseva merkitys.<\/p><p>Osaava kommunikointikumppani tekee havaintoja puhumattoman ihmisen olemuskielest\u00e4 eli kehollisista ilmauksista ja tulkitsee niit\u00e4. H\u00e4n ymm\u00e4rt\u00e4\u00e4, mit\u00e4 tietyt ilmeet, eleet tai \u00e4\u00e4ntely tarkoittavat ja osaa k\u00e4ytt\u00e4\u00e4 omassa vuorovaikutuksessaan tapoja, joita toinen ymm\u00e4rt\u00e4\u00e4: esimerkiksi eleit\u00e4, kosketusta, \u00e4\u00e4ntely\u00e4 tai vaikkapa viittomia tai kuvia. T\u00e4m\u00e4 ymm\u00e4rrys ja taito mahdollistavat onnistuneen yhdess\u00e4olon ja vuorovaikutuksen sek\u00e4 sen, ett\u00e4 my\u00f6s olemuskielell\u00e4 kommunikoiva ihminen tulee kuulluksi ja h\u00e4nen itsem\u00e4\u00e4r\u00e4\u00e4misoikeutensa toteutuu.<\/p><h3>Apuv\u00e4lineen\u00e4 ihminen -toimintamallit<\/h3><p>Syvenn\u00e4 ymm\u00e4rryst\u00e4si vuorovaikutuksesta ja opi osaavaksi vuorovaikutuskumppaniksi. Vuorovaikutussuhdetta ja l\u00e4heisen taitoja sek\u00e4 puhevammaisen ihmisen aloitteellisuutta ja osallisuutta voidaan tukea Apuv\u00e4lineen\u00e4 ihminen -toimintamalleilla. Tutustu malleihin ja niihin liittyviin koulutuksiin ja lis\u00e4materiaaleihin:<\/p><ul>\r\n\t<li><strong>HYP <\/strong>on toimintamalli, jolla varmistetaan, ett\u00e4 jokaisella ihmisell\u00e4 on p\u00e4ivitt\u00e4in mukavia vuorovaikutushetki\u00e4. <a href=\"https:\/\/www.kehitysvammaliitto.fi\/tikoteekki\/toimintamallit\/hyp\/\">Lue lis\u00e4\u00e4 HYP-toimintamallista<\/a>.<\/li>\r\n\t<li><strong>Voimauttava vuorovaikutus<\/strong> on tarkoitettu kaikenik\u00e4isille ihmisille, jotka tarvitsevat apua vuorovaikutukseen ja kontaktissa olemiseen toisten kanssa. Tavoitteena on vahvistaa heid\u00e4n yhteytt\u00e4\u00e4n ja vuorovaikutussuhdettaan muihin ihmisiin ja tukea elinik\u00e4ist\u00e4 oppimista. <a href=\"https:\/\/www.kehitysvammaliitto.fi\/tikoteekki\/toimintamallit\/voimauttava-vuorovaikutus\/\">Lue lis\u00e4\u00e4 Voimauttavasta vuorovaikutuksesta<\/a>.<\/li>\r\n\t<li><strong>OIVA<\/strong> on puhevammaisille ihmisille ja heid\u00e4n l\u00e4heisilleen tarkoitettu voimavaral\u00e4ht\u00f6inen ohjausmalli, jossa hy\u00f6dynnet\u00e4\u00e4n puhevammaisen ihmisen ja h\u00e4nen l\u00e4heistens\u00e4 videoituja vuorovaikutustilanteita. <a href=\"https:\/\/www.kehitysvammaliitto.fi\/tikoteekki\/toimintamallit\/oiva\/\">Lue lis\u00e4\u00e4 OIVA-mallista<\/a>.<\/li>\r\n\t<li><strong>Rohkaisin<\/strong> on asenne ja toimintatapa, jonka avulla tukijat vahvistavat olemuskielisten ihmisten itsem\u00e4\u00e4r\u00e4\u00e4misoikeutta ja tukevat heit\u00e4 tekem\u00e4\u00e4n p\u00e4\u00e4t\u00f6ksi\u00e4. <a href=\"https:\/\/www.kehitysvammaliitto.fi\/tikoteekki\/toimintamallit\/rohkaisin\/\" target=\"_blank\" rel=\"noopener\">Lue lis\u00e4\u00e4 Rohkaisin-toimintamallista<\/a>. <a href=\"https:\/\/www.kehitysvammaliitto.fi\/tikoteekki\/toimintamallit\/rohkaisin-pa-svenska\/\">Rohkaisimen l\u00f6yd\u00e4t my\u00f6s ruotsiksi t\u00e4\u00e4lt\u00e4.<\/a><\/li>\r\n\t<li><strong>Hoivalluksia<\/strong> tarjoaa tiimeille k\u00e4yt\u00e4nn\u00f6nl\u00e4heist\u00e4 tukea vuorovaikutusosaamisen kehitt\u00e4miseen. Itseopiskelumateriaalin avulla tiimit saavat lis\u00e4\u00e4 taitoja kohdata asiakkaitaan ja tehd\u00e4 yhteisty\u00f6t\u00e4 arjessa. <a href=\"https:\/\/www.kehitysvammaliitto.fi\/tikoteekki\/koulutus\/hoivalluksia\/\">Lue lis\u00e4\u00e4 Hoivalluksia-verkkomateriaalista ja koulutusvaihtoehdoista.<\/a><\/li>\r\n\t<li><strong>LOVIT <\/strong>on vuorovaikutuskumppaneille tarkoitettu muistis\u00e4\u00e4nt\u00f6. Siihen on tiivistetty viisi tekoa, joita toteuttamalla kumppani voi luoda hyv\u00e4t edellytykset onnistuneelle vuorovaikutukselle. <a href=\"https:\/\/www.kehitysvammaliitto.fi\/tikoteekki\/toimintamallit\/lovit\/\">Lue lis\u00e4\u00e4 LOVIT-muistis\u00e4\u00e4nn\u00f6st\u00e4<\/a>.<\/li>\r\n\t<li><strong>ITSE <\/strong>on toimintasuunnitelma, joka tukee uusien toimintamallien (esim. itsem\u00e4\u00e4r\u00e4\u00e4mist\u00e4 ja vuorovaikutusta vahvistavat toimintamallit Rohkaisin, OIVA, HYP, Voimauttava vuorovaikutus) k\u00e4ytt\u00f6\u00f6nottoa organisaatioissa. Malli on suunnattu erityisesti l\u00e4hiesihenkil\u00f6ille sek\u00e4 ammattilaisille, jotka konsultoivat, ohjaavat tai valmentavat yhteis\u00f6j\u00e4. <a href=\"https:\/\/www.kehitysvammaliitto.fi\/tikoteekki\/toimintamallit\/itse\/\">Lue lis\u00e4\u00e4 ITSE-mallista.<\/a>\u00a0<\/li>\r\n<\/ul><p><a href=\"https:\/\/papunet.net\/tietoa\/keinoja-vuorovaikutukseen\/\" target=\"_blank\" rel=\"noopener\">Vuorovaikutuksesta ja kommunikoinnista Papunetissa.<\/a><\/p><p>\u00a0<\/p><p>\u00a0<\/p><p>\u00a0<\/p><p>\u00a0<\/p>\n\n","protected":false},"excerpt":{"rendered":"Opi olemaan vuorovaikutuksessa puhumattoman ihmisen kanssa Apuv\u00e4lineen\u00e4 ihminen -toimintamallien avulla. N\u00e4m\u00e4 Tikoteekin mallit antavat tietoja tai taitoja, joilla voitte parantaa yhteisymm\u00e4rryst\u00e4nne ja yhdess\u00e4olon hetki\u00e4nne. Silloin my\u00f6s puhumattoman henkil\u00f6n mahdollisuus kertoa mielipiteens\u00e4 ja vaikuttaa omiin asioihinsa vahvistuu.\u00a0\u00a0Vuorovaikutus on t\u00e4rke\u00e4\u00e4 kaikilleJokaisella on tarve ja oikeus olla yhteydess\u00e4 toisiin ihmisiin. Vuorovaikutus voi olla esimerkiksi jutustelua eli mukavia hetki\u00e4, [&hellip;]","protected":false},"author":1,"featured_media":400,"parent":97,"menu_order":3,"comment_status":"closed","ping_status":"closed","template":"","meta":{"footnotes":""},"categories":[],"tags":[],"class_list":["post-167","page","type-page","status-publish","has-post-thumbnail","hentry"],"_links":{"self":[{"href":"https:\/\/www.kehitysvammaliitto.fi\/tikoteekki\/wp-json\/wp\/v2\/pages\/167","targetHints":{"allow":["GET"]}}],"collection":[{"href":"https:\/\/www.kehitysvammaliitto.fi\/tikoteekki\/wp-json\/wp\/v2\/pages"}],"about":[{"href":"https:\/\/www.kehitysvammaliitto.fi\/tikoteekki\/wp-json\/wp\/v2\/types\/page"}],"author":[{"embeddable":true,"href":"https:\/\/www.kehitysvammaliitto.fi\/tikoteekki\/wp-json\/wp\/v2\/users\/1"}],"replies":[{"embeddable":true,"href":"https:\/\/www.kehitysvammaliitto.fi\/tikoteekki\/wp-json\/wp\/v2\/comments?post=167"}],"version-history":[{"count":0,"href":"https:\/\/www.kehitysvammaliitto.fi\/tikoteekki\/wp-json\/wp\/v2\/pages\/167\/revisions"}],"up":[{"embeddable":true,"href":"https:\/\/www.kehitysvammaliitto.fi\/tikoteekki\/wp-json\/wp\/v2\/pages\/97"}],"wp:featuredmedia":[{"embeddable":true,"href":"https:\/\/www.kehitysvammaliitto.fi\/tikoteekki\/wp-json\/wp\/v2\/media\/400"}],"wp:attachment":[{"href":"https:\/\/www.kehitysvammaliitto.fi\/tikoteekki\/wp-json\/wp\/v2\/media?parent=167"}],"wp:term":[{"taxonomy":"category","embeddable":true,"href":"https:\/\/www.kehitysvammaliitto.fi\/tikoteekki\/wp-json\/wp\/v2\/categories?post=167"},{"taxonomy":"post_tag","embeddable":true,"href":"https:\/\/www.kehitysvammaliitto.fi\/tikoteekki\/wp-json\/wp\/v2\/tags?post=167"}],"curies":[{"name":"wp","href":"https:\/\/api.w.org\/{rel}","templated":true}]}}