{"id":1799,"date":"2026-01-13T09:15:20","date_gmt":"2026-01-13T07:15:20","guid":{"rendered":"https:\/\/www.kehitysvammaliitto.fi\/tikoteekki\/?page_id=1799"},"modified":"2026-01-13T09:17:39","modified_gmt":"2026-01-13T07:17:39","slug":"tikonen","status":"publish","type":"page","link":"https:\/\/www.kehitysvammaliitto.fi\/tikoteekki\/tietoa\/tikonen\/","title":{"rendered":"Tikonen"},"content":{"rendered":"<h2>Verkkolehti Tikonen: ajankohtaista asiaa ja kiinnostavia kuulumisia puhevamma-alalta<\/h2><p>Tikonen on Tikoteekin oma verkkolehti. Se kokoaa yhteen t\u00e4rke\u00e4\u00e4 tietoa, ajankohtaisia kuulumisia sek\u00e4 kiinnostavia haastatteluja ja kokemuksia puhevamma-alalta. Lehden sis\u00e4ll\u00f6t liittyv\u00e4t puhevammaisuuteen, avustavaan tietotekniikkaan, kommunikointiin ja vuorovaikutukseen. Tikonen ilmestyy vuonna 2026 kaksi kertaa, ja kaikki lehden artikkelit ovat luettavissa vapaasti.<\/p><ul>\r\n\t<li>Uusimman Tikosen ja kaikki vanhat numerot l\u00f6yd\u00e4t aina osoitteesta <strong><a href=\"https:\/\/tikonen.fi\/\" target=\"_blank\" rel=\"noopener\">tikonen.fi<\/a>.<\/strong> Tervetuloa lukemaan, kommentoimaan ja jakamaan juttuja!<\/li>\r\n\t<li>Kun tilaat Tikosen uutiskirjeen s\u00e4hk\u00f6postiisi, saat tiedon verkkolehden uudesta numerosta heti, kun se on ilmestynyt. <a href=\"https:\/\/kehitysvammaliitto.creamailer.fi\/subscribe\/0AgjunBrz30RK\" target=\"_blank\" rel=\"noopener\">Tilaa Tikosen uutiskirje<\/a>.<\/li>\r\n\t<li>Onko sinulla juttuvinkki tai -toive? <a href=\"https:\/\/tikonen.fi\/juttuvinkki\/\" target=\"_blank\" rel=\"noopener\">Ota yhteytt\u00e4 Tikosen toimitukseen<\/a>.<\/li>\r\n<\/ul>\n\n","protected":false},"excerpt":{"rendered":"Verkkolehti Tikonen: ajankohtaista asiaa ja kiinnostavia kuulumisia puhevamma-alaltaTikonen on Tikoteekin oma verkkolehti. Se kokoaa yhteen t\u00e4rke\u00e4\u00e4 tietoa, ajankohtaisia kuulumisia sek\u00e4 kiinnostavia haastatteluja ja kokemuksia puhevamma-alalta. Lehden sis\u00e4ll\u00f6t liittyv\u00e4t puhevammaisuuteen, avustavaan tietotekniikkaan, kommunikointiin ja vuorovaikutukseen. Tikonen ilmestyy vuonna 2026 kaksi kertaa, ja kaikki lehden artikkelit ovat luettavissa vapaasti. Uusimman Tikosen ja kaikki vanhat numerot l\u00f6yd\u00e4t aina [&hellip;]","protected":false},"author":13,"featured_media":1800,"parent":97,"menu_order":6,"comment_status":"closed","ping_status":"closed","template":"","meta":{"footnotes":""},"categories":[],"tags":[],"class_list":["post-1799","page","type-page","status-publish","has-post-thumbnail","hentry"],"_links":{"self":[{"href":"https:\/\/www.kehitysvammaliitto.fi\/tikoteekki\/wp-json\/wp\/v2\/pages\/1799","targetHints":{"allow":["GET"]}}],"collection":[{"href":"https:\/\/www.kehitysvammaliitto.fi\/tikoteekki\/wp-json\/wp\/v2\/pages"}],"about":[{"href":"https:\/\/www.kehitysvammaliitto.fi\/tikoteekki\/wp-json\/wp\/v2\/types\/page"}],"author":[{"embeddable":true,"href":"https:\/\/www.kehitysvammaliitto.fi\/tikoteekki\/wp-json\/wp\/v2\/users\/13"}],"replies":[{"embeddable":true,"href":"https:\/\/www.kehitysvammaliitto.fi\/tikoteekki\/wp-json\/wp\/v2\/comments?post=1799"}],"version-history":[{"count":0,"href":"https:\/\/www.kehitysvammaliitto.fi\/tikoteekki\/wp-json\/wp\/v2\/pages\/1799\/revisions"}],"up":[{"embeddable":true,"href":"https:\/\/www.kehitysvammaliitto.fi\/tikoteekki\/wp-json\/wp\/v2\/pages\/97"}],"wp:featuredmedia":[{"embeddable":true,"href":"https:\/\/www.kehitysvammaliitto.fi\/tikoteekki\/wp-json\/wp\/v2\/media\/1800"}],"wp:attachment":[{"href":"https:\/\/www.kehitysvammaliitto.fi\/tikoteekki\/wp-json\/wp\/v2\/media?parent=1799"}],"wp:term":[{"taxonomy":"category","embeddable":true,"href":"https:\/\/www.kehitysvammaliitto.fi\/tikoteekki\/wp-json\/wp\/v2\/categories?post=1799"},{"taxonomy":"post_tag","embeddable":true,"href":"https:\/\/www.kehitysvammaliitto.fi\/tikoteekki\/wp-json\/wp\/v2\/tags?post=1799"}],"curies":[{"name":"wp","href":"https:\/\/api.w.org\/{rel}","templated":true}]}}