{"id":2,"date":"2017-08-28T10:00:13","date_gmt":"2017-08-28T07:00:13","guid":{"rendered":"https:\/\/www.kehitysvammaliitto.fi\/tikoteekki\/"},"modified":"2018-09-12T19:24:20","modified_gmt":"2018-09-12T16:24:20","slug":"etusivu","status":"publish","type":"page","link":"https:\/\/www.kehitysvammaliitto.fi\/tikoteekki\/","title":{"rendered":"Etusivu"},"content":{"rendered":"<p>Tikoteekki edist\u00e4\u00e4 puhevammaisten ihmisten osallisuutta, itsem\u00e4\u00e4r\u00e4\u00e4misoikeutta ja mahdollisuuksia kommunikoida yhteis\u00f6ss\u00e4\u00e4n ja yhteiskunnassa.<\/p><p>P\u00e4\u00e4m\u00e4\u00e4r\u00e4n saavuttamiseksi Tikoteekki kehitt\u00e4\u00e4 puhevammaisten henkil\u00f6iden ja l\u00e4hi-ihmisten vuorovaikutusta vahvistavia toimintamalleja ja kommunikoinnin materiaaleja. Lis\u00e4ksi keskus tiedottaa, toteuttaa puhelinneuvontaa sek\u00e4 konsultoi kommunikoinnin ja avustavan tietotekniikan ratkaisuista. Jotta puhevammaiset ihmiset saisivat joustavasti kommunikoinnin apuv\u00e4lineit\u00e4 ja l\u00e4hi-ihmiset ohjausta niiden k\u00e4ytt\u00f6\u00f6n, Tikoteekki vaikuttaa palveluiden kehitt\u00e4miseen toimimalla kansallisissa ja kansainv\u00e4lisiss\u00e4 verkostoissa.<\/p><p>Lis\u00e4ksi Tikoteekki kouluttaa yhteis\u00f6j\u00e4 ja ammattihenkil\u00f6st\u00f6\u00e4 kommunikoinnista, vuorovaikutuksesta, toimintamalleista ja materiaaleista osana Kehitysvammaliiton koulutustoimintaa.<\/p><p>Tikoteekki on osa Kehitysvammaliittoa (www.kehitysvammaliitto.fi). Toiminnan p\u00e4\u00e4rahoittaja on Sosiaali- ja terveysj\u00e4rjest\u00f6jen avustuskeskus STEA.<\/p>\n\n","protected":false},"excerpt":{"rendered":"Tikoteekki edist\u00e4\u00e4 puhevammaisten ihmisten osallisuutta, itsem\u00e4\u00e4r\u00e4\u00e4misoikeutta ja mahdollisuuksia kommunikoida yhteis\u00f6ss\u00e4\u00e4n ja yhteiskunnassa.P\u00e4\u00e4m\u00e4\u00e4r\u00e4n saavuttamiseksi Tikoteekki kehitt\u00e4\u00e4 puhevammaisten henkil\u00f6iden ja l\u00e4hi-ihmisten vuorovaikutusta vahvistavia toimintamalleja ja kommunikoinnin materiaaleja. Lis\u00e4ksi keskus tiedottaa, toteuttaa puhelinneuvontaa sek\u00e4 konsultoi kommunikoinnin ja avustavan tietotekniikan ratkaisuista. Jotta puhevammaiset ihmiset saisivat joustavasti kommunikoinnin apuv\u00e4lineit\u00e4 ja l\u00e4hi-ihmiset ohjausta niiden k\u00e4ytt\u00f6\u00f6n, Tikoteekki vaikuttaa palveluiden kehitt\u00e4miseen toimimalla kansallisissa [&hellip;]","protected":false},"author":1,"featured_media":0,"parent":0,"menu_order":2,"comment_status":"closed","ping_status":"open","template":"","meta":{"footnotes":""},"categories":[],"tags":[],"class_list":["post-2","page","type-page","status-publish","hentry"],"_links":{"self":[{"href":"https:\/\/www.kehitysvammaliitto.fi\/tikoteekki\/wp-json\/wp\/v2\/pages\/2","targetHints":{"allow":["GET"]}}],"collection":[{"href":"https:\/\/www.kehitysvammaliitto.fi\/tikoteekki\/wp-json\/wp\/v2\/pages"}],"about":[{"href":"https:\/\/www.kehitysvammaliitto.fi\/tikoteekki\/wp-json\/wp\/v2\/types\/page"}],"author":[{"embeddable":true,"href":"https:\/\/www.kehitysvammaliitto.fi\/tikoteekki\/wp-json\/wp\/v2\/users\/1"}],"replies":[{"embeddable":true,"href":"https:\/\/www.kehitysvammaliitto.fi\/tikoteekki\/wp-json\/wp\/v2\/comments?post=2"}],"version-history":[{"count":0,"href":"https:\/\/www.kehitysvammaliitto.fi\/tikoteekki\/wp-json\/wp\/v2\/pages\/2\/revisions"}],"wp:attachment":[{"href":"https:\/\/www.kehitysvammaliitto.fi\/tikoteekki\/wp-json\/wp\/v2\/media?parent=2"}],"wp:term":[{"taxonomy":"category","embeddable":true,"href":"https:\/\/www.kehitysvammaliitto.fi\/tikoteekki\/wp-json\/wp\/v2\/categories?post=2"},{"taxonomy":"post_tag","embeddable":true,"href":"https:\/\/www.kehitysvammaliitto.fi\/tikoteekki\/wp-json\/wp\/v2\/tags?post=2"}],"curies":[{"name":"wp","href":"https:\/\/api.w.org\/{rel}","templated":true}]}}