{"id":386,"date":"2018-08-31T13:36:06","date_gmt":"2018-08-31T10:36:06","guid":{"rendered":"https:\/\/www.kehitysvammaliitto.fi\/tikoteekki\/vaikuttaminen\/tikoteekki-vaikuttaa\/"},"modified":"2025-10-20T08:51:19","modified_gmt":"2025-10-20T05:51:19","slug":"tikoteekki-vaikuttaa","status":"publish","type":"page","link":"https:\/\/www.kehitysvammaliitto.fi\/tikoteekki\/vaikuttaminen\/tikoteekki-vaikuttaa\/","title":{"rendered":"Tikoteekki vaikuttaa"},"content":{"rendered":"<p><strong>Tikoteekki on ainoa toimija, joka vaikuttaa laaja-alaisesti, yli diagnoosirajojen siihen, ett\u00e4 puhevammaisuuden kirjon ihmisten mahdollisuudet vuorovaikutukseen ja kommunikointiin toteutuvat ja heid\u00e4t huomioidaan yhteiskunnassa. Puhevammaiset ihmiset eiv\u00e4t p\u00e4\u00e4s\u00e4\u00e4nt\u00f6isesti pysty itse ottamaan kantaa ja ajamaan oikeuksiaan.<\/strong><\/p><p>Puhevammaisuuden kirjon ihmiset syrj\u00e4ytyv\u00e4t yhteiskunnassa. Heid\u00e4n itsem\u00e4\u00e4r\u00e4\u00e4misoikeutensa ja osallisuutensa ei toteudu YK:n vammaissopimuksen mukaisesti Suomessa. P\u00e4\u00e4tt\u00e4jien ja viranomaisten tulee turvata heid\u00e4n oikeutensa yhdenvertaisesti.<\/p><p>Tikoteekki tekee jatkuvasti vaikuttamistoimintaa yhdess\u00e4 puhevammaisten ihmisten, j\u00e4rjest\u00f6jen ja viranomaisten kanssa. Vaikuttamisty\u00f6n p\u00e4\u00e4asialliset toimintatavat ovat<br>\r\n<br>\r\n\u2013 lausunnot, aloitteet ja kannanotot liittyen puhevammaisuuteen<br>\r\n\u2013 selvitykset puhevammaisten ihmisten asemasta, palveluista jne.<br>\r\n\u2013 viranomais- ja p\u00e4\u00e4tt\u00e4j\u00e4tapaamiset.<\/p><p>Lis\u00e4ksi Tikoteekki johtaa puhevammaisten asiain neuvottelukuntaa. Neuvottelukunnassa ovat mukana Autismiliitto, FDUV, Erityisten oppijoiden liitto, Ihmisoikeuskeskus, Invalidiliitto, Kehitysvammaisten Tukiliitto, Kehitysvammaliitto, Kela, opetushallitus, Suomen CP-liitto, Suomen puhevammaisten tulkit ry, Yhdenvertaisuusvaltuutetun toimisto, , THL ja Puhevammaisten vertaistukiyhdistys sek\u00e4 Tikoteekin puhevammaisten henkil\u00f6iden vaikuttajaryhm\u00e4.<\/p><h4>Selvitykset<\/h4><ul style=\"list-style-type: square;\">\r\n\t<li><a href=\"https:\/\/www.kehitysvammaliitto.fi\/tikoteekki\/wp-content\/uploads\/sites\/2\/2025\/10\/Selvitys_Kuvien-ja-nimien-kaytto-kommunikointikeinoissa.pdf\">Selvitys: Henkil\u00f6ihin viittaavien kuvien ja nimien k\u00e4ytt\u00f6 kommunikoinnin tukikeinoissa (1.10.2025)<\/a><\/li>\r\n<\/ul><h4>Kannanotot<\/h4><ul style=\"list-style-type: square;\">\r\n\t<li><a href=\"https:\/\/www.kehitysvammaliitto.fi\/tikoteekki\/wp-content\/uploads\/sites\/2\/2018\/12\/Lausunto-Kelan-vaativan-l%C3%A4%C3%A4kinn%C3%A4llisen-kuntoutuksen-kilpailutuksen-perusteisiin-14.12.2018.pdf\" target=\"_blank\" rel=\"noopener noreferrer\">18 potilas- ja vammaisj\u00e4rjest\u00f6n kannanotto Kelan vaativan l\u00e4\u00e4kinn\u00e4llisen kuntoutuksen kilpailutukseen<\/a> (17.12.2018) (pdf)<\/li>\r\n\t<li><a href=\"https:\/\/www.kehitysvammaliitto.fi\/tikoteekki\/wp-content\/uploads\/sites\/2\/2018\/08\/Puhevamma-alan-jarjestojen-kannanotto-kela-23-02-2018.pdf\" target=\"_blank\" rel=\"noopener noreferrer\">Puhevamma-alan j\u00e4rjest\u00f6jen kannanotto Kelan vammaisten henkil\u00f6iden tulkkauspalvelun j\u00e4rjest\u00e4miseen esitettyyn menettelytapaan<\/a> (23.2.2018) (pdf)<\/li>\r\n\t<li><a href=\"https:\/\/www.kehitysvammaliitto.fi\/tikoteekki\/wp-content\/uploads\/sites\/2\/2018\/08\/kehitysvammaliiton-kannanotto-tieto-kelan-tulkkauspalveluiden-muutoksista-27-09-2017.pdf\" target=\"_blank\" rel=\"noopener noreferrer\">Kannanotto Kelan tiedottamiseen tulkkauspalveluiden muutoksista puhevammaisille palvelun k\u00e4ytt\u00e4jille<\/a> (27.9.2017) (pdf)<\/li>\r\n\t<li><a href=\"https:\/\/www.kehitysvammaliitto.fi\/tikoteekki\/wp-content\/uploads\/sites\/2\/2018\/08\/kehitysvammaliiton-kannanotto-kuntoutuksen-uudistamiskomitean-tyohon-09-05-2017-b.pdf\" target=\"_blank\" rel=\"noopener noreferrer\">Kannanotto Kuntoutuksen uudistamiskomitean\u00a0\u00a0ty\u00f6h\u00f6n<\/a> (9.5.2017) (pdf)<\/li>\r\n\t<li><a href=\"https:\/\/www.kehitysvammaliitto.fi\/tikoteekki\/wp-content\/uploads\/sites\/2\/2018\/08\/Kannanotto-lasten-neurologisen-yhdistyksen-suositukseen-27-8-2015.pdf\" target=\"_blank\" rel=\"noopener noreferrer\">Kannanotto Suomen Lastenneurologisen yhdistyksen Lasten ja nuorten hyv\u00e4 kuntoutus \u2010suositukseen<\/a>(07.04.2015) (pdf)<\/li>\r\n\t<li><a href=\"https:\/\/www.kehitysvammaliitto.fi\/kehitysvammaliitto-ei-suosittele-tuetun-kirjoittamisen-kayttamista\/\" target=\"_blank\" rel=\"noopener noreferrer\">Kehitysvammaliitto ei suosittele tuetun kirjoittamisen k\u00e4ytt\u00e4mist\u00e4<\/a> (8.10.2015) (www.kehitysvammaliitto.fi)<\/li>\r\n\t<li>Katso my\u00f6s Tikonen 3\/2015 : <a href=\"https:\/\/tikonen.fi\/aiheet\/puhevammaisuus\/tikoteekki-ei-suosittele-tuetun-kirjoittamisen-kayttamista-puhevammaisten-ihmisten-kommunikointikeinona\/\" target=\"_blank\" rel=\"noopener noreferrer\">Tikoteekki ei suosittele tuetun kirjoittamisen k\u00e4ytt\u00e4mist\u00e4 puhevammaisten ihmisten kommunikointikeinona<\/a> (tikonen.fi)<\/li>\r\n\t<li><a href=\"https:\/\/www.kehitysvammaliitto.fi\/tikoteekki\/wp-content\/uploads\/sites\/2\/2019\/02\/Kommunikoinnin-kuntoutus_KELA-valtuutetut_marraskuu_2018.pdf\" target=\"_blank\" rel=\"noopener noreferrer\">\u201dKommunikoinnin kuntoutuksen tila on kest\u00e4m\u00e4t\u00f6n\u201d<\/a>-kannanotto annettu Kela valtuutetulle 16.11.2018 (pdf)<\/li>\r\n\t<li><a href=\"https:\/\/www.eoliitto.fi\/kannanotto-23-9-2019\/\" target=\"_blank\" rel=\"noopener noreferrer\">Julkishallinnon on vastattava lukemisen ja kirjoittamisen apuv\u00e4linepalveluista<\/a> (www.eoliitto.fi), Oikeus oppimiseen -neuvottelukunta, l\u00e4hetetty 23.9.2019 OKM:n, STM:n ja TEM:n johdolle, Kelalle, Kuntaliittoon, HUS:n Apuv\u00e4linekeskukseen, THL:lle sek\u00e4 j\u00e4rjest\u00f6ille. (<a href=\"https:\/\/www.kehitysvammaliitto.fi\/tikoteekki\/wp-content\/uploads\/sites\/2\/2019\/09\/Kannanotto_lukiapuva%CC%88linepalvelut_2019.pdf\" target=\"_blank\" rel=\"noopener noreferrer\">Kannanotto pdf-tiedostona<\/a>)<\/li>\r\n\t<li>Autismiliiton, Suomen CP-liiton, Kehitysvammaisten Tukiliiton ja Kehitysvammaliiton 27.5.2020 <a href=\"https:\/\/www.kehitysvammaliitto.fi\/tikoteekki\/wp-content\/uploads\/sites\/2\/2020\/06\/Kommentit-yleissopimuksen-t%C3%A4ytt%C3%B6%C3%B6npanosta-Suomenssa_27.5.2020.pdf\" target=\"_blank\" rel=\"noopener noreferrer\">Vammaisfoorumille toimittamat kommentit YK:n vammaisopimukseen liittyv\u00e4n rinnakkaisraportin laatimista varten.<\/a> (pdf)<\/li>\r\n\t<li><a href=\"https:\/\/www.kehitysvammaliitto.fi\/tikoteekki\/wp-content\/uploads\/sites\/2\/2020\/12\/20.11.2020_Kannanotto_korona-ja-puhevammaisuus_valmis.pdf\" target=\"_blank\" rel=\"noopener noreferrer\">Puhevamma-alan j\u00e4rjest\u00f6jen yhteinen kannanotto kommunikointimahdollisuuksien puolesta korona-arjessa<\/a> (20.11.2020) (pdf)<\/li>\r\n\t<li><a href=\"https:\/\/www.kehitysvammaliitto.fi\/tikoteekki\/wp-content\/uploads\/sites\/2\/2021\/06\/Kannanotto-Yhteisollinen-puheterapia_FINAL_2.pdf\" target=\"_blank\" rel=\"noopener\">Kannanotto yhteis\u00f6llisen n\u00e4k\u00f6kulman huomioimisesta puheterapiapalveluissa<\/a> (9.6.2021) (pdf)<\/li>\r\n\t<li><a href=\"https:\/\/www.kehitysvammaliitto.fi\/tikoteekki\/wp-content\/uploads\/sites\/2\/2022\/03\/Vetoomus-STMlle-tulkkauspalveluiden-kokonaistilanteen-arvioimiseksi.pdf\" target=\"_blank\" rel=\"noopener\">Vetoomus sosiaali- ja terveysministeri\u00f6lle vammaisten henkil\u00f6iden tulkkauspalveluiden kokonaistilanteen arvioimiseksi<\/a> (23.3.2022) (pdf). Samansis\u00e4lt\u00f6inen vetoomus on l\u00e4hetetty my\u00f6s puoluetoimistoille.<\/li>\r\n\t<li><a href=\"https:\/\/www.kehitysvammaliitto.fi\/tikoteekki\/wp-content\/uploads\/sites\/2\/2022\/04\/HYVINVOINTIALUEILLE.pdf\" target=\"_blank\" rel=\"noopener\">Kirjelm\u00e4 hyvinvointialueille ja alueellisille vammaisneuvostoille vammaisten henkil\u00f6iden tulkkauspalvelujen j\u00e4rjest\u00e4misest\u00e4<\/a> (13.4.2022) (pdf)<\/li>\r\n<\/ul><h4>Lausunnot<\/h4><ul style=\"list-style-type: square;\">\r\n\t<li><a href=\"https:\/\/www.kehitysvammaliitto.fi\/tikoteekki\/wp-content\/uploads\/sites\/2\/2018\/08\/kehitysvammaliiton-lausunto-sosiaali-ja-terveysalan-perustutkinnon-ammatillisten-tutkinnon-osien-perusteiden-luonnoksesta-30-08-2017.pdf\" target=\"_blank\" rel=\"noopener noreferrer\">Kehitysvammaliiton lausunto Opetushallituksen sosiaali- ja terveysalan perustutkinnon ammatillisten tutkinnon osien perusteiden luonnoksesta<\/a> (30.8.2018) (pdf)<\/li>\r\n\t<li><a href=\"https:\/\/www.kehitysvammaliitto.fi\/tikoteekki\/wp-content\/uploads\/sites\/2\/2018\/08\/kehitysvammaliiton-lausunto-puhevammaisten-tulkkauksen-erikoisammattitutkinnon-perusteista-16-06-2018.pdf\" target=\"_blank\" rel=\"noopener noreferrer\">Lausunto puhevammaisten tulkkauksen erikoisammattitutkinnon perusteiden luonnoksesta<\/a> (16.6.2018) (pdf)<\/li>\r\n\t<li><a href=\"https:\/\/www.kehitysvammaliitto.fi\/tikoteekki\/wp-content\/uploads\/sites\/2\/2018\/08\/kehitysvammaliiton-lausunto-kasvatus-ja-ohjausalan-tutkinnoista-oph-1027-2018-16-05-2018.pdf\" target=\"_blank\" rel=\"noopener noreferrer\">Lausunto kasvatus- ja ohjausalan ammatti- ja erikoisammattitutkinnon perusteiden luonnoksesta<\/a> (16.5.2018) (pdf)<\/li>\r\n\t<li><a href=\"https:\/\/www.kehitysvammaliitto.fi\/tikoteekki\/wp-content\/uploads\/sites\/2\/2018\/08\/kehitysvammaliiton-lausunto-kasvatus-ja-ohjausalan-perustutkinnon-perusteiden-luonnoksesta-20-10-2017.pdf\" target=\"_blank\" rel=\"noopener noreferrer\">Lausunto kasvatus- ja ohjausalan perustutkinnon perusteiden luonnoksesta<\/a> (20.10.2017) (pdf)<\/li>\r\n\t<li><a href=\"https:\/\/www.kehitysvammaliitto.fi\/tikoteekki\/wp-content\/uploads\/sites\/2\/2018\/08\/kehitysvammaliiton-lausunto-valtakunnalliset-laakinnallisen-kuntoutuksen-apuvalineiden-luovutusperusteet-10-04-2017.pdf\" target=\"_blank\" rel=\"noopener noreferrer\">Lausunto valtakunnallisista l\u00e4\u00e4kinn\u00e4llisen kuntoutuksen apuv\u00e4lineiden luovutusperusteista \u2013opas apuv\u00e4linety\u00f6t\u00e4 tekeville ammattilaisille ja ohjeita asiakkaille<\/a> (10.4.2017) (pdf)<\/li>\r\n\t<li><a href=\"https:\/\/www.kehitysvammaliitto.fi\/tikoteekki\/wp-content\/uploads\/sites\/2\/2020\/06\/Koronan-vaikutuksia-kehitys-ja-puhevammaisten-lasten-arkeen-ja-oikeuksiin_25.5.2020.pdf\" target=\"_blank\" rel=\"noopener noreferrer\">Kehitysvammaliiton n\u00e4kemyksi\u00e4 koronaepidemian vaikutuksista kehitys- ja puhevammaisten lasten ja heid\u00e4n perheidens\u00e4 tilanteeseen ja lapsen oikeuksien toteutumisesta.<\/a> Kehitysvammaliiton vastaus STM:n Kansallisen lapsistrategian kyselypyynt\u00f6\u00f6n.(25.5.2020) (pdf)<\/li>\r\n\t<li><a href=\"https:\/\/www.kehitysvammaliitto.fi\/tikoteekki\/wp-content\/uploads\/sites\/2\/2020\/12\/Kehitysvammaliiton-lausunto-THL-asiakirjarakenteet_11.11.2020.pdf\" target=\"_blank\" rel=\"noopener noreferrer\">Kehitysvammaliiton lausunto THL:n asiakirjarakenteista<\/a> (11.11.2020) (pdf)<\/li>\r\n\t<li><a href=\"https:\/\/www.kehitysvammaliitto.fi\/tikoteekki\/wp-content\/uploads\/sites\/2\/2021\/08\/Lausunto-esteettomyysdirektiivin-toimeenpanosta-pv.pdf\" target=\"_blank\" rel=\"noopener\">Kehitysvammaliiton ja Puhevammaisten Vertaistukiyhdistyksen lausunto esteett\u00f6myysdirektiivin kansallisesta toimeenpanosta puhevammaisten n\u00e4k\u00f6kulmasta<\/a> (17.8.2021) (pdf)<\/li>\r\n\t<li><a href=\"https:\/\/www.kehitysvammaliitto.fi\/tikoteekki\/wp-content\/uploads\/sites\/2\/2025\/04\/kehitysvammaliiton-vastaukset-vammaispalvelulaki-04-04-2022.pdf\">Vastaukset Vammaispalvelulain lakiesityksen lausuntokyselyyn<\/a> (4.4.2022) (pdf)<\/li>\r\n\t<li><a href=\"https:\/\/www.kehitysvammaliitto.fi\/tikoteekki\/wp-content\/uploads\/sites\/2\/2025\/04\/kehitysvammaliiton-lausunto-laakinnallisen-kuntoutuksen-apuvalineiden-luovutusperusteet-16-12-2022.pdf\">Valtakunnalliset l\u00e4\u00e4kinn\u00e4llisen kuntoutuksen apuv\u00e4lineiden luovutusperusteet 2020 p\u00e4ivitys<\/a> (16.12.2022) (pdf)<\/li>\r\n\t<li><a href=\"https:\/\/www.kehitysvammaliitto.fi\/tikoteekki\/wp-content\/uploads\/sites\/2\/2025\/04\/kehitysvammaliiton-lausunto-yk-vammaisyleissopimus-04-05-2023.pdf\">YK:n vammaisyleissopimuksen kansallisen toimintaohjelman 2020-2023 seurantaraportin valmistelusta<\/a> (4.5.2023) (pdf)<\/li>\r\n\t<li><a href=\"https:\/\/www.kehitysvammaliitto.fi\/tikoteekki\/wp-content\/uploads\/sites\/2\/2025\/04\/kehitysvammaliiton-lausunto-kansallinen-lapsistrategia-26-04-2024.pdf\">Kansallisen lapsistrategian toimeenpanosuunnitelmaan<\/a> (26.4.2024) (pdf)<\/li>\r\n\t<li><a href=\"https:\/\/www.kehitysvammaliitto.fi\/tikoteekki\/wp-content\/uploads\/sites\/2\/2025\/04\/kehitysvammaliiton-lausunto-vammaispalvelulain-soveltamisala-30-05-2024.pdf\">Uuden vammaispalvelulain soveltamisalan tarkentamiseen<\/a> (30.5.2024) (pdf)<\/li>\r\n\t<li><a href=\"https:\/\/www.kehitysvammaliitto.fi\/tikoteekki\/wp-content\/uploads\/sites\/2\/2025\/04\/kehitysvammaliiton-lausunto-perusopetuslain-muuttamiseen-oppimisen-tuki-17-06-2024.pdf\">Luonnokseen hallituksen esityksest\u00e4 eduskunnalle laeiksi perusopetuslain muuttamisesta ja siihen liittyvist\u00e4 laeista<\/a> (17.6.2024) (pdf)<\/li>\r\n\t<li><a href=\"https:\/\/www.kehitysvammaliitto.fi\/tikoteekki\/wp-content\/uploads\/sites\/2\/2025\/04\/kehitysvammaliiton-lausunto-vammaispalvelulaki-01-11-2024.pdf\">Hallituksen esitykseen eduskunnalle laeiksi vammaispalvelulain ja sosiaalihuoltolain 4 \u00a7:n muuttamisesta<\/a> (1.11.2024) (pdf)<\/li>\r\n\t<li><a href=\"https:\/\/www.kehitysvammaliitto.fi\/tikoteekki\/wp-content\/uploads\/sites\/2\/2025\/04\/kehitysvammaliiton-lausunto-perusopetuslain-muuttaminen-22-11-2024.pdf\">Hallituksen esitysluonnokseen perusopetuslain muuttamisesta<\/a> (22.11.2024) (pdf)<\/li>\r\n\t<li><a href=\"https:\/\/www.kehitysvammaliitto.fi\/tikoteekki\/wp-content\/uploads\/sites\/2\/2025\/04\/kehitysvammaliiton-lausunto-perusopetuksen-opetussuunnitelma-09-12-2024.pdf\">Perusopetuksen opetussuunnitelman perusteista<\/a> (9.12.2024) (pdf)<\/li>\r\n\t<li><a href=\"https:\/\/www.kehitysvammaliitto.fi\/wp-content\/uploads\/2025\/04\/kehitysvammaliiton-lausunto-hatakeskustoiminta-04-04-2025.pdf\">Luonnokseen hallituksen esitykseksi laeiksi h\u00e4t\u00e4keskuksista annetun lain\u00a0 voimaantulos\u00e4\u00e4nn\u00f6ksen muuttamisesta<\/a> (4.4.2025) (pdf)<\/li>\r\n<\/ul>\n\n","protected":false},"excerpt":{"rendered":"Tikoteekki on ainoa toimija, joka vaikuttaa laaja-alaisesti, yli diagnoosirajojen siihen, ett\u00e4 puhevammaisuuden kirjon ihmisten mahdollisuudet vuorovaikutukseen ja kommunikointiin toteutuvat ja heid\u00e4t huomioidaan yhteiskunnassa. Puhevammaiset ihmiset eiv\u00e4t p\u00e4\u00e4s\u00e4\u00e4nt\u00f6isesti pysty itse ottamaan kantaa ja ajamaan oikeuksiaan.Puhevammaisuuden kirjon ihmiset syrj\u00e4ytyv\u00e4t yhteiskunnassa. Heid\u00e4n itsem\u00e4\u00e4r\u00e4\u00e4misoikeutensa ja osallisuutensa ei toteudu YK:n vammaissopimuksen mukaisesti Suomessa. P\u00e4\u00e4tt\u00e4jien ja viranomaisten tulee turvata heid\u00e4n oikeutensa [&hellip;]","protected":false},"author":13,"featured_media":438,"parent":1564,"menu_order":0,"comment_status":"closed","ping_status":"closed","template":"","meta":{"footnotes":""},"categories":[],"tags":[],"class_list":["post-386","page","type-page","status-publish","has-post-thumbnail","hentry"],"_links":{"self":[{"href":"https:\/\/www.kehitysvammaliitto.fi\/tikoteekki\/wp-json\/wp\/v2\/pages\/386","targetHints":{"allow":["GET"]}}],"collection":[{"href":"https:\/\/www.kehitysvammaliitto.fi\/tikoteekki\/wp-json\/wp\/v2\/pages"}],"about":[{"href":"https:\/\/www.kehitysvammaliitto.fi\/tikoteekki\/wp-json\/wp\/v2\/types\/page"}],"author":[{"embeddable":true,"href":"https:\/\/www.kehitysvammaliitto.fi\/tikoteekki\/wp-json\/wp\/v2\/users\/13"}],"replies":[{"embeddable":true,"href":"https:\/\/www.kehitysvammaliitto.fi\/tikoteekki\/wp-json\/wp\/v2\/comments?post=386"}],"version-history":[{"count":0,"href":"https:\/\/www.kehitysvammaliitto.fi\/tikoteekki\/wp-json\/wp\/v2\/pages\/386\/revisions"}],"up":[{"embeddable":true,"href":"https:\/\/www.kehitysvammaliitto.fi\/tikoteekki\/wp-json\/wp\/v2\/pages\/1564"}],"wp:featuredmedia":[{"embeddable":true,"href":"https:\/\/www.kehitysvammaliitto.fi\/tikoteekki\/wp-json\/wp\/v2\/media\/438"}],"wp:attachment":[{"href":"https:\/\/www.kehitysvammaliitto.fi\/tikoteekki\/wp-json\/wp\/v2\/media?parent=386"}],"wp:term":[{"taxonomy":"category","embeddable":true,"href":"https:\/\/www.kehitysvammaliitto.fi\/tikoteekki\/wp-json\/wp\/v2\/categories?post=386"},{"taxonomy":"post_tag","embeddable":true,"href":"https:\/\/www.kehitysvammaliitto.fi\/tikoteekki\/wp-json\/wp\/v2\/tags?post=386"}],"curies":[{"name":"wp","href":"https:\/\/api.w.org\/{rel}","templated":true}]}}