{"id":57,"date":"2017-07-24T16:38:21","date_gmt":"2017-07-24T13:38:21","guid":{"rendered":"https:\/\/www.kehitysvammaliitto.fi\/tikoteekki\/koulutus\/oiva-koulutus\/"},"modified":"2026-03-31T14:16:26","modified_gmt":"2026-03-31T11:16:26","slug":"oiva-koulutus","status":"publish","type":"page","link":"https:\/\/www.kehitysvammaliitto.fi\/tikoteekki\/koulutus\/oiva-koulutus\/","title":{"rendered":"OIVA-koulutus"},"content":{"rendered":"<h2>OIVA-valmentajakoulutus -verkkokoulutus (2,5 op)<\/h2><p>OIVA-valmentajakoulutus on tarkoitettu sosiaali-, terveys- tai opetusalan ammattilaisille, joiden ty\u00f6nkuvaan kuuluu puhevammaisten ihmisten l\u00e4heisten ohjausta. Koulutuksen k\u00e4ynyt voi toteuttaa OIVA-klinikan valmennuksia esimerkiksi puheterapeutin tai kommunikaatio-ohjaajan ty\u00f6ss\u00e4.<\/p><blockquote>\r\n<p><span data-teams=\"true\">\u201dLapsen vuorovaikutustaidot vahvistuivat OIVA-valmennusjakson aikana poikkeuksellisen paljon. Muutos oli niin n\u00e4kyv\u00e4, ett\u00e4 my\u00f6s toinen ammattilainen ihmetteli, miten eri tavalla lapsi nyt toimii.\u201d\u00a0\u00a0<\/span><\/p>\r\n<p><span data-teams=\"true\">\u2013 kuntouttava puheterapeutti\u00a0<\/span><\/p>\r\n<\/blockquote><p>Koulutuksessa osallistujat oppivat ohjaamaan OIVA-klinikkajaksoja sek\u00e4 hy\u00f6dynt\u00e4m\u00e4\u00e4n videoita voimavaral\u00e4ht\u00f6isesti l\u00e4heisten ohjaamisessa ja keskustelun tukena. Taitoja on mahdollista soveltaa my\u00f6s muuhun voimavaral\u00e4ht\u00f6iseen l\u00e4heisten ohjaamiseen.<\/p><p>Koulutuskokonaisuus kest\u00e4\u00e4 noin viisi kuukautta ja sis\u00e4lt\u00e4\u00e4 ennakkoteht\u00e4v\u00e4n sek\u00e4 nelj\u00e4 puolen p\u00e4iv\u00e4n opetusp\u00e4iv\u00e4\u00e4 verkkokoulutuksena. Lis\u00e4ksi opiskelija harjoittelee OIVA-klinikkajakson ohjaamista oman asiakkaansa ja h\u00e4nen l\u00e4hi-ihmistens\u00e4 kanssa l\u00e4sn\u00e4tapaamisissa.<\/p><p>OIVAn keskeisen\u00e4 ty\u00f6v\u00e4lineen\u00e4 on vuorovaikutustilanteiden videoiminen. Opiskelija oppii valmentajakoulutuksen aikana k\u00e4ytt\u00e4m\u00e4\u00e4n videoita voimavaral\u00e4ht\u00f6isesti asiakkaan l\u00e4heisten ohjaamiseen ja keskustelun viritt\u00e4miseen.<\/p><blockquote>\r\n<p><span data-teams=\"true\">\u201cOIVA-valmentajakoulutus on tuonut minulle varmuutta ohjaamiseen. Video tekee keskustelusta konkreettista, ja kysymysten avulla saan vanhemmat hyvin mukaan pohtimaan. Voimavarakeskeinen tapa ty\u00f6skennell\u00e4 tuntuu luontevalta ja sopii omaan arvomaailmaani. T\u00e4m\u00e4 malli istuu ty\u00f6h\u00f6ni kuin hyv\u00e4t housut.\u201d<\/span><\/p>\r\n<p>\u2013 kuntouttava puheterapeutti<\/p>\r\n<\/blockquote><p><a href=\"https:\/\/www.kehitysvammaliitto.fi\/tikoteekki\/wp-content\/uploads\/sites\/2\/2026\/02\/OIVA-klinikka-esite.pdf\" target=\"_blank\" rel=\"noopener\">OIVA-klinikan esite<\/a> (pdf)<\/p><p><a href=\"https:\/\/www.kehitysvammaliitto.fi\/tikoteekki\/wp-content\/uploads\/sites\/2\/2026\/03\/OIVA-valmennus-esite.pdf\" target=\"_blank\" rel=\"noopener\">OIVA-valmennuksen esite<\/a> (pdf)<\/p><p><strong>L\u00e4hiopetusp\u00e4iv\u00e4t:\u00a0<\/strong>ke 23.9.2026; ke 21.10.2026; ke 2.12.2026 ja ke 27.1.2027<br>\r\n<strong>Ennakkoteht\u00e4v\u00e4:<\/strong> koulutus sis\u00e4lt\u00e4\u00e4 ennakkoteht\u00e4v\u00e4n, joka l\u00e4hetet\u00e4\u00e4n s\u00e4hk\u00f6postilla<br>\r\n<strong>Paikka:<\/strong> verkkokoulutus<br>\r\n<strong>Kouluttaja: <\/strong>Kaisa Martikainen\u00a0<br>\r\n<strong>Hinta:<\/strong> Kehitysvammaliiton j\u00e4senet 720 \u20ac, muut osallistujat 800 \u20ac\u00a0<br>\r\n<strong>Ilmoittautuminen:\u00a0<\/strong>26.8.2026 menness\u00e4. Ilmoittautumislinkki: <a href=\"https:\/\/www.kehitysvammaliitto.fi\/koulutus\/koulutuskalenteri\/?a=view&amp;id=866\">Kehitysvammaliitto | Koulutuskalenteri<\/a><strong><br>\r\nTiedustelut j\u00e4rjestelyist\u00e4:<\/strong> <a href=\"mailto:tikoteekki@kvl.fi\" target=\"_blank\" rel=\"noopener noreferrer\">tikoteekki(at)kvl.fi<\/a> tai 09-3480 9223 (koulutussuunnittelija Marjo Timonen)<br>\r\n<strong>Tiedustelut sis\u00e4ll\u00f6ist\u00e4 ja koulutuksesta:<\/strong> <a href=\"mailto:kaisa.laine@kvl.fi\" target=\"_blank\" rel=\"noopener noreferrer\">kaisa.martikainen(at)kvl.fi<\/a>\u00a0<br>\r\n<a href=\"https:\/\/www.kehitysvammaliitto.fi\/tikoteekki\/toimintamallit\/oiva\/\">Lue lis\u00e4\u00e4 OIVA-vuorovaikutusmallin ty\u00f6muodoista<\/a><\/p><p>\u00a0<\/p><h2>OIVA-ohjaajakoulutus (8 op)<\/h2><p>OIVA-ohjaajakoulutuksessa osallistuja saa lis\u00e4\u00e4 osaamista, uusia n\u00e4k\u00f6kulmia ja ty\u00f6v\u00e4lineit\u00e4 puhevammaisten ihmisten parissa ty\u00f6skentelevien ty\u00f6ntekij\u00f6iden ohjaamiseen. Koulutus on rakenteeltaan selke\u00e4 ja k\u00e4yt\u00e4nn\u00f6nl\u00e4heinen. Koulutuksen k\u00e4yty\u00e4\u00e4n opiskelija valmistuu OIVA-ohjaajaksi ja h\u00e4nell\u00e4 on oikeus ohjata <a href=\"https:\/\/www.kehitysvammaliitto.fi\/tikoteekki\/toimintamallit\/oiva\/\">OIVA-vuorovaikutusmallin\u00ae<\/a> mukaista ty\u00f6skentely\u00e4. OIVAn keskeinen ty\u00f6v\u00e4line on vuorovaikutustilanteiden videoiminen ja videoiden k\u00e4ytt\u00e4minen ohjauksessa voimavaral\u00e4ht\u00f6isesti.<\/p><p>Ohjaajakoulutuksen alkaessa osallistujan organisaatio liittyy Kehitysvammaliiton Tikoteekin yll\u00e4pit\u00e4m\u00e4\u00e4n <a href=\"https:\/\/www.kehitysvammaliitto.fi\/tikoteekki\/toimintamallit\/oiva\/\">OIVA-verkostoon<\/a>.<\/p><p><strong>OIVA-ohjaajakoulutuksen hy\u00f6dyt organisaatiolle:<\/strong><br>\r\nOrganisaatio saa ammattitaitoisen OIVA-ohjaajan ja OIVA-vuorovaikutusmallin uusimmat ty\u00f6v\u00e4lineet sek\u00e4 pysyv\u00e4n oikeuden toteuttaa OIVA-vuorovaikutusmallin mukaista ohjausta. Jo opiskelijan kouluttautuessa OIVA-ohjaajaksi organisaatio saa maksutta yhden OIVA-vuorovaikutusmallin mukaisen ohjauksen yhdelle yhteis\u00f6lleen.<\/p><p><strong>Kenelle OIVA-ohjaajakoulutus on tarkoitettu:<\/strong><br>\r\nKoulutukseen voi hakeutua ty\u00f6ntekij\u00e4, jolla on sosiaali-, terveys- tai opetusalan tutkinto ja jonka ty\u00f6nkuvaan voi sis\u00e4lty\u00e4 vaikeimmin puhevammaisten ihmisten yhteis\u00f6jen konsultointia. OIVA-ohjaajan teht\u00e4v\u00e4t on mahdollista liitt\u00e4\u00e4 esimerkiksi erityisty\u00f6ntekij\u00e4n, vastaavan ohjaajan tai esihenkil\u00f6teht\u00e4viss\u00e4 olevan ty\u00f6ntekij\u00e4n toimenkuvaan. Koulutuksen suorittaminen edellytt\u00e4\u00e4 l\u00e4sn\u00e4oloa kaikissa l\u00e4hiopetusp\u00e4iviss\u00e4 sek\u00e4 annettujen teht\u00e4vien suorittamista hyv\u00e4ksytysti sovitussa aikataulussa.<\/p><p><strong>OIVA-ohjaajakoulutuksen sis\u00e4lt\u00f6<\/strong><br>\r\nKoulutus sis\u00e4lt\u00e4\u00e4:<\/p><ul>\r\n\t<li>Kahdeksan l\u00e4hiopetusp\u00e4iv\u00e4\u00e4.<\/li>\r\n\t<li>Opiskelun pienryhm\u00e4ss\u00e4, jossa jokainen opiskelija saa yksil\u00f6llist\u00e4 videopohjaista ohjausta kouluttajilta sek\u00e4 vertaistukea opiskelutovereiltaan.<\/li>\r\n\t<li>K\u00e4yt\u00e4nn\u00f6n harjoittelun, jonka ty\u00f6m\u00e4\u00e4r\u00e4 on noin 110 tuntia.<\/li>\r\n\t<li>V\u00e4liteht\u00e4vi\u00e4 ja kirjallisen lopputy\u00f6n.<\/li>\r\n<\/ul><p>Harjoittelun aikana opiskelija<\/p><ul>\r\n\t<li>oppii k\u00e4ytt\u00e4m\u00e4\u00e4n videota ohjauksessa<\/li>\r\n\t<li>oppii aktivoimaan ryhm\u00e4\u00e4 keskustelemaan ja pohtimaan omia vuorovaikutusk\u00e4yt\u00e4nt\u00f6j\u00e4\u00e4n sek\u00e4 hy\u00f6dynt\u00e4m\u00e4\u00e4n vahvuuksiaan vuorovaikutuskumppaneina<\/li>\r\n\t<li>oppii ohjaamaan ryhm\u00e4\u00e4 tavoitteelliseen ty\u00f6skentelyyn.<\/li>\r\n<\/ul><p>Koulutusp\u00e4iv\u00e4t toteutetaan klo 9-16 Kehitysvammaliitossa (Linnoitustie 2 B, Cello-talo, 02600 Espoo) ja tarvittaessa et\u00e4yhteydell\u00e4 Teamsin kautta.<\/p><p><strong>Tiedotamme tulevasta OIVA-ohjaajakoulutuksesta t\u00e4ll\u00e4 sivulla.\u00a0<\/strong>Jos olet kiinnostunut koulutuksesta, t\u00e4yt\u00e4 sivulla oleva hakemuslomake.<\/p><p><strong>OIVA-ohjaajakoulutuksen hinta:<\/strong> <br>\r\n3510 \u20ac ohjaajakoulutus Kehitysvammaliiton j\u00e4senille (3900 \u20ac muille osallistujille)<br>\r\n1000 \u20ac kertaluonteinen maksu, jonka organisaatio maksaa ensimm\u00e4isen OIVA-ohjaajan aloitettua koulutuksen. OIVA-verkostoon kuuluminen on verkostomaksun maksamisen j\u00e4lkeen organisaatiolle maksutonta.<\/p><p>Koulutus laskutetaan kahdessa er\u00e4ss\u00e4.<\/p><p>Jos samasta organisaatiosta osallistuu useampi opiskelija, pyyd\u00e4 tarjous Tikoteekilta.\u00a0<\/p><p><strong>OIVA-ohjaajakoulutukseen hakeminen:<\/strong> <br>\r\n<a href=\"https:\/\/www.kehitysvammaliitto.fi\/tikoteekki\/wp-content\/uploads\/sites\/2\/2019\/10\/OIVA-ohjaajakoulutus_hakemus_2020.pdf\" target=\"_blank\" rel=\"noopener noreferrer\">Hakeudu koulutukseen t\u00e4ytt\u00e4m\u00e4ll\u00e4 hakemuslomake (pdf)<\/a>. Huomaa, ett\u00e4 lomakkeessa on omat osionsa sek\u00e4 hakijalle ett\u00e4 organisaation palveluista vastaavalle esihenkil\u00f6lle. L\u00e4het\u00e4 t\u00e4ytetty hakemuksesi postin sijaan s\u00e4hk\u00f6postilla joko skannattuna tai valokuvana osoitteeseen kaisa.martikainen(at)kvl.fi.\u00a0<\/p><p>Koulutuspaikkoja on kuusi ja ne t\u00e4ytet\u00e4\u00e4n hakemusten saapumisj\u00e4rjestyksess\u00e4. Hakemuslomakkeessa hakijaa ja organisaation palveluista vastaavaa esihenkil\u00f6\u00e4 pyydet\u00e4\u00e4n kertomaan, miksi hakija pyrkii koulutukseen ja miten h\u00e4n voisi hy\u00f6dynt\u00e4\u00e4 koulutusta organisaatiossa.<\/p><p>Tikoteekki l\u00e4hett\u00e4\u00e4 vahvistuksen koulutuksen alkamisesta valituille opiskelijoille ja heid\u00e4n esihenkil\u00f6illeen.<\/p><p><strong>Osallistumisen peruminen ennen koulutuksen alkua:<\/strong><br>\r\nMik\u00e4li koulutuspaikan saanut opiskelija on estynyt aloittamaan koulutuksen, organisaatio voi nimet\u00e4 h\u00e4nen tilalleen uuden opiskelijan ennen ensimm\u00e4ist\u00e4 l\u00e4hiopetusp\u00e4iv\u00e4\u00e4. Organisaatio voi perua osallistumisen koulutukseen veloituksetta viimeist\u00e4\u00e4n kuusi viikkoa ennen ensimm\u00e4ist\u00e4 l\u00e4hiopetusp\u00e4iv\u00e4\u00e4. T\u00e4m\u00e4n j\u00e4lkeen tehdyist\u00e4 perumisista Tikoteekki perii 50 % osallistumismaksusta. Jos perumisen syyn\u00e4 on opiskelijan sairastuminen tai muu p\u00e4tev\u00e4, yll\u00e4tt\u00e4v\u00e4 este, josta organisaatio antaa kirjallisen selvityksen, Tikoteekki veloittaa toimisto- ja perumiskuluina 100\u20ac.<\/p><p>Lis\u00e4tietoja:\u00a0erityisasiantuntija <a href=\"mailto:kaisa.martikainen@kvl.fi\" target=\"_blank\" rel=\"noopener noreferrer\">Kaisa Martikainen<\/a> ja asiantuntija <a href=\"mailto:katja.burakoff@kvl.fi\" target=\"_blank\" rel=\"noopener noreferrer\">Katja Burakoff<\/a><\/p><p>\u00a0<\/p>\n\n","protected":false},"excerpt":{"rendered":"OIVA-valmentajakoulutus -verkkokoulutus (2,5 op)OIVA-valmentajakoulutus on tarkoitettu sosiaali-, terveys- tai opetusalan ammattilaisille, joiden ty\u00f6nkuvaan kuuluu puhevammaisten ihmisten l\u00e4heisten ohjausta. Koulutuksen k\u00e4ynyt voi toteuttaa OIVA-klinikan valmennuksia esimerkiksi puheterapeutin tai kommunikaatio-ohjaajan ty\u00f6ss\u00e4. \u201dLapsen vuorovaikutustaidot vahvistuivat OIVA-valmennusjakson aikana poikkeuksellisen paljon. Muutos oli niin n\u00e4kyv\u00e4, ett\u00e4 my\u00f6s toinen ammattilainen ihmetteli, miten eri tavalla lapsi nyt toimii.\u201d\u00a0\u00a0 \u2013 kuntouttava puheterapeutti\u00a0 Koulutuksessa [&hellip;]","protected":false},"author":1,"featured_media":417,"parent":66,"menu_order":9,"comment_status":"closed","ping_status":"closed","template":"","meta":{"footnotes":""},"categories":[],"tags":[],"class_list":["post-57","page","type-page","status-publish","has-post-thumbnail","hentry"],"_links":{"self":[{"href":"https:\/\/www.kehitysvammaliitto.fi\/tikoteekki\/wp-json\/wp\/v2\/pages\/57","targetHints":{"allow":["GET"]}}],"collection":[{"href":"https:\/\/www.kehitysvammaliitto.fi\/tikoteekki\/wp-json\/wp\/v2\/pages"}],"about":[{"href":"https:\/\/www.kehitysvammaliitto.fi\/tikoteekki\/wp-json\/wp\/v2\/types\/page"}],"author":[{"embeddable":true,"href":"https:\/\/www.kehitysvammaliitto.fi\/tikoteekki\/wp-json\/wp\/v2\/users\/1"}],"replies":[{"embeddable":true,"href":"https:\/\/www.kehitysvammaliitto.fi\/tikoteekki\/wp-json\/wp\/v2\/comments?post=57"}],"version-history":[{"count":0,"href":"https:\/\/www.kehitysvammaliitto.fi\/tikoteekki\/wp-json\/wp\/v2\/pages\/57\/revisions"}],"up":[{"embeddable":true,"href":"https:\/\/www.kehitysvammaliitto.fi\/tikoteekki\/wp-json\/wp\/v2\/pages\/66"}],"wp:featuredmedia":[{"embeddable":true,"href":"https:\/\/www.kehitysvammaliitto.fi\/tikoteekki\/wp-json\/wp\/v2\/media\/417"}],"wp:attachment":[{"href":"https:\/\/www.kehitysvammaliitto.fi\/tikoteekki\/wp-json\/wp\/v2\/media?parent=57"}],"wp:term":[{"taxonomy":"category","embeddable":true,"href":"https:\/\/www.kehitysvammaliitto.fi\/tikoteekki\/wp-json\/wp\/v2\/categories?post=57"},{"taxonomy":"post_tag","embeddable":true,"href":"https:\/\/www.kehitysvammaliitto.fi\/tikoteekki\/wp-json\/wp\/v2\/tags?post=57"}],"curies":[{"name":"wp","href":"https:\/\/api.w.org\/{rel}","templated":true}]}}