{"id":66,"date":"2018-06-15T10:00:29","date_gmt":"2018-06-15T07:00:29","guid":{"rendered":"https:\/\/www.kehitysvammaliitto.fi\/tikoteekki\/koulutus\/"},"modified":"2018-07-10T20:16:29","modified_gmt":"2018-07-10T17:16:29","slug":"koulutus","status":"publish","type":"page","link":"https:\/\/www.kehitysvammaliitto.fi\/tikoteekki\/koulutus\/","title":{"rendered":"Koulutus"},"content":{"rendered":"<p><\/p><div class=\"linkkilista\">\r\n  <div class=\"highlight-box\">\r\n    <a href=\"https:\/\/www.kehitysvammaliitto.fi\/tikoteekki\/koulutus\/tilauskoulutukset\/\" target=\"_self\" class=\"content-link\" title=\"Tilauskoulutukset\">\r\n      <div class=\"highlight-box-link\">\r\n        <div class=\"content-container-space\">\r\n          <div class=\"content-title\">\r\n            Tilauskoulutukset\r\n          <\/div>\r\n          <div class=\"content-paragraph\">\r\n            Haluatko vahvistaa vuorovaikutusta ja taitojasi tukea olemuskielell\u00e4 tai puhetta korvaavilla keinoilla viestiv\u00e4n henkil\u00f6n kommunikointia ja itsem\u00e4\u00e4r\u00e4\u00e4mist\u00e4? Tikoteekin asiantuntijat kouluttavat ja...\r\n          <\/div>\r\n        <\/div>\r\n      <\/div>\r\n    <\/a>\r\n  <\/div>\r\n<\/div><div class=\"linkkilista\">\r\n  <div class=\"highlight-box\">\r\n    <a href=\"https:\/\/www.kehitysvammaliitto.fi\/tikoteekki\/koulutus\/kommunikointi-ja-kuvanteko-ohjelmat\/\" target=\"_self\" class=\"content-link\" title=\"Kommunikointi- ja kuvanteko-ohjelmat\">\r\n      <div class=\"highlight-box-link\">\r\n        <div class=\"content-container-space\">\r\n          <div class=\"content-title\">\r\n            Kommunikointi- ja kuvanteko-ohjelmat\r\n          <\/div>\r\n          <div class=\"content-paragraph\">\r\n            Vuodesta 2025 alkaen koulutuksemme j\u00e4rjest\u00e4\u00e4 Saavuta Asiantuntijapalvelut Oy, joka on Kehitysvammaliiton kokonaan omistama yritys. Koulutukset j\u00e4rjestet\u00e4\u00e4n p\u00e4\u00e4osin et\u00e4yhteydell\u00e4 Microsoft Teamsissa....\r\n          <\/div>\r\n        <\/div>\r\n      <\/div>\r\n    <\/a>\r\n  <\/div>\r\n<\/div><div class=\"linkkilista\">\r\n  <div class=\"highlight-box\">\r\n    <a href=\"https:\/\/www.kehitysvammaliitto.fi\/tikoteekki\/koulutus\/tukiviittomat\/\" target=\"_self\" class=\"content-link\" title=\"Tukiviittomat\">\r\n      <div class=\"highlight-box-link\">\r\n        <div class=\"content-container-space\">\r\n          <div class=\"content-title\">\r\n            Tukiviittomat\r\n          <\/div>\r\n          <div class=\"content-paragraph\">\r\n            Vuodesta 2025 alkaen koulutuksemme j\u00e4rjest\u00e4\u00e4 Saavuta Asiantuntijapalvelut Oy, joka on Kehitysvammaliiton kokonaan omistama yritys. Koulutukset j\u00e4rjestet\u00e4\u00e4n p\u00e4\u00e4osin et\u00e4yhteydell\u00e4 Microsoft Teamsissa....\r\n          <\/div>\r\n        <\/div>\r\n      <\/div>\r\n    <\/a>\r\n  <\/div>\r\n<\/div><div class=\"linkkilista\">\r\n  <div class=\"highlight-box\">\r\n    <a href=\"https:\/\/www.kehitysvammaliitto.fi\/tikoteekki\/koulutus\/oiva-koulutus\/\" target=\"_self\" class=\"content-link\" title=\"OIVA-koulutus\">\r\n      <div class=\"highlight-box-link\">\r\n        <div class=\"content-container-space\">\r\n          <div class=\"content-title\">\r\n            OIVA-koulutus\r\n          <\/div>\r\n          <div class=\"content-paragraph\">\r\n            OIVA-valmentajakoulutus -verkkokoulutus (2,5 op)OIVA-valmentajakoulutus on tarkoitettu sosiaali-, terveys- tai opetusalan ammattilaisille, joiden ty\u00f6nkuvaan kuuluu puhevammaisten ihmisten l\u00e4heisten ohjausta. Koulutuksen k\u00e4ynyt...\r\n          <\/div>\r\n        <\/div>\r\n      <\/div>\r\n    <\/a>\r\n  <\/div>\r\n<\/div><div class=\"linkkilista\">\r\n  <div class=\"highlight-box\">\r\n    <a href=\"https:\/\/www.kehitysvammaliitto.fi\/tikoteekki\/koulutus\/voimauttava-vuorovaikutus-koulutus\/\" target=\"_self\" class=\"content-link\" title=\"Voimauttava vuorovaikutus -koulutus\">\r\n      <div class=\"highlight-box-link\">\r\n        <div class=\"content-container-space\">\r\n          <div class=\"content-title\">\r\n            Voimauttava vuorovaikutus -koulutus\r\n          <\/div>\r\n          <div class=\"content-paragraph\">\r\n            \u00a0Kev\u00e4\u00e4ll\u00e4 2026Voimauttavan vuorovaikutuksen perusteet -verkkokoulutus (0,5 op)Voimauttavan vuorovaikutuksen perusteet -verkkokoulutuksen j\u00e4rjest\u00e4\u00e4 Saavuta Asiantuntijapalvelut Oy, joka on Kehitysvammaliiton kokonaan omistama yritys....\r\n          <\/div>\r\n        <\/div>\r\n      <\/div>\r\n    <\/a>\r\n  <\/div>\r\n<\/div><div class=\"linkkilista\">\r\n  <div class=\"highlight-box\">\r\n    <a href=\"https:\/\/www.kehitysvammaliitto.fi\/tikoteekki\/koulutus\/hoivalluksia\/\" target=\"_self\" class=\"content-link\" title=\"Hoivalluksia\">\r\n      <div class=\"highlight-box-link\">\r\n        <div class=\"content-container-space\">\r\n          <div class=\"content-title\">\r\n            Hoivalluksia\r\n          <\/div>\r\n          <div class=\"content-paragraph\">\r\n            Hoivalluksia \u2013 kohtaamisen tueksiVerkkomateriaali ja koulutusvaihtoehdot tiimin itsen\u00e4iseen osaamisen kehitt\u00e4miseenHoivalluksia-koulutukset tarjoavat tiimeille k\u00e4yt\u00e4nn\u00f6nl\u00e4heist\u00e4 tukea vuorovaikutusosaamisen kehitt\u00e4miseen. Itseopiskelumateriaalin avulla tiimit saavat...\r\n          <\/div>\r\n        <\/div>\r\n      <\/div>\r\n    <\/a>\r\n  <\/div>\r\n<\/div><div class=\"linkkilista\">\r\n  <div class=\"highlight-box\">\r\n    <a href=\"https:\/\/www.kehitysvammaliitto.fi\/tikoteekki\/koulutus\/hyp-koulutus\/\" target=\"_self\" class=\"content-link\" title=\"HYP-koulutus\">\r\n      <div class=\"highlight-box-link\">\r\n        <div class=\"content-container-space\">\r\n          <div class=\"content-title\">\r\n            HYP-koulutus\r\n          <\/div>\r\n          <div class=\"content-paragraph\">\r\n            Tikoteekin Suomeen tuoman ja k\u00e4\u00e4nt\u00e4m\u00e4n HYP-toimintamallin on kehitt\u00e4nyt australialainen puheterapeutti Sheridan Forster. Malli on englanniksi Hanging Out Program (HOP).Huomioivan yhdess\u00e4olon...\r\n          <\/div>\r\n        <\/div>\r\n      <\/div>\r\n    <\/a>\r\n  <\/div>\r\n<\/div><div class=\"linkkilista\">\r\n  <div class=\"highlight-box\">\r\n    <a href=\"https:\/\/www.kehitysvammaliitto.fi\/tikoteekki\/koulutus\/sillalla-seminaari\/\" target=\"_self\" class=\"content-link\" title=\"Sillalla-seminaari\">\r\n      <div class=\"highlight-box-link\">\r\n        <div class=\"content-container-space\">\r\n          <div class=\"content-title\">\r\n            Sillalla-seminaari\r\n          <\/div>\r\n          <div class=\"content-paragraph\">\r\n            Sillalla-seminaari tarjoaa uusinta tietoa ja k\u00e4yt\u00e4nn\u00f6n ideoita puhevammaisen henkil\u00f6n vuorovaikutuksen ja kommunikoinnin tukemiseen sek\u00e4 tietotekniikan k\u00e4ytt\u00f6\u00f6n opetuksessa ja kuntoutuksessa. Koulutus...\r\n          <\/div>\r\n        <\/div>\r\n      <\/div>\r\n    <\/a>\r\n  <\/div>\r\n<\/div><div class=\"linkkilista\">\r\n  <div class=\"highlight-box\">\r\n    <a href=\"https:\/\/www.kehitysvammaliitto.fi\/tikoteekki\/koulutus\/osaamismerkit\/\" target=\"_self\" class=\"content-link\" title=\"Osaamismerkit\">\r\n      <div class=\"highlight-box-link\">\r\n        <div class=\"content-container-space\">\r\n          <div class=\"content-title\">\r\n            Osaamismerkit\r\n          <\/div>\r\n          <div class=\"content-paragraph\">\r\n            Digitaalisella osaamismerkill\u00e4 tuodaan esiin tietoja, taitoja, asennetta, osaamista ja saavutuksia. Osaamismerkki sis\u00e4lt\u00e4\u00e4 merkin kuvan sek\u00e4 kuvauksen, mill\u00e4 perusteella merkin voi...\r\n          <\/div>\r\n        <\/div>\r\n      <\/div>\r\n    <\/a>\r\n  <\/div>\r\n<\/div>\n\n","protected":false},"excerpt":{"rendered":"","protected":false},"author":1,"featured_media":0,"parent":0,"menu_order":8,"comment_status":"closed","ping_status":"closed","template":"","meta":{"footnotes":""},"categories":[],"tags":[],"class_list":["post-66","page","type-page","status-publish","hentry"],"_links":{"self":[{"href":"https:\/\/www.kehitysvammaliitto.fi\/tikoteekki\/wp-json\/wp\/v2\/pages\/66","targetHints":{"allow":["GET"]}}],"collection":[{"href":"https:\/\/www.kehitysvammaliitto.fi\/tikoteekki\/wp-json\/wp\/v2\/pages"}],"about":[{"href":"https:\/\/www.kehitysvammaliitto.fi\/tikoteekki\/wp-json\/wp\/v2\/types\/page"}],"author":[{"embeddable":true,"href":"https:\/\/www.kehitysvammaliitto.fi\/tikoteekki\/wp-json\/wp\/v2\/users\/1"}],"replies":[{"embeddable":true,"href":"https:\/\/www.kehitysvammaliitto.fi\/tikoteekki\/wp-json\/wp\/v2\/comments?post=66"}],"version-history":[{"count":0,"href":"https:\/\/www.kehitysvammaliitto.fi\/tikoteekki\/wp-json\/wp\/v2\/pages\/66\/revisions"}],"wp:attachment":[{"href":"https:\/\/www.kehitysvammaliitto.fi\/tikoteekki\/wp-json\/wp\/v2\/media?parent=66"}],"wp:term":[{"taxonomy":"category","embeddable":true,"href":"https:\/\/www.kehitysvammaliitto.fi\/tikoteekki\/wp-json\/wp\/v2\/categories?post=66"},{"taxonomy":"post_tag","embeddable":true,"href":"https:\/\/www.kehitysvammaliitto.fi\/tikoteekki\/wp-json\/wp\/v2\/tags?post=66"}],"curies":[{"name":"wp","href":"https:\/\/api.w.org\/{rel}","templated":true}]}}