{"id":691,"date":"2020-08-06T09:04:52","date_gmt":"2020-08-06T06:04:52","guid":{"rendered":"https:\/\/www.kehitysvammaliitto.fi\/tikoteekki\/koulutus\/tilauskoulutukset\/"},"modified":"2026-01-14T09:19:45","modified_gmt":"2026-01-14T07:19:45","slug":"tilauskoulutukset","status":"publish","type":"page","link":"https:\/\/www.kehitysvammaliitto.fi\/tikoteekki\/koulutus\/tilauskoulutukset\/","title":{"rendered":"Tilauskoulutukset"},"content":{"rendered":"<p>Haluatko vahvistaa vuorovaikutusta ja taitojasi tukea olemuskielell\u00e4 tai puhetta korvaavilla keinoilla viestiv\u00e4n henkil\u00f6n kommunikointia ja itsem\u00e4\u00e4r\u00e4\u00e4mist\u00e4? Tikoteekin asiantuntijat kouluttavat ja konsultoivat vuorovaikutuksesta, tukiviittomista ja kommunikoinnin muista tukikeinoista, Talking Matsista ja eri kommunikointiohjelmien k\u00e4yt\u00f6st\u00e4.<\/p><p>Vuodesta 2025 alkaen koulutuksemme j\u00e4rjest\u00e4\u00e4 Saavuta Asiantuntijapalvelut Oy, joka on Kehitysvammaliiton kokonaan omistama yritys. Koulutukset j\u00e4rjestet\u00e4\u00e4n p\u00e4\u00e4osin et\u00e4yhteydell\u00e4 Microsoft Teamsissa. Osallistuaksesi koulutukseen tarvitset tietokoneen ja verkkoyhteyden. Saat ohjeet osallistumisesta ja Teamsin k\u00e4yt\u00f6st\u00e4 hyviss\u00e4 ajoin ennen koulutusta.<\/p><p>Kehitysvammaliiton j\u00e4senet saavat koulutuksista kymmenen prosentin alennuksen.<\/p><p>Tutustu koulutuksiimme\u00a0<a href=\"https:\/\/www.kehitysvammaliitto.fi\/koulutus\/koulutuskalenteri\/\"><strong>Kehitysvammaliiton koulutuskalenterissa<\/strong><\/a> ja <a href=\"https:\/\/saavuta.fi\/koulutuskalenteri\/\">Saavuta Asiantuntijapalvelut Oy:n koulutuskalenterissa<\/a>\u00a0<\/p><p>Tai pyyd\u00e4 tarjous: Saavuta Asiantuntijapalvelut \u00a0Oy, Niina Sillanp\u00e4\u00e4, <a href=\"mailto:niina.sillanpaa@saavuta.fi\">niina.sillanpaa@saavuta.fi<\/a>, p. 040 775 1411<\/p><h2>Talking Mats<sup>\u00ae <\/sup>(1 op)<\/h2><p>Talking Mats<sup>\u00ae<\/sup> -menetelm\u00e4n avulla puhevammainen henkil\u00f6 voi ilmaista omia mielipiteit\u00e4\u00e4n ja n\u00e4kemyksi\u00e4\u00e4n h\u00e4nt\u00e4 koskevista asioista. Menetelm\u00e4 my\u00f6s helpottaa ja j\u00e4sent\u00e4\u00e4 keskustelua esimerkiksi toimintojen suunnittelussa, tavoitteiden asettelussa, oman p\u00e4\u00e4t\u00e4nt\u00e4vallan tukemisessa ja palvelusuunnitelman laatimisessa. Keskustelumattoa voidaan k\u00e4ytt\u00e4\u00e4 kaiken ik\u00e4isten lasten ja aikuisten kanssa, riippumatta siit\u00e4, mik\u00e4 vaikeuttaa heid\u00e4n kommunikointiaan.<\/p><p>Talking Mats -menetelm\u00e4 on kehitetty Skotlannissa Stirlingin yliopistossa. Kehitysvammaliiton Tikoteekki vastaa Suomessa koulutuksen toteuttamisesta. Tilauskoulutus sis\u00e4lt\u00e4\u00e4 kaksi \u00bd p\u00e4iv\u00e4n koulutusta. Niiden v\u00e4liss\u00e4 osallistujat tekev\u00e4t v\u00e4liteht\u00e4v\u00e4n, johon kuuluu menetelm\u00e4n k\u00e4ytt\u00e4minen asiakkaan kanssa sek\u00e4 ennakkovalmistelut ko. tilanteeseen. Koulutus sis\u00e4lt\u00e4\u00e4 lis\u00e4ksi omatoimista kirjalliseen materiaaliin tutustumista.<\/p><p><a href=\"https:\/\/papunet.net\/talking-mats-keskustelumattomenetelma\/\" target=\"_blank\" rel=\"noopener\">Lis\u00e4tietoa menetelm\u00e4st\u00e4 Papunetista<\/a><\/p><p>Ota yhteytt\u00e4 ja kysy lis\u00e4\u00e4: \u00a0johtaja Sami \u00c4lli, sami.alli@kvl.fi, p. 09 3480 9383 tai p. 040 837 8348<\/p><h2>Vuorovaikutus<\/h2><p>Vuorovaikutuskumppanilla on t\u00e4rke\u00e4 rooli vaikeasti kehitysvammaisten, vahvasti autististen ja muistisairaiden kommunikoinnin ja osallisuuden vahvistamisessa. On t\u00e4rke\u00e4\u00e4, ett\u00e4 ammattilaiset pohtivat omaa tapaansa kohdata ja olla vuorovaikutuksessa asiakkaidensa kanssa.<\/p><p>Kehitysvammaliiton Tikoteekki on kehitt\u00e4nyt ja tuonut Suomeen erilaisia toimintamalleja ja ty\u00f6kaluja vuorovaikutuksen ja itsem\u00e4\u00e4r\u00e4\u00e4misoikeuden vahvistamiseen. N\u00e4it\u00e4 Apuv\u00e4lineen\u00e4 ihminen -toimintamalleja ovat: HYP, Voimauttava vuorovaikutus, OIVA-vuorovaikutusmalli, Hoivalluksia ja Rohkaisin.<\/p><p>Koulutukset voidaan kohdentaa yksitt\u00e4iselle ty\u00f6ntekij\u00e4lle, ty\u00f6ntekij\u00e4tiimille tai kerralla isommalle joukolle henkil\u00f6kuntaa esihenkil\u00f6ineen.<\/p><p><a href=\"https:\/\/www.kehitysvammaliitto.fi\/tikoteekki\/toimintamallit\/apuvalineena-ihminen\/\" target=\"_blank\" rel=\"noopener\">Lue lis\u00e4\u00e4 Apuv\u00e4lineen\u00e4 ihminen -toimintamalleista<\/a><\/p><p>Ota yhteytt\u00e4 niin keskustellaan millainen vuorovaikutuskoulutus palvelisi parhaiten teid\u00e4n toiveitanne: erityisasiantuntija, puheterapeutti Kaisa Martikainen, kaisa.martikainen@kvl.fi, p. 09 3480 9362<\/p><h2>Kommunikoinnin tukikeinot<\/h2><p>Koulutus perehdytt\u00e4\u00e4 ty\u00f6ntekij\u00e4t onnistuneen vuorovaikutuksen periaatteisiin (LOVIT) ja kommunikoinnin perustaan. Lis\u00e4ksi perehdyt\u00e4\u00e4n keinoihin, miten kommunikointia voidaan tukea arjessa. Koulutus vahvistaa ty\u00f6ntekij\u00f6iden taitoja tukea eri tavalla kommunikoivien asiakkaiden vuorovaikutusta niin, ett\u00e4 he tulevat kuulluiksi yhteis\u00f6ss\u00e4\u00e4n.<\/p><p>Koulutuksen kautta ty\u00f6ntekij\u00e4 saavat uusia n\u00e4k\u00f6kulmia ja taitoja vuorovaikutuksen tukemiseen sek\u00e4 ymm\u00e4rryst\u00e4 kommunikointikeinojen k\u00e4yt\u00f6st\u00e4.<\/p><p>Ota yhteytt\u00e4 niin keskustellaan millainen koulutus kommunikoinnin tukikeinoista teille sopisi parhaiten: asiantuntija, puheterapeutti Kaisa Laine, kaisa.laine@kvl.fi, p. 09 3480 9315<\/p><h2>Tukiviittomat<\/h2><p>Koulutuksessa perehdyt\u00e4\u00e4n tilaajan toiveiden ja tarpeiden mukaisiin keskeisiin tukiviittomiin ja niiden k\u00e4ytt\u00f6\u00f6n. Aiheena voi olla esimerkiksi tukiviittomat varhaiskasvatuksessa, -koulussa, ty\u00f6toiminnassa, palvelukodissa tai asumispalveluissa. Koulutuksessa harjoitellaan arjessa tarvittavia viittomia eik\u00e4 osallistuminen edellyt\u00e4 aikaisempaa viittomien osaamista. Opeteltavista viittomista jaetaan my\u00f6s kuvallinen materiaali osallistujille.<\/p><p>Ota yhteytt\u00e4 niin keskustellaan millainen tukiviittomakoulutus teille sopisi parhaiten:<br>\r\nAAC-asiantuntija Virpi Yiannakou, virpi.yiannakou@kvl.fi, p. 09 3480 9313<\/p><h2>Kommunikointiohjelmat<\/h2><p>Kommunikointiohjelmakoulutuksissa perehdyt\u00e4\u00e4n tilaajan toiveiden mukaisesti yksitt\u00e4isiin kommunikointiohjelmiin ja niiden k\u00e4ytt\u00f6\u00f6n (esimerkiksi ohjelman perusteet, asetukset, komennot, uuden sivun tai k\u00e4ytt\u00e4j\u00e4n luominen, varmuuskopiointi jne.). Koulutamme my\u00f6s useamman kommunikointiohjelman kokonaisuuksista.<\/p><p>Kommunikointiohjelmakoulutusten aiheina voi olla:<\/p><p>BM7 (Boardmaker 7) kuvanteko-ohjelmana<br>\r\nKommunikointiohjelma Grid 3 (Windows)<br>\r\nKommunikointiohjelma Boardmaker 7 (Windows)<br>\r\nKommunikointiohjelma GoTalk NOW (iPad)<br>\r\nKommunikointiohjelma Grid for iPad (iPad)<\/p><p><br>\r\nOta yhteytt\u00e4 niin keskustellaan millainen kommunikointiohjelmakoulutus teille sopisi parhaiten: <br>\r\navustavan tietotekniikan asiantuntija Taro Katajisto, taro.katajisto@kvl.fi, p. 09 3480 9250,<br>\r\nAAC-asiantuntija Virpi Yiannakou, virpi.yiannakou@kvl.fi, p. 09 3480 9313<\/p>\n\n","protected":false},"excerpt":{"rendered":"Haluatko vahvistaa vuorovaikutusta ja taitojasi tukea olemuskielell\u00e4 tai puhetta korvaavilla keinoilla viestiv\u00e4n henkil\u00f6n kommunikointia ja itsem\u00e4\u00e4r\u00e4\u00e4mist\u00e4? Tikoteekin asiantuntijat kouluttavat ja konsultoivat vuorovaikutuksesta, tukiviittomista ja kommunikoinnin muista tukikeinoista, Talking Matsista ja eri kommunikointiohjelmien k\u00e4yt\u00f6st\u00e4.Vuodesta 2025 alkaen koulutuksemme j\u00e4rjest\u00e4\u00e4 Saavuta Asiantuntijapalvelut Oy, joka on Kehitysvammaliiton kokonaan omistama yritys. Koulutukset j\u00e4rjestet\u00e4\u00e4n p\u00e4\u00e4osin et\u00e4yhteydell\u00e4 Microsoft Teamsissa. Osallistuaksesi koulutukseen tarvitset [&hellip;]","protected":false},"author":13,"featured_media":1216,"parent":66,"menu_order":4,"comment_status":"closed","ping_status":"closed","template":"","meta":{"footnotes":""},"categories":[],"tags":[],"class_list":["post-691","page","type-page","status-publish","has-post-thumbnail","hentry"],"_links":{"self":[{"href":"https:\/\/www.kehitysvammaliitto.fi\/tikoteekki\/wp-json\/wp\/v2\/pages\/691","targetHints":{"allow":["GET"]}}],"collection":[{"href":"https:\/\/www.kehitysvammaliitto.fi\/tikoteekki\/wp-json\/wp\/v2\/pages"}],"about":[{"href":"https:\/\/www.kehitysvammaliitto.fi\/tikoteekki\/wp-json\/wp\/v2\/types\/page"}],"author":[{"embeddable":true,"href":"https:\/\/www.kehitysvammaliitto.fi\/tikoteekki\/wp-json\/wp\/v2\/users\/13"}],"replies":[{"embeddable":true,"href":"https:\/\/www.kehitysvammaliitto.fi\/tikoteekki\/wp-json\/wp\/v2\/comments?post=691"}],"version-history":[{"count":0,"href":"https:\/\/www.kehitysvammaliitto.fi\/tikoteekki\/wp-json\/wp\/v2\/pages\/691\/revisions"}],"up":[{"embeddable":true,"href":"https:\/\/www.kehitysvammaliitto.fi\/tikoteekki\/wp-json\/wp\/v2\/pages\/66"}],"wp:featuredmedia":[{"embeddable":true,"href":"https:\/\/www.kehitysvammaliitto.fi\/tikoteekki\/wp-json\/wp\/v2\/media\/1216"}],"wp:attachment":[{"href":"https:\/\/www.kehitysvammaliitto.fi\/tikoteekki\/wp-json\/wp\/v2\/media?parent=691"}],"wp:term":[{"taxonomy":"category","embeddable":true,"href":"https:\/\/www.kehitysvammaliitto.fi\/tikoteekki\/wp-json\/wp\/v2\/categories?post=691"},{"taxonomy":"post_tag","embeddable":true,"href":"https:\/\/www.kehitysvammaliitto.fi\/tikoteekki\/wp-json\/wp\/v2\/tags?post=691"}],"curies":[{"name":"wp","href":"https:\/\/api.w.org\/{rel}","templated":true}]}}