{"id":747,"date":"2021-03-25T22:07:02","date_gmt":"2021-03-25T20:07:02","guid":{"rendered":"https:\/\/www.kehitysvammaliitto.fi\/tikoteekki\/koulutus\/osaamismerkit\/"},"modified":"2025-04-25T08:16:19","modified_gmt":"2025-04-25T05:16:19","slug":"osaamismerkit","status":"publish","type":"page","link":"https:\/\/www.kehitysvammaliitto.fi\/tikoteekki\/koulutus\/osaamismerkit\/","title":{"rendered":"Osaamismerkit"},"content":{"rendered":"<p>Digitaalisella osaamismerkill\u00e4 tuodaan esiin tietoja, taitoja, asennetta, osaamista ja saavutuksia. Osaamismerkki sis\u00e4lt\u00e4\u00e4 merkin kuvan sek\u00e4 kuvauksen, mill\u00e4 perusteella merkin voi saada. Merkit kootaan omaan Open Badge Passportiin ja niit\u00e4 voi liitt\u00e4\u00e4 esimerkiksi s\u00e4hk\u00f6iseen ansioluetteloon tai jakaa sosiaalisessa mediassa.\u00a0<\/p><p>Katso lis\u00e4tietoja: <a href=\"https:\/\/openbadgepassport.com\/faq_fi\/\" target=\"_blank\" rel=\"noopener\">Open Badge Passport<\/a>.<\/p><h3>Miksi Tikoteekki my\u00f6nt\u00e4\u00e4 osaamismerkkej\u00e4?<\/h3><p>Vuorovaikutusosaajille osaamismerkki on erinomainen keino n\u00e4ytt\u00e4\u00e4 hankittua osaamistaan haluamissaan verkostoissa. Merkki\u00e4 voi hy\u00f6dynt\u00e4\u00e4 esimerkiksi ty\u00f6nhaussa tai ty\u00f6ns\u00e4 laadun osoittamiseen omilla verkkosivuilla.<\/p><h3>Miten Tikoteekin osaamismerkkej\u00e4 saa?<\/h3><p>Tikoteekin osaamismerkit ovat p\u00e4\u00e4s\u00e4\u00e4nt\u00f6isesti haettavia osaamismerkkej\u00e4 eli osaamismerkin hakija t\u00e4ytt\u00e4\u00e4 s\u00e4hk\u00f6isen hakulomakkeen, johon h\u00e4n omin sanoin kuvaa hankkimaansa vuorovaikutusosaamista. T\u00e4m\u00e4n j\u00e4lkeen Tikoteekki my\u00f6nt\u00e4\u00e4 merkin. Lis\u00e4ksi Tikoteekki my\u00f6nt\u00e4\u00e4 osaamismerkkej\u00e4 my\u00f6s todistuksena k\u00e4ydyst\u00e4 koulutuksesta.<\/p><h2>Haettavissa olevat osaamismerkit<\/h2><h3>\u00a0<\/h3><p><img loading=\"lazy\" decoding=\"async\" width=\"150\" height=\"150\" class=\"alignleft wp-image-752 size-thumbnail img-responsive\" src=\"https:\/\/www.kehitysvammaliitto.fi\/tikoteekki\/wp-content\/uploads\/sites\/2\/2021\/03\/sydan_kohillaan_varjo-150x150.png\" alt=\"\"><\/p><h3>Kohtaaja<\/h3><p>Osaamismerkki my\u00f6nnet\u00e4\u00e4n henkil\u00f6lle, joka on tutustunut HYP:iin, Voimauttavaan vuorovaikutukseen tai OIVA:an ja on osaava vuorovaikuttaja puhevammaisen ihmisen kanssa.<br>\r\n<a href=\"https:\/\/openbadgefactory.com\/c\/earnablebadge\/QIT445aJSFa9YU\/apply\" target=\"_blank\" rel=\"noopener\"><strong>Hae Kohtaaja-merkki\u00e4 t\u00e4st\u00e4!<\/strong><\/a>\u00a0 (openbadgefactory.com)<\/p><h3>\u00a0<\/h3><h3>\u00a0<\/h3><p><img loading=\"lazy\" decoding=\"async\" width=\"150\" height=\"150\" class=\"alignleft wp-image-751 size-thumbnail img-responsive\" src=\"https:\/\/www.kehitysvammaliitto.fi\/tikoteekki\/wp-content\/uploads\/sites\/2\/2021\/03\/hyp_kaynnistaja_varjo-150x150.png\" alt=\"\"><\/p><h3>HYP-k\u00e4ynnist\u00e4j\u00e4<\/h3><p>Osaamismerkki my\u00f6nnet\u00e4\u00e4n henkil\u00f6lle, joka on osallistunut Tikoteekin HYP-k\u00e4ynnist\u00e4j\u00e4koulutukseen ja k\u00e4ynnist\u00e4\u00e4 HYP-jaksoja oman organisaationsa yhteis\u00f6iss\u00e4. <br>\r\n<a href=\"https:\/\/openbadgefactory.com\/c\/earnablebadge\/QJMHIAaJSFaF3J\/apply\" target=\"_blank\" rel=\"noopener\"><strong>Hae HYP-k\u00e4ynnist\u00e4j\u00e4 -merkki\u00e4 t\u00e4st\u00e4! <\/strong><\/a>(openbadgefactory.com)<\/p><p>\u00a0<\/p><h2>Todistuksena koulutuksesta my\u00f6nnett\u00e4v\u00e4t osaamismerkit<\/h2><h3>\u00a0<\/h3><p><img loading=\"lazy\" decoding=\"async\" width=\"150\" height=\"150\" class=\"alignleft wp-image-765 size-thumbnail img-responsive\" src=\"https:\/\/www.kehitysvammaliitto.fi\/tikoteekki\/wp-content\/uploads\/sites\/2\/2021\/05\/vv1_osaaja_varjo-150x150.png\" alt=\"\"><\/p><h3>Voimauttava vuorovaikuttaja<\/h3><p>Osaamismerkki my\u00f6nnet\u00e4\u00e4n henkil\u00f6lle, joka on osallistunut Tikoteekin Voimauttavan vuorovaikutuksen syvent\u00e4v\u00e4\u00e4n koulutukseen. Kouluttaja my\u00f6nt\u00e4\u00e4 merkin koulutuksen j\u00e4lkeen.<\/p><p>\u00a0<\/p>\n\n","protected":false},"excerpt":{"rendered":"Digitaalisella osaamismerkill\u00e4 tuodaan esiin tietoja, taitoja, asennetta, osaamista ja saavutuksia. Osaamismerkki sis\u00e4lt\u00e4\u00e4 merkin kuvan sek\u00e4 kuvauksen, mill\u00e4 perusteella merkin voi saada. Merkit kootaan omaan Open Badge Passportiin ja niit\u00e4 voi liitt\u00e4\u00e4 esimerkiksi s\u00e4hk\u00f6iseen ansioluetteloon tai jakaa sosiaalisessa mediassa.\u00a0Katso lis\u00e4tietoja: Open Badge Passport.Miksi Tikoteekki my\u00f6nt\u00e4\u00e4 osaamismerkkej\u00e4?Vuorovaikutusosaajille osaamismerkki on erinomainen keino n\u00e4ytt\u00e4\u00e4 hankittua osaamistaan haluamissaan verkostoissa. Merkki\u00e4 [&hellip;]","protected":false},"author":1,"featured_media":0,"parent":66,"menu_order":21,"comment_status":"closed","ping_status":"closed","template":"page.php","meta":{"footnotes":""},"categories":[],"tags":[],"class_list":["post-747","page","type-page","status-publish","hentry"],"_links":{"self":[{"href":"https:\/\/www.kehitysvammaliitto.fi\/tikoteekki\/wp-json\/wp\/v2\/pages\/747","targetHints":{"allow":["GET"]}}],"collection":[{"href":"https:\/\/www.kehitysvammaliitto.fi\/tikoteekki\/wp-json\/wp\/v2\/pages"}],"about":[{"href":"https:\/\/www.kehitysvammaliitto.fi\/tikoteekki\/wp-json\/wp\/v2\/types\/page"}],"author":[{"embeddable":true,"href":"https:\/\/www.kehitysvammaliitto.fi\/tikoteekki\/wp-json\/wp\/v2\/users\/1"}],"replies":[{"embeddable":true,"href":"https:\/\/www.kehitysvammaliitto.fi\/tikoteekki\/wp-json\/wp\/v2\/comments?post=747"}],"version-history":[{"count":0,"href":"https:\/\/www.kehitysvammaliitto.fi\/tikoteekki\/wp-json\/wp\/v2\/pages\/747\/revisions"}],"up":[{"embeddable":true,"href":"https:\/\/www.kehitysvammaliitto.fi\/tikoteekki\/wp-json\/wp\/v2\/pages\/66"}],"wp:attachment":[{"href":"https:\/\/www.kehitysvammaliitto.fi\/tikoteekki\/wp-json\/wp\/v2\/media?parent=747"}],"wp:term":[{"taxonomy":"category","embeddable":true,"href":"https:\/\/www.kehitysvammaliitto.fi\/tikoteekki\/wp-json\/wp\/v2\/categories?post=747"},{"taxonomy":"post_tag","embeddable":true,"href":"https:\/\/www.kehitysvammaliitto.fi\/tikoteekki\/wp-json\/wp\/v2\/tags?post=747"}],"curies":[{"name":"wp","href":"https:\/\/api.w.org\/{rel}","templated":true}]}}