{"id":779,"date":"2021-10-04T15:52:45","date_gmt":"2021-10-04T12:52:45","guid":{"rendered":"https:\/\/www.kehitysvammaliitto.fi\/tikoteekki\/toimintamallit\/sointu-instrumentti-crdl\/"},"modified":"2026-01-15T10:30:08","modified_gmt":"2026-01-15T08:30:08","slug":"sointu-instrumentti-crdl","status":"publish","type":"page","link":"https:\/\/www.kehitysvammaliitto.fi\/tikoteekki\/toimintamallit\/sointu-instrumentti-crdl\/","title":{"rendered":"Sointu-instrumentti (Crdl\u00ae)"},"content":{"rendered":"<p class=\"embed-responsive embed-responsive-16by9\"><iframe src=\"\/\/www.youtube.com\/embed\/XMJvB5kNbFk\" allowfullscreen=\"allowfullscreen\" class=\"embed-responsive-item\"><\/iframe><\/p><table class=\"table\" style=\"width: 100%; border-collapse: collapse; background-color: #e3eaf2; height: 97px;\">\r\n<tbody>\r\n<tr style=\"height: 97px;\">\r\n<td style=\"width: 100%; height: 97px;\">\r\n<p>Videolla kuulemme toimintakeskuksen ty\u00f6ntekij\u00e4n ajatuksia ja kokemuksia vuorovaikutteisen <strong>Sointu-instrumentin (Crdl)<\/strong> hy\u00f6dyist\u00e4 ja k\u00e4ytt\u00f6mahdollisuuksista eri asiakasryhmien kanssa. N\u00e4emme my\u00f6s, kuinka ty\u00f6ntekij\u00e4 ja asiakas k\u00e4ytt\u00e4v\u00e4t Sointu-laitetta virittyess\u00e4\u00e4n yhdess\u00e4oloon.<\/p>\r\n<\/td>\r\n<\/tr>\r\n<\/tbody>\r\n<\/table><p><strong>Sointu (Crdl\u00ae)<\/strong> on Hollannissa kehitetty vuorovaikutteinen instrumentti, joka muuntaa k\u00e4ytt\u00e4jien kosketuksen \u00e4\u00e4neksi. Se on tarkoitettu ihmisille, jotka tarvitsevat tukea kommunikoinnissaan tai vuorovaikutuksessaan. Instrumenttia k\u00e4ytet\u00e4\u00e4n yhdess\u00e4 kommunikointikumppaneiden kanssa. Sointu houkuttelee leikilliseen yhdess\u00e4oloon ja l\u00e4hestym\u00e4\u00e4n toista koskettamalla.<\/p><p>Sointua soittaessa molemmat k\u00e4ytt\u00e4j\u00e4t asettavat k\u00e4tens\u00e4 laitteen vastakkaisille kosketusalustoille samalla, kun toisella k\u00e4dell\u00e4\u00e4n koskettavat kommunnikointikumppaniaan paljaalle iholle. N\u00e4in muodostuu kosketuspiiri. Kosketuspiiriin voi liitty\u00e4 ketjuttamalla useita ihmisi\u00e4.<\/p><p>Sointu tunnistaa erilaisia kosketuksen tapoja ja muuntaa kosketuksen \u00e4\u00e4niksi. Laitteeseen on ohjelmoituna viisi eri \u00e4\u00e4nimaisemaa: luonnon \u00e4\u00e4net, kaupungin \u00e4\u00e4net, maatilan \u00e4\u00e4net, soittimien \u00e4\u00e4net ja \u00e4\u00e4niavaruus.<\/p><h3>Sointu-viesti p\u00e4\u00e4ttyi vuoden 2025 lopussa<\/h3><p>Sointu on kiert\u00e4nyt Suomessa yli 40 olemuskielisten ihmisten yhteis\u00f6ss\u00e4, vahvistaen kohtaamista, yhteytt\u00e4 ja jaettuja hetki\u00e4 kosketuksen kautta. Tikoteekki jatkaa ty\u00f6t\u00e4 olemuskielisten ihmisten vuorovaikutuksen ja omann\u00e4k\u00f6isen el\u00e4m\u00e4n hyv\u00e4ksi \u2013 muiden menetelmien, materiaalien ja yhteiskehitt\u00e4misen kautta.<\/p><h3>Crdl:n tie Suomeen<\/h3><p>Vuorovaikutteisen Crdl-instrumentin toi ensimm\u00e4isen kerran Suomeen Centria-ammattikorkeakoulu, jonka RoboSote-hankkeessa laitetta testattiin eri ymp\u00e4rist\u00f6iss\u00e4. Testaajat alkoivat kutsua instrumenttia nimell\u00e4 <em>Sointu<\/em>.<\/p><p>Lue lis\u00e4\u00e4:<br>\r\n<a href=\"https:\/\/net.centria.fi\/sointu-hurmaa-kannuksessa-katso-ylen-tekemat-uutisoinnit\/\">https:\/\/net.centria.fi\/sointu-hurmaa-kannuksessa-katso-ylen-tekemat-uutisoinnit\/<\/a><\/p><p class=\"embed-responsive embed-responsive-16by9\"><iframe src=\"\/\/www.youtube.com\/embed\/MS7_xd8GNbA\" allowfullscreen=\"allowfullscreen\" class=\"embed-responsive-item\"><\/iframe><\/p><table class=\"table\" style=\"width: 100%; border-collapse: collapse; background-color: #e3eaf2; height: 97px;\">\r\n<tbody>\r\n<tr style=\"height: 97px;\">\r\n<td style=\"width: 100%; height: 97px;\">\r\n<p>Videolla n\u00e4ytet\u00e4\u00e4n ja kerrotaan, miten Sointu (Crdl) -laitetta k\u00e4ytet\u00e4\u00e4n.<\/p>\r\n<\/td>\r\n<\/tr>\r\n<\/tbody>\r\n<\/table><p><a href=\"https:\/\/www.kehitysvammaliitto.fi\/tikoteekki\/wp-content\/uploads\/sites\/2\/2025\/10\/Sointu-manuaali-2025.pdf\" target=\"_blank\" rel=\"noopener\">Sointu (Crdl) -laitteen k\u00e4ytt\u00f6ohje<\/a> (pdf)<\/p><p><strong>Crdl\u00ae-instrumenttia<\/strong>\u00a0voi tiedustella my\u00f6s hollantilaiselta valmistajalta suoraan <a href=\"https:\/\/www.crdl.com\/\" target=\"_blank\" rel=\"noopener\"><strong>https:\/\/www.crdl.com\/<\/strong><\/a> <br>\r\n<br>\r\n<\/p><p>\u00a0<\/p>\n\n","protected":false},"excerpt":{"rendered":"Videolla kuulemme toimintakeskuksen ty\u00f6ntekij\u00e4n ajatuksia ja kokemuksia vuorovaikutteisen Sointu-instrumentin (Crdl) hy\u00f6dyist\u00e4 ja k\u00e4ytt\u00f6mahdollisuuksista eri asiakasryhmien kanssa. N\u00e4emme my\u00f6s, kuinka ty\u00f6ntekij\u00e4 ja asiakas k\u00e4ytt\u00e4v\u00e4t Sointu-laitetta virittyess\u00e4\u00e4n yhdess\u00e4oloon. Sointu (Crdl\u00ae) on Hollannissa kehitetty vuorovaikutteinen instrumentti, joka muuntaa k\u00e4ytt\u00e4jien kosketuksen \u00e4\u00e4neksi. Se on tarkoitettu ihmisille, jotka tarvitsevat tukea kommunikoinnissaan tai vuorovaikutuksessaan. Instrumenttia k\u00e4ytet\u00e4\u00e4n yhdess\u00e4 kommunikointikumppaneiden kanssa. Sointu houkuttelee [&hellip;]","protected":false},"author":13,"featured_media":1249,"parent":118,"menu_order":21,"comment_status":"closed","ping_status":"closed","template":"page.php","meta":{"footnotes":""},"categories":[],"tags":[32,33],"class_list":["post-779","page","type-page","status-publish","has-post-thumbnail","hentry","tag-sointu","tag-vuorovaikutus"],"_links":{"self":[{"href":"https:\/\/www.kehitysvammaliitto.fi\/tikoteekki\/wp-json\/wp\/v2\/pages\/779","targetHints":{"allow":["GET"]}}],"collection":[{"href":"https:\/\/www.kehitysvammaliitto.fi\/tikoteekki\/wp-json\/wp\/v2\/pages"}],"about":[{"href":"https:\/\/www.kehitysvammaliitto.fi\/tikoteekki\/wp-json\/wp\/v2\/types\/page"}],"author":[{"embeddable":true,"href":"https:\/\/www.kehitysvammaliitto.fi\/tikoteekki\/wp-json\/wp\/v2\/users\/13"}],"replies":[{"embeddable":true,"href":"https:\/\/www.kehitysvammaliitto.fi\/tikoteekki\/wp-json\/wp\/v2\/comments?post=779"}],"version-history":[{"count":0,"href":"https:\/\/www.kehitysvammaliitto.fi\/tikoteekki\/wp-json\/wp\/v2\/pages\/779\/revisions"}],"up":[{"embeddable":true,"href":"https:\/\/www.kehitysvammaliitto.fi\/tikoteekki\/wp-json\/wp\/v2\/pages\/118"}],"wp:featuredmedia":[{"embeddable":true,"href":"https:\/\/www.kehitysvammaliitto.fi\/tikoteekki\/wp-json\/wp\/v2\/media\/1249"}],"wp:attachment":[{"href":"https:\/\/www.kehitysvammaliitto.fi\/tikoteekki\/wp-json\/wp\/v2\/media?parent=779"}],"wp:term":[{"taxonomy":"category","embeddable":true,"href":"https:\/\/www.kehitysvammaliitto.fi\/tikoteekki\/wp-json\/wp\/v2\/categories?post=779"},{"taxonomy":"post_tag","embeddable":true,"href":"https:\/\/www.kehitysvammaliitto.fi\/tikoteekki\/wp-json\/wp\/v2\/tags?post=779"}],"curies":[{"name":"wp","href":"https:\/\/api.w.org\/{rel}","templated":true}]}}