{"id":941,"date":"2023-02-28T13:28:59","date_gmt":"2023-02-28T11:28:59","guid":{"rendered":"https:\/\/www.kehitysvammaliitto.fi\/tikoteekki\/tuotteet\/bliss-taulusto\/"},"modified":"2025-05-21T08:44:26","modified_gmt":"2025-05-21T05:44:26","slug":"bliss-taulusto","status":"publish","type":"page","link":"https:\/\/www.kehitysvammaliitto.fi\/tikoteekki\/tuotteet\/bliss-taulusto\/","title":{"rendered":"Bliss-taulusto"},"content":{"rendered":"<h2>Bliss peruskartta -kommunikointitaulusto<\/h2><p>Bliss peruskartta -taulusto on DialoQ Talk -kommunikointiohjelmalla rakennettu valmis sis\u00e4lt\u00f6. DialoQ Talk toimii sek\u00e4 Windows- ett\u00e4 Android-laitteilla. Taulusto toimii taivuttimen ja puhesynteesiohjelmien kanssa.<\/p><p>Bliss peruskartta -taulusto sis\u00e4lt\u00e4\u00e4 kaikki peruskartan bliss-symbolit jaoteltuina peruskartan mukaisesti omille sivuilleen.<\/p><p>Lauseita muodostetaan valitsemalla symboli kerrallaan, jolloin ne siirtyv\u00e4t viestiriville ja kielellinen taivutin muokkaa puheen sujuvaksi suomeksi. Suomenkielisest\u00e4 Bliss peruskartasta on saatavilla my\u00f6s ruotsinkielinen versio.\u00a0<\/p><p>Bliss peruskartta -taulusto sis\u00e4lt\u00e4\u00e4 tarvittavia kielioppimerkkej\u00e4 lauseiden muodostamista varten. Lis\u00e4ksi taulustosta l\u00f6ytyy pikaviesti- ja kuulumiset-sivut sek\u00e4 ruutun\u00e4pp\u00e4imist\u00f6, jolla voi kirjoittaa viestej\u00e4. Minun sivu -osioon voi helposti lis\u00e4t\u00e4 itselle t\u00e4rkeit\u00e4 symboleita. Kerronnassa voi k\u00e4ytt\u00e4\u00e4 my\u00f6s omia valokuvia esimerkiksi kalenterin viikko-ohjelmaa laadittaessa. DialoQ Talkissa toimivia sivuja ja taulustoja on helppo muokata suoraan kosketusn\u00e4yt\u00f6lt\u00e4.<\/p><p><strong>Bliss-taulusto l\u00f6ytyy my\u00f6s ruotsinkielisen\u00e4.<\/strong><\/p><p><strong>HINTA:<\/strong> 132 \u20ac <br>\r\n(Kommunikointiohjelma, taivutin ja puhesynteesiohjelma on hankittava erikseen.)<\/p><p><strong>TILAUKSET<br>\r\n<\/strong>Bliss peruskartta taulusto tilataan t\u00e4ytt\u00e4m\u00e4ll\u00e4 <a href=\"https:\/\/link.webropol.com\/s\/lisenssitilaus\" target=\"_blank\" rel=\"noopener\">lisenssitilauslomake<\/a> ja l\u00e4hett\u00e4m\u00e4ll\u00e4 se Tikoteekkiin postitse (Kehitysvammaliitto, Linnoitustie 2 B, 02600 Espoo) tai s\u00e4hk\u00f6postin liitteen\u00e4 osoitteeseen <a href=\"mailto:tikoteekki@kvl.fi\">tikoteekki@kvl.fi<\/a><\/p><p><strong>Tauluston ja lisenssin toimittaminen<\/strong><br>\r\nDialoQ Talk -ohjelmaan tauluston lisenssikoodi toimitetaan s\u00e4hk\u00f6postitse ja taulusto aktivoidaan t\u00e4ll\u00e4 saadulla koodilla DialoQ Talk -ohjelmassa.<\/p><p>Bliss peruskartta -tauluston k\u00e4ytt\u00f6\u00f6n <strong>DialoQ Talk <\/strong>-kommunikointiohjelman kanssa tarvitaan <strong>DialoQ-<\/strong>taivutin ja siihen ostettu \u00e4\u00e4ni, esim. Nuance: Satu ja Onni tai DialoQ Speech: Otto (lapsen \u00e4\u00e4ni) Miikka, Tuomas, Minna tai Katja (aikuis\u00e4\u00e4net).<\/p><p>Bliss peruskartta -tauluston ohjelmineen voi saada kommunikoinnin arvioinnin yhteydess\u00e4 apuv\u00e4linekeskuksien kautta henkil\u00f6kohtaisena kommunikoinnin apuv\u00e4lineen\u00e4.<\/p><p>Suomessa vaativia kommunikoinnin ja tietokoneen k\u00e4yt\u00f6n apuv\u00e4linepalveluita tarjoavat Tikoteekki-verkostoon kuuluvat erikoissairaanhoidon yksik\u00f6t. Lis\u00e4tietoja kommunikoinnin apuv\u00e4linepalveluista: <a href=\"https:\/\/tikoteekkiverkosto.fi\/\" target=\"_blank\" rel=\"noopener\">tikoteekkiverkosto.fi<\/a><\/p><p>\u00a0<\/p><p><iframe loading=\"lazy\" title=\"Bliss-peruskartta tauluston esittely\" width=\"500\" height=\"281\" src=\"https:\/\/www.youtube.com\/embed\/-92P7Mc0b-E?wmode=transparent&amp;rel=0&amp;feature=oembed\" frameborder=\"0\" allow=\"accelerometer; autoplay; clipboard-write; encrypted-media; gyroscope; picture-in-picture; web-share\" referrerpolicy=\"strict-origin-when-cross-origin\" allowfullscreen><\/iframe><\/p><table class=\"table\" style=\"width: 100%; border-collapse: collapse; background-color: #e3eaf2; height: 97px;\">\r\n<tbody>\r\n<tr style=\"height: 97px;\">\r\n<td style=\"width: 100%; height: 97px;\">\r\n<p>Bliss-peruskartta-taulusto on tietokoneen kommunikointiohjelmassa toimiva kommunikointitaulujen kokonaisuus. Tauluston avulla puhevammainen k\u00e4ytt\u00e4j\u00e4 voi muodostaa viestin Bliss-merkki kerrallaan, jolloin kielellinen taivutin muokkaa ilmauksen kieliopillisesti sujuvaksi suomeksi. Bliss peruskartta -taulusto sis\u00e4lt\u00e4\u00e4 kaikki peruskartan Bliss-symbolit jaoteltuina peruskartan mukaisesti omille sivuilleen. Taulustoon voi helposti lis\u00e4t\u00e4 itselle t\u00e4rkeit\u00e4 symboleita.<br>\r\nPuhevammainen henkil\u00f6 voi saada Bliss-peruskartta-tauluston ja sen toimintaan liittyv\u00e4t ohjelmat l\u00e4\u00e4kinn\u00e4llisen kuntoutuksen apuv\u00e4lineen\u00e4.<\/p>\r\n<\/td>\r\n<\/tr>\r\n<\/tbody>\r\n<\/table><p>\u00a0<\/p><p><strong>LIS\u00c4TIETOJA<br>\r\n<\/strong>asiantuntija, puhevammaisten tulkki Virpi Yiannakou puh.09-34809313, <a href=\"mailto:virpi.yiannakou@kvl.fi\">virpi.yiannakou(at)kvl.fi<\/a>\u00a0 ja asiantuntija, puheterapeutti <strong>Kaisa Laine<\/strong> puh. 09 3480 9315, <a href=\"mailto:kaisa.laine@kvl.fi\">kaisa.laine(at)kvl.fi<\/a><\/p>\n\n","protected":false},"excerpt":{"rendered":"Bliss peruskartta -kommunikointitaulustoBliss peruskartta -taulusto on DialoQ Talk -kommunikointiohjelmalla rakennettu valmis sis\u00e4lt\u00f6. DialoQ Talk toimii sek\u00e4 Windows- ett\u00e4 Android-laitteilla. Taulusto toimii taivuttimen ja puhesynteesiohjelmien kanssa.Bliss peruskartta -taulusto sis\u00e4lt\u00e4\u00e4 kaikki peruskartan bliss-symbolit jaoteltuina peruskartan mukaisesti omille sivuilleen.Lauseita muodostetaan valitsemalla symboli kerrallaan, jolloin ne siirtyv\u00e4t viestiriville ja kielellinen taivutin muokkaa puheen sujuvaksi suomeksi. Suomenkielisest\u00e4 Bliss peruskartasta on [&hellip;]","protected":false},"author":13,"featured_media":1209,"parent":98,"menu_order":5,"comment_status":"closed","ping_status":"closed","template":"","meta":{"footnotes":""},"categories":[],"tags":[],"class_list":["post-941","page","type-page","status-publish","has-post-thumbnail","hentry"],"_links":{"self":[{"href":"https:\/\/www.kehitysvammaliitto.fi\/tikoteekki\/wp-json\/wp\/v2\/pages\/941","targetHints":{"allow":["GET"]}}],"collection":[{"href":"https:\/\/www.kehitysvammaliitto.fi\/tikoteekki\/wp-json\/wp\/v2\/pages"}],"about":[{"href":"https:\/\/www.kehitysvammaliitto.fi\/tikoteekki\/wp-json\/wp\/v2\/types\/page"}],"author":[{"embeddable":true,"href":"https:\/\/www.kehitysvammaliitto.fi\/tikoteekki\/wp-json\/wp\/v2\/users\/13"}],"replies":[{"embeddable":true,"href":"https:\/\/www.kehitysvammaliitto.fi\/tikoteekki\/wp-json\/wp\/v2\/comments?post=941"}],"version-history":[{"count":0,"href":"https:\/\/www.kehitysvammaliitto.fi\/tikoteekki\/wp-json\/wp\/v2\/pages\/941\/revisions"}],"up":[{"embeddable":true,"href":"https:\/\/www.kehitysvammaliitto.fi\/tikoteekki\/wp-json\/wp\/v2\/pages\/98"}],"wp:featuredmedia":[{"embeddable":true,"href":"https:\/\/www.kehitysvammaliitto.fi\/tikoteekki\/wp-json\/wp\/v2\/media\/1209"}],"wp:attachment":[{"href":"https:\/\/www.kehitysvammaliitto.fi\/tikoteekki\/wp-json\/wp\/v2\/media?parent=941"}],"wp:term":[{"taxonomy":"category","embeddable":true,"href":"https:\/\/www.kehitysvammaliitto.fi\/tikoteekki\/wp-json\/wp\/v2\/categories?post=941"},{"taxonomy":"post_tag","embeddable":true,"href":"https:\/\/www.kehitysvammaliitto.fi\/tikoteekki\/wp-json\/wp\/v2\/tags?post=941"}],"curies":[{"name":"wp","href":"https:\/\/api.w.org\/{rel}","templated":true}]}}