{"id":97,"date":"2017-08-08T11:24:45","date_gmt":"2017-08-08T08:24:45","guid":{"rendered":"https:\/\/www.kehitysvammaliitto.fi\/tikoteekki\/tietoa\/"},"modified":"2018-09-12T19:25:01","modified_gmt":"2018-09-12T16:25:01","slug":"tietoa","status":"publish","type":"page","link":"https:\/\/www.kehitysvammaliitto.fi\/tikoteekki\/tietoa\/","title":{"rendered":"Tietoa"},"content":{"rendered":"<p><\/p><div class=\"linkkilista\">\r\n  <div class=\"highlight-box\">\r\n    <a href=\"https:\/\/www.kehitysvammaliitto.fi\/tikoteekki\/tietoa\/puhevammaisuuden-kirjo\/\" target=\"_self\" class=\"content-link\" title=\"Puhevammaisuuden kirjo\">\r\n      <div class=\"highlight-box-link\">\r\n        <div class=\"content-container-space\">\r\n          <div class=\"content-title\">\r\n            Puhevammaisuuden kirjo\r\n          <\/div>\r\n          <div class=\"content-paragraph\">\r\n            Ihmisi\u00e4, joilla on pulmia puheen ymm\u00e4rt\u00e4misess\u00e4 tai tuottamisessa, on Suomessa noin 120 000. T\u00e4m\u00e4n lis\u00e4ksi on ihmisi\u00e4, joilla on suuria...\r\n          <\/div>\r\n        <\/div>\r\n      <\/div>\r\n    <\/a>\r\n  <\/div>\r\n<\/div><div class=\"linkkilista\">\r\n  <div class=\"highlight-box\">\r\n    <a href=\"https:\/\/www.kehitysvammaliitto.fi\/tikoteekki\/tietoa\/apuvalineena-ihminen\/\" target=\"_self\" class=\"content-link\" title=\"Apuv\u00e4lineen\u00e4 ihminen\">\r\n      <div class=\"highlight-box-link\">\r\n        <div class=\"content-container-space\">\r\n          <div class=\"content-title\">\r\n            Apuv\u00e4lineen\u00e4 ihminen\r\n          <\/div>\r\n          <div class=\"content-paragraph\">\r\n            Opi olemaan vuorovaikutuksessa puhumattoman ihmisen kanssa Apuv\u00e4lineen\u00e4 ihminen -toimintamallien avulla. N\u00e4m\u00e4 Tikoteekin mallit antavat tietoja tai taitoja, joilla voitte parantaa...\r\n          <\/div>\r\n        <\/div>\r\n      <\/div>\r\n    <\/a>\r\n  <\/div>\r\n<\/div><div class=\"linkkilista\">\r\n  <div class=\"highlight-box\">\r\n    <a href=\"https:\/\/www.kehitysvammaliitto.fi\/tikoteekki\/tietoa\/kommunikoinnin-tukikeinot\/\" target=\"_self\" class=\"content-link\" title=\"Kommunikoinnin tukikeinot\">\r\n      <div class=\"highlight-box-link\">\r\n        <div class=\"content-container-space\">\r\n          <div class=\"content-title\">\r\n            Kommunikoinnin tukikeinot\r\n          <\/div>\r\n          <div class=\"content-paragraph\">\r\n            Jos puhuminen tai puheen ymm\u00e4rt\u00e4minen ei suju, on mahdollista l\u00f6yt\u00e4\u00e4 kommunikointikeinoja, jotka tukevat tai korvaavat puhetta.OlemuskieliEleet, ilmeet ja kehonkieli ovat...\r\n          <\/div>\r\n        <\/div>\r\n      <\/div>\r\n    <\/a>\r\n  <\/div>\r\n<\/div><div class=\"linkkilista\">\r\n  <div class=\"highlight-box\">\r\n    <a href=\"https:\/\/www.kehitysvammaliitto.fi\/tikoteekki\/?page_id=1799\" target=\"_self\" class=\"content-link\" title=\"Tikonen\">\r\n      <div class=\"highlight-box-link\">\r\n        <div class=\"content-container-space\">\r\n          <div class=\"content-title\">\r\n            Tikonen\r\n          <\/div>\r\n          <div class=\"content-paragraph\">\r\n            Verkkolehti Tikonen: ajankohtaista asiaa ja kiinnostavia kuulumisia puhevamma-alaltaTikonen on Tikoteekin oma verkkolehti. Se kokoaa yhteen t\u00e4rke\u00e4\u00e4 tietoa, ajankohtaisia kuulumisia sek\u00e4...\r\n          <\/div>\r\n        <\/div>\r\n      <\/div>\r\n    <\/a>\r\n  <\/div>\r\n<\/div><div class=\"linkkilista\">\r\n  <div class=\"highlight-box\">\r\n    <a href=\"https:\/\/www.kehitysvammaliitto.fi\/tikoteekki\/tietoa\/kommunikoinnin-apuvalineet\/\" target=\"_self\" class=\"content-link\" title=\"Kommunikoinnin apuv\u00e4lineet\">\r\n      <div class=\"highlight-box-link\">\r\n        <div class=\"content-container-space\">\r\n          <div class=\"content-title\">\r\n            Kommunikoinnin apuv\u00e4lineet\r\n          <\/div>\r\n          <div class=\"content-paragraph\">\r\n            Kommunikoinnin esteit\u00e4 voidaan lievent\u00e4\u00e4 kuntoutuksen lis\u00e4ksi apuv\u00e4lineill\u00e4. Kommunikoinnin apuv\u00e4lineet hankitaan ensisijaisesti julkisen terveydenhuollon apuv\u00e4linepalveluna. Tieto puhevammaisen ihmisen tarvitsemista apuv\u00e4linepalveluista kirjataan...\r\n          <\/div>\r\n        <\/div>\r\n      <\/div>\r\n    <\/a>\r\n  <\/div>\r\n<\/div><div class=\"linkkilista\">\r\n  <div class=\"highlight-box\">\r\n    <a href=\"https:\/\/www.kehitysvammaliitto.fi\/tikoteekki\/tietoa\/puhevammaisten-tulkkauspalvelu\/\" target=\"_self\" class=\"content-link\" title=\"Puhevammaisten tulkkauspalvelu\">\r\n      <div class=\"highlight-box-link\">\r\n        <div class=\"content-container-space\">\r\n          <div class=\"content-title\">\r\n            Puhevammaisten tulkkauspalvelu\r\n          <\/div>\r\n          <div class=\"content-paragraph\">\r\n            Tulkkauspalvelun tavoitteena on, ett\u00e4 puhevammainen henkil\u00f6 voi olla kanssak\u00e4ymisess\u00e4 toisten ihmisten kanssa ja tulla kuulluksi ja ymm\u00e4rretyksi. Tulkkausta voi tarvita...\r\n          <\/div>\r\n        <\/div>\r\n      <\/div>\r\n    <\/a>\r\n  <\/div>\r\n<\/div><div class=\"linkkilista\">\r\n  <div class=\"highlight-box\">\r\n    <a href=\"https:\/\/www.kehitysvammaliitto.fi\/tikoteekki\/tietoa\/oppaat\/\" target=\"_self\" class=\"content-link\" title=\"Oppaat\">\r\n      <div class=\"highlight-box-link\">\r\n        <div class=\"content-container-space\">\r\n          <div class=\"content-title\">\r\n            Oppaat\r\n          <\/div>\r\n          <div class=\"content-paragraph\">\r\n            Kaikki oppaat voi lukea ja tulostaa pdf-muodossa alla olevista linkeist\u00e4.\u00a0Oppaissa k\u00e4sitellyist\u00e4 aiheista l\u00f6ytyy lis\u00e4tietoa Papunet.net-verkkosivuilta.Opas kommunikoinnin apuv\u00e4linepalveluihinPuhevammaisen henkil\u00f6n tulee saada...\r\n          <\/div>\r\n        <\/div>\r\n      <\/div>\r\n    <\/a>\r\n  <\/div>\r\n<\/div><div class=\"linkkilista\">\r\n  <div class=\"highlight-box\">\r\n    <a href=\"https:\/\/www.kehitysvammaliitto.fi\/tikoteekki\/tietoa\/videot\/\" target=\"_self\" class=\"content-link\" title=\"Videot\">\r\n      <div class=\"highlight-box-link\">\r\n        <div class=\"content-container-space\">\r\n          <div class=\"content-title\">\r\n            Videot\r\n          <\/div>\r\n          <div class=\"content-paragraph\">\r\n            Tikoteekin tuottamat videot Youtuben Paputuubi-kanavallaOikeus kommunikointiin Suomessa on noin 120 000 puhevammaista ihmist\u00e4. Kuitenkin meill\u00e4 kaikilla, niin puhekykyisill\u00e4 kuin puhumattomilla,...\r\n          <\/div>\r\n        <\/div>\r\n      <\/div>\r\n    <\/a>\r\n  <\/div>\r\n<\/div>\n\n","protected":false},"excerpt":{"rendered":"","protected":false},"author":1,"featured_media":0,"parent":0,"menu_order":3,"comment_status":"closed","ping_status":"closed","template":"","meta":{"footnotes":""},"categories":[],"tags":[],"class_list":["post-97","page","type-page","status-publish","hentry"],"_links":{"self":[{"href":"https:\/\/www.kehitysvammaliitto.fi\/tikoteekki\/wp-json\/wp\/v2\/pages\/97","targetHints":{"allow":["GET"]}}],"collection":[{"href":"https:\/\/www.kehitysvammaliitto.fi\/tikoteekki\/wp-json\/wp\/v2\/pages"}],"about":[{"href":"https:\/\/www.kehitysvammaliitto.fi\/tikoteekki\/wp-json\/wp\/v2\/types\/page"}],"author":[{"embeddable":true,"href":"https:\/\/www.kehitysvammaliitto.fi\/tikoteekki\/wp-json\/wp\/v2\/users\/1"}],"replies":[{"embeddable":true,"href":"https:\/\/www.kehitysvammaliitto.fi\/tikoteekki\/wp-json\/wp\/v2\/comments?post=97"}],"version-history":[{"count":0,"href":"https:\/\/www.kehitysvammaliitto.fi\/tikoteekki\/wp-json\/wp\/v2\/pages\/97\/revisions"}],"wp:attachment":[{"href":"https:\/\/www.kehitysvammaliitto.fi\/tikoteekki\/wp-json\/wp\/v2\/media?parent=97"}],"wp:term":[{"taxonomy":"category","embeddable":true,"href":"https:\/\/www.kehitysvammaliitto.fi\/tikoteekki\/wp-json\/wp\/v2\/categories?post=97"},{"taxonomy":"post_tag","embeddable":true,"href":"https:\/\/www.kehitysvammaliitto.fi\/tikoteekki\/wp-json\/wp\/v2\/tags?post=97"}],"curies":[{"name":"wp","href":"https:\/\/api.w.org\/{rel}","templated":true}]}}