{"id":99,"date":"2017-08-08T11:26:09","date_gmt":"2017-08-08T08:26:09","guid":{"rendered":"https:\/\/www.kehitysvammaliitto.fi\/tikoteekki\/yhteystiedot\/"},"modified":"2026-03-18T15:05:03","modified_gmt":"2026-03-18T13:05:03","slug":"yhteystiedot","status":"publish","type":"page","link":"https:\/\/www.kehitysvammaliitto.fi\/tikoteekki\/yhteystiedot\/","title":{"rendered":"Yhteystiedot"},"content":{"rendered":"<h3>Tietotekniikka- ja kommunikaatiokeskus Tikoteekki<\/h3><p>Kehitysvammaliitto ry<br>\r\nLinnoitustie 2 B<br>\r\n02600 ESPOO<br>\r\np. 09-34809 370<br>\r\ntikoteekki@kvl.fi<br>\r\nwww.tikoteekki.fi<\/p><p>Toimistomme sijaitsee <strong>Espoon Lepp\u00e4vaarassa<\/strong> osoitteessa Linnoitustie 2 B, 02600 ESPOO. Lepp\u00e4vaaran juna-asemalta on matkaa n. 900 metri\u00e4. <a href=\"https:\/\/goo.gl\/maps\/6dr9mzbUKxLmbian7\" target=\"_blank\" rel=\"noopener noreferrer\">Katso Kehitysvammaliiton sijainti Google Mapsista<\/a>.\u00a0<\/p><p><a href=\"https:\/\/www.kehitysvammaliitto.fi\/yhteystiedot\/laskutustiedot\/\" target=\"_blank\" rel=\"noopener noreferrer\">Laskutustiedot<\/a> (www.kehitysvammaliitto.fi)<\/p><h4>Tikoteekin uutiskirjeen tilaus<\/h4><p>Voit tilata s\u00e4hk\u00f6postiisi uutiskirjeen, jossa kerrotaan Tikonen-verkkolehden aiheet lehden ilmestyess\u00e4. Uutiskirje ilmestyy 3-4 kertaa vuodessa. <a href=\"https:\/\/kehitysvammaliitto.creamailer.fi\/subscribe\/0AgjunBrz30RK\" target=\"_blank\" rel=\"noopener noreferrer\"><strong>Tilaa Tikoteekin uutiskirje<\/strong><\/a><\/p><h4>Henkil\u00f6kunta<\/h4><p><em><strong>Henkil\u00f6kohtaiset s\u00e4hk\u00f6postiosoitteet ovat muotoa etunimi.sukunimi@kvl.fi<\/strong><\/em><\/p><p><strong>Sami \u00c4lli<br>\r\n<\/strong>Saavutettavuusyksik\u00f6n johtaja<br>\r\np. 09 3480 9383<br>\r\np. 040 837 8348<br>\r\n<br>\r\n<\/p><p><strong>Katja Burakoff<br>\r\n<\/strong>asiantuntija, puhevammaisuus ja vuorovaikutus<br>\r\np. 09 3480 9363<\/p><p><strong>Niko Eloranta<br>\r\n<\/strong>suunnittelija, tapahtuma ja videotuotanto<strong><br>\r\n<\/strong>p. 040 456 6006<\/p><p><strong>Taro Katajisto<\/strong> <br>\r\nasiantuntija, avustava tietotekniikka<br>\r\np. 09 3480 9250<\/p><p><strong>Kaisa Laine<br>\r\n<\/strong>asiantuntija, puhevammaisuus ja kommunikoinnin tukikeinot<br>\r\np. 09 3480 9315<\/p><p><strong>Kaisa Martikainen<br>\r\n<\/strong>erityisasiantuntija, puhevammaisuus, vuorovaikutus ja yhteis\u00f6jen ohjaus<br>\r\np. 09 3480 9362<\/p><p><strong>Virpi Yiannakou<br>\r\n<\/strong>asiantuntija, viittomat ja kommunikoinnin materiaalit<br>\r\np. 09 3480 9313<\/p><h2>SAAVUTETTAVUUSSELOSTE<\/h2><p>T\u00e4m\u00e4 saavutettavuusseloste koskee Kehitysvammaliiton Tikoteekin verkkosivuja. Seloste on laadittu 23.4.2021. Sivuja koskee laki digitaalisten palvelujen tarjoamisesta, jossa edellytet\u00e4\u00e4n, ett\u00e4 julkisten verkkopalvelujen on oltava saavutettavia. Olemme arvioineet palvelun saavutettavuuden itse.<\/p><h2>Digipalvelun saavutettavuuden tila<\/h2><p>Verkkopalvelu t\u00e4ytt\u00e4\u00e4 saavutettavuusvaatimukset osittain.<\/p><h2>Ei-saavutettava sis\u00e4lt\u00f6<\/h2><p>Verkkosivusto ei ole viel\u00e4 kaikilta osin vaatimusten mukainen.<\/p><h3>Havaittava: Tekstivastineet<\/h3><h4>Saavuttamaton sis\u00e4lt\u00f6 ja sen puutteet<\/h4><p>Etusivun kuvituskuvissa on turhia ja ep\u00e4selvi\u00e4 alt-tekstej\u00e4. Kommunikointikansioissa sosiaalisen median linkit ovat englanniksi.<\/p><h4>Saavutettavuusvaatimukset jotka eiv\u00e4t t\u00e4yty<\/h4><p>1.1.1 Ei-tekstuaalinen sis\u00e4lt\u00f6<\/p><h3>Havaittava: Videoiden kuvailutulkkaus<\/h3><h4>Saavuttamaton sis\u00e4lt\u00f6 ja sen puutteet<\/h4><p>Etusivun videon kuvailutulkkaus puuttuu. Kommunikointikansioiden videoilla ei ole kuvailutulkkausta.<\/p><h4>Saavutettavuusvaatimukset jotka eiv\u00e4t t\u00e4yty<\/h4><p>1.2.5 Kuvailutulkkaus (tallennettu)<\/p><h3>Havaittava: Videoiden tekstitys<\/h3><h4>Saavuttamaton sis\u00e4lt\u00f6 ja sen puutteet<\/h4><p>Kommunikointikansioiden videoilla ei ole tekstityst\u00e4.<\/p><h4>Saavutettavuusvaatimukset jotka eiv\u00e4t t\u00e4yty<\/h4><p>1.2.2 Tekstitys (tallennettu)<\/p><h3>Havaittava: Videoiden kuvailutulkkaus tai mediavastine<\/h3><h4>Saavuttamaton sis\u00e4lt\u00f6 ja sen puutteet<\/h4><p>Kommunikointikansioiden videoilla ei ole sivuilla my\u00f6sk\u00e4\u00e4n kuvailevaa tekstivastinetta.<\/p><h4>Saavutettavuusvaatimukset jotka eiv\u00e4t t\u00e4yty<\/h4><p>1.2.3 Kuvailutulkkaus tai mediavastine (tallennettu)<\/p><h3>Havaittava: Informaatio ja suhteet<\/h3><h4>Saavuttamaton sis\u00e4lt\u00f6 ja sen puutteet<\/h4><p>Etusivulla otsikointi on monessa kohtaa virheellist\u00e4. My\u00f6s Footerilta puuttuu otsikko.<\/p><h4>Saavutettavuusvaatimukset jotka eiv\u00e4t t\u00e4yty<\/h4><p>1.3.1 Informaatio ja suhteet<\/p><h3>Hallittava: Sivuotsikot<\/h3><h4>Saavuttamaton sis\u00e4lt\u00f6 ja sen puutteet<\/h4><p>Etusivun sivuotsikoissa ei mainita, ett\u00e4 kyseess\u00e4 on etusivu.<\/p><h4>Saavutettavuusvaatimukset jotka eiv\u00e4t t\u00e4yty<\/h4><p>2.4.2 Sivuotsikot<\/p><h3>Hallittava: Linkin tarkoitus<\/h3><h4>Saavuttamaton sis\u00e4lt\u00f6 ja sen puutteet<\/h4><p>Sosiaalisen median linkit ovat englanniksi.<\/p><h4>Saavutettavuusvaatimukset jotka eiv\u00e4t t\u00e4yty<\/h4><p>2.4.4 Linkin tarkoitus (kontekstissa)<\/p><h3>Hallittava: Nimilappu nimess\u00e4<\/h3><h4>Saavuttamaton sis\u00e4lt\u00f6 ja sen puutteet<\/h4><p>Hakupalkilla ei ole saavutettavaa nime\u00e4.<\/p><h4>Saavutettavuusvaatimukset jotka eiv\u00e4t t\u00e4yty<\/h4><p>2.5.3 Nimilappu nimess\u00e4<\/p><h3>Toimintavarma: Nimi, rooli, arvo<\/h3><h4>Saavuttamaton sis\u00e4lt\u00f6 ja sen puutteet<\/h4><p>Videoupotteen kehykselle ei ole annettu title-attribuuttia.<\/p><h4>Saavutettavuusvaatimukset jotka eiv\u00e4t t\u00e4yty<\/h4><p>4.1.2 Nimi, rooli, arvo<\/p><h3>PDF-tiedostot<\/h3><p>Palvelussa on PDF-tiedostoja, joissa on saavutettavuuspuutteita. PDF-tiedostoissa on esimerkiksi puutteellisesti merkittyj\u00e4 tekstivastineita ja otsikkotasoja, kontrastiongelmia sek\u00e4 virheellisi\u00e4 lukemisj\u00e4rjestyksi\u00e4.<\/p><h3>Ei kuulu lains\u00e4\u00e4d\u00e4nn\u00f6n piiriin<\/h3><p>Palvelussa on sis\u00e4lt\u00f6j\u00e4, jotka eiv\u00e4t kuulu lains\u00e4\u00e4d\u00e4nn\u00f6n piiriin:<br>\r\n\u2013 toimisto-ohjelmien tiedostoja (esim. doc, pdf, odt), jotka on julkaistu ennen 23.9.2018<br>\r\n\u2013 video- tai \u00e4\u00e4nitallenteita, jotka on julkaistu ennen 23.9.2020<\/p><h3>Huomasitko saavutettavuuspuutteen digipalvelussamme?<\/h3><p>Kerro se meille ja teemme parhaamme puutteen korjaamiseksi s\u00e4hk\u00f6postilla<br>\r\ntikoteekki@kvl.fi<\/p><h4>Valvontaviranomainen<\/h4><p>Jos huomaat sivustolla saavutettavuusongelmia, anna ensin palautetta meille eli sivuston yll\u00e4pit\u00e4j\u00e4lle. Vastauksessa voi menn\u00e4 14 p\u00e4iv\u00e4\u00e4. Jos et ole tyytyv\u00e4inen saamaasi vastaukseen tai et saa vastausta lainkaan kahden viikon aikana, voit tehd\u00e4 ilmoituksen <a href=\"https:\/\/www.saavutettavuusvaatimukset.fi\/kayttajan-oikeudet\/\" target=\"_blank\" rel=\"noopener\">Etel\u00e4-Suomen aluehallintovirastoon<\/a>. Etel\u00e4-Suomen aluehallintoviraston sivulla kerrotaan tarkasti, miten ilmoituksen voi tehd\u00e4 ja miten asia k\u00e4sitell\u00e4\u00e4n.<\/p><h4>Valvontaviranomaisen yhteystiedot<\/h4><p>Etel\u00e4-Suomen aluehallintovirasto<br>\r\nSaavutettavuuden valvonnan yksikk\u00f6<br>\r\nwww.saavutettavuusvaatimukset.fi<br>\r\nsaavutettavuus(at)avi.fi<br>\r\npuhelinnumero vaihde 0295 016 000<\/p>\n\n","protected":false},"excerpt":{"rendered":"Tietotekniikka- ja kommunikaatiokeskus TikoteekkiKehitysvammaliitto ry Linnoitustie 2 B 02600 ESPOO p. 09-34809 370 tikoteekki@kvl.fi www.tikoteekki.fiToimistomme sijaitsee Espoon Lepp\u00e4vaarassa osoitteessa Linnoitustie 2 B, 02600 ESPOO. Lepp\u00e4vaaran juna-asemalta on matkaa n. 900 metri\u00e4. Katso Kehitysvammaliiton sijainti Google Mapsista.\u00a0Laskutustiedot (www.kehitysvammaliitto.fi)Tikoteekin uutiskirjeen tilausVoit tilata s\u00e4hk\u00f6postiisi uutiskirjeen, jossa kerrotaan Tikonen-verkkolehden aiheet lehden ilmestyess\u00e4. Uutiskirje ilmestyy 3-4 kertaa vuodessa. Tilaa Tikoteekin [&hellip;]","protected":false},"author":1,"featured_media":1881,"parent":0,"menu_order":11,"comment_status":"closed","ping_status":"closed","template":"","meta":{"footnotes":""},"categories":[],"tags":[],"class_list":["post-99","page","type-page","status-publish","has-post-thumbnail","hentry"],"_links":{"self":[{"href":"https:\/\/www.kehitysvammaliitto.fi\/tikoteekki\/wp-json\/wp\/v2\/pages\/99","targetHints":{"allow":["GET"]}}],"collection":[{"href":"https:\/\/www.kehitysvammaliitto.fi\/tikoteekki\/wp-json\/wp\/v2\/pages"}],"about":[{"href":"https:\/\/www.kehitysvammaliitto.fi\/tikoteekki\/wp-json\/wp\/v2\/types\/page"}],"author":[{"embeddable":true,"href":"https:\/\/www.kehitysvammaliitto.fi\/tikoteekki\/wp-json\/wp\/v2\/users\/1"}],"replies":[{"embeddable":true,"href":"https:\/\/www.kehitysvammaliitto.fi\/tikoteekki\/wp-json\/wp\/v2\/comments?post=99"}],"version-history":[{"count":0,"href":"https:\/\/www.kehitysvammaliitto.fi\/tikoteekki\/wp-json\/wp\/v2\/pages\/99\/revisions"}],"wp:featuredmedia":[{"embeddable":true,"href":"https:\/\/www.kehitysvammaliitto.fi\/tikoteekki\/wp-json\/wp\/v2\/media\/1881"}],"wp:attachment":[{"href":"https:\/\/www.kehitysvammaliitto.fi\/tikoteekki\/wp-json\/wp\/v2\/media?parent=99"}],"wp:term":[{"taxonomy":"category","embeddable":true,"href":"https:\/\/www.kehitysvammaliitto.fi\/tikoteekki\/wp-json\/wp\/v2\/categories?post=99"},{"taxonomy":"post_tag","embeddable":true,"href":"https:\/\/www.kehitysvammaliitto.fi\/tikoteekki\/wp-json\/wp\/v2\/tags?post=99"}],"curies":[{"name":"wp","href":"https:\/\/api.w.org\/{rel}","templated":true}]}}